{"id":3962,"date":"2021-11-09T12:01:53","date_gmt":"2021-11-09T11:01:53","guid":{"rendered":"https:\/\/japanpianocenter.com\/ueber-uns\/"},"modified":"2023-11-14T17:22:53","modified_gmt":"2023-11-14T16:22:53","slug":"ueber-uns","status":"publish","type":"page","link":"https:\/\/japanpianocenter.com\/de\/ueber-uns\/","title":{"rendered":"\u00dcber uns"},"content":{"rendered":"<div class=\"wpb-content-wrapper\"><p>[vc_row full_width=&#8221;stretch_row&#8221; el_class=&#8221;banner-about-page&#8221;][vc_column width=&#8221;1\/2&#8243; offset=&#8221;vc_col-lg-offset-1 vc_col-lg-4 vc_col-md-5&#8243;]    <div  class=\"element-text-block  info-banner-about\" >\r\n        <h2 class=\"title30 color222 font-title font-semibold text-uppercase\">\u00dcber uns<\/h2>\n<p class=\"title14\">Mit Musik wird jeder Moment des Lebens noch sch\u00f6ner und magischer \u2013 deshalb wollen wir Musik ins jede Heim bringen. Mit 25 Jahren Erfahrung und Wissen w\u00e4hlen wir f\u00fcr Sie sorgf\u00e4ltig nur die besten Instrumente von h\u00f6chster Qualit\u00e4t aus.<\/p>\n<p class=\"title14\">Als <strong>autorisierter YAMAHA-H\u00e4ndler stehen uns neue YAMAHA Pianos, Pianinos und E-Pianos zur Verf\u00fcgung und unser Angebot umfasst auch professionell restaurierte YAMAHA und KAWAI Instrumente.<\/strong><\/p>\n<p class=\"title14\">In unserem Salon finden Sie immer Top-Qualit\u00e4t zu erschwinglichen Preisen und unsere Mitarbeiter helfen Ihnen mit Wissen, Erfahrung und Beratung bei der Auswahl und dem Kauf des f\u00fcr Sie passenden Instruments.<\/p>\n<p><strong>Willkommen!<\/strong><\/p>\n    <\/div>\r\n[\/vc_column][vc_column width=&#8221;1\/2&#8243; offset=&#8221;vc_col-md-7&#8243;]<div class=\"banner-advs text-center  \">\r\n\t    <img loading=\"lazy\" decoding=\"async\" width=\"2560\" height=\"1707\" src=\"https:\/\/japanpianocenter.com\/wp-content\/uploads\/2023\/06\/japan-piano-center-klavir-pianino-najem-nakup-yamaha-kawai-uglasevanje-servis-nasi-strokovnjaki-ekipa-scaled.jpg\" class=\"attachment-full size-full\" alt=\"\" srcset=\"https:\/\/japanpianocenter.com\/wp-content\/uploads\/2023\/06\/japan-piano-center-klavir-pianino-najem-nakup-yamaha-kawai-uglasevanje-servis-nasi-strokovnjaki-ekipa-scaled.jpg 2560w, https:\/\/japanpianocenter.com\/wp-content\/uploads\/2023\/06\/japan-piano-center-klavir-pianino-najem-nakup-yamaha-kawai-uglasevanje-servis-nasi-strokovnjaki-ekipa-scaled-800x533.jpg 800w, https:\/\/japanpianocenter.com\/wp-content\/uploads\/2023\/06\/japan-piano-center-klavir-pianino-najem-nakup-yamaha-kawai-uglasevanje-servis-nasi-strokovnjaki-ekipa-scaled-300x200.jpg 300w, https:\/\/japanpianocenter.com\/wp-content\/uploads\/2023\/06\/japan-piano-center-klavir-pianino-najem-nakup-yamaha-kawai-uglasevanje-servis-nasi-strokovnjaki-ekipa-scaled-1024x683.jpg 1024w, https:\/\/japanpianocenter.com\/wp-content\/uploads\/2023\/06\/japan-piano-center-klavir-pianino-najem-nakup-yamaha-kawai-uglasevanje-servis-nasi-strokovnjaki-ekipa-768x512.jpg 768w, https:\/\/japanpianocenter.com\/wp-content\/uploads\/2023\/06\/japan-piano-center-klavir-pianino-najem-nakup-yamaha-kawai-uglasevanje-servis-nasi-strokovnjaki-ekipa-1536x1024.jpg 1536w, https:\/\/japanpianocenter.com\/wp-content\/uploads\/2023\/06\/japan-piano-center-klavir-pianino-najem-nakup-yamaha-kawai-uglasevanje-servis-nasi-strokovnjaki-ekipa-2048x1365.jpg 2048w\" sizes=\"auto, (max-width: 2560px) 100vw, 2560px\" \/>\t\t<\/div>[\/vc_column][\/vc_row][vc_row full_width=&#8221;stretch_row_content&#8221; css=&#8221;.vc_custom_1621417136953{padding-top: 100px !important;}&#8221;][vc_column]    <div  class=\"element-text-block  info-banner-about\" >\r\n        <h3 class=\"title16 color font-title font-semibold text-uppercase\" style=\"text-align: center;\">\u201cMusik ist ein moralisches Gesetz. Musik verleiht dem Universum eine Seele, dem Geist Fl\u00fcgel, der Vorstellungskraft Flug und dem Leben Charme und Freude.&#8221; &#8211; Platon<\/h3>\n    <\/div>\r\n[\/vc_column][\/vc_row][vc_row full_width=&#8221;stretch_row&#8221; el_class=&#8221;team-about-page&#8221;][vc_column offset=&#8221;vc_col-lg-offset-1 vc_col-lg-10 vc_col-md-12&#8243;]    <div  class=\"element-text-block  text-center title-team-about\" >\r\n        <h2 class=\"font-title title30 color222 font-semibold text-uppercase\"><span class=\"bg-color\">Unser Team<\/span><\/h2>\n<h3><span style=\"color: #dd1e2f;\">Kontakt mit Kunden<\/span><\/h3>\n    <\/div>\r\n[vc_empty_space][vc_row_inner][vc_column_inner width=&#8221;1\/3&#8243; offset=&#8221;vc_col-ss-6 vc_col-xs-12&#8243;][vc_single_image image=&#8221;6366&#8243; img_size=&#8221;full&#8221; alignment=&#8221;center&#8221;][vc_custom_heading text=&#8221;Simona Trampu\u0161&#8221; font_container=&#8221;tag:h3|text_align:center&#8221; use_theme_fonts=&#8221;yes&#8221;][\/vc_column_inner][vc_column_inner width=&#8221;1\/3&#8243; offset=&#8221;vc_col-ss-6 vc_col-xs-12&#8243;][vc_single_image image=&#8221;6362&#8243; img_size=&#8221;full&#8221; alignment=&#8221;center&#8221;][vc_custom_heading text=&#8221;Jasmina \u017duran&#8221; font_container=&#8221;tag:h3|text_align:center&#8221; use_theme_fonts=&#8221;yes&#8221;][\/vc_column_inner][vc_column_inner width=&#8221;1\/3&#8243; offset=&#8221;vc_col-ss-6 vc_col-xs-12&#8243;][vc_single_image image=&#8221;4742&#8243; img_size=&#8221;full&#8221; alignment=&#8221;center&#8221;][vc_custom_heading text=&#8221;As&#8221; font_container=&#8221;tag:h3|text_align:center&#8221; use_theme_fonts=&#8221;yes&#8221;][\/vc_column_inner][\/vc_row_inner][\/vc_column][\/vc_row][vc_row full_width=&#8221;stretch_row&#8221;][vc_column offset=&#8221;vc_col-lg-offset-1 vc_col-lg-10 vc_col-md-12&#8243;]    <div  class=\"element-text-block  text-center title-team-about\" >\r\n        <h3><span style=\"color: #dd1e2f;\">Klavirtechniker<\/span><\/h3>\n    <\/div>\r\n[vc_empty_space][vc_row_inner][vc_column_inner width=&#8221;1\/3&#8243; offset=&#8221;vc_col-ss-6 vc_col-xs-12&#8243;][vc_single_image image=&#8221;6444&#8243; img_size=&#8221;full&#8221; alignment=&#8221;center&#8221;][vc_custom_heading text=&#8221;Andrej Novak&#8221; font_container=&#8221;tag:h3|text_align:center&#8221; use_theme_fonts=&#8221;yes&#8221;][\/vc_column_inner][vc_column_inner width=&#8221;1\/3&#8243; offset=&#8221;vc_col-ss-6 vc_col-xs-12&#8243;][vc_single_image image=&#8221;6398&#8243; img_size=&#8221;full&#8221; alignment=&#8221;center&#8221;][vc_custom_heading text=&#8221;Martin Marke\u017ei\u010d&#8221; font_container=&#8221;tag:h3|text_align:center&#8221; use_theme_fonts=&#8221;yes&#8221;][\/vc_column_inner][vc_column_inner width=&#8221;1\/3&#8243; offset=&#8221;vc_col-ss-6 vc_col-xs-12&#8243;][vc_single_image image=&#8221;6374&#8243; img_size=&#8221;full&#8221; alignment=&#8221;center&#8221;][vc_custom_heading text=&#8221;Jure Kav\u010di\u010d&#8221; font_container=&#8221;tag:h3|text_align:center&#8221; use_theme_fonts=&#8221;yes&#8221;][\/vc_column_inner][\/vc_row_inner][vc_row_inner][vc_column_inner width=&#8221;1\/3&#8243; offset=&#8221;vc_col-ss-6 vc_col-xs-12&#8243;][vc_single_image image=&#8221;6378&#8243; img_size=&#8221;full&#8221; alignment=&#8221;center&#8221;][vc_custom_heading text=&#8221;Nejc Cehner&#8221; font_container=&#8221;tag:h3|text_align:center&#8221; use_theme_fonts=&#8221;yes&#8221;][\/vc_column_inner][vc_column_inner width=&#8221;1\/3&#8243; offset=&#8221;vc_col-ss-6 vc_col-xs-12&#8243;][vc_single_image image=&#8221;6448&#8243; img_size=&#8221;full&#8221; alignment=&#8221;center&#8221;][vc_custom_heading text=&#8221;Elia Marke\u017ei\u010d&#8221; font_container=&#8221;tag:h3|text_align:center&#8221; use_theme_fonts=&#8221;yes&#8221;][\/vc_column_inner][vc_column_inner width=&#8221;1\/3&#8243; offset=&#8221;vc_col-ss-6 vc_col-xs-12&#8243;][vc_single_image image=&#8221;6402&#8243; img_size=&#8221;full&#8221; alignment=&#8221;center&#8221;][vc_custom_heading text=&#8221;Mitja Jeram&#8221; font_container=&#8221;tag:h3|text_align:center&#8221; use_theme_fonts=&#8221;yes&#8221;][\/vc_column_inner][\/vc_row_inner][\/vc_column][\/vc_row]<\/p>\n<\/div>","protected":false},"excerpt":{"rendered":"<p>[vc_row full_width=&#8221;stretch_row&#8221; el_class=&#8221;banner-about-page&#8221;][vc_column width=&#8221;1\/2&#8243; offset=&#8221;vc_col-lg-offset-1 vc_col-lg-4 vc_col-md-5&#8243;][\/vc_column][vc_column width=&#8221;1\/2&#8243; offset=&#8221;vc_col-md-7&#8243;][\/vc_column][\/vc_row][vc_row full_width=&#8221;stretch_row_content&#8221; css=&#8221;.vc_custom_1621417136953{padding-top: 100px !important;}&#8221;][vc_column][\/vc_column][\/vc_row][vc_row full_width=&#8221;stretch_row&#8221; el_class=&#8221;team-about-page&#8221;][vc_column offset=&#8221;vc_col-lg-offset-1 vc_col-lg-10 vc_col-md-12&#8243;][vc_empty_space][vc_row_inner][vc_column_inner width=&#8221;1\/3&#8243; offset=&#8221;vc_col-ss-6 vc_col-xs-12&#8243;][vc_single_image image=&#8221;6366&#8243; img_size=&#8221;full&#8221; alignment=&#8221;center&#8221;][vc_custom_heading text=&#8221;Simona Trampu\u0161&#8221; font_container=&#8221;tag:h3|text_align:center&#8221; use_theme_fonts=&#8221;yes&#8221;][\/vc_column_inner][vc_column_inner width=&#8221;1\/3&#8243; offset=&#8221;vc_col-ss-6 vc_col-xs-12&#8243;][vc_single_image image=&#8221;6362&#8243; img_size=&#8221;full&#8221; alignment=&#8221;center&#8221;][vc_custom_heading text=&#8221;Jasmina \u017duran&#8221; font_container=&#8221;tag:h3|text_align:center&#8221; use_theme_fonts=&#8221;yes&#8221;][\/vc_column_inner][vc_column_inner width=&#8221;1\/3&#8243; offset=&#8221;vc_col-ss-6 vc_col-xs-12&#8243;][vc_single_image image=&#8221;4742&#8243; img_size=&#8221;full&#8221; alignment=&#8221;center&#8221;][vc_custom_heading text=&#8221;As&#8221; font_container=&#8221;tag:h3|text_align:center&#8221; use_theme_fonts=&#8221;yes&#8221;][\/vc_column_inner][\/vc_row_inner][\/vc_column][\/vc_row][vc_row full_width=&#8221;stretch_row&#8221;][vc_column offset=&#8221;vc_col-lg-offset-1 vc_col-lg-10 vc_col-md-12&#8243;][vc_empty_space][vc_row_inner][vc_column_inner width=&#8221;1\/3&#8243; offset=&#8221;vc_col-ss-6 vc_col-xs-12&#8243;][vc_single_image image=&#8221;6444&#8243; [&hellip;]<\/p>\n","protected":false},"author":1,"featured_media":0,"parent":0,"menu_order":0,"comment_status":"closed","ping_status":"closed","template":"","meta":{"footnotes":""},"class_list":["post-3962","page","type-page","status-publish","hentry"],"aioseo_notices":[],"_links":{"self":[{"href":"https:\/\/japanpianocenter.com\/de\/wp-json\/wp\/v2\/pages\/3962","targetHints":{"allow":["GET"]}}],"collection":[{"href":"https:\/\/japanpianocenter.com\/de\/wp-json\/wp\/v2\/pages"}],"about":[{"href":"https:\/\/japanpianocenter.com\/de\/wp-json\/wp\/v2\/types\/page"}],"author":[{"embeddable":true,"href":"https:\/\/japanpianocenter.com\/de\/wp-json\/wp\/v2\/users\/1"}],"replies":[{"embeddable":true,"href":"https:\/\/japanpianocenter.com\/de\/wp-json\/wp\/v2\/comments?post=3962"}],"version-history":[{"count":31,"href":"https:\/\/japanpianocenter.com\/de\/wp-json\/wp\/v2\/pages\/3962\/revisions"}],"predecessor-version":[{"id":6753,"href":"https:\/\/japanpianocenter.com\/de\/wp-json\/wp\/v2\/pages\/3962\/revisions\/6753"}],"wp:attachment":[{"href":"https:\/\/japanpianocenter.com\/de\/wp-json\/wp\/v2\/media?parent=3962"}],"curies":[{"name":"wp","href":"https:\/\/api.w.org\/{rel}","templated":true}]}}