{"id":3985,"date":"2021-11-09T12:06:20","date_gmt":"2021-11-09T11:06:20","guid":{"rendered":"https:\/\/japanpianocenter.com\/kaufen\/"},"modified":"2021-11-09T12:06:21","modified_gmt":"2021-11-09T11:06:21","slug":"kaufen","status":"publish","type":"page","link":"https:\/\/japanpianocenter.com\/de\/kaufen\/","title":{"rendered":"Kaufen"},"content":{"rendered":"<div class=\"wpb-content-wrapper\"><p>[vc_row full_width=&#8221;stretch_row&#8221; el_class=&#8221;banner-about-page&#8221;][vc_column width=&#8221;1\/2&#8243; offset=&#8221;vc_col-lg-offset-1 vc_col-lg-4 vc_col-md-5&#8243;]    <div  class=\"element-text-block  info-banner-about\" >\r\n        <h2 class=\"title30 color222 font-title font-semibold text-uppercase\">KAUFEN<\/h2>\n<p><strong>YAMAHA<\/strong> ist seit Jahren ein Synonym f\u00fcr die hochwertigsten Instrumente auf dem slowenischen Markt, was auch von Piano- und Musikschullehrern best\u00e4tigt wird. Da wir jeder Person die Musikkultur und Kreativit\u00e4t n\u00e4her bringen m\u00f6chten, k\u00f6nnen Sie in unserem Salon das ideale Instrument zum besten Preis ausw\u00e4hlen.<\/p>\n<p>Neben neuen YAMAHA Pianos, Pianinos und E-Pianos bieten wir auch eine gro\u00dfe Auswahl an professionell restaurierten Instrumenten. .<br \/>\nAlle Instrumente wurden sorgf\u00e4ltig ausgew\u00e4hlt und in Japan professionell restauriert. Sie zeichnen sich durch au\u00dfergew\u00f6hnliche Qualit\u00e4t und erschwinglichen Preis aus<\/p>\n    <\/div>\r\n[\/vc_column][vc_column width=&#8221;1\/2&#8243; offset=&#8221;vc_col-md-7&#8243;]<div class=\"banner-advs text-center  \">\r\n\t    <img loading=\"lazy\" decoding=\"async\" width=\"920\" height=\"460\" src=\"https:\/\/japanpianocenter.com\/wp-content\/uploads\/2021\/07\/apan-piano-center-nakup-klavir-cena-yamaha-ucenje-klavirja-glasbena-sola-salon-1.jpg\" class=\"attachment-full size-full\" alt=\"\" srcset=\"https:\/\/japanpianocenter.com\/wp-content\/uploads\/2021\/07\/apan-piano-center-nakup-klavir-cena-yamaha-ucenje-klavirja-glasbena-sola-salon-1.jpg 920w, https:\/\/japanpianocenter.com\/wp-content\/uploads\/2021\/07\/apan-piano-center-nakup-klavir-cena-yamaha-ucenje-klavirja-glasbena-sola-salon-1-800x400.jpg 800w, https:\/\/japanpianocenter.com\/wp-content\/uploads\/2021\/07\/apan-piano-center-nakup-klavir-cena-yamaha-ucenje-klavirja-glasbena-sola-salon-1-300x150.jpg 300w, https:\/\/japanpianocenter.com\/wp-content\/uploads\/2021\/07\/apan-piano-center-nakup-klavir-cena-yamaha-ucenje-klavirja-glasbena-sola-salon-1-768x384.jpg 768w\" sizes=\"auto, (max-width: 920px) 100vw, 920px\" \/>\t\t<\/div>[\/vc_column][\/vc_row][vc_row full_width=&#8221;stretch_row_content&#8221; css=&#8221;.vc_custom_1621417136953{padding-top: 100px !important;}&#8221;][vc_column]    <div  class=\"element-text-block  info-banner-about\" >\r\n        <h3 class=\"title16 color font-title font-semibold text-uppercase\" style=\"text-align: center;\">Wir sind autorisierter Verk\u00e4ufer der renommierten Marke f\u00fcr Klaviere, Klaviere und E-Pianos YAMAHA!<\/h3>\n<p><img loading=\"lazy\" decoding=\"async\" class=\"aligncenter wp-image-3988 size-medium\" src=\"https:\/\/japanpianocenter.com\/wp-content\/uploads\/2021\/07\/japan-piano-center-pianino-klavir-prodaja-najem-nakup-glasbena-sola-yamaha_logo_violet-e1627898775752-300x79.jpg\" alt=\"\" width=\"300\" height=\"79\" srcset=\"https:\/\/japanpianocenter.com\/wp-content\/uploads\/2021\/07\/japan-piano-center-pianino-klavir-prodaja-najem-nakup-glasbena-sola-yamaha_logo_violet-e1627898775752-300x79.jpg 300w, https:\/\/japanpianocenter.com\/wp-content\/uploads\/2021\/07\/japan-piano-center-pianino-klavir-prodaja-najem-nakup-glasbena-sola-yamaha_logo_violet-e1627898775752-800x211.jpg 800w, https:\/\/japanpianocenter.com\/wp-content\/uploads\/2021\/07\/japan-piano-center-pianino-klavir-prodaja-najem-nakup-glasbena-sola-yamaha_logo_violet-e1627898775752-768x202.jpg 768w, https:\/\/japanpianocenter.com\/wp-content\/uploads\/2021\/07\/japan-piano-center-pianino-klavir-prodaja-najem-nakup-glasbena-sola-yamaha_logo_violet-e1627898775752.jpg 933w\" sizes=\"auto, (max-width: 300px) 100vw, 300px\" \/><\/p>\n    <\/div>\r\n[\/vc_column][\/vc_row][vc_row full_width=&#8221;stretch_row&#8221; el_class=&#8221;team-about-page&#8221;][vc_column width=&#8221;1\/3&#8243; offset=&#8221;vc_col-lg-offset-1 vc_col-lg-10 vc_col-md-12&#8243;][vc_btn title=&#8221;E-SHOP&#8221; style=&#8221;custom&#8221; custom_background=&#8221;#dd1e2f&#8221; custom_text=&#8221;#ffffff&#8221; size=&#8221;lg&#8221; align=&#8221;center&#8221; link=&#8221;url:https%3A%2F%2Fjapanpianocenter.com%2Fshop%2F|title:SHOP%20-%20Kategorien|&#8221;][\/vc_column][\/vc_row]<\/p>\n<\/div>","protected":false},"excerpt":{"rendered":"<p>[vc_row full_width=&#8221;stretch_row&#8221; el_class=&#8221;banner-about-page&#8221;][vc_column width=&#8221;1\/2&#8243; offset=&#8221;vc_col-lg-offset-1 vc_col-lg-4 vc_col-md-5&#8243;][\/vc_column][vc_column width=&#8221;1\/2&#8243; offset=&#8221;vc_col-md-7&#8243;][\/vc_column][\/vc_row][vc_row full_width=&#8221;stretch_row_content&#8221; css=&#8221;.vc_custom_1621417136953{padding-top: 100px !important;}&#8221;][vc_column][\/vc_column][\/vc_row][vc_row full_width=&#8221;stretch_row&#8221; el_class=&#8221;team-about-page&#8221;][vc_column width=&#8221;1\/3&#8243; offset=&#8221;vc_col-lg-offset-1 vc_col-lg-10 vc_col-md-12&#8243;][vc_btn title=&#8221;E-SHOP&#8221; style=&#8221;custom&#8221; custom_background=&#8221;#dd1e2f&#8221; custom_text=&#8221;#ffffff&#8221; size=&#8221;lg&#8221; align=&#8221;center&#8221; link=&#8221;url:https%3A%2F%2Fjapanpianocenter.com%2Fshop%2F|title:SHOP%20-%20Kategorien|&#8221;][\/vc_column][\/vc_row]<\/p>\n","protected":false},"author":1,"featured_media":0,"parent":0,"menu_order":0,"comment_status":"closed","ping_status":"closed","template":"","meta":{"footnotes":""},"class_list":["post-3985","page","type-page","status-publish","hentry"],"aioseo_notices":[],"_links":{"self":[{"href":"https:\/\/japanpianocenter.com\/de\/wp-json\/wp\/v2\/pages\/3985","targetHints":{"allow":["GET"]}}],"collection":[{"href":"https:\/\/japanpianocenter.com\/de\/wp-json\/wp\/v2\/pages"}],"about":[{"href":"https:\/\/japanpianocenter.com\/de\/wp-json\/wp\/v2\/types\/page"}],"author":[{"embeddable":true,"href":"https:\/\/japanpianocenter.com\/de\/wp-json\/wp\/v2\/users\/1"}],"replies":[{"embeddable":true,"href":"https:\/\/japanpianocenter.com\/de\/wp-json\/wp\/v2\/comments?post=3985"}],"version-history":[{"count":2,"href":"https:\/\/japanpianocenter.com\/de\/wp-json\/wp\/v2\/pages\/3985\/revisions"}],"predecessor-version":[{"id":3987,"href":"https:\/\/japanpianocenter.com\/de\/wp-json\/wp\/v2\/pages\/3985\/revisions\/3987"}],"wp:attachment":[{"href":"https:\/\/japanpianocenter.com\/de\/wp-json\/wp\/v2\/media?parent=3985"}],"curies":[{"name":"wp","href":"https:\/\/api.w.org\/{rel}","templated":true}]}}