{"id":4043,"date":"2021-11-09T12:34:28","date_gmt":"2021-11-09T11:34:28","guid":{"rendered":"https:\/\/japanpianocenter.com\/stimmung-service\/"},"modified":"2021-11-09T13:44:12","modified_gmt":"2021-11-09T12:44:12","slug":"stimmung-service","status":"publish","type":"page","link":"https:\/\/japanpianocenter.com\/de\/stimmung-service\/","title":{"rendered":"STIMMUNG\/SERVICE"},"content":{"rendered":"<div class=\"wpb-content-wrapper\"><p>[vc_row full_width=&#8221;stretch_row&#8221; el_class=&#8221;banner-about-page&#8221;][vc_column width=&#8221;1\/2&#8243; offset=&#8221;vc_col-lg-offset-1 vc_col-lg-4 vc_col-md-5&#8243;]    <div  class=\"element-text-block  info-banner-about\" >\r\n        <h2 class=\"title30 color222 font-title font-semibold text-uppercase\">STIMMUNG\/SERVICE<\/h2>\n<p class=\"title14\">Wir bieten unseren Kunden einen j\u00e4hrlichen Service. Neben der Stimmung umfasst der Service alle Prozesse notwendig zur Erhaltung der mechanischen und akustischen Qualit\u00e4t des Instruments und Sicherung seiner optimalen Lebensdauer.<\/p>\n    <\/div>\r\n[vc_empty_space height=&#8221;64px&#8221;]    <div  class=\"element-text-block  info-banner-about\" >\r\n        <h3 class=\"title16 color font-title font-semibold text-uppercase\" style=\"text-align: left;\">REGELM\u00c4\u00dfIGE WARTUNG IST WICHTIG, UM IHR PIANO ODER PIANINO IM TOP-ZUSTAND ZU HALTEN\u2026<\/h3>\n    <\/div>\r\n[\/vc_column][vc_column width=&#8221;1\/2&#8243; offset=&#8221;vc_col-md-7&#8243;][vc_single_image image=&#8221;4046&#8243; img_size=&#8221;600&#215;400&#8243; alignment=&#8221;center&#8221;][\/vc_column][\/vc_row][vc_row full_width=&#8221;stretch_row&#8221; el_class=&#8221;team-about-page&#8221;][vc_column offset=&#8221;vc_col-lg-offset-1 vc_col-lg-10 vc_col-md-12&#8243;]    <div  class=\"element-text-block  text-center title-team-about\" >\r\n        <h2 class=\"font-title title30 color222 font-semibold text-uppercase\"><span class=\"bg-color\">UNSER SERVICE EMPF\u00c4NGT<\/span><\/h2>\n    <\/div>\r\n[vc_row_inner][vc_column_inner width=&#8221;1\/3&#8243; offset=&#8221;vc_col-ss-6 vc_col-xs-12&#8243;][vc_single_image image=&#8221;1870&#8243; img_size=&#8221;full&#8221;][\/vc_column_inner][vc_column_inner width=&#8221;2\/3&#8243; offset=&#8221;vc_col-ss-6 vc_col-xs-12&#8243;]    <div  class=\"element-text-block  \" >\r\n        <h3>Mechanismusregulierung \u2014 bewegliche mechanische Teile, Tastaturen und Pedalen<\/h3>\n<p>Die Mechanik und Tastatur jedes Pianos besteht aus vielen Teilen aus Holz, Metall oder Filz.Regelm\u00e4\u00dfige Anpassungen der Mechanik, Reinigung des Inneren und Vorbereitung der H\u00e4mmer sorgen daf\u00fcr, dass die Weichheit der Klaviatur und die Qualit\u00e4t der Bedienung des gesamten Instruments und sein Klang erhalten bleiben.<\/p>\n    <\/div>\r\n[\/vc_column_inner][\/vc_row_inner][vc_row_inner][vc_column_inner width=&#8221;1\/3&#8243; offset=&#8221;vc_col-ss-6 vc_col-xs-12&#8243;][vc_single_image image=&#8221;1869&#8243; img_size=&#8221;full&#8221;][\/vc_column_inner][vc_column_inner width=&#8221;2\/3&#8243; offset=&#8221;vc_col-ss-6 vc_col-xs-12&#8243;]    <div  class=\"element-text-block  \" >\r\n        <h3>Schmierung<\/h3>\n<p>F\u00fcr die ungehinderte Bewegung aller miteinander verbundenen beweglichen Teile ist eine Schmierung der Instrumentenmechanik erforderlich.Die Pedalschmierung sorgt nicht nur f\u00fcr Beweglichkeit, sondern verhindert auch unangenehmes Quietschen beim Dr\u00fccken.<\/p>\n    <\/div>\r\n[\/vc_column_inner][\/vc_row_inner][vc_row_inner][vc_column_inner width=&#8221;1\/3&#8243; offset=&#8221;vc_col-ss-6 vc_col-xs-12&#8243;][vc_single_image image=&#8221;1868&#8243; img_size=&#8221;full&#8221;][\/vc_column_inner][vc_column_inner width=&#8221;2\/3&#8243; offset=&#8221;vc_col-ss-6 vc_col-xs-12&#8243;]    <div  class=\"element-text-block  \" >\r\n        <h3>Intonation<\/h3>\n<p>Intonation ist ein Prozess, bei dem wir die Dichte und Elastizit\u00e4t des Filzes, mit dem die H\u00e4mmer beschichtet sind, anpassen.Mit der Zeit h\u00e4rtet der Filz leicht aus und auch der Hammer verformt sich durch Abnutzung leicht, was die Klangqualit\u00e4t beeintr\u00e4chtigt.Mit Intonationswerkzeugen passen wir die Dichte und Elastizit\u00e4t des Filzes an den H\u00e4mmern an und sorgen so f\u00fcr eine sch\u00f6ne Klangfarbe und Dynamik.<\/p>\n    <\/div>\r\n[\/vc_column_inner][\/vc_row_inner][vc_row_inner][vc_column_inner width=&#8221;1\/3&#8243; offset=&#8221;vc_col-ss-6 vc_col-xs-12&#8243;][vc_single_image image=&#8221;1871&#8243; img_size=&#8221;full&#8221;][\/vc_column_inner][vc_column_inner width=&#8221;2\/3&#8243; offset=&#8221;vc_col-ss-6 vc_col-xs-12&#8243;]    <div  class=\"element-text-block  \" >\r\n        <h3>Stimmung<\/h3>\n<p>Es gibt einen international anerkannten Referenzton a1 (440 Hz) f\u00fcr einheitliche Stimmung, der einen Kompromiss zur nat\u00fcrlichen Stimmung darstellt und sich in der Geschichte am besten bew\u00e4hrt hat.Die Legende besagt, dass dieser Ton in der Antike jeden Morgen im Morgengrauen von einer riesigen Memnons\u00e4ule in der N\u00e4he des \u00e4gyptischen Theben abgegeben wurde, damit Musiker danach ihre Instrumente stimmen konnten.Die S\u00e4ule soll zu Beginn unserer Zeitrechnung aufgeh\u00f6rt haben diesen Ton abzugeben.Heutzutage wird dieser Ton jedoch von den von Tunern \u00fcblicherweise verwendeten Musikgabeln abgegeben.Es gibt etwa 220 Saiten im Piano und ein Techniker muss bei der Stimmung die Spannung jeder von ihnen anpassen.Sie sind in bestimmten Proportionen abgestimmt, die verfeinert werden m\u00fcssen.Es ist auch notwendig, das pythagoreische Komma zu beseitigen \u2014 dies ist ein Fehler von etwas weniger als 1,4 %, der im Oktavintervall auftritt, wenn wir eine chromatische Tonleiter aufbauen, indem wir an den Quinten nach oben gehen und uns dann \u00fcber die Oktaven zur Anfangsoktave absenken.Der Fehler ist daher nicht gro\u00df, kann aber stark st\u00f6rend sein, wenn sich die T\u00f6ne gegenseitig verst\u00e4rken.<\/p>\n    <\/div>\r\n[\/vc_column_inner][\/vc_row_inner][vc_empty_space height=&#8221;64px&#8221;]    <div  class=\"element-text-block  info-banner-about\" >\r\n        <h3 class=\"title16 color font-title font-semibold text-uppercase\" style=\"text-align: center;\">Servicelaufzeit f\u00fcr Ihr Instrument k\u00f6nnen Sie hier buchen<\/h3>\n<h3 class=\"title16 color font-title font-semibold text-uppercase\" style=\"text-align: center;\">tel. +38670 848 020 ali oder <a href=\"mailto:info@japanpianocenter.com\">info@japanpianocenter.com<\/a><\/h3>\n    <\/div>\r\n[\/vc_column][\/vc_row][vc_row full_width=&#8221;stretch_row&#8221; el_class=&#8221;team-about-page&#8221;][vc_column width=&#8221;1\/3&#8243; offset=&#8221;vc_col-lg-offset-1 vc_col-lg-10 vc_col-md-12&#8243;]    <div  class=\"element-text-block  text-center title-team-about\" >\r\n        <h2 class=\"font-title title30 color222 font-semibold text-uppercase\"><span class=\"bg-color\">Unsere Experten<\/span><\/h2>\n    <\/div>\r\n[\/vc_column][\/vc_row][vc_row css=&#8221;.vc_custom_1627633956752{padding-bottom: 20px !important;}&#8221;][vc_column width=&#8221;1\/4&#8243;][vc_single_image image=&#8221;2314&#8243; img_size=&#8221;full&#8221;][\/vc_column][vc_column width=&#8221;1\/4&#8243;][vc_column_text]<\/p>\n<h3><strong>Andrej Novak<\/strong><\/h3>\n<p>Experte f\u00fcr Stimmung und Technik von Pianos und Pianinos.Andrej Novak hat seine Ausbildung zum Klaviertechniker auf dem Gebiet des modernen und Wiener Klaviers an der Werkstatt von Bernhard Balas und im Spezialgebiet des historischen Klaviers an der Werkstatt von Gert Hecher in Wien absolviert.Er ist Besitzer der gr\u00f6\u00dften Sammlung historischer Musikinstrumente mit Tasten in Slowenien.[\/vc_column_text][\/vc_column][vc_column width=&#8221;1\/4&#8243;][vc_single_image image=&#8221;2312&#8243; img_size=&#8221;full&#8221;][\/vc_column][vc_column width=&#8221;1\/4&#8243;][vc_column_text]<\/p>\n<h3><strong>Sandi De Simone<\/strong><\/h3>\n<p>Experte f\u00fcr Stimmung und Technik von Pianos und Pianinos. Sandi De Simone schloss sein Klavierstudium am Konservatorium Triest ab.1986 absolvierte er einen Tuningkurs im PETROF Werk in Tschechien.[\/vc_column_text][\/vc_column][\/vc_row][vc_row css=&#8221;.vc_custom_1627633956752{padding-bottom: 20px !important;}&#8221;][vc_column width=&#8221;1\/4&#8243;][vc_single_image image=&#8221;2311&#8243; img_size=&#8221;full&#8221;][\/vc_column][vc_column width=&#8221;1\/4&#8243;][vc_column_text]<\/p>\n<h3><strong>Toma\u017e Zorko<\/strong><\/h3>\n<p>Experte f\u00fcr Stimmung und Technik von Pianos und Pianinos. Toma\u017e arbeitete als Lehrer f\u00fcr verschiedene Instrumente (Kontrabass, Gitarre, Akkordeon) an der Musikschule und ist auch in mehreren Ensembles aktiv. Vor 45 Jahren begann er mit der Stimmung und dem Service von Instrumenten und sammelte in dieser Zeit unsch\u00e4tzbare Erfahrungen auf dem Gebiet der Klaviertechnik.[\/vc_column_text][\/vc_column][vc_column width=&#8221;1\/4&#8243;][vc_single_image image=&#8221;3977&#8243; img_size=&#8221;full&#8221;][\/vc_column][vc_column width=&#8221;1\/4&#8243;][vc_column_text]<\/p>\n<h3><strong>Martin Marke\u017ei\u010d<\/strong><\/h3>\n<p>Martin besch\u00e4ftigt sich schon seit seiner Kindheit aktiv mit Musik. Er studierte am Giuseppe Tartini Konservatorium in Triest, Hauptfach Cello, und schloss ein Klavierstudium als Nebenfach erfolgreich ab. Er ist auch engagierter Solo- und Chors\u00e4nger (APZ der Universit\u00e4t Primorska, Capella Civica di Trieste, Aegida Kammerchor). Derzeit studiert Martin Klaviertechnik am Konservatorium Santa Cecilia in Rom.<\/p>\n<p>Mit Erfahrung im Bereich Musik und Gesang macht Martin Sie mit der Klang\u00e4sthetik und Klangfarbe einzelner Instrumente bekannt. Er wird Sie bei der Auswahl eines Pianos basierend auf Ihren Bed\u00fcrfnissen, W\u00fcnschen und Erwartungen unterst\u00fctzen.[\/vc_column_text][\/vc_column][\/vc_row][vc_row css=&#8221;.vc_custom_1627633956752{padding-bottom: 20px !important;}&#8221;][vc_column width=&#8221;1\/4&#8243;][vc_single_image image=&#8221;2315&#8243; img_size=&#8221;full&#8221;][\/vc_column][vc_column width=&#8221;1\/4&#8243;][vc_column_text]<\/p>\n<h3><strong>Marko U\u0161eni\u010dnik<\/strong><\/h3>\n<p>Experte f\u00fcr Stimmung und Technik von Pianos und Pianinos. Marko U\u0161eni\u010dnik ist ein Absolvent der Musikakademie mit dem Schwerpunkt Sakralmusik. Neben der Stimmung und Wartung von Pianos und Pianinos unterrichtet er auch Piano, Gitarre und Cajon. Au\u00dferdem ist er Chorleiter eines gemischten Chores. Derzeit macht Marko eine Zusatzausbildung in Klaviertechnik am Konservatorium Santa Cecilia in Rom.[\/vc_column_text][\/vc_column][vc_column width=&#8221;1\/4&#8243;][\/vc_column][vc_column width=&#8221;1\/4&#8243;][\/vc_column][\/vc_row]<\/p>\n<\/div>","protected":false},"excerpt":{"rendered":"<p>[vc_row full_width=&#8221;stretch_row&#8221; el_class=&#8221;banner-about-page&#8221;][vc_column width=&#8221;1\/2&#8243; offset=&#8221;vc_col-lg-offset-1 vc_col-lg-4 vc_col-md-5&#8243;][vc_empty_space height=&#8221;64px&#8221;][\/vc_column][vc_column width=&#8221;1\/2&#8243; offset=&#8221;vc_col-md-7&#8243;][vc_single_image image=&#8221;4046&#8243; img_size=&#8221;600&#215;400&#8243; alignment=&#8221;center&#8221;][\/vc_column][\/vc_row][vc_row full_width=&#8221;stretch_row&#8221; el_class=&#8221;team-about-page&#8221;][vc_column offset=&#8221;vc_col-lg-offset-1 vc_col-lg-10 vc_col-md-12&#8243;][vc_row_inner][vc_column_inner width=&#8221;1\/3&#8243; offset=&#8221;vc_col-ss-6 vc_col-xs-12&#8243;][vc_single_image image=&#8221;1870&#8243; img_size=&#8221;full&#8221;][\/vc_column_inner][vc_column_inner width=&#8221;2\/3&#8243; offset=&#8221;vc_col-ss-6 vc_col-xs-12&#8243;][\/vc_column_inner][\/vc_row_inner][vc_row_inner][vc_column_inner width=&#8221;1\/3&#8243; offset=&#8221;vc_col-ss-6 vc_col-xs-12&#8243;][vc_single_image image=&#8221;1869&#8243; img_size=&#8221;full&#8221;][\/vc_column_inner][vc_column_inner width=&#8221;2\/3&#8243; offset=&#8221;vc_col-ss-6 vc_col-xs-12&#8243;][\/vc_column_inner][\/vc_row_inner][vc_row_inner][vc_column_inner width=&#8221;1\/3&#8243; offset=&#8221;vc_col-ss-6 vc_col-xs-12&#8243;][vc_single_image image=&#8221;1868&#8243; img_size=&#8221;full&#8221;][\/vc_column_inner][vc_column_inner width=&#8221;2\/3&#8243; offset=&#8221;vc_col-ss-6 vc_col-xs-12&#8243;][\/vc_column_inner][\/vc_row_inner][vc_row_inner][vc_column_inner width=&#8221;1\/3&#8243; offset=&#8221;vc_col-ss-6 vc_col-xs-12&#8243;][vc_single_image image=&#8221;1871&#8243; img_size=&#8221;full&#8221;][\/vc_column_inner][vc_column_inner width=&#8221;2\/3&#8243; offset=&#8221;vc_col-ss-6 vc_col-xs-12&#8243;][\/vc_column_inner][\/vc_row_inner][vc_empty_space height=&#8221;64px&#8221;][\/vc_column][\/vc_row][vc_row full_width=&#8221;stretch_row&#8221; el_class=&#8221;team-about-page&#8221;][vc_column width=&#8221;1\/3&#8243; offset=&#8221;vc_col-lg-offset-1 [&hellip;]<\/p>\n","protected":false},"author":1,"featured_media":0,"parent":0,"menu_order":0,"comment_status":"closed","ping_status":"closed","template":"","meta":{"footnotes":""},"class_list":["post-4043","page","type-page","status-publish","hentry"],"aioseo_notices":[],"_links":{"self":[{"href":"https:\/\/japanpianocenter.com\/de\/wp-json\/wp\/v2\/pages\/4043","targetHints":{"allow":["GET"]}}],"collection":[{"href":"https:\/\/japanpianocenter.com\/de\/wp-json\/wp\/v2\/pages"}],"about":[{"href":"https:\/\/japanpianocenter.com\/de\/wp-json\/wp\/v2\/types\/page"}],"author":[{"embeddable":true,"href":"https:\/\/japanpianocenter.com\/de\/wp-json\/wp\/v2\/users\/1"}],"replies":[{"embeddable":true,"href":"https:\/\/japanpianocenter.com\/de\/wp-json\/wp\/v2\/comments?post=4043"}],"version-history":[{"count":6,"href":"https:\/\/japanpianocenter.com\/de\/wp-json\/wp\/v2\/pages\/4043\/revisions"}],"predecessor-version":[{"id":4147,"href":"https:\/\/japanpianocenter.com\/de\/wp-json\/wp\/v2\/pages\/4043\/revisions\/4147"}],"wp:attachment":[{"href":"https:\/\/japanpianocenter.com\/de\/wp-json\/wp\/v2\/media?parent=4043"}],"curies":[{"name":"wp","href":"https:\/\/api.w.org\/{rel}","templated":true}]}}