{"id":4051,"date":"2021-11-09T12:41:17","date_gmt":"2021-11-09T11:41:17","guid":{"rendered":"https:\/\/japanpianocenter.com\/transport\/"},"modified":"2021-11-09T12:42:46","modified_gmt":"2021-11-09T11:42:46","slug":"transport","status":"publish","type":"page","link":"https:\/\/japanpianocenter.com\/de\/transport\/","title":{"rendered":"Transport"},"content":{"rendered":"<div class=\"wpb-content-wrapper\"><p>[vc_row full_width=&#8221;stretch_row&#8221; el_class=&#8221;banner-about-page&#8221;][vc_column width=&#8221;1\/2&#8243; offset=&#8221;vc_col-lg-offset-1 vc_col-lg-4 vc_col-md-5&#8243;]    <div  class=\"element-text-block  info-banner-about\" >\r\n        <h2 class=\"title30 color222 font-title font-semibold text-uppercase\">Transport<\/h2>\n<p>Der Transport eines Pianos oder Pianinos von einem Ort zum anderen ist ein anspruchsvolles Gesch\u00e4ft, wobei schwere und empfindliche St\u00fccke bewegt werden, die oft auch einen sentimentalen Wert haben. Vertrauen Sie den Transport Ihres Instruments Profis an.<\/p>\n<p>Japan Piano Center verf\u00fcgt \u00fcber speziell ausgestattete Fahrzeuge f\u00fcr den Transport von Pianos und Pianinos. Zum Bewegen des Instruments verwenden wir auch ein spezielles Ger\u00e4t, das \u201ePianoplan\u201c, das eine einfachere und stabilere Bewegung Ihres Pianos oder Pianinos auf Treppen erm\u00f6glicht.<\/p>\n<p>Auch bei schwierigeren Lieferungen, bei denen Transport mithilfe eines Pianoplans nicht m\u00f6glich ist, k\u00f6nnen Sie auf uns z\u00e4hlen. Den Transport des Instruments k\u00f6nnen wir auch mithilfe von Gurten organisieren oder Ihr Instrument mithilfe eines HIABs an der gew\u00fcnschten Stelle platzieren.<br \/>\nDer Service richtet sich an Einzelpersonen, Berufsmusiker, Musikinstitute, Theater, Schulen\u2026<br \/>\n<strong>F\u00fcr den Transport rufen Sie uns an +38670 848 020 oder schick uns eine Nachricht info@japanpianocenter.com.<\/strong><\/p>\n    <\/div>\r\n[\/vc_column][vc_column width=&#8221;1\/2&#8243; offset=&#8221;vc_col-md-7&#8243;]<div class=\"banner-advs text-center  \">\r\n\t    <img loading=\"lazy\" decoding=\"async\" width=\"1200\" height=\"800\" src=\"https:\/\/japanpianocenter.com\/wp-content\/uploads\/2021\/06\/Japan_piano_center-storitve-klavir-pianino-prevoz-transport-selitev-4.jpg\" class=\"attachment-full size-full\" alt=\"\" srcset=\"https:\/\/japanpianocenter.com\/wp-content\/uploads\/2021\/06\/Japan_piano_center-storitve-klavir-pianino-prevoz-transport-selitev-4.jpg 1200w, https:\/\/japanpianocenter.com\/wp-content\/uploads\/2021\/06\/Japan_piano_center-storitve-klavir-pianino-prevoz-transport-selitev-4-800x533.jpg 800w, https:\/\/japanpianocenter.com\/wp-content\/uploads\/2021\/06\/Japan_piano_center-storitve-klavir-pianino-prevoz-transport-selitev-4-300x200.jpg 300w, https:\/\/japanpianocenter.com\/wp-content\/uploads\/2021\/06\/Japan_piano_center-storitve-klavir-pianino-prevoz-transport-selitev-4-1024x683.jpg 1024w, https:\/\/japanpianocenter.com\/wp-content\/uploads\/2021\/06\/Japan_piano_center-storitve-klavir-pianino-prevoz-transport-selitev-4-768x512.jpg 768w\" sizes=\"auto, (max-width: 1200px) 100vw, 1200px\" \/>\t\t<\/div>[\/vc_column][\/vc_row][vc_row full_width=&#8221;stretch_row_content&#8221; css=&#8221;.vc_custom_1621417136953{padding-top: 100px !important;}&#8221;][vc_column]    <div  class=\"element-text-block  info-banner-about\" >\r\n        <h3 class=\"title16 color font-title font-semibold text-uppercase\" style=\"text-align: center;\">25 Jahre Erfahrung im Klavieren transport<\/h3>\n    <\/div>\r\n[\/vc_column][\/vc_row][vc_row full_width=&#8221;stretch_row&#8221; el_class=&#8221;team-about-page&#8221;][vc_column offset=&#8221;vc_col-lg-offset-1 vc_col-lg-10 vc_col-md-12&#8243;]    <div  class=\"element-text-block  text-center title-team-about\" >\r\n        <h2 class=\"font-title title30 color222 font-semibold text-uppercase\"><span class=\"bg-color\">Referenzen<\/span><\/h2>\n    <\/div>\r\n<div class=\"item-testimonial   brand-slider\">\r\n    <div class=\"testimonial-thumb\">\r\n        <a href=\"\" class=\"round\"><\/a>\r\n    <\/div>\r\n    <div class=\"testimonial-info\">\r\n        <div class=\"testimonial-content-info\">\r\n            <h3 class=\"title18  font-semibold font-title\"><a class=\"color222\" href=\"\" >Vito \u010cernko<\/a><\/h3>                                    <div class=\"testimonial-content\">\r\n                <p>&#8220;Der Salon des Japan Piano Centers ist voll von hervorragenden Instrumenten, wie ein Sandkasten f\u00fcr Pianisten, und w\u00e4hrend der Pause serviert das sehr freundliche Personal auch Saft oder Kaffee.Neben dem Salon gibt es auch tolle Klassenr\u00e4ume, in denen man bis zur Ersch\u00f6pfung \u00fcben kann.Ich habe hier selbst ein tolles Piano gefunden, welches von sehr kompetentem Personal problemlos ans 3. Stock geliefert wurde. Ich empfehle es jedem, der einen neuen Begleiter mit Tasten oder einem Raum zum freien \u00dcben sucht.&#8221;<\/p>\n            <\/div>\r\n                    <\/div>\r\n    <\/div>\r\n<\/div><div class=\"item-testimonial   brand-slider\">\r\n    <div class=\"testimonial-thumb\">\r\n        <a href=\"\" class=\"round\"><\/a>\r\n    <\/div>\r\n    <div class=\"testimonial-info\">\r\n        <div class=\"testimonial-content-info\">\r\n            <h3 class=\"title18  font-semibold font-title\"><a class=\"color222\" href=\"\" >Tanja Der\u017eelj<\/a><\/h3>                                    <div class=\"testimonial-content\">\r\n                <p>Hvala za vse &#8211; za vso organizacijo, profesionalno izvedbo, prijaznost. Vse je bilo vrhunsko izpeljano in res sem sre\u010dna, da imam po 15 letih svoj klavir zopet pri sebi.<\/p>\n            <\/div>\r\n                    <\/div>\r\n    <\/div>\r\n<\/div>[\/vc_column][\/vc_row][vc_row full_width=&#8221;stretch_row&#8221; el_class=&#8221;team-about-page&#8221;][vc_column offset=&#8221;vc_col-lg-offset-1 vc_col-lg-10 vc_col-md-12&#8243;]    <div  class=\"element-text-block  text-center title-team-about\" >\r\n        <h2 class=\"font-title title30 color222 font-semibold text-uppercase\"><span class=\"bg-color\">GALERIJA<\/span><\/h2>\n    <\/div>\r\n[vc_masonry_media_grid style=&#8221;lazy&#8221; items_per_page=&#8221;6&#8243; grid_id=&#8221;vc_gid:1629291225367-a1d68155-a9f7-10&#8243; include=&#8221;1877,1878,1879,1880,1881,1882,1883,1884,1885,1886,1887,1888&#8243;][\/vc_column][\/vc_row]<\/p>\n<\/div>","protected":false},"excerpt":{"rendered":"<p>[vc_row full_width=&#8221;stretch_row&#8221; el_class=&#8221;banner-about-page&#8221;][vc_column width=&#8221;1\/2&#8243; offset=&#8221;vc_col-lg-offset-1 vc_col-lg-4 vc_col-md-5&#8243;][\/vc_column][vc_column width=&#8221;1\/2&#8243; offset=&#8221;vc_col-md-7&#8243;][\/vc_column][\/vc_row][vc_row full_width=&#8221;stretch_row_content&#8221; css=&#8221;.vc_custom_1621417136953{padding-top: 100px !important;}&#8221;][vc_column][\/vc_column][\/vc_row][vc_row full_width=&#8221;stretch_row&#8221; el_class=&#8221;team-about-page&#8221;][vc_column offset=&#8221;vc_col-lg-offset-1 vc_col-lg-10 vc_col-md-12&#8243;][\/vc_column][\/vc_row][vc_row full_width=&#8221;stretch_row&#8221; el_class=&#8221;team-about-page&#8221;][vc_column offset=&#8221;vc_col-lg-offset-1 vc_col-lg-10 vc_col-md-12&#8243;][vc_masonry_media_grid style=&#8221;lazy&#8221; items_per_page=&#8221;6&#8243; grid_id=&#8221;vc_gid:1629291225367-a1d68155-a9f7-10&#8243; include=&#8221;1877,1878,1879,1880,1881,1882,1883,1884,1885,1886,1887,1888&#8243;][\/vc_column][\/vc_row]<\/p>\n","protected":false},"author":1,"featured_media":0,"parent":0,"menu_order":0,"comment_status":"closed","ping_status":"closed","template":"","meta":{"footnotes":""},"class_list":["post-4051","page","type-page","status-publish","hentry"],"aioseo_notices":[],"_links":{"self":[{"href":"https:\/\/japanpianocenter.com\/de\/wp-json\/wp\/v2\/pages\/4051","targetHints":{"allow":["GET"]}}],"collection":[{"href":"https:\/\/japanpianocenter.com\/de\/wp-json\/wp\/v2\/pages"}],"about":[{"href":"https:\/\/japanpianocenter.com\/de\/wp-json\/wp\/v2\/types\/page"}],"author":[{"embeddable":true,"href":"https:\/\/japanpianocenter.com\/de\/wp-json\/wp\/v2\/users\/1"}],"replies":[{"embeddable":true,"href":"https:\/\/japanpianocenter.com\/de\/wp-json\/wp\/v2\/comments?post=4051"}],"version-history":[{"count":5,"href":"https:\/\/japanpianocenter.com\/de\/wp-json\/wp\/v2\/pages\/4051\/revisions"}],"predecessor-version":[{"id":4056,"href":"https:\/\/japanpianocenter.com\/de\/wp-json\/wp\/v2\/pages\/4051\/revisions\/4056"}],"wp:attachment":[{"href":"https:\/\/japanpianocenter.com\/de\/wp-json\/wp\/v2\/media?parent=4051"}],"curies":[{"name":"wp","href":"https:\/\/api.w.org\/{rel}","templated":true}]}}