{"id":4060,"date":"2021-11-09T12:47:21","date_gmt":"2021-11-09T11:47:21","guid":{"rendered":"https:\/\/japanpianocenter.com\/restauration\/"},"modified":"2021-11-09T13:22:31","modified_gmt":"2021-11-09T12:22:31","slug":"restauration","status":"publish","type":"page","link":"https:\/\/japanpianocenter.com\/de\/restauration\/","title":{"rendered":"Restauration"},"content":{"rendered":"<div class=\"wpb-content-wrapper\"><p>[vc_row full_width=&#8221;stretch_row&#8221; el_class=&#8221;banner-about-page&#8221;][vc_column width=&#8221;1\/2&#8243; offset=&#8221;vc_col-lg-offset-1 vc_col-lg-4 vc_col-md-5&#8243;]    <div  class=\"element-text-block  info-banner-about\" >\r\n        <h2 class=\"title30 color222 font-title font-semibold text-uppercase\">Restauration<\/h2>\n<p>Der Zahn der Zeit hinterl\u00e4sst seine Spuren, daher ist die Pflege der Materialien mit professioneller Verarbeitung und ein makelloses Erscheinungsbild unabdingbar f\u00fcr eine l\u00e4ngere Lebensdauer eines Instruments.<\/p>\n<p>Unser Service umfasst Oberfl\u00e4chensanierung und Polierprozesse, die von qualifizierten Fachleuten durchgef\u00fchrt werden. Durch die sorgf\u00e4ltige Restaurierung der Oberfl\u00e4chen eines gebrauchten Klaviers stellen wir den Glanz eines neuen Musikinstruments wieder her.<\/p>\n    <\/div>\r\n[\/vc_column][vc_column width=&#8221;1\/2&#8243; offset=&#8221;vc_col-md-7&#8243;]<div class=\"banner-advs text-center  \">\r\n\t    <img loading=\"lazy\" decoding=\"async\" width=\"920\" height=\"460\" src=\"https:\/\/japanpianocenter.com\/wp-content\/uploads\/2021\/06\/japan-piano-center-nakup-klavir-cena-yamaha-ucenje-klavirja-glasbena-sola-GC.jpg\" class=\"attachment-full size-full\" alt=\"\" srcset=\"https:\/\/japanpianocenter.com\/wp-content\/uploads\/2021\/06\/japan-piano-center-nakup-klavir-cena-yamaha-ucenje-klavirja-glasbena-sola-GC.jpg 920w, https:\/\/japanpianocenter.com\/wp-content\/uploads\/2021\/06\/japan-piano-center-nakup-klavir-cena-yamaha-ucenje-klavirja-glasbena-sola-GC-800x400.jpg 800w, https:\/\/japanpianocenter.com\/wp-content\/uploads\/2021\/06\/japan-piano-center-nakup-klavir-cena-yamaha-ucenje-klavirja-glasbena-sola-GC-300x150.jpg 300w, https:\/\/japanpianocenter.com\/wp-content\/uploads\/2021\/06\/japan-piano-center-nakup-klavir-cena-yamaha-ucenje-klavirja-glasbena-sola-GC-768x384.jpg 768w\" sizes=\"auto, (max-width: 920px) 100vw, 920px\" \/>\t\t<\/div>[\/vc_column][\/vc_row]<\/p>\n<\/div>","protected":false},"excerpt":{"rendered":"<p>[vc_row full_width=&#8221;stretch_row&#8221; el_class=&#8221;banner-about-page&#8221;][vc_column width=&#8221;1\/2&#8243; offset=&#8221;vc_col-lg-offset-1 vc_col-lg-4 vc_col-md-5&#8243;][\/vc_column][vc_column width=&#8221;1\/2&#8243; offset=&#8221;vc_col-md-7&#8243;][\/vc_column][\/vc_row]<\/p>\n","protected":false},"author":1,"featured_media":0,"parent":0,"menu_order":0,"comment_status":"closed","ping_status":"closed","template":"","meta":{"footnotes":""},"class_list":["post-4060","page","type-page","status-publish","hentry"],"aioseo_notices":[],"_links":{"self":[{"href":"https:\/\/japanpianocenter.com\/de\/wp-json\/wp\/v2\/pages\/4060","targetHints":{"allow":["GET"]}}],"collection":[{"href":"https:\/\/japanpianocenter.com\/de\/wp-json\/wp\/v2\/pages"}],"about":[{"href":"https:\/\/japanpianocenter.com\/de\/wp-json\/wp\/v2\/types\/page"}],"author":[{"embeddable":true,"href":"https:\/\/japanpianocenter.com\/de\/wp-json\/wp\/v2\/users\/1"}],"replies":[{"embeddable":true,"href":"https:\/\/japanpianocenter.com\/de\/wp-json\/wp\/v2\/comments?post=4060"}],"version-history":[{"count":3,"href":"https:\/\/japanpianocenter.com\/de\/wp-json\/wp\/v2\/pages\/4060\/revisions"}],"predecessor-version":[{"id":4138,"href":"https:\/\/japanpianocenter.com\/de\/wp-json\/wp\/v2\/pages\/4060\/revisions\/4138"}],"wp:attachment":[{"href":"https:\/\/japanpianocenter.com\/de\/wp-json\/wp\/v2\/media?parent=4060"}],"curies":[{"name":"wp","href":"https:\/\/api.w.org\/{rel}","templated":true}]}}