{"id":4152,"date":"2021-11-10T12:24:13","date_gmt":"2021-11-10T11:24:13","guid":{"rendered":"https:\/\/japanpianocenter.com\/klassenraeume\/"},"modified":"2025-07-02T19:05:18","modified_gmt":"2025-07-02T17:05:18","slug":"klassenraeume","status":"publish","type":"page","link":"https:\/\/japanpianocenter.com\/de\/klassenraeume\/","title":{"rendered":"Klassenr\u00e4ume"},"content":{"rendered":"<div class=\"wpb-content-wrapper\"><p>[vc_row full_width=&#8221;stretch_row&#8221; el_class=&#8221;banner-about-page&#8221;][vc_column width=&#8221;1\/2&#8243; offset=&#8221;vc_col-lg-offset-1 vc_col-lg-4 vc_col-md-5&#8243;]    <div  class=\"element-text-block  info-banner-about\" >\r\n        <h2 class=\"title30 color222 font-title font-semibold text-uppercase\">KLASSENR\u00c4UME<\/h2>\n<p>Im Japan Piano Center \u0160i\u0161ka bieten wir allen, die einen hochwertigen Raum zum \u00dcben ben\u00f6tigen, 8 Klassenzimmer bzw. Lehrr\u00e4ume ausgestattet mit erstklassigen Pianos und Pianinos. Wir wollen (auch) das Problem von Pianisten l\u00f6sen, insbesondere Mittelsch\u00fclern und Studenten, die oft nicht die M\u00f6glichkeit haben, in ihren Bildungseinrichtungen zu \u00fcben. Die R\u00e4umlichkeiten sind auch f\u00fcr Musikp\u00e4dagogen gedacht, die f\u00fcr die qualitativ hochwertige Umsetzung ihres Unterrichts ein Musikklassenzimmer ben\u00f6tigen.<\/p>\n<p>Klassenr\u00e4ume k\u00f6nnen f\u00fcr regelm\u00e4\u00dfige w\u00f6chentliche Termine gemietet werden, oder auch f\u00fcr Einzelstunden.<\/p>\n    <\/div>\r\n[vc_empty_space][vc_btn title=&#8221;Klassenraummiete&#8221; style=&#8221;custom&#8221; custom_background=&#8221;#dd1e2f&#8221; custom_text=&#8221;#ffffff&#8221; link=&#8221;url:https%3A%2F%2Fjapanpianocenter.com%2Frezervacija-ucilnice%2F|target:_blank|&#8221;][\/vc_column][vc_column width=&#8221;1\/2&#8243; offset=&#8221;vc_col-md-7&#8243;]<div class=\"banner-advs text-center  \">\r\n\t    <img loading=\"lazy\" decoding=\"async\" width=\"920\" height=\"460\" src=\"https:\/\/japanpianocenter.com\/wp-content\/uploads\/2021\/07\/\/apan-piano-center-nakup-klavir-cena-yamaha-ucenje-klavirja-glasbena-sola-ucilnice-920x460.jpg\" class=\"attachment-920x460 size-920x460\" alt=\"\" \/>\t\t<\/div>[\/vc_column][\/vc_row][vc_row full_width=&#8221;stretch_row_content&#8221; css=&#8221;.vc_custom_1621417136953{padding-top: 100px !important;}&#8221;][vc_column]    <div  class=\"element-text-block  info-banner-about\" >\r\n        <h3 class=\"title16 color font-title font-semibold text-uppercase\" style=\"text-align: center;\">Alle Klaviere in unseren Klassenzimmern sind von YAMAHA Marken, und werden regelm\u00e4\u00dfig gewartet und nach den h\u00f6chsten Standards gestimmt.<\/h3>\n    <\/div>\r\n[\/vc_column][\/vc_row][vc_row full_width=&#8221;stretch_row&#8221; el_class=&#8221;team-about-page&#8221;][vc_column offset=&#8221;vc_col-lg-offset-1 vc_col-lg-10 vc_col-md-12&#8243;]    <div  class=\"element-text-block  text-center title-team-about\" >\r\n        <h2 class=\"font-title title30 color222 font-semibold text-uppercase\"><span class=\"bg-color\">Preisliste<\/span><\/h2>\n    <\/div>\r\n[\/vc_column][\/vc_row][vc_row][vc_column width=&#8221;1\/6&#8243;][\/vc_column][vc_column width=&#8221;1\/3&#8243;][vc_column_text]<\/p>\n<h3><span style=\"color: #ff0000;\">Klassenraummiete<\/span><\/h3>\n<h2><span style=\"color: #000000;\">MONATLICHE MIETE<\/span><\/h2>\n<p>Ein modern ausgestatteter Musikraum mit Piano oder Pianino wird f\u00fcr das gesamte Schuljahr vermietet. Dadurch wird sichergestellt, dass der Kunde st\u00e4ndigen Zugang zum Klassenzimmer und den Einsatz eines professionellen Instruments hat. Kontaktieren Sie unsere Mitarbeiter f\u00fcr eine monatliche Klassenzimmermiete.[\/vc_column_text][vc_btn title=&#8221;Preis: 425,00 \u20ac \/ Monat&#8221; style=&#8221;custom&#8221; custom_background=&#8221;#dd1e2f&#8221; custom_text=&#8221;#ffffff&#8221; align=&#8221;center&#8221; button_block=&#8221;true&#8221;][\/vc_column][vc_column width=&#8221;1\/3&#8243;][vc_column_text]<\/p>\n<h3><span style=\"color: #ff0000;\">Klassenraummiete<\/span><\/h3>\n<h2><span style=\"color: #000000;\">PAKET VERMIETUNG<\/span><\/h2>\n<p>Ein modern ausgestatteter Musikraum mit Piano oder Pianino wird f\u00fcr eine vorvermietete Stundenzahl vermietet. Dem Kunden wird ein ausgew\u00e4hltes Klassenzimmer und der Einsatz eines professionellen Instruments zur Verf\u00fcgung gestellt. Die genauen Nutzungstermine und -zeiten der Klassenzimmer werden mit den Mitarbeitern vereinbart.[\/vc_column_text][vc_btn title=&#8221;Preis: 108,00 \u20ac \/ 20 Stunden&#8221; style=&#8221;custom&#8221; custom_background=&#8221;#dd1e2f&#8221; custom_text=&#8221;#ffffff&#8221; align=&#8221;center&#8221; button_block=&#8221;true&#8221;][\/vc_column][vc_column width=&#8221;1\/6&#8243;][\/vc_column][\/vc_row][vc_row][vc_column width=&#8221;1\/6&#8243;][\/vc_column][vc_column width=&#8221;1\/3&#8243;][vc_column_text]<\/p>\n<h3><span style=\"color: #ff0000;\">Klassenzimmermiete f\u00fcr Studenten<\/span><\/h3>\n<h2><span style=\"color: #000000;\">PAKET VERMIETUNG<\/span><\/h2>\n<p>Ein modern ausgestatteter Musikraum mit Piano oder Pianino wird als Paket vermietet. Dem Kunden wird ein ausgew\u00e4hltes Klassenzimmer und der Einsatz eines professionellen Instruments zur Verf\u00fcgung gestellt. Die genauen Nutzungstermine und -zeiten der Klassenzimmer werden mit den Mitarbeitern vereinbart.[\/vc_column_text][vc_btn title=&#8221;Preis: 90,00 \u20ac \/ 20 Stunden&#8221; style=&#8221;custom&#8221; custom_background=&#8221;#dd1e2f&#8221; custom_text=&#8221;#ffffff&#8221; align=&#8221;center&#8221; button_block=&#8221;true&#8221;][\/vc_column][vc_column width=&#8221;1\/3&#8243;][vc_column_text]<\/p>\n<h3><span style=\"color: #ff0000;\">Klassenraummiete<\/span><\/h3>\n<h2><span style=\"color: #000000;\">Miete pro Stunde<\/span><\/h2>\n<p>Ein modern ausgestatteter Musikraum mit Piano oder Pianino wird f\u00fcr Proben, Replays, Correpetitionen oder f\u00fcr Kammermusikproben vermietet. Sie rufen einfach an, kommen \u00fcber und \u00fcben w\u00e4hrend freien Terminen. Ein Termin ist erforderlich.[\/vc_column_text][vc_btn title=&#8221;Preis: 6,00 \u20ac \/ pro Stunde&#8221; style=&#8221;custom&#8221; custom_background=&#8221;#dd1e2f&#8221; custom_text=&#8221;#ffffff&#8221; align=&#8221;center&#8221; button_block=&#8221;true&#8221;][vc_btn title=&#8221;Preis: 5,00 \u20ac \/ pro Stunde (f\u00fcr Studenten)&#8221; style=&#8221;custom&#8221; custom_background=&#8221;#dd1e2f&#8221; custom_text=&#8221;#ffffff&#8221; align=&#8221;center&#8221; button_block=&#8221;true&#8221;][\/vc_column][vc_column width=&#8221;1\/6&#8243;][\/vc_column][\/vc_row][vc_row][vc_column width=&#8221;1\/6&#8243;][\/vc_column][vc_column width=&#8221;1\/3&#8243;][vc_column_text]<\/p>\n<h3><span style=\"color: #ff0000;\">Salonmiete<\/span><\/h3>\n<h2><span style=\"color: #000000;\">MIETE F\u00dcR EVENTS<\/span><\/h2>\n<p>Sie k\u00f6nnen die R\u00e4umlichkeiten des Japan Piano Centers f\u00fcr verschiedene Zwecke mieten \u2014 Videoaufnahmen, kleine Konzerte, Online-Events\u2026<\/p>\n<div>Der Salon kann au\u00dferhalb der Gesch\u00e4ftszeiten gemietet werden, welche f\u00fcr Gesch\u00e4fte mit Kunden gemeint sind.<\/div>\n<p>[\/vc_column_text][vc_btn title=&#8221;Mietpreis: nach Vereinbarung&#8221; style=&#8221;custom&#8221; custom_background=&#8221;#dd1e2f&#8221; custom_text=&#8221;#ffffff&#8221; align=&#8221;center&#8221; button_block=&#8221;true&#8221;][\/vc_column][vc_column width=&#8221;1\/3&#8243;][vc_column_text]<\/p>\n<h3><span style=\"color: #ff0000;\">Salonmiete<\/span><\/h3>\n<h2><span style=\"color: #000000;\">Vermietung zum \u00dcben<\/span><\/h2>\n<p>Sie k\u00f6nnen den Salon des Japan Piano Centers auch f\u00fcr Proben mit gr\u00f6\u00dferen Gruppen mieten. Der Vorteil des Salons ist der gr\u00f6\u00dfere Komfort der Gruppe w\u00e4hrend der \u00dcbung und eine gute Akustik.<\/p>\n<div><\/div>\n<div>Der Salon kann au\u00dferhalb der Gesch\u00e4ftszeiten gemietet werden, welche f\u00fcr Gesch\u00e4fte mit Kunden gemeint sind.<\/div>\n<p>[\/vc_column_text][vc_btn title=&#8221;Preis: nach Vereinbarung&#8221; style=&#8221;custom&#8221; custom_background=&#8221;#dd1e2f&#8221; custom_text=&#8221;#ffffff&#8221; align=&#8221;center&#8221; button_block=&#8221;true&#8221;][\/vc_column][vc_column width=&#8221;1\/6&#8243;][\/vc_column][\/vc_row][vc_row full_width=&#8221;stretch_row&#8221; el_class=&#8221;team-about-page&#8221;][vc_column offset=&#8221;vc_col-lg-offset-1 vc_col-lg-10 vc_col-md-12&#8243;]    <div  class=\"element-text-block  text-center title-team-about\" >\r\n        <h2 class=\"font-title title30 color222 font-semibold text-uppercase\"><span class=\"bg-color\">BUCHUNG<\/span><\/h2>\n    <\/div>\r\n[vc_column_text]<\/p>\n<h3 style=\"text-align: center;\"><span style=\"color: #000000;\">F\u00fcr die Klassenzimmern animeting, senden Sie uns bitte eine Anfrage an<\/span><br \/>\n<span style=\"color: #000000;\"><span style=\"text-decoration: underline;\"><a style=\"color: #c73636;\" href=\"tel:+38641200300\"><span style=\"color: #dd1e2f; text-decoration: underline;\">+ 386 1 515 15 05 <\/span><\/a><\/span>\u00a0und <span style=\"text-decoration: underline;\"><span style=\"color: #dd1e2f;\"><a style=\"color: #c73636; text-decoration: underline;\" href=\"tel:+38631800830\">+386 1 515 15 10<\/a><\/span><\/span> oder: <span style=\"color: #dd1e2f;\"><a style=\"color: #dd1e2f;\" href=\"mailto:ucilnice@japanpianocenter.com\">info@japanpianocenter.com<\/a><\/span><\/span><\/h3>\n<p>[\/vc_column_text][\/vc_column][\/vc_row][vc_row full_width=&#8221;stretch_row&#8221; el_class=&#8221;team-about-page&#8221;][vc_column offset=&#8221;vc_col-lg-offset-1 vc_col-lg-10 vc_col-md-12&#8243;]    <div  class=\"element-text-block  text-center title-team-about\" >\r\n        <h2 class=\"font-title title30 color222 font-semibold text-uppercase\"><span class=\"bg-color\">KLASSENR\u00c4UME<\/span><\/h2>\n    <\/div>\r\n[vc_gallery interval=&#8221;3&#8243; images=&#8221;2430,2431,2432,2433,2434&#8243; img_size=&#8221;full&#8221;][\/vc_column][\/vc_row]<\/p>\n<\/div>","protected":false},"excerpt":{"rendered":"<p>[vc_row full_width=&#8221;stretch_row&#8221; el_class=&#8221;banner-about-page&#8221;][vc_column width=&#8221;1\/2&#8243; offset=&#8221;vc_col-lg-offset-1 vc_col-lg-4 vc_col-md-5&#8243;][vc_empty_space][vc_btn title=&#8221;Klassenraummiete&#8221; style=&#8221;custom&#8221; custom_background=&#8221;#dd1e2f&#8221; custom_text=&#8221;#ffffff&#8221; link=&#8221;url:https%3A%2F%2Fjapanpianocenter.com%2Frezervacija-ucilnice%2F|target:_blank|&#8221;][\/vc_column][vc_column width=&#8221;1\/2&#8243; offset=&#8221;vc_col-md-7&#8243;][\/vc_column][\/vc_row][vc_row full_width=&#8221;stretch_row_content&#8221; css=&#8221;.vc_custom_1621417136953{padding-top: 100px !important;}&#8221;][vc_column][\/vc_column][\/vc_row][vc_row full_width=&#8221;stretch_row&#8221; el_class=&#8221;team-about-page&#8221;][vc_column offset=&#8221;vc_col-lg-offset-1 vc_col-lg-10 vc_col-md-12&#8243;][\/vc_column][\/vc_row][vc_row][vc_column width=&#8221;1\/6&#8243;][\/vc_column][vc_column width=&#8221;1\/3&#8243;][vc_column_text] Klassenraummiete MONATLICHE MIETE Ein modern ausgestatteter Musikraum mit Piano oder Pianino wird f\u00fcr das gesamte Schuljahr vermietet. Dadurch wird sichergestellt, dass der Kunde st\u00e4ndigen Zugang zum Klassenzimmer und den Einsatz [&hellip;]<\/p>\n","protected":false},"author":1,"featured_media":0,"parent":0,"menu_order":0,"comment_status":"closed","ping_status":"closed","template":"","meta":{"footnotes":""},"class_list":["post-4152","page","type-page","status-publish","hentry"],"aioseo_notices":[],"_links":{"self":[{"href":"https:\/\/japanpianocenter.com\/de\/wp-json\/wp\/v2\/pages\/4152","targetHints":{"allow":["GET"]}}],"collection":[{"href":"https:\/\/japanpianocenter.com\/de\/wp-json\/wp\/v2\/pages"}],"about":[{"href":"https:\/\/japanpianocenter.com\/de\/wp-json\/wp\/v2\/types\/page"}],"author":[{"embeddable":true,"href":"https:\/\/japanpianocenter.com\/de\/wp-json\/wp\/v2\/users\/1"}],"replies":[{"embeddable":true,"href":"https:\/\/japanpianocenter.com\/de\/wp-json\/wp\/v2\/comments?post=4152"}],"version-history":[{"count":8,"href":"https:\/\/japanpianocenter.com\/de\/wp-json\/wp\/v2\/pages\/4152\/revisions"}],"predecessor-version":[{"id":7660,"href":"https:\/\/japanpianocenter.com\/de\/wp-json\/wp\/v2\/pages\/4152\/revisions\/7660"}],"wp:attachment":[{"href":"https:\/\/japanpianocenter.com\/de\/wp-json\/wp\/v2\/media?parent=4152"}],"curies":[{"name":"wp","href":"https:\/\/api.w.org\/{rel}","templated":true}]}}