{"id":1738,"date":"2021-06-23T12:39:14","date_gmt":"2021-06-23T10:39:14","guid":{"rendered":"https:\/\/japanpianocenter.com\/?post_type=product&#038;p=1738"},"modified":"2025-11-08T13:50:51","modified_gmt":"2025-11-08T12:50:51","slug":"yamaha-dgx-670-b","status":"publish","type":"product","link":"https:\/\/japanpianocenter.com\/de\/izdelek\/yamaha-dgx-670-b\/","title":{"rendered":"Yamaha DGX-670B"},"content":{"rendered":"<div class=\"wpb-content-wrapper\"><p>[vc_row full_width=&#8221;stretch_row&#8221;][vc_column width=&#8221;1\/4&#8243;][\/vc_column][vc_column width=&#8221;1\/2&#8243;][vc_single_image image=&#8221;1649&#8243; img_size=&#8221;medium&#8221; alignment=&#8221;center&#8221;][\/vc_column][vc_column width=&#8221;1\/4&#8243;][\/vc_column][\/vc_row][vc_row][vc_column offset=&#8221;vc_col-lg-offset-2 vc_col-lg-8 vc_col-md-offset-1 vc_col-md-10&#8243;][vc_video link=&#8221;https:\/\/www.youtube.com\/watch?v=r2tj9smmWc0&amp;t=30s&#8221;][\/vc_column][\/vc_row]<\/p>\n<\/div>","protected":false},"excerpt":{"rendered":"<p style=\"font-weight: 400;\"><strong>Od solo klavirja do igranja s skupino.<\/strong><\/p>\n<p style=\"font-weight: 400;\">DGX-670 je digitalni klavir za u\u017eivanje v vsem &#8211; od solo igranja klavirja do igranja skupaj z drugimi in\u0161trumenti. Poleg visoke kakovosti elektri\u010dnega klavirja napredni stili samodejne spremljave zagotavljajo podporo \u0161tevilnim glasbenim zvrstem, vklju\u010dno s popom, R&amp;B in jazzom.\u00a0DGX-670 prikazuje\u00a0notne zapise za la\u017ejo\u00a0vadbo, ter\u00a0se\u00a0pove\u017ee\u00a0s pametnimi telefoni, mikrofoni in drugo opremo.<\/p>\n<ul>\n<li>\n<h4><span style=\"color: #ff0000;\">garantirano najni\u017eje cene<\/span><\/h4>\n<\/li>\n<li>\n<h4><span style=\"color: #ff0000;\">2 leti garancije<\/span><\/h4>\n<\/li>\n<\/ul>\n<p><em>Akcijska cena velja v primeru takoj\u0161njega pla\u010dila (gotovina ali nakazilo). Akcijske cene so fiksne &#8211; dodatni popusti na akcijsko ceno niso mo\u017eni. <\/em><\/p>\n","protected":false},"featured_media":2871,"template":"","meta":[],"product_brand":[],"product_cat":[15,83,106],"product_tag":[],"class_list":{"0":"post-1738","1":"product","2":"type-product","3":"status-publish","4":"has-post-thumbnail","6":"product_cat-novo","7":"product_cat-elektricni-klavirji-novi","8":"product_cat-serija-dgx","10":"first","11":"instock","12":"sale","13":"taxable","14":"shipping-taxable","15":"purchasable","16":"product-type-simple"},"aioseo_notices":[],"_links":{"self":[{"href":"https:\/\/japanpianocenter.com\/de\/wp-json\/wp\/v2\/product\/1738","targetHints":{"allow":["GET"]}}],"collection":[{"href":"https:\/\/japanpianocenter.com\/de\/wp-json\/wp\/v2\/product"}],"about":[{"href":"https:\/\/japanpianocenter.com\/de\/wp-json\/wp\/v2\/types\/product"}],"wp:featuredmedia":[{"embeddable":true,"href":"https:\/\/japanpianocenter.com\/de\/wp-json\/wp\/v2\/media\/2871"}],"wp:attachment":[{"href":"https:\/\/japanpianocenter.com\/de\/wp-json\/wp\/v2\/media?parent=1738"}],"wp:term":[{"taxonomy":"product_brand","embeddable":true,"href":"https:\/\/japanpianocenter.com\/de\/wp-json\/wp\/v2\/product_brand?post=1738"},{"taxonomy":"product_cat","embeddable":true,"href":"https:\/\/japanpianocenter.com\/de\/wp-json\/wp\/v2\/product_cat?post=1738"},{"taxonomy":"product_tag","embeddable":true,"href":"https:\/\/japanpianocenter.com\/de\/wp-json\/wp\/v2\/product_tag?post=1738"}],"curies":[{"name":"wp","href":"https:\/\/api.w.org\/{rel}","templated":true}]}}