{"id":1769,"date":"2021-06-24T08:32:47","date_gmt":"2021-06-24T06:32:47","guid":{"rendered":"https:\/\/japanpianocenter.com\/?post_type=product&#038;p=1769"},"modified":"2024-01-07T11:19:38","modified_gmt":"2024-01-07T10:19:38","slug":"yamaha-c3x","status":"publish","type":"product","link":"https:\/\/japanpianocenter.com\/de\/izdelek\/yamaha-c3x\/","title":{"rendered":"Yamaha C3X"},"content":{"rendered":"<div class=\"wpb-content-wrapper\"><p>[vc_row full_width=&#8221;stretch_row&#8221;][vc_column width=&#8221;1\/4&#8243;][\/vc_column][vc_column width=&#8221;1\/2&#8243;][vc_single_image image=&#8221;1649&#8243; img_size=&#8221;medium&#8221; alignment=&#8221;center&#8221;][\/vc_column][vc_column width=&#8221;1\/4&#8243;][\/vc_column][\/vc_row][vc_row][vc_column offset=&#8221;vc_col-lg-offset-2 vc_col-lg-8 vc_col-md-offset-1 vc_col-md-10&#8243;][vc_video link=&#8221;https:\/\/www.youtube.com\/watch?v=L7F9Um3UnQo&#8221;]    <div  class=\"element-text-block  \" >\r\n        <h3 class=\"title20 color222 font-title title-line font-semibold title-product-content\">Ohranjanje tradicije in neprestano iskanje popolnosti.<\/h3>\n    <\/div>\r\n    <div  class=\"element-text-block  \" >\r\n        <p>\u017de skoraj pol stoletja se Yamahina svetovno znana C-serija klavirjev nenehno izpopolnjuje. Kon\u010dni rezultat Yamahinega truda in predanosti inovacijam je serija in\u0161trumentov z izpopolnjenim tonom in vrhunskim dizajnom, ki podjetju omogo\u010da, da ostane zvesto svoji glasbeni dedi\u0161\u010dini.<\/p>\n<p>Klavirji serije CX predstavljajo in\u0161trumente, katerih razvoj je sorazmeren z Yamahino 125to obletnico: \u201c<em>napredek, ki bo vsako sobo spremenil v koncertno dvorano.\u201d<\/em><\/p>\n<p><em>\u2013 Revolucionar<\/em><em>en nov materijal strun v srednji legi in diskantu zagotavlja \u010dudovito harmonijo zvoka.<\/em><br \/>\n<em>\u2013 Kladivca serije CX so izdelana iz enakega materiala kot kladivca serie CFX, kar klavirjem zagotavlja svetlo barvo tona in prefinjeno niansiran zvok.<\/em><br \/>\n<em>\u2013 Resonan\u010dna plo\u0161\u010da iz\u017eareva emocije izvajalca \u2013 kot pri CF seriji, se klavirjem serije CX pristopa z vrhunskimi tehnikami izdelave.<\/em><br \/>\n<em>\u2013 Nosilna konstrukcija \u2013 klavirji serije CX imajo oja\u010dano nosilno ogrodje, kar zagotavlja bogat ton.<\/em><\/p>\n    <\/div>\r\n[vc_row_inner css=&#8221;.vc_custom_1556857793056{padding-right: 15px !important;padding-left: 15px !important;}&#8221; el_class=&#8221;list-image-content-product&#8221;][vc_column_inner css=&#8221;.vc_custom_1556858448629{padding-right: 0px !important;padding-left: 0px !important;}&#8221; offset=&#8221;vc_col-ss-4&#8243;]<div class=\"banner-advs   zoom-image\">\r\n\t    <img loading=\"lazy\" decoding=\"async\" width=\"920\" height=\"460\" src=\"https:\/\/japanpianocenter.com\/wp-content\/uploads\/2021\/06\/japan-piano-center-nakup-klavir-cena-yamaha-ucenje-klavirja-glasbena-sola-CX.jpg\" class=\"attachment-full size-full\" alt=\"\" srcset=\"https:\/\/japanpianocenter.com\/wp-content\/uploads\/2021\/06\/japan-piano-center-nakup-klavir-cena-yamaha-ucenje-klavirja-glasbena-sola-CX.jpg 920w, https:\/\/japanpianocenter.com\/wp-content\/uploads\/2021\/06\/japan-piano-center-nakup-klavir-cena-yamaha-ucenje-klavirja-glasbena-sola-CX-800x400.jpg 800w, https:\/\/japanpianocenter.com\/wp-content\/uploads\/2021\/06\/japan-piano-center-nakup-klavir-cena-yamaha-ucenje-klavirja-glasbena-sola-CX-300x150.jpg 300w, https:\/\/japanpianocenter.com\/wp-content\/uploads\/2021\/06\/japan-piano-center-nakup-klavir-cena-yamaha-ucenje-klavirja-glasbena-sola-CX-768x384.jpg 768w\" sizes=\"auto, (max-width: 920px) 100vw, 920px\" \/>\t\t<\/div>[\/vc_column_inner][\/vc_row_inner][vc_row_inner css=&#8221;.vc_custom_1556857793056{padding-right: 15px !important;padding-left: 15px !important;}&#8221; el_class=&#8221;list-image-content-product&#8221;][vc_column_inner css=&#8221;.vc_custom_1556858448629{padding-right: 0px !important;padding-left: 0px !important;}&#8221; offset=&#8221;vc_col-ss-4&#8243;]    <div  class=\"element-text-block  \" >\r\n        <p><strong>Klavir je na voljo v petih razli\u010dnih barvah, tako pa ga lahko naro\u010dite tudi s slede\u010dimi funkcijami:<\/strong><\/p>\n<ul>\n<li>SilentPiano <span style=\"color: #ff0000;\"><a style=\"color: #ff0000;\" href=\"https:\/\/youtu.be\/D4Vlchuckk4\" target=\"_blank\" rel=\"noopener\">https:\/\/youtu.be\/D4Vlchuckk4<\/a><\/span><\/li>\n<li>disklavierENSPIRE<span style=\"color: #ff0000;\"> <a style=\"color: #ff0000;\" href=\"https:\/\/youtu.be\/Zm00MSnAhWI?list=TLGGkvB-fc09wuwxOTA2MjAyMQ\" target=\"_blank\" rel=\"noopener\">https:\/\/youtu.be\/Zm00MSnAhWI?list=TLGGkvB-fc09wuwxOTA2MjAyMQ<\/a><\/span><\/li>\n<li>TransAcoustic <span style=\"color: #ff0000;\"><a style=\"color: #ff0000;\" href=\"https:\/\/youtu.be\/SprIJqIOZB8\" target=\"_blank\" rel=\"noopener\">https:\/\/youtu.be\/SprIJqIOZB8<\/a><\/span><\/li>\n<\/ul>\n    <\/div>\r\n[\/vc_column_inner][\/vc_row_inner][\/vc_column][\/vc_row]<\/p>\n<\/div>","protected":false},"excerpt":{"rendered":"<p><strong>Pri oblikovanju klavirja, ki bi lahko iz\u017eareval pianistove ob\u010dutke, so Yamahini mojstri ustvarili in\u0161trumente serije C3X dol\u017eine 186cm, ki lahko resni\u010dno \u00bbpojejo\u00ab.<\/strong><\/p>\n<ul>\n<li>\n<h4><span style=\"color: #ff0000;\">garantirano najni\u017eje cene<\/span><\/h4>\n<\/li>\n<li>\n<h4><span style=\"color: #ff0000;\">5 let garancije<\/span><\/h4>\n<\/li>\n<li>\n<h4><span style=\"color: #ff0000;\">m<\/span><span style=\"color: #ff0000;\">o\u017enost pla\u010dila na 12 obrokov brez obresti<\/span><\/h4>\n<\/li>\n<\/ul>\n<p><em>Mo\u017enost pla\u010dila na obroke velja le za Slovenijo.<\/em><\/p>\n","protected":false},"featured_media":1770,"template":"","meta":[],"product_brand":[],"product_cat":[15,90,92],"product_tag":[],"class_list":{"0":"post-1769","1":"product","2":"type-product","3":"status-publish","4":"has-post-thumbnail","6":"product_cat-novo","7":"product_cat-klavirji-novi","8":"product_cat-cx-serija","10":"first","11":"outofstock","12":"taxable","13":"shipping-taxable","14":"product-type-simple"},"aioseo_notices":[],"_links":{"self":[{"href":"https:\/\/japanpianocenter.com\/de\/wp-json\/wp\/v2\/product\/1769","targetHints":{"allow":["GET"]}}],"collection":[{"href":"https:\/\/japanpianocenter.com\/de\/wp-json\/wp\/v2\/product"}],"about":[{"href":"https:\/\/japanpianocenter.com\/de\/wp-json\/wp\/v2\/types\/product"}],"wp:featuredmedia":[{"embeddable":true,"href":"https:\/\/japanpianocenter.com\/de\/wp-json\/wp\/v2\/media\/1770"}],"wp:attachment":[{"href":"https:\/\/japanpianocenter.com\/de\/wp-json\/wp\/v2\/media?parent=1769"}],"wp:term":[{"taxonomy":"product_brand","embeddable":true,"href":"https:\/\/japanpianocenter.com\/de\/wp-json\/wp\/v2\/product_brand?post=1769"},{"taxonomy":"product_cat","embeddable":true,"href":"https:\/\/japanpianocenter.com\/de\/wp-json\/wp\/v2\/product_cat?post=1769"},{"taxonomy":"product_tag","embeddable":true,"href":"https:\/\/japanpianocenter.com\/de\/wp-json\/wp\/v2\/product_tag?post=1769"}],"curies":[{"name":"wp","href":"https:\/\/api.w.org\/{rel}","templated":true}]}}