{"id":1781,"date":"2021-06-24T08:55:50","date_gmt":"2021-06-24T06:55:50","guid":{"rendered":"https:\/\/japanpianocenter.com\/?post_type=product&#038;p=1781"},"modified":"2024-01-07T11:18:59","modified_gmt":"2024-01-07T10:18:59","slug":"yamaha-gb1","status":"publish","type":"product","link":"https:\/\/japanpianocenter.com\/de\/izdelek\/yamaha-gb1\/","title":{"rendered":"Yamaha GB1"},"content":{"rendered":"<div class=\"wpb-content-wrapper\"><p>[vc_row full_width=&#8221;stretch_row&#8221;][vc_column width=&#8221;1\/4&#8243;][\/vc_column][vc_column width=&#8221;1\/2&#8243;][vc_single_image image=&#8221;1649&#8243; img_size=&#8221;medium&#8221; alignment=&#8221;center&#8221;][\/vc_column][vc_column width=&#8221;1\/4&#8243;][\/vc_column][\/vc_row][vc_row][vc_column offset=&#8221;vc_col-lg-offset-2 vc_col-lg-8 vc_col-md-offset-1 vc_col-md-10&#8243;][vc_row_inner css=&#8221;.vc_custom_1556857793056{padding-right: 15px !important;padding-left: 15px !important;}&#8221; el_class=&#8221;list-image-content-product&#8221;][vc_column_inner css=&#8221;.vc_custom_1556858448629{padding-right: 0px !important;padding-left: 0px !important;}&#8221; offset=&#8221;vc_col-ss-4&#8243;]<div class=\"banner-advs   zoom-image\">\r\n\t    <img loading=\"lazy\" decoding=\"async\" width=\"920\" height=\"460\" src=\"https:\/\/japanpianocenter.com\/wp-content\/uploads\/2021\/06\/japan-piano-center-nakup-klavir-cena-yamaha-ucenje-klavirja-glasbena-sola-GB1-1.jpg\" class=\"attachment-full size-full\" alt=\"\" srcset=\"https:\/\/japanpianocenter.com\/wp-content\/uploads\/2021\/06\/japan-piano-center-nakup-klavir-cena-yamaha-ucenje-klavirja-glasbena-sola-GB1-1.jpg 920w, https:\/\/japanpianocenter.com\/wp-content\/uploads\/2021\/06\/japan-piano-center-nakup-klavir-cena-yamaha-ucenje-klavirja-glasbena-sola-GB1-1-800x400.jpg 800w, https:\/\/japanpianocenter.com\/wp-content\/uploads\/2021\/06\/japan-piano-center-nakup-klavir-cena-yamaha-ucenje-klavirja-glasbena-sola-GB1-1-300x150.jpg 300w, https:\/\/japanpianocenter.com\/wp-content\/uploads\/2021\/06\/japan-piano-center-nakup-klavir-cena-yamaha-ucenje-klavirja-glasbena-sola-GB1-1-768x384.jpg 768w\" sizes=\"auto, (max-width: 920px) 100vw, 920px\" \/>\t\t<\/div>[\/vc_column_inner][\/vc_row_inner][\/vc_column][\/vc_row]<\/p>\n<\/div>","protected":false},"excerpt":{"rendered":"<p><strong>Yamahin vrhunski zvok in resonanca, na voljo po dostopnej\u0161i ceni.<\/strong><\/p>\n<p>GB1 vklju\u010duje izjemen oblikovalski koncept Yamahine serije C. Ustvarja \u0161irok dinami\u010den razpon z vrhunskim zvokom. Zahvaljujo\u010d bistvenim izbolj\u0161avam pri materialih in proizvodnji, je Yamahin klavir serije GB1 cenovno ugoden in kvalitetnej\u0161i kot kdajkoli prej. Zaradi svoje kompaktnosti (151cm dol\u017eine) je popoln za vsak bivalni prostor.<\/p>\n<ul>\n<li>\n<h4><span style=\"color: #ff0000;\">garantirano najni\u017eje cene<\/span><\/h4>\n<\/li>\n<li>\n<h4><span style=\"color: #ff0000;\">5 let garancije<\/span><\/h4>\n<\/li>\n<li>\n<h4><span style=\"color: #ff0000;\">m<\/span><span style=\"color: #ff0000;\">o\u017enost pla\u010dila na 12 obrokov brez obresti<\/span><\/h4>\n<\/li>\n<\/ul>\n<p><em>Mo\u017enost pla\u010dila na obroke velja le za Slovenijo.<\/em><\/p>\n","protected":false},"featured_media":1793,"template":"","meta":[],"product_brand":[],"product_cat":[15,90,93],"product_tag":[],"class_list":{"0":"post-1781","1":"product","2":"type-product","3":"status-publish","4":"has-post-thumbnail","6":"product_cat-novo","7":"product_cat-klavirji-novi","8":"product_cat-gb1","10":"first","11":"outofstock","12":"taxable","13":"shipping-taxable","14":"product-type-simple"},"aioseo_notices":[],"_links":{"self":[{"href":"https:\/\/japanpianocenter.com\/de\/wp-json\/wp\/v2\/product\/1781","targetHints":{"allow":["GET"]}}],"collection":[{"href":"https:\/\/japanpianocenter.com\/de\/wp-json\/wp\/v2\/product"}],"about":[{"href":"https:\/\/japanpianocenter.com\/de\/wp-json\/wp\/v2\/types\/product"}],"wp:featuredmedia":[{"embeddable":true,"href":"https:\/\/japanpianocenter.com\/de\/wp-json\/wp\/v2\/media\/1793"}],"wp:attachment":[{"href":"https:\/\/japanpianocenter.com\/de\/wp-json\/wp\/v2\/media?parent=1781"}],"wp:term":[{"taxonomy":"product_brand","embeddable":true,"href":"https:\/\/japanpianocenter.com\/de\/wp-json\/wp\/v2\/product_brand?post=1781"},{"taxonomy":"product_cat","embeddable":true,"href":"https:\/\/japanpianocenter.com\/de\/wp-json\/wp\/v2\/product_cat?post=1781"},{"taxonomy":"product_tag","embeddable":true,"href":"https:\/\/japanpianocenter.com\/de\/wp-json\/wp\/v2\/product_tag?post=1781"}],"curies":[{"name":"wp","href":"https:\/\/api.w.org\/{rel}","templated":true}]}}