{"id":1803,"date":"2021-06-30T16:29:35","date_gmt":"2021-06-30T14:29:35","guid":{"rendered":"https:\/\/japanpianocenter.com\/?post_type=product&#038;p=1803"},"modified":"2024-10-15T08:28:09","modified_gmt":"2024-10-15T06:28:09","slug":"yamaha-b2","status":"publish","type":"product","link":"https:\/\/japanpianocenter.com\/de\/izdelek\/yamaha-b2\/","title":{"rendered":"Yamaha b2"},"content":{"rendered":"<div class=\"wpb-content-wrapper\"><p>[vc_row full_width=&#8221;stretch_row&#8221;][vc_column width=&#8221;1\/4&#8243;][\/vc_column][vc_column width=&#8221;1\/2&#8243;][vc_single_image image=&#8221;1649&#8243; img_size=&#8221;medium&#8221; alignment=&#8221;center&#8221;][\/vc_column][vc_column width=&#8221;1\/4&#8243;][\/vc_column][\/vc_row][vc_row][vc_column offset=&#8221;vc_col-lg-offset-2 vc_col-lg-8 vc_col-md-offset-1 vc_col-md-10&#8243;][vc_row_inner css=&#8221;.vc_custom_1556857793056{padding-right: 15px !important;padding-left: 15px !important;}&#8221; el_class=&#8221;list-image-content-product&#8221;][vc_column_inner css=&#8221;.vc_custom_1556858448629{padding-right: 0px !important;padding-left: 0px !important;}&#8221; offset=&#8221;vc_col-ss-4&#8243;][vc_video link=&#8221;https:\/\/www.youtube.com\/watch?v=hk-4BN1QNvs&#8221;]    <div  class=\"element-text-block  \" >\r\n        <p>Serija B je zasnovana tako, da nudi Yamahino kakovost po dostopni ceni. Pianini serije B so produkt ve\u010d kot 100-letnih izku\u0161enj proizvodnje in\u0161trumentov in so idealna izbira predvsem za za\u010detnike.\u00a0Zaradi kompaktne in robustne zasnove ter vrhunskih materialov, ki jih pri izdelavi uporabljajo Yamahini mojstri, so pianini serije B prijetni za igranje \u2013 toni so \u010disti in jasni, klaviatura pa ima dobro odzivnost.<\/p>\n<p><em>Pianini serije B so na voljo tudi v SILENT Piano verziji, kar uporabniku omogo\u010da \u00bbtiho\u00ab vadbo preko slu\u0161alk.<\/em><\/p>\n    <\/div>\r\n[\/vc_column_inner][\/vc_row_inner][vc_row_inner css=&#8221;.vc_custom_1556857793056{padding-right: 15px !important;padding-left: 15px !important;}&#8221; el_class=&#8221;list-image-content-product&#8221;][vc_column_inner css=&#8221;.vc_custom_1556858448629{padding-right: 0px !important;padding-left: 0px !important;}&#8221; offset=&#8221;vc_col-ss-4&#8243;][vc_video link=&#8221;https:\/\/www.youtube.com\/watch?v=D4Vlchuckk4&#8243;][\/vc_column_inner][\/vc_row_inner][\/vc_column][\/vc_row]<\/p>\n<\/div>","protected":false},"excerpt":{"rendered":"<p><strong>Popolno ravnovesje.<\/strong><\/p>\n<p>Pianino serije b2 meri 113 cm v vi\u0161ino in ima stabilno konstrukcijo. Resonan\u010dna plo\u0161\u010da je izdelana iz smrekovine, zato so toni topli in polni. Pianino je lep in eleganten ter se lepo poda v vsak bivalni prostor. Primeren je za bolj izku\u0161ene glasbenike, vseeno pa je na volja po zelo dostopni ceni.<\/p>\n<ul>\n<li>\n<h4><span style=\"color: #ff0000;\">garantirano najni\u017eje cene<\/span><\/h4>\n<\/li>\n<li>\n<h4><span style=\"color: #ff0000;\">5 let garancije<\/span><\/h4>\n<\/li>\n<li>\n<h4><span style=\"color: #ff0000;\">mo\u017enost pla\u010dila na 12<\/span><span style=\"color: #ff0000;\">\u00a0obrokov brez obresti<\/span><\/h4>\n<\/li>\n<\/ul>\n<p><em>Mo\u017enost pla\u010dila na obroke velja le za Slovenijo.<\/em><\/p>\n","protected":false},"featured_media":1804,"template":"","meta":[],"product_brand":[],"product_cat":[15,99,100],"product_tag":[],"class_list":{"0":"post-1803","1":"product","2":"type-product","3":"status-publish","4":"has-post-thumbnail","6":"product_cat-novo","7":"product_cat-pianini-novi","8":"product_cat-b-serija","10":"first","11":"onbackorder","12":"taxable","13":"shipping-taxable","14":"product-type-simple"},"aioseo_notices":[],"_links":{"self":[{"href":"https:\/\/japanpianocenter.com\/de\/wp-json\/wp\/v2\/product\/1803","targetHints":{"allow":["GET"]}}],"collection":[{"href":"https:\/\/japanpianocenter.com\/de\/wp-json\/wp\/v2\/product"}],"about":[{"href":"https:\/\/japanpianocenter.com\/de\/wp-json\/wp\/v2\/types\/product"}],"wp:featuredmedia":[{"embeddable":true,"href":"https:\/\/japanpianocenter.com\/de\/wp-json\/wp\/v2\/media\/1804"}],"wp:attachment":[{"href":"https:\/\/japanpianocenter.com\/de\/wp-json\/wp\/v2\/media?parent=1803"}],"wp:term":[{"taxonomy":"product_brand","embeddable":true,"href":"https:\/\/japanpianocenter.com\/de\/wp-json\/wp\/v2\/product_brand?post=1803"},{"taxonomy":"product_cat","embeddable":true,"href":"https:\/\/japanpianocenter.com\/de\/wp-json\/wp\/v2\/product_cat?post=1803"},{"taxonomy":"product_tag","embeddable":true,"href":"https:\/\/japanpianocenter.com\/de\/wp-json\/wp\/v2\/product_tag?post=1803"}],"curies":[{"name":"wp","href":"https:\/\/api.w.org\/{rel}","templated":true}]}}