{"id":1823,"date":"2021-06-30T16:54:54","date_gmt":"2021-06-30T14:54:54","guid":{"rendered":"https:\/\/japanpianocenter.com\/?post_type=product&#038;p=1823"},"modified":"2024-01-07T11:03:00","modified_gmt":"2024-01-07T10:03:00","slug":"yamaha-se-132","status":"publish","type":"product","link":"https:\/\/japanpianocenter.com\/de\/izdelek\/yamaha-se-132\/","title":{"rendered":"Yamaha SE 132"},"content":{"rendered":"<div class=\"wpb-content-wrapper\"><p>[vc_row full_width=&#8221;stretch_row&#8221;][vc_column width=&#8221;1\/4&#8243;][\/vc_column][vc_column width=&#8221;1\/2&#8243;][vc_single_image image=&#8221;1649&#8243; img_size=&#8221;medium&#8221; alignment=&#8221;center&#8221;][\/vc_column][vc_column width=&#8221;1\/4&#8243;][\/vc_column][\/vc_row][vc_row][vc_column offset=&#8221;vc_col-lg-offset-2 vc_col-lg-8 vc_col-md-offset-1 vc_col-md-10&#8243;][vc_row_inner css=&#8221;.vc_custom_1556857793056{padding-right: 15px !important;padding-left: 15px !important;}&#8221; el_class=&#8221;list-image-content-product&#8221;][vc_column_inner css=&#8221;.vc_custom_1556858448629{padding-right: 0px !important;padding-left: 0px !important;}&#8221; offset=&#8221;vc_col-ss-4&#8243;][vc_video link=&#8221;https:\/\/www.youtube.com\/watch?v=hk-4BN1QNvs&#8221;]    <div  class=\"element-text-block  \" >\r\n        <p>V pianinih serije SE boste na\u0161li evropske materiale najvi\u0161je kakovosti; posebej izbrane strune, kladivca in resonan\u010dna plo\u0161\u010da naredijo pianine serije SE resni\u010dno osupljive. Na vi\u0161jo raven jih dviga tudi dejstvo, da jih je zasnovala ista ekipa mojstrov, ki ustvarja Yamahine vrhunske klavirje serije CFX. Pri izdelavi teh izvrstnih in\u0161trumentov ni bila spregledana nobena podrobnost: serija pianinov SE je utele\u0161enje umetnosti izdelave pianinov.<\/p>\n<p><em>Piani<\/em><em>ni serije SE so <\/em><em>na voljo tudi v SILENT Piano verziji, kar uporabniku omogo\u010da \u00bbtiho\u00ab vadbo preko slu\u0161alk.<\/em><\/p>\n    <\/div>\r\n[\/vc_column_inner][\/vc_row_inner][vc_row_inner css=&#8221;.vc_custom_1556857793056{padding-right: 15px !important;padding-left: 15px !important;}&#8221; el_class=&#8221;list-image-content-product&#8221;][vc_column_inner css=&#8221;.vc_custom_1556858448629{padding-right: 0px !important;padding-left: 0px !important;}&#8221; offset=&#8221;vc_col-ss-4&#8243;][vc_video link=&#8221;https:\/\/youtu.be\/D4Vlchuckk4&#8243;][\/vc_column_inner][\/vc_row_inner][\/vc_column][\/vc_row]<\/p>\n<\/div>","protected":false},"excerpt":{"rendered":"<p><strong>Evropski materiali in znanje mojstrov, ki so ustvarili serijo CFX.<\/strong><\/p>\n<p>Pianino SE132 je narejen po najvi\u0161jih Yamahinih standardih. Narejen je za pianiste, ki pri in\u0161trumentu i\u0161\u010dejo bogate, polne in tople tone.<\/p>\n<ul>\n<li>\n<h4><span style=\"color: #ff0000;\">garantirano najni\u017eje cene<\/span><\/h4>\n<\/li>\n<li>\n<h4><span style=\"color: #ff0000;\">5 let garancije<\/span><\/h4>\n<\/li>\n<li>\n<h4><span style=\"color: #ff0000;\">mo\u017enost pla\u010dila na<\/span><span style=\"color: #ff0000;\"> 12<\/span><span style=\"color: #ff0000;\">\u00a0obrokov brez obresti<\/span><\/h4>\n<\/li>\n<\/ul>\n<p><em>Mo\u017enost pla\u010dila na obroke velja le za Slovenijo.<\/em><\/p>\n","protected":false},"featured_media":1824,"template":"","meta":[],"product_brand":[],"product_cat":[15,99,102],"product_tag":[],"class_list":{"0":"post-1823","1":"product","2":"type-product","3":"status-publish","4":"has-post-thumbnail","6":"product_cat-novo","7":"product_cat-pianini-novi","8":"product_cat-se-serija","10":"first","11":"onbackorder","12":"taxable","13":"shipping-taxable","14":"product-type-simple"},"aioseo_notices":[],"_links":{"self":[{"href":"https:\/\/japanpianocenter.com\/de\/wp-json\/wp\/v2\/product\/1823","targetHints":{"allow":["GET"]}}],"collection":[{"href":"https:\/\/japanpianocenter.com\/de\/wp-json\/wp\/v2\/product"}],"about":[{"href":"https:\/\/japanpianocenter.com\/de\/wp-json\/wp\/v2\/types\/product"}],"wp:featuredmedia":[{"embeddable":true,"href":"https:\/\/japanpianocenter.com\/de\/wp-json\/wp\/v2\/media\/1824"}],"wp:attachment":[{"href":"https:\/\/japanpianocenter.com\/de\/wp-json\/wp\/v2\/media?parent=1823"}],"wp:term":[{"taxonomy":"product_brand","embeddable":true,"href":"https:\/\/japanpianocenter.com\/de\/wp-json\/wp\/v2\/product_brand?post=1823"},{"taxonomy":"product_cat","embeddable":true,"href":"https:\/\/japanpianocenter.com\/de\/wp-json\/wp\/v2\/product_cat?post=1823"},{"taxonomy":"product_tag","embeddable":true,"href":"https:\/\/japanpianocenter.com\/de\/wp-json\/wp\/v2\/product_tag?post=1823"}],"curies":[{"name":"wp","href":"https:\/\/api.w.org\/{rel}","templated":true}]}}