{"id":1829,"date":"2021-06-30T17:03:02","date_gmt":"2021-06-30T15:03:02","guid":{"rendered":"https:\/\/japanpianocenter.com\/?post_type=product&#038;p=1829"},"modified":"2024-01-07T11:02:36","modified_gmt":"2024-01-07T10:02:36","slug":"yamaha-yus-1","status":"publish","type":"product","link":"https:\/\/japanpianocenter.com\/de\/izdelek\/yamaha-yus-1\/","title":{"rendered":"Yamaha YUS 1"},"content":{"rendered":"<div class=\"wpb-content-wrapper\"><p>[vc_row full_width=&#8221;stretch_row&#8221;][vc_column width=&#8221;1\/4&#8243;][\/vc_column][vc_column width=&#8221;1\/2&#8243;][vc_single_image image=&#8221;1649&#8243; img_size=&#8221;medium&#8221; alignment=&#8221;center&#8221;][\/vc_column][vc_column width=&#8221;1\/4&#8243;][\/vc_column][\/vc_row][vc_row][vc_column offset=&#8221;vc_col-lg-offset-2 vc_col-lg-8 vc_col-md-offset-1 vc_col-md-10&#8243;][vc_row_inner css=&#8221;.vc_custom_1556857793056{padding-right: 15px !important;padding-left: 15px !important;}&#8221; el_class=&#8221;list-image-content-product&#8221;][vc_column_inner css=&#8221;.vc_custom_1556858448629{padding-right: 0px !important;padding-left: 0px !important;}&#8221; offset=&#8221;vc_col-ss-4&#8243;][vc_video link=&#8221;https:\/\/www.youtube.com\/watch?v=hk-4BN1QNvs&#8221;]    <div  class=\"element-text-block  \" >\r\n        <p>Dizajn pianinov serije YUS ponuja odli\u010dno akustiko ter resonanco in projekcijo, ki je bolj podobna zvoku klavirja kot pa zvoku tradicionalnega pianina. Zvok je \u0161e dodatno izbolj\u0161an zaradi uporabe kakovostnih klavirskih kladivc, ki zagotavljajo optimalen ton, glasnost in tonsko ravnovesje.<\/p>\n<p><strong>Ste \u017ee sli\u0161ali za pianine z izvedbi TransAcoustic?<\/strong><\/p>\n<p><strong>Yamaha TransAcoustic<\/strong><strong><sup>TM<\/sup><\/strong><sup>\u00a0<\/sup>ni podoben nobenemu klavirju ali pianinu, ki ste ga sli\u0161ali do zdaj! Je pravi akusti\u010dni pianino, ki svojo resonan\u010dno plo\u0161\u010do uporablja da naravno okrepi digitalne zvoke, s \u010dimer va\u0161 instrument pretvori v najbolj neverjeten akusi\u010dni zvo\u010dnik na svetu. Pretvorite svoj akusti\u010dni pianino v Yamaha ali B\u00f6sendorfer koncertni klavir, elektri\u010dni klavir, \u010dembalo, orgle in \u0161e kaj. Nato posnemite skladbo in skupaj s predvajanim posnetkom zaigrajte na svoj akusti\u010dni pianino. TransAcoustic spodbuja domi\u0161ljijo in odpira nov svet mo\u017enosti igranja.<\/p>\n<p><strong>Pianino YUS1 je na voljo v \u0161tirih barvah, lahko pa ga naro\u010dite tudi s slede\u010dimi funkcijami:<\/strong><\/p>\n    <\/div>\r\n[\/vc_column_inner][\/vc_row_inner][vc_row_inner css=&#8221;.vc_custom_1556857793056{padding-right: 15px !important;padding-left: 15px !important;}&#8221; el_class=&#8221;list-image-content-product&#8221;][vc_column_inner width=&#8221;1\/3&#8243; css=&#8221;.vc_custom_1556858448629{padding-right: 0px !important;padding-left: 0px !important;}&#8221; offset=&#8221;vc_col-ss-4&#8243;][vc_column_text]<\/p>\n<p style=\"text-align: center;\"><strong>SilentPiano<\/strong><\/p>\n<p>[\/vc_column_text][vc_video link=&#8221;https:\/\/youtu.be\/D4Vlchuckk4&#8243;][\/vc_column_inner][vc_column_inner width=&#8221;1\/3&#8243;][vc_column_text]<\/p>\n<p style=\"text-align: center;\"><strong>DisklavierENSPIRE<\/strong><\/p>\n<p>[\/vc_column_text][vc_video link=&#8221;https:\/\/youtu.be\/Zm00MSnAhWI?list=TLGGkvB-fc09wuwxOTA2MjAyMQ&#8221;][\/vc_column_inner][vc_column_inner width=&#8221;1\/3&#8243;][vc_column_text]<\/p>\n<p style=\"text-align: center;\"><strong>TransAcoustic<\/strong><\/p>\n<p>[\/vc_column_text][vc_video link=&#8221;https:\/\/youtu.be\/SprIJqIOZB8&#8243;][\/vc_column_inner][\/vc_row_inner][\/vc_column][\/vc_row]<\/p>\n<\/div>","protected":false},"excerpt":{"rendered":"<p><strong>Vrhunska kvaliteta in osupljiv dizajn.<\/strong><\/p>\n<p>Pianino YUS1 omogo\u010da izjemno glasbeno izvedbo in zagotavlja Yamahino dobro poznano kakovost.<\/p>\n<ul>\n<li>\n<h4><span style=\"color: #ff0000;\">garantirano najni\u017eje cene<\/span><\/h4>\n<\/li>\n<li>\n<h4><span style=\"color: #ff0000;\">5 let garancije<\/span><\/h4>\n<\/li>\n<li>\n<h4><span style=\"color: #ff0000;\">mo\u017enost pla\u010dila na<\/span><span style=\"color: #ff0000;\"> 12<\/span><span style=\"color: #ff0000;\">\u00a0obrokov brez obresti<\/span><\/h4>\n<\/li>\n<\/ul>\n<p><em>Mo\u017enost pla\u010dila na obroke velja le za Slovenijo.<\/em><\/p>\n","protected":false},"featured_media":1830,"template":"","meta":[],"product_brand":[],"product_cat":[15,99,105],"product_tag":[],"class_list":{"0":"post-1829","1":"product","2":"type-product","3":"status-publish","4":"has-post-thumbnail","6":"product_cat-novo","7":"product_cat-pianini-novi","8":"product_cat-yus-serija","10":"first","11":"onbackorder","12":"taxable","13":"shipping-taxable","14":"product-type-simple"},"aioseo_notices":[],"_links":{"self":[{"href":"https:\/\/japanpianocenter.com\/de\/wp-json\/wp\/v2\/product\/1829","targetHints":{"allow":["GET"]}}],"collection":[{"href":"https:\/\/japanpianocenter.com\/de\/wp-json\/wp\/v2\/product"}],"about":[{"href":"https:\/\/japanpianocenter.com\/de\/wp-json\/wp\/v2\/types\/product"}],"wp:featuredmedia":[{"embeddable":true,"href":"https:\/\/japanpianocenter.com\/de\/wp-json\/wp\/v2\/media\/1830"}],"wp:attachment":[{"href":"https:\/\/japanpianocenter.com\/de\/wp-json\/wp\/v2\/media?parent=1829"}],"wp:term":[{"taxonomy":"product_brand","embeddable":true,"href":"https:\/\/japanpianocenter.com\/de\/wp-json\/wp\/v2\/product_brand?post=1829"},{"taxonomy":"product_cat","embeddable":true,"href":"https:\/\/japanpianocenter.com\/de\/wp-json\/wp\/v2\/product_cat?post=1829"},{"taxonomy":"product_tag","embeddable":true,"href":"https:\/\/japanpianocenter.com\/de\/wp-json\/wp\/v2\/product_tag?post=1829"}],"curies":[{"name":"wp","href":"https:\/\/api.w.org\/{rel}","templated":true}]}}