{"id":1854,"date":"2021-06-30T17:35:09","date_gmt":"2021-06-30T15:35:09","guid":{"rendered":"https:\/\/japanpianocenter.com\/?post_type=product&#038;p=1854"},"modified":"2024-01-07T10:58:53","modified_gmt":"2024-01-07T09:58:53","slug":"yamaha-p121","status":"publish","type":"product","link":"https:\/\/japanpianocenter.com\/de\/izdelek\/yamaha-p121\/","title":{"rendered":"Yamaha P121"},"content":{"rendered":"<div class=\"wpb-content-wrapper\"><p>[vc_row full_width=&#8221;stretch_row&#8221;][vc_column width=&#8221;1\/4&#8243;][\/vc_column][vc_column width=&#8221;1\/2&#8243;][vc_single_image image=&#8221;1649&#8243; img_size=&#8221;medium&#8221; alignment=&#8221;center&#8221;][\/vc_column][vc_column width=&#8221;1\/4&#8243;][\/vc_column][\/vc_row][vc_row][vc_column offset=&#8221;vc_col-lg-offset-2 vc_col-lg-8 vc_col-md-offset-1 vc_col-md-10&#8243;][vc_row_inner css=&#8221;.vc_custom_1556857793056{padding-right: 15px !important;padding-left: 15px !important;}&#8221; el_class=&#8221;list-image-content-product&#8221;][vc_column_inner css=&#8221;.vc_custom_1556858448629{padding-right: 0px !important;padding-left: 0px !important;}&#8221; offset=&#8221;vc_col-ss-4&#8243;][vc_video link=&#8221;https:\/\/www.youtube.com\/watch?v=hk-4BN1QNvs&#8221;]    <div  class=\"element-text-block  \" >\r\n        <p>Yamahina serija P predstavlja pianine srednjega cenovnega razreda. Pianini so izdelani s pozornostjo do detajlov, omogo\u010dajo odli\u010dno reprodukcijo tonov ter hitro odzivnost klaviature. Resonan\u010dna plo\u0161\u010da je narejena iz prvovrstne evropske smrekovine, ki se uporablja tudi pri izdelavi Yamahinih klavirjev.<\/p>\n<p><strong>Pianini serije P so na voljo v dveh barvah, lahko pa jih naro\u010dite <\/strong><em>tudi v SILENT Piano verziji, kar uporabniku omogo\u010da \u00bbtiho\u00ab vadbo preko slu\u0161alk. <\/em><\/p>\n    <\/div>\r\n[\/vc_column_inner][\/vc_row_inner][vc_row_inner css=&#8221;.vc_custom_1556857793056{padding-right: 15px !important;padding-left: 15px !important;}&#8221; el_class=&#8221;list-image-content-product&#8221;][vc_column_inner css=&#8221;.vc_custom_1556858448629{padding-right: 0px !important;padding-left: 0px !important;}&#8221; offset=&#8221;vc_col-ss-4&#8243;][vc_video link=&#8221;https:\/\/youtu.be\/D4Vlchuckk4&#8243;][\/vc_column_inner][\/vc_row_inner][\/vc_column][\/vc_row]<\/p>\n<\/div>","protected":false},"excerpt":{"rendered":"<p><strong>Prefinjen evropski dizajn.<\/strong><\/p>\n<p>Pianini P121 so zasnovani v Evropi po evropskih \u017eeljah in standardih. Pona\u0161ajo se z lepim ohi\u0161jem, resonan\u010dno plo\u0161\u010do iz evropske smreke ter z bogatim in polnim tonom.<\/p>\n<ul>\n<li>\n<h4><span style=\"color: #ff0000;\">garantirano najni\u017eje cene<\/span><\/h4>\n<\/li>\n<li>\n<h4><span style=\"color: #ff0000;\">5 let garancije<\/span><\/h4>\n<\/li>\n<li>\n<h4><span style=\"color: #ff0000;\">mo\u017enost pla\u010dila na<\/span><span style=\"color: #ff0000;\"> 12<\/span><span style=\"color: #ff0000;\">\u00a0obrokov brez obresti<\/span><\/h4>\n<\/li>\n<\/ul>\n<p><em>Mo\u017enost pla\u010dila na obroke velja le za Slovenijo.<\/em><\/p>\n","protected":false},"featured_media":1855,"template":"","meta":[],"product_brand":[],"product_cat":[15,99,101],"product_tag":[],"class_list":{"0":"post-1854","1":"product","2":"type-product","3":"status-publish","4":"has-post-thumbnail","6":"product_cat-novo","7":"product_cat-pianini-novi","8":"product_cat-p-serija","10":"first","11":"onbackorder","12":"taxable","13":"shipping-taxable","14":"product-type-simple"},"aioseo_notices":[],"_links":{"self":[{"href":"https:\/\/japanpianocenter.com\/de\/wp-json\/wp\/v2\/product\/1854","targetHints":{"allow":["GET"]}}],"collection":[{"href":"https:\/\/japanpianocenter.com\/de\/wp-json\/wp\/v2\/product"}],"about":[{"href":"https:\/\/japanpianocenter.com\/de\/wp-json\/wp\/v2\/types\/product"}],"wp:featuredmedia":[{"embeddable":true,"href":"https:\/\/japanpianocenter.com\/de\/wp-json\/wp\/v2\/media\/1855"}],"wp:attachment":[{"href":"https:\/\/japanpianocenter.com\/de\/wp-json\/wp\/v2\/media?parent=1854"}],"wp:term":[{"taxonomy":"product_brand","embeddable":true,"href":"https:\/\/japanpianocenter.com\/de\/wp-json\/wp\/v2\/product_brand?post=1854"},{"taxonomy":"product_cat","embeddable":true,"href":"https:\/\/japanpianocenter.com\/de\/wp-json\/wp\/v2\/product_cat?post=1854"},{"taxonomy":"product_tag","embeddable":true,"href":"https:\/\/japanpianocenter.com\/de\/wp-json\/wp\/v2\/product_tag?post=1854"}],"curies":[{"name":"wp","href":"https:\/\/api.w.org\/{rel}","templated":true}]}}