{"id":2031,"date":"2021-07-21T11:15:34","date_gmt":"2021-07-21T09:15:34","guid":{"rendered":"https:\/\/japanpianocenter.com\/?post_type=product&#038;p=2031"},"modified":"2025-10-15T14:41:19","modified_gmt":"2025-10-15T12:41:19","slug":"metronom-mt001","status":"publish","type":"product","link":"https:\/\/japanpianocenter.com\/de\/izdelek\/metronom-mt001\/","title":{"rendered":"Metronom MT001"},"content":{"rendered":"<div class=\"wpb-content-wrapper\"><p>[vc_row full_width=&#8221;stretch_row&#8221;][vc_column width=&#8221;1\/4&#8243;][\/vc_column][vc_column width=&#8221;1\/2&#8243;][\/vc_column][vc_column width=&#8221;1\/4&#8243;][\/vc_column][\/vc_row][vc_row][vc_column offset=&#8221;vc_col-lg-offset-2 vc_col-lg-8 vc_col-md-offset-1 vc_col-md-10&#8243;][vc_row_inner css=&#8221;.vc_custom_1556857793056{padding-right: 15px !important;padding-left: 15px !important;}&#8221; el_class=&#8221;list-image-content-product&#8221;][vc_column_inner css=&#8221;.vc_custom_1556858448629{padding-right: 0px !important;padding-left: 0px !important;}&#8221; offset=&#8221;vc_col-ss-4&#8243;]    <div  class=\"element-text-block  \" >\r\n        <p>Mehanski metronomi v razli\u010dnih barvah s plasti\u010dnim ohi\u0161jem.<\/p>\n    <\/div>\r\n[\/vc_column_inner][\/vc_row_inner][\/vc_column][\/vc_row]<\/p>\n<\/div>","protected":false},"excerpt":{"rendered":"<p>Mehanski metronomi v razli\u010dnih barvah s plasti\u010dnim ohi\u0161jem.<\/p>\n","protected":false},"featured_media":2036,"template":"","meta":[],"product_brand":[],"product_cat":[67,74],"product_tag":[],"class_list":{"0":"post-2031","1":"product","2":"type-product","3":"status-publish","4":"has-post-thumbnail","6":"product_cat-dodatna-oprema","7":"product_cat-metronomi","9":"first","10":"outofstock","11":"taxable","12":"shipping-taxable","13":"purchasable","14":"product-type-variable"},"aioseo_notices":[],"_links":{"self":[{"href":"https:\/\/japanpianocenter.com\/de\/wp-json\/wp\/v2\/product\/2031","targetHints":{"allow":["GET"]}}],"collection":[{"href":"https:\/\/japanpianocenter.com\/de\/wp-json\/wp\/v2\/product"}],"about":[{"href":"https:\/\/japanpianocenter.com\/de\/wp-json\/wp\/v2\/types\/product"}],"wp:featuredmedia":[{"embeddable":true,"href":"https:\/\/japanpianocenter.com\/de\/wp-json\/wp\/v2\/media\/2036"}],"wp:attachment":[{"href":"https:\/\/japanpianocenter.com\/de\/wp-json\/wp\/v2\/media?parent=2031"}],"wp:term":[{"taxonomy":"product_brand","embeddable":true,"href":"https:\/\/japanpianocenter.com\/de\/wp-json\/wp\/v2\/product_brand?post=2031"},{"taxonomy":"product_cat","embeddable":true,"href":"https:\/\/japanpianocenter.com\/de\/wp-json\/wp\/v2\/product_cat?post=2031"},{"taxonomy":"product_tag","embeddable":true,"href":"https:\/\/japanpianocenter.com\/de\/wp-json\/wp\/v2\/product_tag?post=2031"}],"curies":[{"name":"wp","href":"https:\/\/api.w.org\/{rel}","templated":true}]}}