{"id":2421,"date":"2021-07-30T21:34:30","date_gmt":"2021-07-30T19:34:30","guid":{"rendered":"https:\/\/japanpianocenter.com\/?post_type=product&#038;p=2421"},"modified":"2026-01-14T09:08:20","modified_gmt":"2026-01-14T08:08:20","slug":"yamaha-yu1-sxg-silent-disklavier","status":"publish","type":"product","link":"https:\/\/japanpianocenter.com\/de\/izdelek\/yamaha-yu1-sxg-silent-disklavier\/","title":{"rendered":"Yamaha YU1 SXG Silent + Disklavier"},"content":{"rendered":"<div class=\"wpb-content-wrapper\"><p>[vc_row full_width=&#8221;stretch_row&#8221;][vc_column width=&#8221;1\/4&#8243;][\/vc_column][vc_column width=&#8221;1\/2&#8243;][vc_single_image image=&#8221;1649&#8243; img_size=&#8221;medium&#8221; alignment=&#8221;center&#8221;][\/vc_column][vc_column width=&#8221;1\/4&#8243;][\/vc_column][\/vc_row][vc_row][vc_column offset=&#8221;vc_col-lg-offset-2 vc_col-lg-8 vc_col-md-offset-1 vc_col-md-10&#8243;][vc_row_inner css=&#8221;.vc_custom_1556857793056{padding-right: 15px !important;padding-left: 15px !important;}&#8221; el_class=&#8221;list-image-content-product&#8221;][vc_column_inner css=&#8221;.vc_custom_1556858448629{padding-right: 0px !important;padding-left: 0px !important;}&#8221; offset=&#8221;vc_col-ss-4&#8243;]    <div  class=\"element-text-block  \" >\r\n        <p>Vsak pianino v na\u0161em salonu je ob svojem prihodu iz Japonske pregledan s strani na\u0161ih tehnikov. Ker smo prepri\u010dani v kvaliteto prav vsakega obnovljenega pianina, dajemo strankam ob nakupu in\u0161trumenta 10-letno garancijo.<\/p>\n<p><strong>Na\u0161im strankam organiziramo tudi dostavo kupljenega in\u0161trumenta na dom.<\/strong><\/p>\n<p>\u010ce \u017eelite izvedeti ve\u010d o obnovljenih klavirjih in pianinih v na\u0161i ponudbi nas pokli\u010dite na 041 200 300 ali 031 800 830, lahko nam pi\u0161ete na <a href=\"mailto:info@japanpianocenter.com\">info@japanpianocenter.com<\/a> , vljudno pa vas vabimo, da obi\u0161\u010dete na\u0161 salon in se sami prepri\u010date o kvaliteti na\u0161ih in\u0161trumentov.<\/p>\n    <\/div>\r\n[\/vc_column_inner][\/vc_row_inner][vc_row_inner css=&#8221;.vc_custom_1556857793056{padding-right: 15px !important;padding-left: 15px !important;}&#8221; el_class=&#8221;list-image-content-product&#8221;][vc_column_inner css=&#8221;.vc_custom_1556858448629{padding-right: 0px !important;padding-left: 0px !important;}&#8221; offset=&#8221;vc_col-ss-4&#8243;]<div class=\"banner-advs   \">\r\n\t    <img loading=\"lazy\" decoding=\"async\" width=\"920\" height=\"460\" src=\"https:\/\/japanpianocenter.com\/wp-content\/uploads\/2021\/07\/japan-piano-center-nakup-cena-kawai-yamaha-obnovljeni-rabljeni-ucenje-klavirja-glasbena-sola-klavir-salon-2.jpg\" class=\"attachment-full size-full\" alt=\"\" srcset=\"https:\/\/japanpianocenter.com\/wp-content\/uploads\/2021\/07\/japan-piano-center-nakup-cena-kawai-yamaha-obnovljeni-rabljeni-ucenje-klavirja-glasbena-sola-klavir-salon-2.jpg 920w, https:\/\/japanpianocenter.com\/wp-content\/uploads\/2021\/07\/japan-piano-center-nakup-cena-kawai-yamaha-obnovljeni-rabljeni-ucenje-klavirja-glasbena-sola-klavir-salon-2-800x400.jpg 800w, https:\/\/japanpianocenter.com\/wp-content\/uploads\/2021\/07\/japan-piano-center-nakup-cena-kawai-yamaha-obnovljeni-rabljeni-ucenje-klavirja-glasbena-sola-klavir-salon-2-300x150.jpg 300w, https:\/\/japanpianocenter.com\/wp-content\/uploads\/2021\/07\/japan-piano-center-nakup-cena-kawai-yamaha-obnovljeni-rabljeni-ucenje-klavirja-glasbena-sola-klavir-salon-2-768x384.jpg 768w\" sizes=\"auto, (max-width: 920px) 100vw, 920px\" \/>\t\t<\/div>[\/vc_column_inner][\/vc_row_inner][vc_row_inner css=&#8221;.vc_custom_1556857793056{padding-right: 15px !important;padding-left: 15px !important;}&#8221; el_class=&#8221;list-image-content-product&#8221;][vc_column_inner css=&#8221;.vc_custom_1556858448629{padding-right: 0px !important;padding-left: 0px !important;}&#8221; offset=&#8221;vc_col-ss-4&#8243;]    <div  class=\"element-text-block  \" >\r\n        <p><strong>Kaj je \u00bbSilent\u00ab?<\/strong><\/p>\n<p>Funkcija \u00bbSilent\u00ab ohranja ob\u010dutek igranja akusti\u010dnega klavirja, s povezavo s slu\u0161alkami pa omogo\u010da, da s svojim igranjem ne motite dru\u017eine in okolice.<\/p>\n<p>&nbsp;<\/p>\n<p><strong>Kaj je \u00bbDisklavier\u00ab?<\/strong><\/p>\n<p>Akusti\u010dni klavir, ki ima vgrajene elektronskie senzorje za snemanje in predvajanje klavirskih skladb. Opcija Disklavier vam omogo\u010da, da skladbo posnamete, ter si jo kasneje predvajate. V pianino z omenjeno funkcijo lahko vstavimo tudi zvo\u010dni zapis, pianino pa bo skladbo predvajal.<\/p>\n<p>Senzorji med izvajanjem skladbe zabele\u017eijo premike tipk, kladivc in pedal, sistem pa podatke shrani kot standardno datoteko. Med predvajanjem solenoidi premikajo tipke in pedala in tako reproducirajo prvotno izvedbo skladbe.<\/p>\n    <\/div>\r\n[\/vc_column_inner][\/vc_row_inner][\/vc_column][\/vc_row]<\/p>\n<\/div>","protected":false},"excerpt":{"rendered":"<h3>Yamahin legendaren brezhiben ton in odli\u010den nadzor mehanike\u2026<\/h3>\n<p>Pianini serije U so poznani po Yamahini zanesljivosti in kvaliteti, ter so pogosto prva izbira profesionalnih glasbenikov, konservatorijev, u\u010diteljev, \u0161tudentov in ljubiteljev glasbe po vsem svetu. K temu dodajte \u0161e Yamahino legendarno natan\u010dnost in pozornost na vsako podrobnost pri izdelavi svojih in\u0161trumentov \u2013 zato ne presene\u010da, da je \u017ee ve\u010d kot pol stoletja serija U ena od najbolj priljubljenimi serij pianinov.<\/p>\n<p>Pianino YAMAHA YU1 SXG vam nudi dodatno mo\u017enost tihega igranja preko slu\u0161alk ter opcijo Disklavier, ki omogo\u010da, da in\u0161trument igra sam.<\/p>\n<ul>\n<li>\n<h4><span style=\"color: #ff0000;\">garantirano najni\u017eje cene<\/span><\/h4>\n<\/li>\n<li>\n<h4><span style=\"color: #ff0000;\">10 let garancije<\/span><\/h4>\n<\/li>\n<li>\n<h4><span style=\"color: #ff0000;\">mo\u017enost pla\u010dila na 12 obrokov brez obresti<\/span><\/h4>\n<\/li>\n<li>\n<h4><span style=\"color: #ff0000;\">ob takoj\u0161njem pla\u010dilu nudimo dodatni popust<\/span><\/h4>\n<\/li>\n<\/ul>\n","protected":false},"featured_media":2422,"template":"","meta":[],"product_brand":[],"product_cat":[98],"product_tag":[],"class_list":{"0":"post-2421","1":"product","2":"type-product","3":"status-publish","4":"has-post-thumbnail","6":"product_cat-pianini-obnovljeni","8":"first","9":"outofstock","10":"taxable","11":"shipping-taxable","12":"purchasable","13":"product-type-simple"},"aioseo_notices":[],"_links":{"self":[{"href":"https:\/\/japanpianocenter.com\/de\/wp-json\/wp\/v2\/product\/2421","targetHints":{"allow":["GET"]}}],"collection":[{"href":"https:\/\/japanpianocenter.com\/de\/wp-json\/wp\/v2\/product"}],"about":[{"href":"https:\/\/japanpianocenter.com\/de\/wp-json\/wp\/v2\/types\/product"}],"wp:featuredmedia":[{"embeddable":true,"href":"https:\/\/japanpianocenter.com\/de\/wp-json\/wp\/v2\/media\/2422"}],"wp:attachment":[{"href":"https:\/\/japanpianocenter.com\/de\/wp-json\/wp\/v2\/media?parent=2421"}],"wp:term":[{"taxonomy":"product_brand","embeddable":true,"href":"https:\/\/japanpianocenter.com\/de\/wp-json\/wp\/v2\/product_brand?post=2421"},{"taxonomy":"product_cat","embeddable":true,"href":"https:\/\/japanpianocenter.com\/de\/wp-json\/wp\/v2\/product_cat?post=2421"},{"taxonomy":"product_tag","embeddable":true,"href":"https:\/\/japanpianocenter.com\/de\/wp-json\/wp\/v2\/product_tag?post=2421"}],"curies":[{"name":"wp","href":"https:\/\/api.w.org\/{rel}","templated":true}]}}