{"id":2428,"date":"2021-07-30T21:42:44","date_gmt":"2021-07-30T19:42:44","guid":{"rendered":"https:\/\/japanpianocenter.com\/?post_type=product&#038;p=2428"},"modified":"2026-01-14T09:08:00","modified_gmt":"2026-01-14T08:08:00","slug":"yamaha-yus1-sg","status":"publish","type":"product","link":"https:\/\/japanpianocenter.com\/de\/izdelek\/yamaha-yus1-sg\/","title":{"rendered":"Yamaha YUS1 SG &#8211; Silent"},"content":{"rendered":"<div class=\"wpb-content-wrapper\"><p>[vc_row full_width=&#8221;stretch_row&#8221;][vc_column width=&#8221;1\/4&#8243;][\/vc_column][vc_column width=&#8221;1\/2&#8243;][vc_single_image image=&#8221;1649&#8243; img_size=&#8221;medium&#8221; alignment=&#8221;center&#8221;][\/vc_column][vc_column width=&#8221;1\/4&#8243;][\/vc_column][\/vc_row][vc_row][vc_column offset=&#8221;vc_col-lg-offset-2 vc_col-lg-8 vc_col-md-offset-1 vc_col-md-10&#8243;][vc_row_inner css=&#8221;.vc_custom_1556857793056{padding-right: 15px !important;padding-left: 15px !important;}&#8221; el_class=&#8221;list-image-content-product&#8221;][vc_column_inner css=&#8221;.vc_custom_1556858448629{padding-right: 0px !important;padding-left: 0px !important;}&#8221; offset=&#8221;vc_col-ss-4&#8243;]    <div  class=\"element-text-block  \" >\r\n        <p>Vsak pianino v na\u0161em salonu je ob svojem prihodu iz Japonske pregledan s strani na\u0161ih tehnikov. Ker smo prepri\u010dani v kvaliteto prav vsakega obnovljenega pianina, dajemo strankam ob nakupu in\u0161trumenta 10-letno garancijo.<\/p>\n<p><strong>Na\u0161im strankam organiziramo tudi dostavo kupljenega in\u0161trumenta na dom.<\/strong><\/p>\n<p>\u010ce \u017eelite izvedeti ve\u010d o obnovljenih klavirjih in pianinih v na\u0161i ponudbi nas pokli\u010dite na 041 200 300 ali 031 800 830, lahko nam pi\u0161ete na <a href=\"mailto:info@japanpianocenter.com\">info@japanpianocenter.com<\/a> , vljudno pa vas vabimo, da obi\u0161\u010dete na\u0161 salon in se sami prepri\u010date o kvaliteti na\u0161ih in\u0161trumentov.<\/p>\n    <\/div>\r\n[\/vc_column_inner][\/vc_row_inner][vc_row_inner css=&#8221;.vc_custom_1556857793056{padding-right: 15px !important;padding-left: 15px !important;}&#8221; el_class=&#8221;list-image-content-product&#8221;][vc_column_inner css=&#8221;.vc_custom_1556858448629{padding-right: 0px !important;padding-left: 0px !important;}&#8221; offset=&#8221;vc_col-ss-4&#8243;]<div class=\"banner-advs   \">\r\n\t    <img loading=\"lazy\" decoding=\"async\" width=\"920\" height=\"460\" src=\"https:\/\/japanpianocenter.com\/wp-content\/uploads\/2021\/07\/japan-piano-center-nakup-cena-kawai-yamaha-obnovljeni-rabljeni-ucenje-klavirja-glasbena-sola-klavir-salon-2.jpg\" class=\"attachment-full size-full\" alt=\"\" srcset=\"https:\/\/japanpianocenter.com\/wp-content\/uploads\/2021\/07\/japan-piano-center-nakup-cena-kawai-yamaha-obnovljeni-rabljeni-ucenje-klavirja-glasbena-sola-klavir-salon-2.jpg 920w, https:\/\/japanpianocenter.com\/wp-content\/uploads\/2021\/07\/japan-piano-center-nakup-cena-kawai-yamaha-obnovljeni-rabljeni-ucenje-klavirja-glasbena-sola-klavir-salon-2-800x400.jpg 800w, https:\/\/japanpianocenter.com\/wp-content\/uploads\/2021\/07\/japan-piano-center-nakup-cena-kawai-yamaha-obnovljeni-rabljeni-ucenje-klavirja-glasbena-sola-klavir-salon-2-300x150.jpg 300w, https:\/\/japanpianocenter.com\/wp-content\/uploads\/2021\/07\/japan-piano-center-nakup-cena-kawai-yamaha-obnovljeni-rabljeni-ucenje-klavirja-glasbena-sola-klavir-salon-2-768x384.jpg 768w\" sizes=\"auto, (max-width: 920px) 100vw, 920px\" \/>\t\t<\/div>[\/vc_column_inner][\/vc_row_inner][vc_row_inner css=&#8221;.vc_custom_1556857793056{padding-right: 15px !important;padding-left: 15px !important;}&#8221; el_class=&#8221;list-image-content-product&#8221;][vc_column_inner css=&#8221;.vc_custom_1556858448629{padding-right: 0px !important;padding-left: 0px !important;}&#8221; offset=&#8221;vc_col-ss-4&#8243;]    <div  class=\"element-text-block  \" >\r\n        <p><strong>Kaj je \u00bbSilent\u00ab?<\/strong><\/p>\n<p>Funkcija \u00bbSilent\u00ab ohranja ob\u010dutek igranja akusti\u010dnega klavirja, s povezavo s slu\u0161alkami pa omogo\u010da, da s svojim igranjem ne motite dru\u017eine in okolice.<\/p>\n    <\/div>\r\n[\/vc_column_inner][\/vc_row_inner][\/vc_column][\/vc_row]<\/p>\n<\/div>","protected":false},"excerpt":{"rendered":"<h3>Yamahin legendaren brezhiben ton in odli\u010den nadzor mehanike\u2026<\/h3>\n<p>Pianino YUS1 je zasnovan za izku\u0161enej\u0161e pianiste ali profesionalne glasbenike. Dizajn pianinov serije YUS ponuja odli\u010dno akustiko ter resonanco in projekcijo, ki je bolj podobna zvoku klavirja kot pa zvoku tradicionalnega pianina. Pianistu zagotavlja optimalen ton, glasnost in tonsko ravnovesje.<\/p>\n<ul>\n<li>\n<h4><span style=\"color: #ff0000;\">garantirano najni\u017eje cene<\/span><\/h4>\n<\/li>\n<li>\n<h4><span style=\"color: #ff0000;\">10 let garancije<\/span><\/h4>\n<\/li>\n<li>\n<h4><span style=\"color: #ff0000;\">mo\u017enost pla\u010dila na 12 obrokov brez obresti<\/span><\/h4>\n<\/li>\n<li>\n<h4><span style=\"color: #ff0000;\">ob takoj\u0161njem pla\u010dilu nudimo dodatni popust<\/span><\/h4>\n<\/li>\n<\/ul>\n","protected":false},"featured_media":2429,"template":"","meta":[],"product_brand":[],"product_cat":[98],"product_tag":[],"class_list":{"0":"post-2428","1":"product","2":"type-product","3":"status-publish","4":"has-post-thumbnail","6":"product_cat-pianini-obnovljeni","8":"first","9":"outofstock","10":"taxable","11":"shipping-taxable","12":"purchasable","13":"product-type-simple"},"aioseo_notices":[],"_links":{"self":[{"href":"https:\/\/japanpianocenter.com\/de\/wp-json\/wp\/v2\/product\/2428","targetHints":{"allow":["GET"]}}],"collection":[{"href":"https:\/\/japanpianocenter.com\/de\/wp-json\/wp\/v2\/product"}],"about":[{"href":"https:\/\/japanpianocenter.com\/de\/wp-json\/wp\/v2\/types\/product"}],"wp:featuredmedia":[{"embeddable":true,"href":"https:\/\/japanpianocenter.com\/de\/wp-json\/wp\/v2\/media\/2429"}],"wp:attachment":[{"href":"https:\/\/japanpianocenter.com\/de\/wp-json\/wp\/v2\/media?parent=2428"}],"wp:term":[{"taxonomy":"product_brand","embeddable":true,"href":"https:\/\/japanpianocenter.com\/de\/wp-json\/wp\/v2\/product_brand?post=2428"},{"taxonomy":"product_cat","embeddable":true,"href":"https:\/\/japanpianocenter.com\/de\/wp-json\/wp\/v2\/product_cat?post=2428"},{"taxonomy":"product_tag","embeddable":true,"href":"https:\/\/japanpianocenter.com\/de\/wp-json\/wp\/v2\/product_tag?post=2428"}],"curies":[{"name":"wp","href":"https:\/\/api.w.org\/{rel}","templated":true}]}}