{"id":6619,"date":"2023-10-17T15:09:54","date_gmt":"2023-10-17T13:09:54","guid":{"rendered":"https:\/\/japanpianocenter.com\/?post_type=product&#038;p=6619"},"modified":"2025-08-05T16:36:26","modified_gmt":"2025-08-05T14:36:26","slug":"yamaha-csp-295-pe","status":"publish","type":"product","link":"https:\/\/japanpianocenter.com\/de\/izdelek\/yamaha-csp-295-pe\/","title":{"rendered":"Yamaha CSP-295 PE"},"content":{"rendered":"<div class=\"wpb-content-wrapper\"><p>[vc_row full_width=&#8221;stretch_row&#8221;][vc_column width=&#8221;1\/4&#8243;][\/vc_column][vc_column width=&#8221;1\/2&#8243;][vc_single_image image=&#8221;1649&#8243; img_size=&#8221;medium&#8221; alignment=&#8221;center&#8221;][\/vc_column][vc_column width=&#8221;1\/4&#8243;][\/vc_column][\/vc_row][vc_row][vc_column offset=&#8221;vc_col-lg-offset-2 vc_col-lg-8 vc_col-md-offset-1 vc_col-md-10&#8243;][vc_video link=&#8221;https:\/\/youtu.be\/gcvSnEsD-w8&#8243;]    <div  class=\"element-text-block  \" >\r\n        <h3 class=\"title20 color222 font-title title-line font-semibold title-product-content\">FEEL THE MUSIC. PLAY SMART. CSP.<\/h3>\n    <\/div>\r\n    <div  class=\"element-text-block  \" >\r\n        <h4 style=\"font-weight: 400;\"><em><strong><span style=\"color: #800000;\">SERIJA CLAVINOVA CSP NAVDU\u0160UJE Z NOVIM VIDIKOM IGRANJA KLAVIRJA, U\u010cENJA IN UPRAVLJANJA S PAMETNO NAPRAVO<\/span><\/strong><\/em><\/h4>\n<p>Poleg u\u017eivanja v razli\u010dnih zvokih glasbil in spremljevalnih stilov se lahko pianisti veselijo inovativne aplikacije Smart Pianist. Predvsem za za\u010detnike je u\u010denje in igranje enostavno in intuitivno s funkcijo Stream Lights, ki vodi va\u0161e prste, ko igrate izbrano pesem. U\u017eivajte v izvajanju s spremljavo ali celo pojte zraven: s serijo klavirjev Clavinova CSP in aplikacijo Smart Pianist boste vedno vedeli, katere tipke pritisniti.<\/p>\n    <\/div>\r\n[vc_row_inner css=&#8221;.vc_custom_1556857793056{padding-right: 15px !important;padding-left: 15px !important;}&#8221; el_class=&#8221;list-image-content-product&#8221;][vc_column_inner css=&#8221;.vc_custom_1556858448629{padding-right: 0px !important;padding-left: 0px !important;}&#8221; offset=&#8221;vc_col-ss-4&#8243;]    <div  class=\"element-text-block  \" >\r\n        <h4 style=\"font-weight: 400;\"><em><strong><span style=\"color: #800000;\">IGRANJE KLAVIRJA JE LAHKO ENOSTAVNO<\/span><\/strong><\/em><\/h4>\n<p>Z elektri\u010dnim klavirjem Clavinova CSP boste videli, da je igranje klavirja lahko enostavno, hkrati pa boste z veseljem ustvarjali glasbo. Posebna aplikacija Yamaha Smart Pianist analizira skladbo, ki jo \u017eelite zaigrati, in ustvari partituro s klavirsko spremljavo. Sledite lu\u010dkam funkcije Stream Lights in uspelo vam bo!<\/p>\n    <\/div>\r\n[\/vc_column_inner][\/vc_row_inner][vc_row_inner css=&#8221;.vc_custom_1556857793056{padding-right: 15px !important;padding-left: 15px !important;}&#8221; el_class=&#8221;list-image-content-product&#8221;][vc_column_inner css=&#8221;.vc_custom_1556858448629{padding-right: 0px !important;padding-left: 0px !important;}&#8221; offset=&#8221;vc_col-ss-4&#8243;][vc_video link=&#8221;https:\/\/youtu.be\/E2Eg-roKeus&#8221;][\/vc_column_inner][\/vc_row_inner][vc_row_inner css=&#8221;.vc_custom_1556857793056{padding-right: 15px !important;padding-left: 15px !important;}&#8221; el_class=&#8221;list-image-content-product&#8221;][vc_column_inner css=&#8221;.vc_custom_1556858448629{padding-right: 0px !important;padding-left: 0px !important;}&#8221; offset=&#8221;vc_col-ss-4&#8243;]    <div  class=\"element-text-block  \" >\r\n        <h4 style=\"font-weight: 400;\"><em><strong><span style=\"color: #800000;\">ZVOK IN OB\u010cUTEK PRAVEGA KONCERTNEGA KLAVIRJA<\/span><\/strong><\/em><\/h4>\n<p>Zvoka dveh svetovno znanih koncertnih klavirjev sta zdaj na voljo v enem instrumentu: mo\u010dan ton najbolj znanega koncertnega klavirja Yamaha CFX se prepleta z nezamenljivim zvenom klavirja B\u00f6sendorfer Imperial.<\/p>\n<p>Mehanizem klaviature GrandTouch-T na elektri\u010dnem klavirju CSP-295 ima v svoji mehaniki protiute\u017ei ter dalj\u0161e tipke, kar pianistu omogo\u010da ve\u010djo vzvodno mo\u010d in posledi\u010dno bolj\u0161i nadzor nad izraznostjo. \u00a0Klaviatura &#8220;Linear Graded Hammers&#8221; je prva svoje vrste, ki vrhunsko poustvarja ob\u010dutek igranja na pravem aksuti\u010dnem koncertnem klavirju &#8211; od same odzivnosti klaviature vse do izraznosti v zvoku in dinamiki igranja.<\/p>\n<p>Elektri\u010dni klavir CSP-295 nudi optimalno ravnovesje, izjemno izku\u0161njo igranja in odziv, ki ga ponuja koncertni klavir.<\/p>\n    <\/div>\r\n[\/vc_column_inner][\/vc_row_inner][vc_row_inner css=&#8221;.vc_custom_1556857793056{padding-right: 15px !important;padding-left: 15px !important;}&#8221; el_class=&#8221;list-image-content-product&#8221;][vc_column_inner css=&#8221;.vc_custom_1556858448629{padding-right: 0px !important;padding-left: 0px !important;}&#8221; offset=&#8221;vc_col-ss-4&#8243;]    <div  class=\"element-text-block  \" >\r\n        <h4 style=\"font-weight: 400;\"><em><strong><span style=\"color: #800000;\">POVE\u017dITE SE IN U\u017dIVAJTE V GLASBI<\/span><\/strong><\/em><\/h4>\n<p>Z elektri\u010dnim klavirjem CSP-295 je u\u010denje vedno tudi zabavno. S funkcijo \u201cAudio To Score\u201d v aplikaciji Smart Pianist lahko takoj igrate svoje najljub\u0161e pesmi. Ta posebna funkcija samodejno ustvari partituro s klavirsko spremljavo iz pesmi na pametni napravi, tako da lahko takoj u\u017eivate v igranju najljub\u0161ih melodij.<\/p>\n<p>Izkoristite lahko tudi mo\u017enost karaok in zabava je zagotovljena. Elektri\u010dni klavir Clavinova CSP pove\u017eite z mikrofonom in prepevajte najljub\u0161e pesmi s prijatelji ter dru\u017eino, besedilo pa lahko spremljate na pametni napravi.<\/p>\n    <\/div>\r\n[\/vc_column_inner][\/vc_row_inner][vc_row_inner css=&#8221;.vc_custom_1556857793056{padding-right: 15px !important;padding-left: 15px !important;}&#8221; el_class=&#8221;list-image-content-product&#8221;][vc_column_inner css=&#8221;.vc_custom_1556858448629{padding-right: 0px !important;padding-left: 0px !important;}&#8221; offset=&#8221;vc_col-ss-4&#8243;]    <div  class=\"element-text-block  \" >\r\n        <h4 style=\"font-weight: 400;\"><span style=\"color: #800000;\"><em><strong>POPOLNI DODATKI<\/strong><\/em><\/span><\/h4>\n<p><span style=\"color: #800000;\"><em><strong>SMART PIANIST<\/strong><\/em> <\/span>&#8211; Aplikacija Smart Pianist je popoln spremljevalec, saj lahko izberete in prilagodite \u0161iroko paleto funkcij, od prilagoditve zvoka ter uglasitve na razli\u010dnih modelih klavirjev do akusti\u010dne nastavitve. Smart pianist tudi analizira skladbe v glasbeni knji\u017enici mobilne naprave, tako da lahko igrate najljub\u0161e melodije.<\/p>\n<p><strong><em><span style=\"color: #800000;\">FLOWKEY<\/span><\/em><\/strong> &#8211; Priljubljena aplikacija flowkey ponuja zanimiv in intuitiven na\u010din u\u010denja igranja klavirja ali nadgrajevanja znanja. Na voljo je z obse\u017eno izbiro interaktivnih pesmi, vadnic in te\u010dajev. Izberite skladbo in za\u010dnite igrati s takoj\u0161njimi povratnimi informacijami, ki vam bodo v pomo\u010d pri igranju ter u\u010denju.<\/p>\n<p>ODKRIJTE VE\u010c: <em><span style=\"color: #0000ff;\"><a style=\"color: #0000ff;\" href=\"https:\/\/europe.yamaha.com\/en\/products\/musical_instruments\/pianos\/apps\/smart_pianist\/index.html\" target=\"_blank\" rel=\"noopener\">https:\/\/europe.yamaha.com\/en\/products\/musical_instruments\/pianos\/apps\/smart_pianist\/index.html\u00a0<\/a><\/span><\/em><\/p>\n    <\/div>\r\n[\/vc_column_inner][\/vc_row_inner][vc_row_inner css=&#8221;.vc_custom_1556857793056{padding-right: 15px !important;padding-left: 15px !important;}&#8221; el_class=&#8221;list-image-content-product&#8221;][vc_column_inner width=&#8221;1\/2&#8243; css=&#8221;.vc_custom_1556858448629{padding-right: 0px !important;padding-left: 0px !important;}&#8221; offset=&#8221;vc_col-ss-4&#8243;]<div class=\"banner-advs   zoom-image\">\r\n\t    <img loading=\"lazy\" decoding=\"async\" width=\"300\" height=\"300\" src=\"https:\/\/japanpianocenter.com\/wp-content\/uploads\/2022\/06\/\/japan-piano-center-nakup-klavir-cena-yamaha-ucenje-klavirja-glasbena-sola-elektricni-klavir-clavinova-CSP-150-CSP-170-11-300x300.jpg\" class=\"attachment-300x300 size-300x300\" alt=\"\" \/>\t\t<\/div>[\/vc_column_inner][vc_column_inner width=&#8221;1\/2&#8243;]<div class=\"banner-advs   zoom-image\">\r\n\t    <img loading=\"lazy\" decoding=\"async\" width=\"300\" height=\"300\" src=\"https:\/\/japanpianocenter.com\/wp-content\/uploads\/2022\/06\/\/japan-piano-center-nakup-klavir-cena-yamaha-ucenje-klavirja-glasbena-sola-elektricni-klavir-clavinova-CSP-150-CSP-170-12-300x300.jpg\" class=\"attachment-300x300 size-300x300\" alt=\"\" \/>\t\t<\/div>[\/vc_column_inner][\/vc_row_inner][vc_row_inner css=&#8221;.vc_custom_1556857793056{padding-right: 15px !important;padding-left: 15px !important;}&#8221; el_class=&#8221;list-image-content-product&#8221;][vc_column_inner css=&#8221;.vc_custom_1556858448629{padding-right: 0px !important;padding-left: 0px !important;}&#8221; offset=&#8221;vc_col-ss-4&#8243;]    <div  class=\"element-text-block  \" >\r\n        <h4><em><strong><span style=\"color: #800000;\">VRHUNSKA DOSTAVA<\/span><\/strong><\/em><\/h4>\n<p>Najpomembnej\u0161e vrednote za dru\u017ebo Yamaha so kakovost, zanesljivost in pomo\u010d strankam. U\u017eivajte \u0161e ve\u010d udobja s storitvijo Yamaha Premium<span class=\"font9\"><sup>1<\/sup><\/span><span class=\"font7\">, ki je dodatno na izbiro, in naj vam na\u0161i skrbno izbrani partnerji dostavijo in nastavijo va\u0161 novi Yamahin digitalni klavir Clavinova.<\/span><\/p>\n<p><em><strong><span style=\"color: #800000;\">5-LETNA GARANCIJA<\/span><\/strong><\/em><\/p>\n<p>Ve\u010d kot obljuba. Registrirajte svoj vrhunski digitalni klavir Clavinova v \u0161estih mesecih od datuma nakupa in prejmite brezpla\u010dno podalj\u0161ano petletno garancijo.<\/p>\n<p><em><span style=\"color: #0000ff;\"><a style=\"color: #0000ff;\" href=\"https:\/\/europe.yamaha.com\/en\/support\/warranty\/avantgrand-nu1-clavinova-extended-warranty.html\" target=\"_blank\" rel=\"noopener\">REGISTRIRAJTE SE TUKAJ<\/a><\/span><\/em><\/p>\n    <\/div>\r\n[\/vc_column_inner][\/vc_row_inner][\/vc_column][\/vc_row][vc_row][vc_column][vc_column_text][\/vc_column_text][\/vc_column][\/vc_row]<\/p>\n<\/div>","protected":false},"excerpt":{"rendered":"<h3>Moja glasba. Moj klavir. Moja pot.<\/h3>\n<p style=\"font-weight: 400;\"><strong>Ste<\/strong><strong>\u00a0s<\/strong><strong>e vedno<\/strong><strong>\u00a0<\/strong><strong>\u017e<\/strong><strong>eleli nau<\/strong><strong>\u010d<\/strong><strong>iti igrati va\u0161<\/strong><strong>e najljub<\/strong><strong>\u0161<\/strong><strong>e pesmi<\/strong><strong>?<\/strong><\/p>\n<p style=\"font-weight: 400;\">S Clavinovo serije CSP se vam bo ta\u00a0\u017eelja uresni\u010dila. Pesmi preprosto skenirajte v glasbeno knji\u017enico va\u0161e pametne naprave in Clavinova CSP vam bo izdelala tabelo akordov, klavirske note ter vam z intuitivno funkcijo Stream Lights pokazala, katere tipke morate zaigrati in kdaj.\u00a0\u0160e nikoli poprej tehnologija ni zmogla uresni\u010diti teh sanj.<\/p>\n<ul>\n<li>\n<h4><span style=\"color: #ff0000;\">5 let garancije<\/span><\/h4>\n<\/li>\n<li>\n<h4><span style=\"color: #ff0000;\">premium dostava*<\/span><\/h4>\n<\/li>\n<li>\n<h4><span style=\"caret-color: #ff0000; color: #ff0000;\">rok dobave preverite z zaposlenimi.<\/span><\/h4>\n<\/li>\n<\/ul>\n<p>* Premium dostava do 75km od na\u0161ega salona je brezpla\u010dna in vklju\u010duje dostavo, sestavo, priklop in\u0161trumenta in odvoz embala\u017ee.<\/p>\n","protected":false},"featured_media":6620,"template":"","meta":[],"product_brand":[],"product_cat":[15,83,86],"product_tag":[],"class_list":{"0":"post-6619","1":"product","2":"type-product","3":"status-publish","4":"has-post-thumbnail","6":"product_cat-novo","7":"product_cat-elektricni-klavirji-novi","8":"product_cat-serija-csp-clavinova","10":"first","11":"outofstock","12":"taxable","13":"shipping-taxable","14":"purchasable","15":"product-type-simple"},"aioseo_notices":[],"_links":{"self":[{"href":"https:\/\/japanpianocenter.com\/de\/wp-json\/wp\/v2\/product\/6619","targetHints":{"allow":["GET"]}}],"collection":[{"href":"https:\/\/japanpianocenter.com\/de\/wp-json\/wp\/v2\/product"}],"about":[{"href":"https:\/\/japanpianocenter.com\/de\/wp-json\/wp\/v2\/types\/product"}],"wp:featuredmedia":[{"embeddable":true,"href":"https:\/\/japanpianocenter.com\/de\/wp-json\/wp\/v2\/media\/6620"}],"wp:attachment":[{"href":"https:\/\/japanpianocenter.com\/de\/wp-json\/wp\/v2\/media?parent=6619"}],"wp:term":[{"taxonomy":"product_brand","embeddable":true,"href":"https:\/\/japanpianocenter.com\/de\/wp-json\/wp\/v2\/product_brand?post=6619"},{"taxonomy":"product_cat","embeddable":true,"href":"https:\/\/japanpianocenter.com\/de\/wp-json\/wp\/v2\/product_cat?post=6619"},{"taxonomy":"product_tag","embeddable":true,"href":"https:\/\/japanpianocenter.com\/de\/wp-json\/wp\/v2\/product_tag?post=6619"}],"curies":[{"name":"wp","href":"https:\/\/api.w.org\/{rel}","templated":true}]}}