{"id":7231,"date":"2024-07-16T14:15:52","date_gmt":"2024-07-16T12:15:52","guid":{"rendered":"https:\/\/japanpianocenter.com\/?post_type=product&#038;p=7231"},"modified":"2025-11-13T08:25:49","modified_gmt":"2025-11-13T07:25:49","slug":"yamaha-clp-895-b","status":"publish","type":"product","link":"https:\/\/japanpianocenter.com\/de\/izdelek\/yamaha-clp-895-b\/","title":{"rendered":"Yamaha CLP-895 GP"},"content":{"rendered":"<div class=\"wpb-content-wrapper\"><p>[vc_row full_width=&#8221;stretch_row&#8221;][vc_column width=&#8221;1\/4&#8243;][\/vc_column][vc_column width=&#8221;1\/2&#8243;][vc_single_image image=&#8221;1649&#8243; img_size=&#8221;medium&#8221; alignment=&#8221;center&#8221;][\/vc_column][vc_column width=&#8221;1\/4&#8243;][\/vc_column][\/vc_row][vc_row][vc_column offset=&#8221;vc_col-lg-offset-2 vc_col-lg-8 vc_col-md-offset-1 vc_col-md-10&#8243;][vc_video link=&#8221;https:\/\/www.youtube.com\/watch?v=t04iCraMmg8&amp;list=PL3rjqgoqj7LJwUTk4ItKWpHd9-bH3GRZO&amp;index=8&#8243;][vc_row_inner][vc_column_inner width=&#8221;2\/3&#8243;]    <div  class=\"element-text-block  \" >\r\n        <h4>GLAVNE KARAKTERISTIKE:<\/h4>\n<ul>\n<li>\n<ul>\n<li>Izbolj\u0161ana GrandTouch\u2122 klaviatura s protiute\u017emi, 88 linearno obte\u017eenih tipk (vsaka ima svojo te\u017eo)<\/li>\n<li>Yamaha CFX in B\u00f6sendorfer Imperial klavirski zvok<\/li>\n<li>Yamaha CFX and B\u00f6sendorfer binaural sampling zvok (avtenti\u010den prostorski zvok ob poslu\u0161anju na slu\u0161alke)<\/li>\n<li>4 fortepiano zvoki starinskih klavirjev v studijski kvaliteti (Scarlatti Piano\/Mozart Piano\/Beethoven Piano\/Chopin Piano)<\/li>\n<li>53 vrhunski zvokov + 14 kompletov bobnov + 480 XG zvokov<\/li>\n<li>VRM (Virtual Resonance Modeling &#8211; virtualni posnetek akusti\u010dne resonance strun in trupa pravega klavirja)<\/li>\n<li>Grand Expression Modeling (avtenti\u010den klavirski odziv zvoka glede na mo\u010d, hitrost in globino pritiska tipke)<\/li>\n<li>GP Response Damper pedal (odziven kot pri koncertnih klavirjih)<\/li>\n<li>Grand Acoustic Imaging<\/li>\n<li>(45W + 45W + 45W) x 2 zvo\u010dni\u0161ki sistem<\/li>\n<li>(16 cm + 8 cm with wave guide + 2.5 cm (dome) with waveguide) x 2 zvo\u010dni\u0161ki sistemsistem, zvo\u010dniki iz smrekovega lesa, ki je uporabljen pri resonan\u010dnih plo\u0161\u010dah koncertnih klavirjev)<\/li>\n<li>USB Audio snemalnik (predvajanje in snemanje v formatu WAV)<\/li>\n<li>20 ritmi\u010dnih spremljav<\/li>\n<li>Vgrajen Bluetooth\u00ae sprejemnik (predvajanje glasbe z va\u0161ega telefona\/tablice\/ra\u010dunalnika na klavirjev zvo\u010dni\u0161ki sistem)<\/li>\n<li>Brez\u017ei\u010dna povezava z aplikacijo Smart Pianist preko Bluetooth\u00ae MIDI (aplikacija je brezpla\u010dna!)<\/li>\n<li>Diskreten uporabni\u0161ki vmesnik na dotik, ki se ob igranju ugasne in popolnoma izgine<\/li>\n<li>Dimenzije (\u0161irina, vi\u0161ina, globina): 1430 mm, 932 mm, 1237 mm<\/li>\n<li>Te\u017ea: 135kg<\/li>\n<li>Barva: \u010drni lak visokega sijaja<\/li>\n<\/ul>\n<p><b>\u00a0<\/b><\/li>\n<\/ul>\n<p>Ve\u010d o in\u0161trumentu najdete v zavihku &#8220;tehni\u010dne specifikacije&#8221;<\/p>\n<p>\u0160e ve\u010d informacij najdete na povezavi: <span style=\"color: #0000ff;\"><em><a style=\"color: #0000ff;\" href=\"https:\/\/europe.yamaha.com\/en\/products\/musical_instruments\/pianos\/clavinova\/clp-800_series\/clp-885\/index.html#product-tabs\" target=\"_blank\" rel=\"noopener\">Yamaha Music Europe<\/a><\/em><\/span><\/p>\n    <\/div>\r\n[\/vc_column_inner][vc_column_inner width=&#8221;1\/3&#8243;][vc_gallery interval=&#8221;3&#8243; images=&#8221;6950&#8243;][\/vc_column_inner][\/vc_row_inner][vc_row_inner][vc_column_inner][vc_separator][\/vc_column_inner][\/vc_row_inner][vc_row_inner][vc_column_inner width=&#8221;1\/3&#8243;][vc_gallery interval=&#8221;3&#8243; images=&#8221;7106&#8243; img_size=&#8221;medium&#8221;][\/vc_column_inner][vc_column_inner width=&#8221;2\/3&#8243;]    <div  class=\"element-text-block  \" >\r\n        <h4>NOVA SERIJA CLP-800<\/h4>\n<p>Digitalni klavirji Clavinova CLP so bili zasnovani tako, da posnemajo ob\u010dutke igranja akusti\u010dnega klavirja s kombinacijo najnovej\u0161e digitalne tehnologije.<\/p>\n<p>Bogat zvok klavirja se skriva v kompleksnosti zasnove. Od trenutka, ko pianist pritisne tipke, do trenutka, ko zvok dose\u017ee njegova u\u0161esa, se ve\u010d kot 8000 delov v klavirju premika in vibrira v popolni harmoniji.<\/p>\n<p>Nova serija CLP-800 vklju\u010duje ve\u010d novih tehnologij, ki posnemajo zapletene interakcije, ki se pojavljajo znotraj koncertnega klavirja, in pianistu ponuja avtenti\u010dno klavirsko izku\u0161njo.<\/p>\n    <\/div>\r\n[\/vc_column_inner][\/vc_row_inner][vc_row_inner][vc_column_inner][vc_separator][\/vc_column_inner][\/vc_row_inner][vc_row_inner][vc_column_inner width=&#8221;2\/3&#8243;]    <div  class=\"element-text-block  \" >\r\n        <h4>DIGITALNO \u0160E NIKOLI NI BILO TAKO AKUSTI\u010cNO<\/h4>\n<p><strong>KLAVITURA IN PEDALA<\/strong><br \/>\nKlaviatura GrandTouchTM &amp; GrandTouch-STM ter pedala GrandTouchTM kot \u0161e nikoli prej posnemajo ob\u010dutek igranja pravega klavirja.<\/p>\n<p><strong>\u0160E VE\u010c EKSPRESIJE<\/strong><br \/>\nGrand Expression Modeling proizvaja zdaj \u0161e ve\u010d odtenkov tona, odvisno od tehnike igralca.<\/p>\n<p><strong>IZJEMEN ZVOK KLAVIRA<\/strong><br \/>\nNov \u010dip generatorja tonov zagotavlja Yamahine najkakovostnej\u0161e klavirske glasove doslej.<\/p>\n<p><strong>BOLJ REALISTI\u010cNA RESONANCA<\/strong><br \/>\nZahvaljujo\u010d Yamahinemu novemu \u010dipu generatorja zvoka Virtual Resonance Modeling proizvaja bogatej\u0161o in bolj naravno resonanco kot kdajkoli prej.<\/p>\n<p><strong>NAJNAPREDNEJ\u0160A TEHNOLOGIJA ZVO\u010cNIKOV<\/strong><br \/>\nGrand Acoustic Imaging s prostorskim zvokom ustvari ambient igranja koncertnega klavirja.<\/p>\n<p><strong>VRHUNSKI DIZAJN<\/strong><br \/>\nElektri\u010dni klavirji serije CLP-800 imajo posnemajo elegantne krivulje ohi\u0161ja akusti\u010dnega in\u0161trumenta.<\/p>\n    <\/div>\r\n[\/vc_column_inner][vc_column_inner width=&#8221;1\/3&#8243;][vc_gallery interval=&#8221;3&#8243; images=&#8221;7110&#8243; img_size=&#8221;medium&#8221;][\/vc_column_inner][\/vc_row_inner][vc_row_inner][vc_column_inner][vc_separator][\/vc_column_inner][\/vc_row_inner][vc_row_inner][vc_column_inner width=&#8221;1\/3&#8243;][vc_gallery interval=&#8221;3&#8243; images=&#8221;7114&#8243; img_size=&#8221;medium&#8221;][\/vc_column_inner][vc_column_inner width=&#8221;2\/3&#8243;]    <div  class=\"element-text-block  \" >\r\n        <h4>DOTIK IN PEDALA<\/h4>\n<p>Vsaka tipka na GrandTouch\u2122 klaviaturi s protiute\u017emi olaj\u0161a igranje ne glede na to, kje se dotaknete tipke. Ponuja izbolj\u0161an dotik za \u0161ir\u0161i razpon tona in odzivnosti. To omogo\u010da ve\u010djo ekspresivnost (tudi ko igrate z ne\u017enim dotikom, npr. pianissimo), ki realisti\u010dno simulira ob\u010dutek igranja koncertnega klavirja.<\/p>\n<p>Nova pedala GrandTouch\u2122 v seriji CLP-800 niso le podobna pedalom za klavir, temve\u010d omogo\u010dajo pianistom, da b pritisku in spustu pedala o\u010dutijo enak upor v &#8220;pod nogami&#8221; kot na pravem klavirju. GP Response celo reproducira razlike v uporu glede na to, kako pritiskate na pedal, tako kot se to dogaja pri klavirjih.<\/p>\n    <\/div>\r\n[\/vc_column_inner][\/vc_row_inner][vc_row_inner][vc_column_inner][vc_separator][\/vc_column_inner][\/vc_row_inner][vc_row_inner][vc_column_inner width=&#8221;2\/3&#8243;]    <div  class=\"element-text-block  \" >\r\n        <h4>UJEMANJE VA\u0160E IZRAZNOSTI<\/h4>\n<p>Grand Expression Modeling reproducira raznolike tonske variacije, ustvarjene z razlikami v sili in hitrosti, s katero so tipke pritisnjene in spu\u0161\u010dene, in omogo\u010da popolnej\u0161o izku\u0161njo igranja kot kdaj koli prej, pianistom pa pomaga razviti pristne izrazne sposobnosti.<\/p>\n    <\/div>\r\n[\/vc_column_inner][vc_column_inner width=&#8221;1\/3&#8243;][vc_gallery interval=&#8221;3&#8243; images=&#8221;7118&#8243; img_size=&#8221;medium&#8221;][\/vc_column_inner][\/vc_row_inner][vc_row_inner][vc_column_inner][vc_separator][\/vc_column_inner][\/vc_row_inner][vc_row_inner][vc_column_inner width=&#8221;1\/3&#8243;][vc_gallery interval=&#8221;3&#8243; images=&#8221;7020&#8243; img_size=&#8221;medium&#8221;][\/vc_column_inner][vc_column_inner width=&#8221;2\/3&#8243;]    <div  class=\"element-text-block  \" >\r\n        <h4>IZJEMEN ZVOK KLAVIRJA<\/h4>\n<p>Serija CLP-800 je opremljena z novim \u010dipom generatorja tonov, z vi\u0161jo ra\u010dunalni\u0161ko mo\u010djo, ki zagotavlja Yamahine najkakovostnej\u0161e klavirske glasove do sedaj. Vsebuje glasove dveh svetovno znanih koncertnih klavirjev; CFX, vrhunskega Yamahinega koncertnega klavirja, in B\u00f6sendorfer Imperial s svojim znanim dunajskim zvokom.<\/p>\n<p>CLP-895 GP je opremljen tudi z glasovi 4 fortepianov, predhodnika sodobnega klavirja, na katerega so igrali v \u010dasu Mozarta, Beethovna in Chopina.<\/p>\n    <\/div>\r\n[\/vc_column_inner][\/vc_row_inner][vc_row_inner][vc_column_inner][vc_separator][\/vc_column_inner][\/vc_row_inner][vc_row_inner][vc_column_inner width=&#8221;2\/3&#8243;]    <div  class=\"element-text-block  \" >\r\n        <h4>BOLJ REALISTI\u010cNA RESONANCA<\/h4>\n<p>Klavirji serije CLP-800 reproducirajo bogatej\u0161o, bolj naravno resonanco kot kdaj koli prej, zahvaljujo\u010d novemu \u010dipu generatorja tonov, zdru\u017eenem z revolucionarno tehnologijo, Virtual Resonance Modeling (VRM). VRM ustvarja bogato raznolik zvok s simulacijo kompleksnih tonov.<\/p>\n    <\/div>\r\n[\/vc_column_inner][vc_column_inner width=&#8221;1\/3&#8243;][vc_gallery interval=&#8221;3&#8243; images=&#8221;7122&#8243; img_size=&#8221;medium&#8221;][\/vc_column_inner][\/vc_row_inner][vc_row_inner][vc_column_inner][vc_separator][\/vc_column_inner][\/vc_row_inner][vc_row_inner][vc_column_inner width=&#8221;1\/3&#8243;][vc_gallery interval=&#8221;3&#8243; images=&#8221;7126&#8243; img_size=&#8221;medium&#8221;][\/vc_column_inner][vc_column_inner width=&#8221;2\/3&#8243;]    <div  class=\"element-text-block  \" >\r\n        <h4>POGLOBLJENA TEHNOLOGIJA ZVO\u010cNIKOV<\/h4>\n<p>Vrhunec Yamahine akusti\u010dne tehnologije za digitalne klavirje, Grand Acoustic Imaging, reproducira zvok koncertnega klavirja. Tehnologija ponuja najnovej\u0161o akusti\u010dno zasnovo, optimizirano za obliko elektri\u010dnega klavirja, kar omogo\u010da, da se zvok raz\u0161iri po va\u0161em igralnem prostoru. Grand Acoustic Imaging na CLP-895 GP zagotavlja naravno stereo zvo\u010dno prisotnost. Nizki, srednji in visoki zvo\u010dniki z mo\u010djo oja\u010denja (45W + 45W + 45W) x 2 zvo\u010dni\u0161ki sistem (16 cm + 8 cm with wave guide + 2.5 cm (dome) with waveguide) x 2 zvo\u010dni\u0161ki sistem sistem, zvo\u010dniki iz smrekovega lesa, ki je uporabljen pri resonan\u010dnih plo\u0161\u010dah koncertnih klavirjev).<\/p>\n    <\/div>\r\n[\/vc_column_inner][\/vc_row_inner][vc_row_inner][vc_column_inner][vc_separator][\/vc_column_inner][\/vc_row_inner][vc_row_inner][vc_column_inner width=&#8221;2\/3&#8243;]    <div  class=\"element-text-block  \" >\r\n        <h4>DIZAJN<\/h4>\n<p>Serija CLP-800 je najbli\u017eje koncertnemu klavirju, ne samo v smislu ob\u010dutka in zvoka, ampak tudi v smislu dizajna.<br \/>\nYamaha elektri\u010dni klavirji serije CLP-800 imajo \u0161tevilne ne\u017ene krivulje, s katerimi se pona\u0161ajo tudi akusti\u010dni in\u0161trumenti. \u0160iroko notno stojalo, ki je vgrajeno v in\u0161trument je zelo funkcionalno, saj lahko dr\u017ei ve\u010d razprtih listov.<\/p>\n<p>Zaslon LED in senzorska nadzorna plo\u0161\u010da na dotik sta zasnovana tako, da se izklopita, razen ko predvajalnik spreminja nastavitve, tako da je ju med igranjem ni videti v pianistovem vidnem polju.<\/p>\n    <\/div>\r\n[\/vc_column_inner][vc_column_inner width=&#8221;1\/3&#8243;][vc_gallery interval=&#8221;3&#8243; images=&#8221;7130&#8243; img_size=&#8221;medium&#8221;][\/vc_column_inner][\/vc_row_inner][vc_row_inner][vc_column_inner][vc_separator][\/vc_column_inner][\/vc_row_inner][vc_row_inner][vc_column_inner width=&#8221;1\/3&#8243;][vc_gallery interval=&#8221;3&#8243; images=&#8221;7134&#8243; img_size=&#8221;medium&#8221;][\/vc_column_inner][vc_column_inner width=&#8221;2\/3&#8243;]    <div  class=\"element-text-block  \" >\r\n        <h4>BINAURALNO VZOR\u010cENJE<\/h4>\n<p>Pri uporabi slu\u0161alk lahko mnogi ugotovijo, da so njihova u\u0161esa utrujena, \u010de predolgo igrajo.<br \/>\nBinauralno vzor\u010denje re\u0161uje ta problem. Pri tej metodi vzor\u010denja so posebni mikrofoni name\u0161\u010deni na glavo lutke v enakem polo\u017eaju kot pianistova u\u0161esa, da zajamejo zvoke tako, kot bi jih pianist sli\u0161al v resnici. Zaradi tega se pianisti po\u010dutijo, kot da sedijo za koncertnim klavirjem, tudi ko igrajo s slu\u0161alkami. Izku\u0161nja je tako prijetna, da pozabijo, da nosijo slu\u0161alke, ne glede na to, kako dolgo igrajo.<\/p>\n    <\/div>\r\n[\/vc_column_inner][\/vc_row_inner][vc_row_inner][vc_column_inner][vc_separator][\/vc_column_inner][\/vc_row_inner][vc_row_inner][vc_column_inner width=&#8221;2\/3&#8243;]    <div  class=\"element-text-block  \" >\r\n        <h4>POVEZLJIVOST BLUETOOTH\u00ae<\/h4>\n<p>Predvajajte svoje najljub\u0161e pesmi preko Bluetooth\u00ae povezave na svojem klavirju in jih poslu\u0161ajte na visokokakovostnih zvo\u010dnikih klavirjev serije CLP. Lahko se celo usedete za in\u0161trument in zaigrate ob svojih najljub\u0161ih izvajalcih!<\/p>\n    <\/div>\r\n[\/vc_column_inner][vc_column_inner width=&#8221;1\/3&#8243;][vc_gallery interval=&#8221;3&#8243; images=&#8221;7138&#8243; img_size=&#8221;medium&#8221;][\/vc_column_inner][\/vc_row_inner][vc_row_inner][vc_column_inner][vc_separator][\/vc_column_inner][\/vc_row_inner][vc_row_inner][vc_column_inner width=&#8221;1\/3&#8243;][vc_gallery interval=&#8221;3&#8243; images=&#8221;7142&#8243; img_size=&#8221;medium&#8221;][\/vc_column_inner][vc_column_inner width=&#8221;2\/3&#8243;]    <div  class=\"element-text-block  \" >\r\n        <h4>SNEMAJTE SVOJE NASTOPE<\/h4>\n<p>Na Yamaha elektri\u010dnih klavirjih CLP-800 lahko posnamete svoje nastope v avdio ali MIDI formatu, prek Smart Pianist aplikacije ali s povezavo USB klju\u010dka.<br \/>\nNato lahko svoj napredek delite s prijatelji in dru\u017eino.<\/p>\n    <\/div>\r\n[\/vc_column_inner][\/vc_row_inner][vc_row_inner][vc_column_inner][vc_separator][\/vc_column_inner][\/vc_row_inner][vc_row_inner][vc_column_inner width=&#8221;2\/3&#8243;]    <div  class=\"element-text-block  \" >\r\n        <h4>IGRAJTE OB RAZLI\u010cNIH RITMIH<\/h4>\n<p>Serija elektri\u010dnih klavirjev Yamaha CLP-800 je opremljena z 20 razli\u010dnimi ritmi\u010dnimi vzorci (spremljavo za bobne in bas), ki so popolnoma prilagojeni \u0161tevilnim vrstam glasbe, kar vam omogo\u010da, da popestrite svoj nastop z razli\u010dnimi glasbenimi spremljavami.<\/p>\n    <\/div>\r\n[\/vc_column_inner][vc_column_inner width=&#8221;1\/3&#8243;][vc_gallery interval=&#8221;3&#8243; images=&#8221;7146&#8243; img_size=&#8221;medium&#8221;][\/vc_column_inner][\/vc_row_inner][vc_row_inner][vc_column_inner][vc_separator][\/vc_column_inner][\/vc_row_inner][vc_row_inner][vc_column_inner width=&#8221;1\/3&#8243;][vc_gallery interval=&#8221;3&#8243; images=&#8221;7150&#8243; img_size=&#8221;medium&#8221;][\/vc_column_inner][vc_column_inner width=&#8221;2\/3&#8243;]    <div  class=\"element-text-block  \" >\r\n        <h4><span style=\"color: #000000;\"><em><strong>SMART PIANIST<\/strong><\/em>\u00a0<\/span><\/h4>\n<p>Aplikacija Smart Pianist je popoln spremljevalec, saj lahko izberete in prilagodite \u0161iroko paleto funkcij, od prilagoditve zvoka ter uglasitve na razli\u010dnih modelih klavirjev do akusti\u010dne nastavitve. Smart pianist tudi analizira skladbe v glasbeni knji\u017enici mobilne naprave, tako da lahko igrate najljub\u0161e melodije.<\/p>\n<p><i>ODKRIJTE VE\u010c: <\/i><i><a id=\"OWA944e99e2-541a-d982-df22-8a997222c765\" class=\"OWAAutoLink\" href=\"https:\/\/europe.yamaha.com\/en\/products\/musical_instruments\/pianos\/apps\/smart_pianist\/index.html\" target=\"_blank\" rel=\"noopener\">https:\/\/europe.yamaha.com\/en\/products\/musical_instruments\/pianos\/apps\/smart_pianist\/index.html\u00a0<\/a><\/i><\/p>\n    <\/div>\r\n[\/vc_column_inner][\/vc_row_inner][vc_row_inner][vc_column_inner][vc_separator][\/vc_column_inner][\/vc_row_inner][vc_row_inner][vc_column_inner width=&#8221;2\/3&#8243;]    <div  class=\"element-text-block  \" >\r\n        <h4>5-LETNA GARANCIJA<\/h4>\n<p>Ve\u010d kot obljuba. Registrirajte svoj vrhunski digitalni klavir Clavinova v \u0161estih mesecih od datuma nakupa in prejmite brezpla\u010dno podalj\u0161ano petletno garancijo.<\/p>\n<p><em><span style=\"color: #0000ff;\"><a style=\"color: #0000ff;\" href=\"https:\/\/europe.yamaha.com\/en\/support\/warranty\/avantgrand-nu1-clavinova-extended-warranty.html\" target=\"_blank\" rel=\"noopener\">REGISTRIRAJTE SE TUKAJ<\/a><\/span><\/em><\/p>\n<p>Originalni ra\u010dun o nakupu je treba predlo\u017eiti skupaj s potrdilom o podalj\u0161anju garancije v \u010dasu kakr\u0161nega koli zahtevka.<\/p>\n    <\/div>\r\n[\/vc_column_inner][vc_column_inner width=&#8221;1\/3&#8243;][vc_gallery interval=&#8221;3&#8243; images=&#8221;5090&#8243; img_size=&#8221;medium&#8221;][\/vc_column_inner][\/vc_row_inner][vc_row_inner][vc_column_inner][vc_separator][\/vc_column_inner][\/vc_row_inner][vc_row_inner][vc_column_inner width=&#8221;1\/3&#8243;][vc_gallery interval=&#8221;3&#8243; images=&#8221;6877&#8243; img_size=&#8221;medium&#8221;][\/vc_column_inner][vc_column_inner width=&#8221;2\/3&#8243;]    <div  class=\"element-text-block  \" >\r\n        <h4>VRHUNSKA DOSTAVA<\/h4>\n<p>Najpomembnej\u0161e vrednote za dru\u017ebo Yamaha so kakovost, zanesljivost in pomo\u010d strankam. U\u017eivajte \u0161e ve\u010d udobja s storitvijo Yamaha Premium<span class=\"font7\">, ki je dodatno na izbiro, in naj vam na\u0161i skrbno izbrani partnerji dostavijo in nastavijo va\u0161 novi Yamahin digitalni klavir Clavinova. Premium dostava je pla\u010dljiva.\u00a0<\/span><\/p>\n    <\/div>\r\n[\/vc_column_inner][\/vc_row_inner][vc_row_inner][vc_column_inner][vc_separator][\/vc_column_inner][\/vc_row_inner][vc_row_inner][vc_column_inner width=&#8221;2\/3&#8243;]    <div  class=\"element-text-block  \" >\r\n        <h4>FLOWKEY<\/h4>\n<div class=\"flex flex-grow flex-col max-w-full\">\n<div class=\"min-h-[20px] text-message flex flex-col items-start whitespace-pre-wrap break-words [.text-message+&amp;]:mt-5 juice:w-full juice:items-end overflow-x-auto gap-2\" dir=\"auto\" data-message-author-role=\"assistant\" data-message-id=\"c0206557-06b2-4e36-8ad9-be815dcfc796\">\n<div class=\"flex w-full flex-col gap-1 juice:empty:hidden juice:first:pt-[3px]\">\n<div class=\"markdown prose w-full break-words dark:prose-invert light\">\n<p>Ste vedno sanjali o igranju klavirja ali klaviature? U\u010dite se v svojem tempu in ob svoji najljub\u0161i glasbi, zahvaljujo\u010d Yamahi in flowkey &#8211; eni najbolj priljubljenih aplikacij za intuitivno u\u010denje igranja klavirja. Z nakupom Yamahinega digitalnega klavirja ali klaviature boste prejeli tri mesece premium dostopa do flowkey aplikacije, vklju\u010dno z vsemi pesmimi in vajami. Po nakupu morate le registrirati in\u0161trument na Yamahini spletni strani. Za registracijo niso potrebne pla\u010dilne informacije.<\/p>\n<\/div>\n<\/div>\n<\/div>\n<\/div>\n    <\/div>\r\n[\/vc_column_inner][vc_column_inner width=&#8221;1\/3&#8243;][vc_gallery interval=&#8221;3&#8243; images=&#8221;5101&#8243; img_size=&#8221;medium&#8221;][\/vc_column_inner][\/vc_row_inner][vc_row_inner][vc_column_inner][vc_separator][\/vc_column_inner][\/vc_row_inner][\/vc_column][\/vc_row]<\/p>\n<\/div>","protected":false},"excerpt":{"rendered":"<h3 style=\"text-align: center;\">Digitalno \u0161e nikoli ni bilo tako akusti\u010dno<\/h3>\n<p>Klaviatura GrandTouch in natan\u010dno ugla\u0161eni 3-sistemski zvo\u010dniki s dvosmernimi trobljami in difuzorji vam omogo\u010dajo dotik in ob\u010dutek igranja pravega koncertnega klavirja.<\/p>\n<ul>\n<li>\n<h4><span style=\"color: #ff0000;\">5 let garancije<\/span><\/h4>\n<\/li>\n<li>\n<h4><span style=\"color: #ff0000;\">dobavni rok: 2-3 tedne<\/span><\/h4>\n<\/li>\n<li>\n<h4><span style=\"color: #ff0000;\">premium dostava*<\/span><\/h4>\n<\/li>\n<\/ul>\n<p>*<strong>*Premium dostava (do 75km od na\u0161e poslovalnice) je brezpla\u010dna in vklju\u010duje dostavo, sestavo, priklop in\u0161trumenta in odvoz embala\u017ee.<\/strong><\/p>\n","protected":false},"featured_media":6950,"template":"","meta":[],"product_brand":[],"product_cat":[15,83,85],"product_tag":[],"class_list":{"0":"post-7231","1":"product","2":"type-product","3":"status-publish","4":"has-post-thumbnail","6":"product_cat-novo","7":"product_cat-elektricni-klavirji-novi","8":"product_cat-serija-clp-clavinova","10":"first","11":"outofstock","12":"taxable","13":"shipping-taxable","14":"purchasable","15":"product-type-simple"},"aioseo_notices":[],"_links":{"self":[{"href":"https:\/\/japanpianocenter.com\/de\/wp-json\/wp\/v2\/product\/7231","targetHints":{"allow":["GET"]}}],"collection":[{"href":"https:\/\/japanpianocenter.com\/de\/wp-json\/wp\/v2\/product"}],"about":[{"href":"https:\/\/japanpianocenter.com\/de\/wp-json\/wp\/v2\/types\/product"}],"wp:featuredmedia":[{"embeddable":true,"href":"https:\/\/japanpianocenter.com\/de\/wp-json\/wp\/v2\/media\/6950"}],"wp:attachment":[{"href":"https:\/\/japanpianocenter.com\/de\/wp-json\/wp\/v2\/media?parent=7231"}],"wp:term":[{"taxonomy":"product_brand","embeddable":true,"href":"https:\/\/japanpianocenter.com\/de\/wp-json\/wp\/v2\/product_brand?post=7231"},{"taxonomy":"product_cat","embeddable":true,"href":"https:\/\/japanpianocenter.com\/de\/wp-json\/wp\/v2\/product_cat?post=7231"},{"taxonomy":"product_tag","embeddable":true,"href":"https:\/\/japanpianocenter.com\/de\/wp-json\/wp\/v2\/product_tag?post=7231"}],"curies":[{"name":"wp","href":"https:\/\/api.w.org\/{rel}","templated":true}]}}