{"id":1659,"date":"2021-06-21T21:24:48","date_gmt":"2021-06-21T19:24:48","guid":{"rendered":"https:\/\/japanpianocenter.com\/?post_type=product&#038;p=1659"},"modified":"2025-02-01T08:14:52","modified_gmt":"2025-02-01T07:14:52","slug":"yamaha-clp-735pe","status":"publish","type":"product","link":"https:\/\/japanpianocenter.com\/en\/izdelek\/yamaha-clp-735pe\/","title":{"rendered":"Yamaha CLP-735PE"},"content":{"rendered":"<div class=\"wpb-content-wrapper\"><p>[vc_row full_width=&#8221;stretch_row&#8221;][vc_column width=&#8221;1\/4&#8243;][\/vc_column][vc_column width=&#8221;1\/2&#8243;][vc_single_image image=&#8221;1649&#8243; img_size=&#8221;medium&#8221; alignment=&#8221;center&#8221;][\/vc_column][vc_column width=&#8221;1\/4&#8243;][\/vc_column][\/vc_row][vc_row][vc_column offset=&#8221;vc_col-lg-offset-2 vc_col-lg-8 vc_col-md-offset-1 vc_col-md-10&#8243;][vc_video link=&#8221;https:\/\/www.youtube.com\/watch?v=U8GtL5OLMXg&#8221;]    <div  class=\"element-text-block  \" >\r\n        <h3 class=\"title20 color222 font-title title-line font-semibold title-product-content\">NOVA SERIJA CLAVINOVA CLP-700<\/h3>\n    <\/div>\r\n    <div  class=\"element-text-block  \" >\r\n        <p>Prvenec, na katerega se je spla\u010dalo po\u010dakati: popolnoma nova serija Clavinova CLP- 700 odpira nov svet glasbenega izra\u017eanja, ustvarjalnosti in u\u010denja. Z dvema najbolj\u0161ima zvokoma koncertnih klavirjev na svetu in novimi, inovativnimi lastnostmi igranja bodo ti klavirji zagotovili ure in ure u\u017eitkov ob igranju, vsaka u\u010dna ura pa bo resni\u010dno nekaj posebnega.<\/p>\n<ul>\n<li>Zelo odzivni tipkovnici GrandTouchTM in GrandTouch-STM zagotavljata ve\u010dji dinami\u010dni razpon<\/li>\n<li>Nov vzorec Yamaha CFX in B\u00f6sendorfer Imperial<\/li>\n<li>Novo binauralno vzor\u010denje za oba klavirja CFX in B\u00f6sendorfer zagotavlja polno ambienco zvoka ob igranju s slu\u0161alkami<\/li>\n<li>Opremljeno z novimi glasovi fortepiano<\/li>\n<li>Napredno vzor\u010denje Virtual Resonance<\/li>\n<li>Modelling (VRM)<\/li>\n<li>Tehnologija Grand Acoustic Imaging<\/li>\n<li>Aplikacija SmartPianist skladna z vsemi modeli<\/li>\n<\/ul>\n<p>&nbsp;<\/p>\n<p><strong><span style=\"color: #bf2121;\">Podalj\u0161anje garancije 2 + 3:<\/span><\/strong><br \/>\nZa podalj\u0161anje garancije za Yamahine digitalne klavirje serij CLP in CSP je potrebna registracija v 6 mesecih od nakupa izdelka na: <span style=\"color: #0000ff;\"><a style=\"color: #0000ff;\" href=\"https:\/\/europe.yamaha.com\/en\/support\/warranty\/avantgrand-nu1-clavinova-extended-warranty.html\" target=\"_blank\" rel=\"noopener\">https:\/\/europe.yamaha.com\/en\/support\/warranty\/avantgrand-nu1-clavinova-extended-warranty.html<\/a><\/span><\/p>\n<p>Pozor: podalj\u0161anje garancije je veljavno le, \u010de svoj izdelek registrirate v 6 mesecih po nakupu. Originalni ra\u010dun o nakupu je treba predlo\u017eiti skupaj s potrdilom o podalj\u0161anju garancije v \u010dasu kakr\u0161nega koli zahtevka.<\/p>\n    <\/div>\r\n[vc_row_inner css=&#8221;.vc_custom_1556857793056{padding-right: 15px !important;padding-left: 15px !important;}&#8221; el_class=&#8221;list-image-content-product&#8221;][vc_column_inner css=&#8221;.vc_custom_1556858448629{padding-right: 0px !important;padding-left: 0px !important;}&#8221; offset=&#8221;vc_col-ss-4&#8243;]<div class=\"banner-advs   zoom-image\">\r\n\t    <img loading=\"lazy\" decoding=\"async\" width=\"920\" height=\"460\" src=\"https:\/\/japanpianocenter.com\/wp-content\/uploads\/2021\/06\/japan-piano-center-nakup-najem-pianino-klavir-elektricniklavir-cena-yamaha-ucenje-klavirja-glasbena-sola-CLP-Clavinova-4.jpg\" class=\"attachment-full size-full\" alt=\"\" srcset=\"https:\/\/japanpianocenter.com\/wp-content\/uploads\/2021\/06\/japan-piano-center-nakup-najem-pianino-klavir-elektricniklavir-cena-yamaha-ucenje-klavirja-glasbena-sola-CLP-Clavinova-4.jpg 920w, https:\/\/japanpianocenter.com\/wp-content\/uploads\/2021\/06\/japan-piano-center-nakup-najem-pianino-klavir-elektricniklavir-cena-yamaha-ucenje-klavirja-glasbena-sola-CLP-Clavinova-4-800x400.jpg 800w, https:\/\/japanpianocenter.com\/wp-content\/uploads\/2021\/06\/japan-piano-center-nakup-najem-pianino-klavir-elektricniklavir-cena-yamaha-ucenje-klavirja-glasbena-sola-CLP-Clavinova-4-300x150.jpg 300w, https:\/\/japanpianocenter.com\/wp-content\/uploads\/2021\/06\/japan-piano-center-nakup-najem-pianino-klavir-elektricniklavir-cena-yamaha-ucenje-klavirja-glasbena-sola-CLP-Clavinova-4-768x384.jpg 768w, https:\/\/japanpianocenter.com\/wp-content\/uploads\/2021\/06\/japan-piano-center-nakup-najem-pianino-klavir-elektricniklavir-cena-yamaha-ucenje-klavirja-glasbena-sola-CLP-Clavinova-4-600x300.jpg 600w\" sizes=\"auto, (max-width: 920px) 100vw, 920px\" \/>\t\t<\/div>[\/vc_column_inner][\/vc_row_inner][\/vc_column][\/vc_row]<\/p>\n<\/div>","protected":false},"excerpt":{"rendered":"<h3>U\u017eivajte v igranju ob razli\u010dnih ritmih!<\/h3>\n<p>Izberite enega od dveh svetovno znanih koncertnih klavirjev.\u00a0<strong>Predstavljamo novo Yamaha Clavinova CLP-735, ki je naslednik modela Yamaha CLP-635.<\/strong><\/p>\n<ul>\n<li>\n<h4><span style=\"color: #ff0000;\">garantirano najni\u017eje cene<\/span><\/h4>\n<\/li>\n<li>\n<h4><span style=\"color: #ff0000;\">5 let garancije<\/span><\/h4>\n<\/li>\n<li>\n<h4><span style=\"color: #ff0000;\">mo\u017enost pla\u010dila na 12 obrokov brez obresti (velja redna cena)<\/span><\/h4>\n<\/li>\n<\/ul>\n<p><em>Akcijska cena velja v primeru takoj\u0161njega pla\u010dila (gotovina ali nakazilo). Akcijske cene so fiksne &#8211; dodatni popusti na akcijsko ceno niso mo\u017eni. \u00a0<\/em><em>Mo\u017enost pla\u010dila na obroke velja le za Slovenijo.<\/em><\/p>\n","protected":false},"featured_media":1629,"template":"","meta":[],"product_brand":[],"product_cat":[15,83,85],"product_tag":[],"class_list":{"0":"post-1659","1":"product","2":"type-product","3":"status-publish","4":"has-post-thumbnail","6":"product_cat-novo","7":"product_cat-elektricni-klavirji-novi","8":"product_cat-serija-clp-clavinova","10":"first","11":"outofstock","12":"sale","13":"taxable","14":"shipping-taxable","15":"purchasable","16":"product-type-simple"},"aioseo_notices":[],"_links":{"self":[{"href":"https:\/\/japanpianocenter.com\/en\/wp-json\/wp\/v2\/product\/1659","targetHints":{"allow":["GET"]}}],"collection":[{"href":"https:\/\/japanpianocenter.com\/en\/wp-json\/wp\/v2\/product"}],"about":[{"href":"https:\/\/japanpianocenter.com\/en\/wp-json\/wp\/v2\/types\/product"}],"wp:featuredmedia":[{"embeddable":true,"href":"https:\/\/japanpianocenter.com\/en\/wp-json\/wp\/v2\/media\/1629"}],"wp:attachment":[{"href":"https:\/\/japanpianocenter.com\/en\/wp-json\/wp\/v2\/media?parent=1659"}],"wp:term":[{"taxonomy":"product_brand","embeddable":true,"href":"https:\/\/japanpianocenter.com\/en\/wp-json\/wp\/v2\/product_brand?post=1659"},{"taxonomy":"product_cat","embeddable":true,"href":"https:\/\/japanpianocenter.com\/en\/wp-json\/wp\/v2\/product_cat?post=1659"},{"taxonomy":"product_tag","embeddable":true,"href":"https:\/\/japanpianocenter.com\/en\/wp-json\/wp\/v2\/product_tag?post=1659"}],"curies":[{"name":"wp","href":"https:\/\/api.w.org\/{rel}","templated":true}]}}