{"id":1757,"date":"2021-06-23T16:02:04","date_gmt":"2021-06-23T14:02:04","guid":{"rendered":"https:\/\/japanpianocenter.com\/?post_type=product&#038;p=1757"},"modified":"2026-03-20T14:28:20","modified_gmt":"2026-03-20T13:28:20","slug":"yamaha-c3x-studio","status":"publish","type":"product","link":"https:\/\/japanpianocenter.com\/en\/izdelek\/yamaha-c3x-studio\/","title":{"rendered":"Yamaha C3X Studio"},"content":{"rendered":"<div class=\"wpb-content-wrapper\"><p>[vc_row full_width=&#8221;stretch_row&#8221;][vc_column width=&#8221;1\/4&#8243;][\/vc_column][vc_column width=&#8221;1\/2&#8243;][vc_single_image image=&#8221;1649&#8243; img_size=&#8221;medium&#8221; alignment=&#8221;center&#8221;][\/vc_column][vc_column width=&#8221;1\/4&#8243;][\/vc_column][\/vc_row][vc_row][vc_column offset=&#8221;vc_col-lg-offset-2 vc_col-lg-8 vc_col-md-offset-1 vc_col-md-10&#8243;]<div class=\"banner-advs   zoom-image\">\r\n\t    <img loading=\"lazy\" decoding=\"async\" width=\"920\" height=\"460\" src=\"https:\/\/japanpianocenter.com\/wp-content\/uploads\/2021\/06\/japan-piano-center-nakup-klavir-cena-yamaha-ucenje-klavirja-glasbena-sola-GB1.jpg\" class=\"attachment-full size-full\" alt=\"\" srcset=\"https:\/\/japanpianocenter.com\/wp-content\/uploads\/2021\/06\/japan-piano-center-nakup-klavir-cena-yamaha-ucenje-klavirja-glasbena-sola-GB1.jpg 920w, https:\/\/japanpianocenter.com\/wp-content\/uploads\/2021\/06\/japan-piano-center-nakup-klavir-cena-yamaha-ucenje-klavirja-glasbena-sola-GB1-800x400.jpg 800w, https:\/\/japanpianocenter.com\/wp-content\/uploads\/2021\/06\/japan-piano-center-nakup-klavir-cena-yamaha-ucenje-klavirja-glasbena-sola-GB1-300x150.jpg 300w, https:\/\/japanpianocenter.com\/wp-content\/uploads\/2021\/06\/japan-piano-center-nakup-klavir-cena-yamaha-ucenje-klavirja-glasbena-sola-GB1-768x384.jpg 768w\" sizes=\"auto, (max-width: 920px) 100vw, 920px\" \/>\t\t<\/div>[vc_empty_space]    <div  class=\"element-text-block  \" >\r\n        <h3 class=\"title20 color222 font-title title-line font-semibold title-product-content\">Intuitivna preprostost<\/h3>\n    <\/div>\r\n    <div  class=\"element-text-block  \" >\r\n        <p>Klavirji Yamaha C3ST (Studio) so zasnovani \u0161e posebaj za \u0161tudente, u\u010ditelje in glasbene ustanove ter profesionalne glasbenike. C3ST Studio zagotavljajo izjemno tonsko kakovost in u\u010dinkovitost s tem pa dolgoro\u010dno vrednost po zelo ugodni ceni. Zasnovan je po standardih klavirjev serije C3 in omogo\u010da oseganje najvi\u0161jih ravni ekspresivnosti.<\/p>\n    <\/div>\r\n[\/vc_column][\/vc_row]<\/p>\n<\/div>","protected":false},"excerpt":{"rendered":"<p style=\"font-weight: 400;\"><strong>Globoka resonanca in bogate harmonije.<\/strong><\/p>\n<p>Klavirji C3ST (Studio) zagotavljajo tonsko kakovost in u\u010dinkovitost. Poleg tega imajo \u0161e \u010distej\u0161i, bolj dovr\u0161en in harmoni\u010den bas.<\/p>\n<ul>\n<li>\n<h4><span style=\"color: #ff0000;\">garantirano najni\u017eje cene<\/span><\/h4>\n<\/li>\n<li>\n<h4><span style=\"color: #ff0000;\">5 let garancije<\/span><\/h4>\n<\/li>\n<li>\n<h4><span style=\"color: #ff0000;\">m<\/span><span style=\"color: #ff0000;\">o\u017enost pla\u010dila na 12 obrokov brez obresti<\/span><\/h4>\n<\/li>\n<\/ul>\n<p><em>Mo\u017enost pla\u010dila na obroke velja le za Slovenijo.<\/em><\/p>\n","protected":false},"featured_media":1758,"template":"","meta":[],"product_brand":[],"product_cat":[15,90,91],"product_tag":[],"class_list":{"0":"post-1757","1":"product","2":"type-product","3":"status-publish","4":"has-post-thumbnail","6":"product_cat-novo","7":"product_cat-klavirji-novi","8":"product_cat-c3-studio","10":"first","11":"outofstock","12":"taxable","13":"shipping-taxable","14":"product-type-simple"},"aioseo_notices":[],"_links":{"self":[{"href":"https:\/\/japanpianocenter.com\/en\/wp-json\/wp\/v2\/product\/1757","targetHints":{"allow":["GET"]}}],"collection":[{"href":"https:\/\/japanpianocenter.com\/en\/wp-json\/wp\/v2\/product"}],"about":[{"href":"https:\/\/japanpianocenter.com\/en\/wp-json\/wp\/v2\/types\/product"}],"wp:featuredmedia":[{"embeddable":true,"href":"https:\/\/japanpianocenter.com\/en\/wp-json\/wp\/v2\/media\/1758"}],"wp:attachment":[{"href":"https:\/\/japanpianocenter.com\/en\/wp-json\/wp\/v2\/media?parent=1757"}],"wp:term":[{"taxonomy":"product_brand","embeddable":true,"href":"https:\/\/japanpianocenter.com\/en\/wp-json\/wp\/v2\/product_brand?post=1757"},{"taxonomy":"product_cat","embeddable":true,"href":"https:\/\/japanpianocenter.com\/en\/wp-json\/wp\/v2\/product_cat?post=1757"},{"taxonomy":"product_tag","embeddable":true,"href":"https:\/\/japanpianocenter.com\/en\/wp-json\/wp\/v2\/product_tag?post=1757"}],"curies":[{"name":"wp","href":"https:\/\/api.w.org\/{rel}","templated":true}]}}