{"id":1908,"date":"2021-07-06T11:38:12","date_gmt":"2021-07-06T09:38:12","guid":{"rendered":"https:\/\/japanpianocenter.com\/?post_type=product&#038;p=1908"},"modified":"2024-06-05T14:47:07","modified_gmt":"2024-06-05T12:47:07","slug":"komplet-za-ciscenje-in-zascito-klavirja-ali-pianina","status":"publish","type":"product","link":"https:\/\/japanpianocenter.com\/en\/izdelek\/komplet-za-ciscenje-in-zascito-klavirja-ali-pianina\/","title":{"rendered":"Komplet za \u010di\u0161\u010denje in za\u0161\u010dito klavirja ali pianina"},"content":{"rendered":"<div class=\"wpb-content-wrapper\"><p>[vc_row full_width=&#8221;stretch_row&#8221;][vc_column width=&#8221;1\/4&#8243;][\/vc_column][vc_column width=&#8221;1\/2&#8243;][\/vc_column][vc_column width=&#8221;1\/4&#8243;][\/vc_column][\/vc_row][vc_row][vc_column offset=&#8221;vc_col-lg-offset-2 vc_col-lg-8 vc_col-md-offset-1 vc_col-md-10&#8243;][vc_row_inner css=&#8221;.vc_custom_1556857793056{padding-right: 15px !important;padding-left: 15px !important;}&#8221; el_class=&#8221;list-image-content-product&#8221;][vc_column_inner css=&#8221;.vc_custom_1556858448629{padding-right: 0px !important;padding-left: 0px !important;}&#8221; offset=&#8221;vc_col-ss-4&#8243;]    <div  class=\"element-text-block  \" >\r\n        <p><strong>Navodilo za uporabo:<\/strong><\/p>\n<p>1. S prilo\u017eenim \u010distilom in modro krpo o\u010distite povr\u0161ino in pustite, da se popolnoma posu\u0161i.<br \/>\n2. Ko je povr\u0161ina \u010dista in suha, nanesite tanek sloj za\u0161\u010dite. Uporabite rumeno krpo in polirajte do suhega.<br \/>\n3. \u010ce povr\u0161ina ni dovolj gladka in sijo\u010da, ponovite postopek 2.<\/p>\n<p><strong>Set vsebuje:<\/strong><br \/>\n\u2022 100ml \u010distila (za cca 10m2)<br \/>\n\u2022 50ml za\u0161\u010dite (za cca 5-7m2)<\/p>\n<p><strong>Skladi\u0161\u010denje:<\/strong> V temnem prostoru z manj kot 40\u00b0C. Za\u0161\u010dititi pred zmrzaljo.<\/p>\n<p><strong>Sestava \u010distila:<\/strong> Etanol &lt;10%, povr\u0161insko aktivne snovi &lt;3%<\/p>\n<p><strong>Za\u0161\u010dita sestava:<\/strong> Me\u0161anica SiO2 &lt;10%<\/p>\n<p><strong>Varnostni napotki:<\/strong> P102 Hraniti izven dosega otrok<\/p>\n    <\/div>\r\n[\/vc_column_inner][\/vc_row_inner][\/vc_column][\/vc_row]<\/p>\n<\/div>","protected":false},"excerpt":{"rendered":"<p>PIANO FINISH CLEAN and PROTECT je inovativna re\u0161itev za \u010di\u0161\u010denje in za\u0161\u010dito vseh lakiranih ali barvanih lesenih in plasti\u010dnih delov. \u010cistilo in za\u0161\u010dita sta popolnoma ne\u0161kodljiva materialom, zdravju in okolici, saj imata neutralen pH. Po uporabi je povr\u0161ina do 3 mesece odporna na made\u017ee, odbija UV svetlobo ter prah in je popolnoma vodoodbojna. Za vzdr\u017eevanje za\u0161\u010dite PIANO FINISH PROTECT uporabljajte PIANO FINISH CLEAN, ki nudi podalj\u0161an antistati\u010dni efekt in zavira rast mikroorganizmov.<\/p>\n<p><strong>Uporabno na<\/strong>\u00a0lakiranih, barvanih, hrapavih in gladkih lesenih ter plasti\u010dnih povr\u0161inah.<\/p>\n","protected":false},"featured_media":1909,"template":"","meta":[],"product_brand":[],"product_cat":[67,76],"product_tag":[],"class_list":{"0":"post-1908","1":"product","2":"type-product","3":"status-publish","4":"has-post-thumbnail","6":"product_cat-dodatna-oprema","7":"product_cat-oprema-za-nego","9":"first","10":"instock","11":"taxable","12":"shipping-taxable","13":"purchasable","14":"product-type-simple"},"aioseo_notices":[],"_links":{"self":[{"href":"https:\/\/japanpianocenter.com\/en\/wp-json\/wp\/v2\/product\/1908","targetHints":{"allow":["GET"]}}],"collection":[{"href":"https:\/\/japanpianocenter.com\/en\/wp-json\/wp\/v2\/product"}],"about":[{"href":"https:\/\/japanpianocenter.com\/en\/wp-json\/wp\/v2\/types\/product"}],"wp:featuredmedia":[{"embeddable":true,"href":"https:\/\/japanpianocenter.com\/en\/wp-json\/wp\/v2\/media\/1909"}],"wp:attachment":[{"href":"https:\/\/japanpianocenter.com\/en\/wp-json\/wp\/v2\/media?parent=1908"}],"wp:term":[{"taxonomy":"product_brand","embeddable":true,"href":"https:\/\/japanpianocenter.com\/en\/wp-json\/wp\/v2\/product_brand?post=1908"},{"taxonomy":"product_cat","embeddable":true,"href":"https:\/\/japanpianocenter.com\/en\/wp-json\/wp\/v2\/product_cat?post=1908"},{"taxonomy":"product_tag","embeddable":true,"href":"https:\/\/japanpianocenter.com\/en\/wp-json\/wp\/v2\/product_tag?post=1908"}],"curies":[{"name":"wp","href":"https:\/\/api.w.org\/{rel}","templated":true}]}}