{"id":1912,"date":"2021-07-06T11:47:14","date_gmt":"2021-07-06T09:47:14","guid":{"rendered":"https:\/\/japanpianocenter.com\/?post_type=product&#038;p=1912"},"modified":"2024-07-19T13:35:27","modified_gmt":"2024-07-19T11:35:27","slug":"komplet-za-ciscenje-in-zascito-lesa","status":"publish","type":"product","link":"https:\/\/japanpianocenter.com\/en\/izdelek\/komplet-za-ciscenje-in-zascito-lesa\/","title":{"rendered":"Komplet za \u010di\u0161\u010denje in za\u0161\u010dito lesa &#8211; godal in brenkal"},"content":{"rendered":"<div class=\"wpb-content-wrapper\"><p>[vc_row full_width=&#8221;stretch_row&#8221;][vc_column width=&#8221;1\/4&#8243;][\/vc_column][vc_column width=&#8221;1\/2&#8243;][\/vc_column][vc_column width=&#8221;1\/4&#8243;][\/vc_column][\/vc_row][vc_row][vc_column offset=&#8221;vc_col-lg-offset-2 vc_col-lg-8 vc_col-md-offset-1 vc_col-md-10&#8243;][vc_row_inner css=&#8221;.vc_custom_1556857793056{padding-right: 15px !important;padding-left: 15px !important;}&#8221; el_class=&#8221;list-image-content-product&#8221;][vc_column_inner css=&#8221;.vc_custom_1556858448629{padding-right: 0px !important;padding-left: 0px !important;}&#8221; offset=&#8221;vc_col-ss-4&#8243;]    <div  class=\"element-text-block  \" >\r\n        <p><strong>Navodilo za uporabo:<\/strong><\/p>\n<ol>\n<li>S prilo\u017eenim \u010distilom in modro krpo o\u010distite povr\u0161ino. Pustite, da se popolnoma posu\u0161i.<\/li>\n<li>Ko je povr\u0161ina \u010dista in suha, nanesite tanek sloj za\u0161\u010dite. Uporabite rumeno krpo in polirajte do suhega.<\/li>\n<li>\u010ce povr\u0161ina ni dovolj gladka in sijo\u010da, ponovite postopek 2.<\/li>\n<\/ol>\n<p><strong>Set vsebuje:<\/strong><\/p>\n<p>100ml \u010distila (za cca 10m2)<br \/>\n50ml za\u0161\u010dite (za cca 5-7m2)<\/p>\n<p><strong>Skladi\u0161\u010denje:<\/strong> V temnem prostoru z manj kot 40\u00b0C. Za\u0161\u010dititi pred zmrzaljo.<\/p>\n    <\/div>\r\n[\/vc_column_inner][\/vc_row_inner][\/vc_column][\/vc_row]<\/p>\n<\/div>","protected":false},"excerpt":{"rendered":"<p><span lang=\"SL\">WOOD FINISH\u00a0<\/span>CLEAN nd PROTECT je posebej pripravljeno sredstvo za \u010di\u0161\u010denje in za\u0161\u010dito\u00a0<span lang=\"SL\">vseh lakiranih brenkal in godal<\/span>.\u00a0<span lang=\"SL\">Po za\u0161\u010diti je povr\u0161ina do 3 mesece odporna na vse vrste umazanij. Prstni odtisi, kolofonija in druga umazanija se z lahkoto odstranijo le s \u010disto vodo in krpo, povr\u0161ina pa postane antistati\u010dna.<\/span><\/p>\n<p><strong>Uporaba na<\/strong>: vseh lakiranih ali barvanih, lesenih ter plasti\u010dnih in nevpijajo\u010dih povr\u0161inah.<\/p>\n","protected":false},"featured_media":1911,"template":"","meta":[],"product_brand":[],"product_cat":[67,76],"product_tag":[],"class_list":{"0":"post-1912","1":"product","2":"type-product","3":"status-publish","4":"has-post-thumbnail","6":"product_cat-dodatna-oprema","7":"product_cat-oprema-za-nego","9":"first","10":"instock","11":"taxable","12":"shipping-taxable","13":"purchasable","14":"product-type-simple"},"aioseo_notices":[],"_links":{"self":[{"href":"https:\/\/japanpianocenter.com\/en\/wp-json\/wp\/v2\/product\/1912","targetHints":{"allow":["GET"]}}],"collection":[{"href":"https:\/\/japanpianocenter.com\/en\/wp-json\/wp\/v2\/product"}],"about":[{"href":"https:\/\/japanpianocenter.com\/en\/wp-json\/wp\/v2\/types\/product"}],"wp:featuredmedia":[{"embeddable":true,"href":"https:\/\/japanpianocenter.com\/en\/wp-json\/wp\/v2\/media\/1911"}],"wp:attachment":[{"href":"https:\/\/japanpianocenter.com\/en\/wp-json\/wp\/v2\/media?parent=1912"}],"wp:term":[{"taxonomy":"product_brand","embeddable":true,"href":"https:\/\/japanpianocenter.com\/en\/wp-json\/wp\/v2\/product_brand?post=1912"},{"taxonomy":"product_cat","embeddable":true,"href":"https:\/\/japanpianocenter.com\/en\/wp-json\/wp\/v2\/product_cat?post=1912"},{"taxonomy":"product_tag","embeddable":true,"href":"https:\/\/japanpianocenter.com\/en\/wp-json\/wp\/v2\/product_tag?post=1912"}],"curies":[{"name":"wp","href":"https:\/\/api.w.org\/{rel}","templated":true}]}}