{"id":1915,"date":"2021-07-06T11:55:09","date_gmt":"2021-07-06T09:55:09","guid":{"rendered":"https:\/\/japanpianocenter.com\/?post_type=product&#038;p=1915"},"modified":"2026-01-24T10:13:53","modified_gmt":"2026-01-24T09:13:53","slug":"genio-vmesnik-za-tiho-igranje","status":"publish","type":"product","link":"https:\/\/japanpianocenter.com\/en\/izdelek\/genio-vmesnik-za-tiho-igranje\/","title":{"rendered":"Genio &#8211; vmesnik za tiho igranje"},"content":{"rendered":"<div class=\"wpb-content-wrapper\"><p>[vc_row full_width=&#8221;stretch_row&#8221;][vc_column width=&#8221;1\/4&#8243;][\/vc_column][vc_column width=&#8221;1\/2&#8243;][\/vc_column][vc_column width=&#8221;1\/4&#8243;][\/vc_column][\/vc_row][vc_row][vc_column offset=&#8221;vc_col-lg-offset-2 vc_col-lg-8 vc_col-md-offset-1 vc_col-md-10&#8243;][vc_row_inner css=&#8221;.vc_custom_1556857793056{padding-right: 15px !important;padding-left: 15px !important;}&#8221; el_class=&#8221;list-image-content-product&#8221;][vc_column_inner css=&#8221;.vc_custom_1556858448629{padding-right: 0px !important;padding-left: 0px !important;}&#8221; offset=&#8221;vc_col-ss-4&#8243;]    <div  class=\"element-text-block  \" >\r\n        <p><strong>Vmesnik GENIO je univerzalen in se lahko namesti v katerikoli klavir ali pianino, na voljo pa sta 2 razli\u010dna modela:<\/strong><\/p>\n<p><strong>GENIO ESSENCE<\/strong> \u2013 Idealen sistem za uporabnike, ki \u017eelijo le funkcijo tihega igranja.<\/p>\n<p><strong>GENIO PREMIUM \u03b1<\/strong> \u2013 Poleg tihe (SILENT) funkcije je zelo uporaben tudi za skladanje\/monta\u017eo glasbe (posnete MIDI datoteke se prenese na ra\u010dunalnik). Ima funkcije snemanja in predvajanja najve\u010d \u0161tirih posnetkov (neomejeno snemanje je mogo\u010de z dodatnim USB-klju\u010dkom) in vgrajenih 216 izobra\u017eevalnih pesmi, vklju\u010dno z 80 pesmimi za u\u010denje klavirja.<\/p>\n<p>Ve\u010d informacij v <a href=\"https:\/\/japanpianocenter.com\/wp-content\/uploads\/2021\/07\/Japan_Piano_Center_SILENT-GENIO-KATALOG.pdf\" target=\"_blank\" rel=\"noopener\">katalogu<\/a>.<\/p>\n    <\/div>\r\n[\/vc_column_inner][\/vc_row_inner][\/vc_column][\/vc_row]<\/p>\n<\/div>","protected":false},"excerpt":{"rendered":"<p><strong>Revolucionarni izdelek\u00a0<\/strong><strong>GENIO je danes nepogre\u0161ljiv dodatek za vsak klavir<\/strong><strong>\u00a0ali pianino<\/strong><strong>.\u00a0<\/strong><strong>Ohranja ob\u010dutek igranja akusti\u010dnega klavirja, hkrati pa omogo\u010da, da z igranjem ne motite dru\u017eine in okolice.\u00a0<\/strong><\/p>\n<p>GENIO je nastal z zlitjem visokotehnolo\u0161ke in akusti\u010dne klavirske mehanike. GENIO odlikuje na novo razviti opti\u010dni senzor, ki zazna tudi najne\u017enej\u0161i pritisk na klavirsko tipko. Omogo\u010da popolno prilagodljivost \u2013 akusti\u010dni klavir, \u00bbtihi\u00ab klavir ali digitalni in\u0161trument v \u0161tevilnih zvo\u010dnih kombinacijah.<\/p>\n","protected":false},"featured_media":1917,"template":"","meta":[],"product_brand":[],"product_cat":[67,79],"product_tag":[],"class_list":{"0":"post-1915","1":"product","2":"type-product","3":"status-publish","4":"has-post-thumbnail","6":"product_cat-dodatna-oprema","7":"product_cat-silent-vmesniki","9":"first","10":"instock","11":"taxable","12":"shipping-taxable","13":"purchasable","14":"product-type-variable"},"aioseo_notices":[],"_links":{"self":[{"href":"https:\/\/japanpianocenter.com\/en\/wp-json\/wp\/v2\/product\/1915","targetHints":{"allow":["GET"]}}],"collection":[{"href":"https:\/\/japanpianocenter.com\/en\/wp-json\/wp\/v2\/product"}],"about":[{"href":"https:\/\/japanpianocenter.com\/en\/wp-json\/wp\/v2\/types\/product"}],"wp:featuredmedia":[{"embeddable":true,"href":"https:\/\/japanpianocenter.com\/en\/wp-json\/wp\/v2\/media\/1917"}],"wp:attachment":[{"href":"https:\/\/japanpianocenter.com\/en\/wp-json\/wp\/v2\/media?parent=1915"}],"wp:term":[{"taxonomy":"product_brand","embeddable":true,"href":"https:\/\/japanpianocenter.com\/en\/wp-json\/wp\/v2\/product_brand?post=1915"},{"taxonomy":"product_cat","embeddable":true,"href":"https:\/\/japanpianocenter.com\/en\/wp-json\/wp\/v2\/product_cat?post=1915"},{"taxonomy":"product_tag","embeddable":true,"href":"https:\/\/japanpianocenter.com\/en\/wp-json\/wp\/v2\/product_tag?post=1915"}],"curies":[{"name":"wp","href":"https:\/\/api.w.org\/{rel}","templated":true}]}}