{"id":1968,"date":"2021-07-13T15:45:07","date_gmt":"2021-07-13T13:45:07","guid":{"rendered":"https:\/\/japanpianocenter.com\/?post_type=product&#038;p=1968"},"modified":"2022-03-18T16:01:07","modified_gmt":"2022-03-18T15:01:07","slug":"klop-cgm-125-trapuntata-belo-usnje","status":"publish","type":"product","link":"https:\/\/japanpianocenter.com\/en\/izdelek\/klop-cgm-125-trapuntata-belo-usnje\/","title":{"rendered":"Klop CGM 125 trapuntata &#8211; belo usnje"},"content":{"rendered":"<div class=\"wpb-content-wrapper\"><p>[vc_row full_width=&#8221;stretch_row&#8221;][vc_column width=&#8221;1\/4&#8243;][\/vc_column][vc_column width=&#8221;1\/2&#8243;][\/vc_column][vc_column width=&#8221;1\/4&#8243;][\/vc_column][\/vc_row][vc_row][vc_column offset=&#8221;vc_col-lg-offset-2 vc_col-lg-8 vc_col-md-offset-1 vc_col-md-10&#8243;][vc_row_inner css=&#8221;.vc_custom_1556857793056{padding-right: 15px !important;padding-left: 15px !important;}&#8221; el_class=&#8221;list-image-content-product&#8221;][vc_column_inner css=&#8221;.vc_custom_1556858448629{padding-right: 0px !important;padding-left: 0px !important;}&#8221; offset=&#8221;vc_col-ss-4&#8243;][vc_single_image image=&#8221;2002&#8243; img_size=&#8221;full&#8221;]    <div  class=\"element-text-block  \" >\r\n        <p><strong>Podjetje C.G.M. je leta 1979 v italijanski provinci Como ustanovil Giuseppe Corengia.<\/strong><\/p>\n<p>Cilj podjetja je ponuditi zanesljive izdelke z odli\u010dnim razmerjem med kakovostjo in ceno. Nalo\u017ebe v tehnologijo, stalne inovacije in skrb za kakovost so podjetje postavile med vodilne v tem sektorju.\u00a0Klavirske klopi podjetja C.G.M. se izva\u017eajo po vsem svetu in v celoti izpolnjujejo razli\u010dne zahteve in potrebe strank.<\/p>\n<p><strong>Bi \u017eeleli klavirsko klop v barvah, materialih ali oblikah, ki jih ne najdete v na\u0161i spletni trgovini?<\/strong><\/p>\n<p>Celotno ponudbo klavirskih klopi podjetja C.G.M. si lahko ogledate na <span style=\"color: #ff0000;\"><a style=\"color: #ff0000;\" href=\"https:\/\/www.cgmcorengia.it\/wp-content\/uploads\/2017\/10\/catalogo.pdf\" target=\"_blank\" rel=\"noopener\">povezavi<\/a><\/span>, sporo\u010dite, kateri izdelek bi \u017eeleli, mi pa ga bomo za vas naro\u010dili.<\/p>\n    <\/div>\r\n[\/vc_column_inner][\/vc_row_inner][\/vc_column][\/vc_row]<\/p>\n<\/div>","protected":false},"excerpt":{"rendered":"<p>Klavirska nastavljiva lesena klop (lak &#8211; bel) s sedi\u0161\u010dem iz belega usnja.<\/p>\n","protected":false},"featured_media":1969,"template":"","meta":[],"product_brand":[],"product_cat":[67,72],"product_tag":[],"class_list":{"0":"post-1968","1":"product","2":"type-product","3":"status-publish","4":"has-post-thumbnail","6":"product_cat-dodatna-oprema","7":"product_cat-klopi","9":"first","10":"instock","11":"taxable","12":"shipping-taxable","13":"purchasable","14":"product-type-simple"},"aioseo_notices":[],"_links":{"self":[{"href":"https:\/\/japanpianocenter.com\/en\/wp-json\/wp\/v2\/product\/1968","targetHints":{"allow":["GET"]}}],"collection":[{"href":"https:\/\/japanpianocenter.com\/en\/wp-json\/wp\/v2\/product"}],"about":[{"href":"https:\/\/japanpianocenter.com\/en\/wp-json\/wp\/v2\/types\/product"}],"wp:featuredmedia":[{"embeddable":true,"href":"https:\/\/japanpianocenter.com\/en\/wp-json\/wp\/v2\/media\/1969"}],"wp:attachment":[{"href":"https:\/\/japanpianocenter.com\/en\/wp-json\/wp\/v2\/media?parent=1968"}],"wp:term":[{"taxonomy":"product_brand","embeddable":true,"href":"https:\/\/japanpianocenter.com\/en\/wp-json\/wp\/v2\/product_brand?post=1968"},{"taxonomy":"product_cat","embeddable":true,"href":"https:\/\/japanpianocenter.com\/en\/wp-json\/wp\/v2\/product_cat?post=1968"},{"taxonomy":"product_tag","embeddable":true,"href":"https:\/\/japanpianocenter.com\/en\/wp-json\/wp\/v2\/product_tag?post=1968"}],"curies":[{"name":"wp","href":"https:\/\/api.w.org\/{rel}","templated":true}]}}