{"id":2141,"date":"2021-07-22T11:50:38","date_gmt":"2021-07-22T09:50:38","guid":{"rendered":"https:\/\/japanpianocenter.com\/?post_type=product&#038;p=2141"},"modified":"2022-02-19T14:17:14","modified_gmt":"2022-02-19T13:17:14","slug":"vlazilec-zraka-venta-lw45","status":"publish","type":"product","link":"https:\/\/japanpianocenter.com\/en\/izdelek\/vlazilec-zraka-venta-lw45\/","title":{"rendered":"Vla\u017eilec zraka VENTA LW45"},"content":{"rendered":"<div class=\"wpb-content-wrapper\"><p>[vc_row full_width=&#8221;stretch_row&#8221;][vc_column width=&#8221;1\/4&#8243;][\/vc_column][vc_column width=&#8221;1\/2&#8243;][\/vc_column][vc_column width=&#8221;1\/4&#8243;][\/vc_column][\/vc_row][vc_row][vc_column offset=&#8221;vc_col-lg-offset-2 vc_col-lg-8 vc_col-md-offset-1 vc_col-md-10&#8243;]    <div  class=\"element-text-block  \" >\r\n        <p>&#8211; Model: Original LW45<br \/>\n&#8211; Barve: bela-siva-\u010drna<br \/>\n&#8211; Za prostore: do 55 m\u00b2<br \/>\n&#8211; LED status: standardni<br \/>\n&#8211; Higiena vode: dodatki<br \/>\n&#8211; Hitrosti: 3<br \/>\n&#8211; Zvo\u010dna emisija: 24 \/ 35 \/ 45 dB (A)<br \/>\n&#8211; Poraba energije (hitrosti 1\u20132): 3 \/ 5 \/ 8 vatov<br \/>\n&#8211; Vsebnost vode (maks.): 10 litrov<br \/>\n&#8211; Dimenzije (D x \u0160 x V): 45 x 30 x 33 cm<br \/>\n&#8211; Te\u017ea: 5.8kg<\/p>\n<p><strong>Menjanje filtrov ni potrebno!<\/strong><\/p>\n<p>Izdelava: Nem\u010dija<\/p>\n    <\/div>\r\n[\/vc_column][\/vc_row]<\/p>\n<\/div>","protected":false},"excerpt":{"rendered":"<p>Venta Original LW45 ustvarja zdravo vla\u017enost in naravno zmanj\u0161uje \u0161kodljive snovi v zraku. Idealen je za bivalne prostore odprtega tipa. Venta Airwasher LW45 uporablja dokazano na\u010delo hladnega izhlapevanja. Upravljalna plo\u0161\u010da ne bi mogla biti enostavnej\u0161a: en gumb za vklop\/izklop in izbirno stikalo za 3 hitrosti.<\/p>\n<p>LED statusna lu\u010dka ka\u017ee, ko je nivo vode nizek. Enostavno \u010di\u0161\u010denje je odli\u010dna lastnost modela LW45. S porabo energije manj kot 10 vatov je Venta Original LW45 izjemno energetsko u\u010dinkovit. Velik zbiralnik za vodo (10 litrov) zagotavlja, da vam je ni treba nenehno dolivati. Airwasher je idealen za bivalne prostore odprtega tipa do 55 m2.<\/p>\n<p>&nbsp;<\/p>\n","protected":false},"featured_media":2139,"template":"","meta":[],"product_brand":[],"product_cat":[67,82],"product_tag":[],"class_list":{"0":"post-2141","1":"product","2":"type-product","3":"status-publish","4":"has-post-thumbnail","6":"product_cat-dodatna-oprema","7":"product_cat-vlazilci-zraka","9":"first","10":"instock","11":"taxable","12":"shipping-taxable","13":"purchasable","14":"product-type-simple"},"aioseo_notices":[],"_links":{"self":[{"href":"https:\/\/japanpianocenter.com\/en\/wp-json\/wp\/v2\/product\/2141","targetHints":{"allow":["GET"]}}],"collection":[{"href":"https:\/\/japanpianocenter.com\/en\/wp-json\/wp\/v2\/product"}],"about":[{"href":"https:\/\/japanpianocenter.com\/en\/wp-json\/wp\/v2\/types\/product"}],"wp:featuredmedia":[{"embeddable":true,"href":"https:\/\/japanpianocenter.com\/en\/wp-json\/wp\/v2\/media\/2139"}],"wp:attachment":[{"href":"https:\/\/japanpianocenter.com\/en\/wp-json\/wp\/v2\/media?parent=2141"}],"wp:term":[{"taxonomy":"product_brand","embeddable":true,"href":"https:\/\/japanpianocenter.com\/en\/wp-json\/wp\/v2\/product_brand?post=2141"},{"taxonomy":"product_cat","embeddable":true,"href":"https:\/\/japanpianocenter.com\/en\/wp-json\/wp\/v2\/product_cat?post=2141"},{"taxonomy":"product_tag","embeddable":true,"href":"https:\/\/japanpianocenter.com\/en\/wp-json\/wp\/v2\/product_tag?post=2141"}],"curies":[{"name":"wp","href":"https:\/\/api.w.org\/{rel}","templated":true}]}}