{"id":2261,"date":"2021-07-29T10:54:03","date_gmt":"2021-07-29T08:54:03","guid":{"rendered":"https:\/\/japanpianocenter.com\/?post_type=product&#038;p=2261"},"modified":"2025-04-28T14:20:08","modified_gmt":"2025-04-28T12:20:08","slug":"yamaha-g2","status":"publish","type":"product","link":"https:\/\/japanpianocenter.com\/en\/izdelek\/yamaha-g2\/","title":{"rendered":"Yamaha G2RE"},"content":{"rendered":"<div class=\"wpb-content-wrapper\"><p>[vc_row full_width=&#8221;stretch_row&#8221;][vc_column width=&#8221;1\/4&#8243;][\/vc_column][vc_column width=&#8221;1\/2&#8243;][vc_single_image image=&#8221;1649&#8243; img_size=&#8221;medium&#8221; alignment=&#8221;center&#8221;][\/vc_column][vc_column width=&#8221;1\/4&#8243;][\/vc_column][\/vc_row][vc_row][vc_column offset=&#8221;vc_col-lg-offset-2 vc_col-lg-8 vc_col-md-offset-1 vc_col-md-10&#8243;]    <div  class=\"element-text-block  \" >\r\n        <p>Vse se je za\u010delo leta 1887, ko je Torakusu Yamaha, ustanovitelj podjetja Yamaha, popravil harmonij. V ve\u010d kot 120 letih od svojega nastanka se je Yamaha razvila v svetovno znano podjetje na podro\u010dju zvoka in glasbe.<\/p>\n    <\/div>\r\n[vc_row_inner css=&#8221;.vc_custom_1556857793056{padding-right: 15px !important;padding-left: 15px !important;}&#8221; el_class=&#8221;list-image-content-product&#8221;][vc_column_inner css=&#8221;.vc_custom_1556858448629{padding-right: 0px !important;padding-left: 0px !important;}&#8221; offset=&#8221;vc_col-ss-4&#8243;]    <div  class=\"element-text-block  \" >\r\n        <p>Vsakemu strokovno obnovljenemu klavirju lahko vgradimo tudi klavirski vmesnik GENIO, ki omogo\u010da tiho igranje preko slu\u0161alk.<\/p>\n    <\/div>\r\n[\/vc_column_inner][\/vc_row_inner][\/vc_column][\/vc_row]<\/p>\n<\/div>","protected":false},"excerpt":{"rendered":"<p>Klavir Yamaha G2RE (173cm) je in\u0161trument odli\u010dne kakovosti, primeren za pianiste na vseh stopnjah glasbene poti. Zaradi neverjetne vsestranskosti in zanesljivosti, uravnote\u017eenega tona in dobre odzivnosti bo zadovoljil pri\u010dakovanja pianista, odli\u010dno pa se bo odzival tudi na preigravanje razli\u010dnih glasbenih zvrsti.<\/p>\n<ul>\n<li>\n<h4><span style=\"color: #ff0000;\">garantirano najni\u017eje cene<\/span><\/h4>\n<\/li>\n<li>\n<h4><span style=\"color: #ff0000;\">10 let garancije<\/span><\/h4>\n<\/li>\n<li>\n<h4><span style=\"color: #ff0000;\">mo\u017enost pla\u010dila na obroke<\/span><\/h4>\n<\/li>\n<li>\n<h4><span style=\"color: #ff0000;\">ob takoj\u0161njem pla\u010dilu nudimo dodatni popust<\/span><\/h4>\n<\/li>\n<\/ul>\n","protected":false},"featured_media":2262,"template":"","meta":[],"product_brand":[],"product_cat":[89],"product_tag":[],"class_list":{"0":"post-2261","1":"product","2":"type-product","3":"status-publish","4":"has-post-thumbnail","6":"product_cat-klavirji-obnovljeni","8":"first","9":"outofstock","10":"taxable","11":"shipping-taxable","12":"purchasable","13":"product-type-simple"},"aioseo_notices":[],"_links":{"self":[{"href":"https:\/\/japanpianocenter.com\/en\/wp-json\/wp\/v2\/product\/2261","targetHints":{"allow":["GET"]}}],"collection":[{"href":"https:\/\/japanpianocenter.com\/en\/wp-json\/wp\/v2\/product"}],"about":[{"href":"https:\/\/japanpianocenter.com\/en\/wp-json\/wp\/v2\/types\/product"}],"wp:featuredmedia":[{"embeddable":true,"href":"https:\/\/japanpianocenter.com\/en\/wp-json\/wp\/v2\/media\/2262"}],"wp:attachment":[{"href":"https:\/\/japanpianocenter.com\/en\/wp-json\/wp\/v2\/media?parent=2261"}],"wp:term":[{"taxonomy":"product_brand","embeddable":true,"href":"https:\/\/japanpianocenter.com\/en\/wp-json\/wp\/v2\/product_brand?post=2261"},{"taxonomy":"product_cat","embeddable":true,"href":"https:\/\/japanpianocenter.com\/en\/wp-json\/wp\/v2\/product_cat?post=2261"},{"taxonomy":"product_tag","embeddable":true,"href":"https:\/\/japanpianocenter.com\/en\/wp-json\/wp\/v2\/product_tag?post=2261"}],"curies":[{"name":"wp","href":"https:\/\/api.w.org\/{rel}","templated":true}]}}