{"id":4659,"date":"2022-02-19T14:44:58","date_gmt":"2022-02-19T13:44:58","guid":{"rendered":"https:\/\/japanpianocenter.com\/?post_type=product&#038;p=4659"},"modified":"2022-02-19T16:37:45","modified_gmt":"2022-02-19T15:37:45","slug":"vlazilec-zraka-venta-ah530-535-original-connect-kopija","status":"publish","type":"product","link":"https:\/\/japanpianocenter.com\/en\/izdelek\/vlazilec-zraka-venta-ah530-535-original-connect-kopija\/","title":{"rendered":"VLA\u017dILEC ZRAKA VENTA AH530\/535 Original Connect"},"content":{"rendered":"<div class=\"wpb-content-wrapper\"><p>[vc_row full_width=&#8221;stretch_row&#8221;][vc_column width=&#8221;1\/4&#8243;][\/vc_column][vc_column width=&#8221;1\/2&#8243;][\/vc_column][vc_column width=&#8221;1\/4&#8243;][\/vc_column][\/vc_row][vc_row][vc_column offset=&#8221;vc_col-lg-offset-2 vc_col-lg-8 vc_col-md-offset-1 vc_col-md-10&#8243;]    <div  class=\"element-text-block  \" >\r\n        <p>&#8211; Model: AH530\/353 ORIGINAL CONNECT HUMIDIFIER<br \/>\n&#8211; Barve: bela ali \u010drna<br \/>\n&#8211; Za prostore: do 45 m\u00b2<br \/>\n&#8211; Interaktivni zaslon: standard<br \/>\n&#8211; Merilni senzorji: vla\u017enost<br \/>\n&#8211; Higiena vode: dodatki<br \/>\n&#8211; Hitrosti: 3 + automatic<br \/>\n&#8211; Zvo\u010dna emisija: 24 \/ 34 \/ 44 dB (A)<br \/>\n&#8211; Poraba energije (hitrosti 1\u20132): 3 \/ 5 \/ 8 vatov<br \/>\n&#8211; Vsebnost vode (maks.): 7 litrov<br \/>\n&#8211; Dimenzije (D x \u0160 x V): 30 x 30 x 33 cm<br \/>\n&#8211; Te\u017ea: 3.5 kg<\/p>\n<p><strong>Menjanje filtrov ni potrebno!<\/strong><\/p>\n<p>Izdelava: Nem\u010dija<\/p>\n    <\/div>\r\n[\/vc_column][\/vc_row]<\/p>\n<\/div>","protected":false},"excerpt":{"rendered":"<p>Vla\u017eilec AH530\/535 Original Connect ustvarja zdravo vla\u017enost in naravno zmanj\u0161uje \u0161kodljive snovi v zraku z u\u010dinkovito tehnologijo vla\u017eenja &#8211; brez filtrov. Intuitivni zaslon na dotik zagotavlja preprosto upravljanje s popolnoma avtomatskim nadzorom.<\/p>\n<p>Vla\u017eilec zraka AH530\/535 Original Connect je zdru\u017eljiv z AirConnect in z uporabo aplikacije Venta Home, tako da ga lahko upravljate in nadzirate na daljavo. Idealno za prostore do 45 m2.<\/p>\n<p>&nbsp;<\/p>\n","protected":false},"featured_media":4722,"template":"","meta":[],"product_brand":[],"product_cat":[67,82],"product_tag":[],"class_list":{"0":"post-4659","1":"product","2":"type-product","3":"status-publish","4":"has-post-thumbnail","6":"product_cat-dodatna-oprema","7":"product_cat-vlazilci-zraka","9":"first","10":"outofstock","11":"taxable","12":"shipping-taxable","13":"purchasable","14":"product-type-simple"},"aioseo_notices":[],"_links":{"self":[{"href":"https:\/\/japanpianocenter.com\/en\/wp-json\/wp\/v2\/product\/4659","targetHints":{"allow":["GET"]}}],"collection":[{"href":"https:\/\/japanpianocenter.com\/en\/wp-json\/wp\/v2\/product"}],"about":[{"href":"https:\/\/japanpianocenter.com\/en\/wp-json\/wp\/v2\/types\/product"}],"wp:featuredmedia":[{"embeddable":true,"href":"https:\/\/japanpianocenter.com\/en\/wp-json\/wp\/v2\/media\/4722"}],"wp:attachment":[{"href":"https:\/\/japanpianocenter.com\/en\/wp-json\/wp\/v2\/media?parent=4659"}],"wp:term":[{"taxonomy":"product_brand","embeddable":true,"href":"https:\/\/japanpianocenter.com\/en\/wp-json\/wp\/v2\/product_brand?post=4659"},{"taxonomy":"product_cat","embeddable":true,"href":"https:\/\/japanpianocenter.com\/en\/wp-json\/wp\/v2\/product_cat?post=4659"},{"taxonomy":"product_tag","embeddable":true,"href":"https:\/\/japanpianocenter.com\/en\/wp-json\/wp\/v2\/product_tag?post=4659"}],"curies":[{"name":"wp","href":"https:\/\/api.w.org\/{rel}","templated":true}]}}