{"id":6692,"date":"2023-10-26T11:52:38","date_gmt":"2023-10-26T09:52:38","guid":{"rendered":"https:\/\/japanpianocenter.com\/?post_type=product&#038;p=6692"},"modified":"2026-01-15T16:59:24","modified_gmt":"2026-01-15T15:59:24","slug":"yamaha-p-525-b","status":"publish","type":"product","link":"https:\/\/japanpianocenter.com\/en\/izdelek\/yamaha-p-525-b\/","title":{"rendered":"Yamaha P-525 B"},"content":{"rendered":"<div class=\"wpb-content-wrapper\"><p>[vc_row full_width=&#8221;stretch_row&#8221;][vc_column width=&#8221;1\/4&#8243;][\/vc_column][vc_column width=&#8221;1\/2&#8243;][vc_single_image image=&#8221;1649&#8243; img_size=&#8221;medium&#8221; alignment=&#8221;center&#8221;][\/vc_column][vc_column width=&#8221;1\/4&#8243;][\/vc_column][\/vc_row][vc_row][vc_column offset=&#8221;vc_col-lg-offset-2 vc_col-lg-8 vc_col-md-offset-1 vc_col-md-10&#8243;][vc_video link=&#8221;https:\/\/youtu.be\/1kMYkoOLR04&#8243;]    <div  class=\"element-text-block  \" >\r\n        <h3 class=\"title20 color222 font-title title-line font-semibold title-product-content\">Intuitivna preprostost<\/h3>\n    <\/div>\r\n    <div  class=\"element-text-block  \" >\r\n        <p>U\u017eivajte v Yamahinih elektri\u010dnih klavirjih serije P \u2013 kjerkoli in kadarkoli. Ti prenosni digitalni klavirji vam omogo\u010dajo, da kateri koli prostor spremenite v snemalni studio, klubski oder ali koncertno dvorano. S \u0161irokim naborom razli\u010dnih zvokov, predvajanjem, skladbami MIDI in vhodom za mikrofon, boste vedno in povsod zveneli kot profesionalec. P-serija deluje brezhibno tudi z va\u0161imi elektronskimi napravami.<\/p>\n    <\/div>\r\n[vc_video link=&#8221;https:\/\/youtu.be\/GqGAGyErAGY&#8221;][vc_row_inner css=&#8221;.vc_custom_1556857793056{padding-right: 15px !important;padding-left: 15px !important;}&#8221; el_class=&#8221;list-image-content-product&#8221;][vc_column_inner css=&#8221;.vc_custom_1556858448629{padding-right: 0px !important;padding-left: 0px !important;}&#8221; offset=&#8221;vc_col-ss-4&#8243;][\/vc_column_inner][vc_column_inner][\/vc_column_inner][\/vc_row_inner][\/vc_column][\/vc_row]<\/p>\n<\/div>","protected":false},"excerpt":{"rendered":"<p style=\"font-weight: 400;\"><strong>Model Yamaha P-525 je najbolj\u0161i model serije P &#8211; kompaken digitalni klavir, ki ponuja pristen ob\u010dutek, izvrsten zvok in dodatno izbolj\u0161ane glasove instrumentov.<\/strong><\/p>\n<p>Klavir se lahko enostavno preme\u0161\u010da, zato vam omogo\u010da u\u017eivanje v igranja klavirja kjerkoli in kadarkoli.<\/p>\n<p><strong>Mo\u017eni dodatki:<\/strong><\/p>\n<p>&#8211; Stojalo Yamaha L-515 za elektri\u010dni klavir P-525<br \/>\n&#8211; Pedalna enota Yamaha LP-1, FC35 ali FC3A (\u017ee vklju\u010den)<\/p>\n<ul>\n<li>\n<h4><span style=\"color: #ff0000;\">garantirano najni\u017eje cene<\/span><\/h4>\n<\/li>\n<li>\n<h4><span style=\"color: #ff0000;\">2 leti garancije<\/span><\/h4>\n<\/li>\n<\/ul>\n<p><em>Akcijska cena velja v primeru takoj\u0161njega pla\u010dila (gotovina ali nakazilo). Akcijske cene so fiksne &#8211; dodatni popusti na akcijsko ceno niso mo\u017eni. <\/em><\/p>\n","protected":false},"featured_media":6693,"template":"","meta":[],"product_brand":[],"product_cat":[15,83,87],"product_tag":[],"class_list":{"0":"post-6692","1":"product","2":"type-product","3":"status-publish","4":"has-post-thumbnail","6":"product_cat-novo","7":"product_cat-elektricni-klavirji-novi","8":"product_cat-serija-p","10":"first","11":"instock","12":"taxable","13":"shipping-taxable","14":"purchasable","15":"product-type-simple"},"aioseo_notices":[],"_links":{"self":[{"href":"https:\/\/japanpianocenter.com\/en\/wp-json\/wp\/v2\/product\/6692","targetHints":{"allow":["GET"]}}],"collection":[{"href":"https:\/\/japanpianocenter.com\/en\/wp-json\/wp\/v2\/product"}],"about":[{"href":"https:\/\/japanpianocenter.com\/en\/wp-json\/wp\/v2\/types\/product"}],"wp:featuredmedia":[{"embeddable":true,"href":"https:\/\/japanpianocenter.com\/en\/wp-json\/wp\/v2\/media\/6693"}],"wp:attachment":[{"href":"https:\/\/japanpianocenter.com\/en\/wp-json\/wp\/v2\/media?parent=6692"}],"wp:term":[{"taxonomy":"product_brand","embeddable":true,"href":"https:\/\/japanpianocenter.com\/en\/wp-json\/wp\/v2\/product_brand?post=6692"},{"taxonomy":"product_cat","embeddable":true,"href":"https:\/\/japanpianocenter.com\/en\/wp-json\/wp\/v2\/product_cat?post=6692"},{"taxonomy":"product_tag","embeddable":true,"href":"https:\/\/japanpianocenter.com\/en\/wp-json\/wp\/v2\/product_tag?post=6692"}],"curies":[{"name":"wp","href":"https:\/\/api.w.org\/{rel}","templated":true}]}}