{"id":6907,"date":"2024-02-02T18:43:43","date_gmt":"2024-02-02T17:43:43","guid":{"rendered":"https:\/\/japanpianocenter.com\/?post_type=product&#038;p=6907"},"modified":"2025-11-18T14:25:43","modified_gmt":"2025-11-18T13:25:43","slug":"yamaha-avantgrand-nu1xa-pwh","status":"publish","type":"product","link":"https:\/\/japanpianocenter.com\/en\/izdelek\/yamaha-avantgrand-nu1xa-pwh\/","title":{"rendered":"Yamaha AvantGrand NU1XA PWH"},"content":{"rendered":"<div class=\"wpb-content-wrapper\"><p>[vc_row full_width=&#8221;stretch_row&#8221;][vc_column width=&#8221;1\/4&#8243;][\/vc_column][vc_column width=&#8221;1\/2&#8243;][vc_single_image image=&#8221;1649&#8243; img_size=&#8221;medium&#8221; alignment=&#8221;center&#8221;][\/vc_column][vc_column width=&#8221;1\/4&#8243;][\/vc_column][\/vc_row][vc_row][vc_column offset=&#8221;vc_col-lg-offset-2 vc_col-lg-8 vc_col-md-offset-1 vc_col-md-10&#8243;][vc_video link=&#8221;https:\/\/youtu.be\/Ue2Glc9IjBw&#8221;]    <div  class=\"element-text-block  \" >\r\n        <h3 class=\"title20 color222 font-title title-line font-semibold title-product-content\">HIBRIDNI ELEKTRI\u010cNI KLAVIRJI YAMAHA AVANTGRAND<\/h3>\n<h4><i><span lang=\"SL\">IZRAZNOST, KI POPOLNOMA PREVEDE VA\u0160E GLASBENE NAMENE<\/span><\/i><\/h4>\n    <\/div>\r\n[vc_row_inner][vc_column_inner][vc_column_text][\/vc_column_text][\/vc_column_inner][vc_column_inner width=&#8221;1\/3&#8243;][vc_single_image image=&#8221;7002&#8243; img_size=&#8221;medium&#8221;][\/vc_column_inner][vc_column_inner width=&#8221;2\/3&#8243;]    <div  class=\"element-text-block  \" >\r\n        <h4><span style=\"color: #800000;\">NATURAL TOUCH &#8211; S KLAVIRSKO MEHANIKO<\/span><\/h4>\n<p><span lang=\"SL\">NU1XA uporablja zapleteno in dovr\u0161eno pokon\u010dno klavirsko mehaniko, ki prena\u0161a ob\u010dutljive premike tipk na kladivo. Natan\u010dno se odziva na najbolj subtilne nianse, vklju\u010dno z delikatnimi tehnikami izvajanja, kot so tril\u010dki in nenehno ponavljajo\u010de se note. Povrhu vsega je klaviatura narejena iz lesa (kakor pri akusti\u010dnih pianinih), kar ustvari pristen, naraven ob\u010dutek pod prsti. <\/span><\/p>\n    <\/div>\r\n[\/vc_column_inner][\/vc_row_inner][vc_column_text][\/vc_column_text][vc_row_inner][vc_column_inner width=&#8221;2\/3&#8243;]    <div  class=\"element-text-block  \" >\r\n        <h4><span lang=\"SL\" style=\"color: #800000;\">PEDALA GRANDTOUCH ZA \u0160E \u0160IR\u0160I RAZPON ZMOGLJIVOSTI<\/span><\/h4>\n<div>\n<div>\n<p><span lang=\"SL\">Funkcija GrandTouchTM Pedals prevzame strukturo oporne to\u010dke, podobno tisti pri koncertnem klavirju, ki zagotavlja enak ekspresiven in znan ob\u010dutek pritiska na klavirska pedala in dodatno \u0161iri obseg delovanja.<\/span><\/p>\n<\/div>\n<\/div>\n    <\/div>\r\n[\/vc_column_inner][vc_column_inner width=&#8221;1\/3&#8243;][vc_single_image image=&#8221;7006&#8243; img_size=&#8221;medium&#8221;][\/vc_column_inner][\/vc_row_inner][vc_column_text][\/vc_column_text][vc_row_inner][vc_column_inner width=&#8221;1\/3&#8243;][vc_single_image image=&#8221;7010&#8243; img_size=&#8221;medium&#8221;][\/vc_column_inner][vc_column_inner width=&#8221;2\/3&#8243;]    <div  class=\"element-text-block  \" >\r\n        <div>\n<h4><span lang=\"SL\"><span style=\"color: #800000;\">RESONANCA, KI NAPOLNI PROSTOR KOT PRAVI KLAVIR<\/span><br \/>\n<\/span><\/h4>\n<p><span lang=\"SL\">V trenutku, ko kladivce udari po strunah, izvajalec takoj zasli\u0161i zvok, hkrati pa zazveni celoten in\u0161trument, ki prostor napolni s \u010dudovito melodijo. \u00a0<\/span><\/p>\n<p>Za reprodukcijo te edinstvene zvo\u010dne izku\u0161nje, ustvarjene s koncertnim klavirjem, uporablja YAMAHA NU1XA nov zvo\u010dni sistem. Vsebuje navzgor obrnjene nizkotonce, ki globoko resonirajo po celotnem in\u0161trumentu, in visokotonce, ki resonirajo v visokih frekvencah s sprednjim in zadnjim delom in\u0161trumenta. Tonska kakovost in zvo\u010dna projekcija dajeta pianistu natan\u010den nadzor nad zvokom &#8211; v realnem \u010dasu-, rezultat pa je neverjetno realisti\u010den zvok, podoben koncertnemu klavirju, ki se tridimenzionalno raz\u0161iri po celotnem prostoru izvajanja.<\/p>\n<\/div>\n    <\/div>\r\n[\/vc_column_inner][\/vc_row_inner][vc_column_text][\/vc_column_text][vc_row_inner][vc_column_inner width=&#8221;2\/3&#8243;]    <div  class=\"element-text-block  \" >\r\n        <h4><span lang=\"SL\"><span style=\"color: #800000;\">YAMAHA CFX IN B\u00d6SENDORFER IMPERIAL &#8211; DVA SVETOVNO PRIZNANA KLAVIRJA V ENEM IN\u0160TRUMENTU<\/span><br \/>\n<\/span><\/h4>\n<div>\n<p><span lang=\"SL\">Da bi zadovoljil razli\u010dne izrazne potrebe najzahtevnej\u0161ih izvajalcev, NU1XA zdru\u017euje zvoke dveh svetovno priznanih koncertnih klavirjev, Yamaha CFX in B\u00f6sendorfer Imperial. <\/span><\/p>\n<\/div>\n<div>\n<p><span lang=\"SL\">NU1XA ima \u0161tiri dodatne klavirske glasove, ki avtenti\u010dno reproducirajo zvok &#8220;fortepiana&#8221; iz 1700-ih in 1800-ih. Ti vam omogo\u010dajo, da do\u017eivite zna\u010dilne zvoke klavirjev obdobij, v katerih so \u017eiveli slavni skladatelji, kot so Mozart, Beethoven in Chopin, in vam dovolijo, da poglobite svoje razumevanje namenov skladateljev v partituri, napisani v tistem \u010dasu.<\/span><\/p>\n<\/div>\n    <\/div>\r\n[\/vc_column_inner][vc_column_inner width=&#8221;1\/3&#8243;][vc_single_image image=&#8221;7020&#8243; img_size=&#8221;medium&#8221;][\/vc_column_inner][\/vc_row_inner][vc_column_text][\/vc_column_text][vc_row_inner][vc_column_inner width=&#8221;1\/4&#8243;][vc_single_image image=&#8221;7014&#8243; img_size=&#8221;medium&#8221;][\/vc_column_inner][vc_column_inner width=&#8221;3\/4&#8243;]    <div  class=\"element-text-block  \" >\r\n        <div>\n<h4><span lang=\"SL\" style=\"color: #800000;\">ELEGANTNO OBLIKOVANA NADZORNA PLO\u0160\u010cA ZA ENOSTAVNO UPRAVLJANJE<\/span><\/h4>\n<p><span lang=\"SL\">NU1XA ima elegantno in minimalisti\u010dno nadzorno plo\u0161\u010do, ob\u010dutljivo na dotik, ki vam omogo\u010da preprosto upravljanje razli\u010dnih osnovnih funkcij in\u0161trumenta, vklju\u010dno z izbiro glasu, prilagoditvijo zvoka in nadzorom metronoma. Ko ni v uporabi, se zaslonska plo\u0161\u010da izklopi in skoraj izgine, zaradi \u010desar je celoten videz \u0161e bolj podoben akusti\u010dnemu klavirju, kar \u0161e pove\u010da va\u0161 u\u017eitek pri samem igranju.<\/span><\/p>\n<\/div>\n    <\/div>\r\n[\/vc_column_inner][\/vc_row_inner][vc_column_text][\/vc_column_text][vc_row_inner][vc_column_inner width=&#8221;2\/3&#8243;]    <div  class=\"element-text-block  \" >\r\n        <div>\n<h4><span lang=\"SL\" style=\"color: #800000;\">\u0160E VE\u010c GLASBENE ZABAVE Z APLIKACIJAMI ZA PAMETNE NAPRAVE IN POVEZLJIVOSTJO BLUETOOTH\u00ae.<\/span><\/h4>\n<\/div>\n<div>\n<p><span lang=\"SL\">Prenesite brezpla\u010dno aplikacijo Smart Pianist na svoj pametni telefon ali tabli\u010dni ra\u010dunalnik, jo pove\u017eite z NU1XA prek povezave Bluetooth\u00ae in nato u\u017eivajte v zmogljivih funkcijah in intuitivnem nadzoru, ki ga imate nad razli\u010dnimi funkcijami in\u0161trumenta, medtem ko gledate na zaslon svoje pametne naprave.<\/span><\/p>\n<\/div>\n    <\/div>\r\n[\/vc_column_inner][vc_column_inner width=&#8221;1\/3&#8243;][vc_single_image image=&#8221;5097&#8243; img_size=&#8221;medium&#8221;][\/vc_column_inner][\/vc_row_inner][vc_row_inner][vc_column_inner width=&#8221;1\/3&#8243;][vc_single_image image=&#8221;5101&#8243; img_size=&#8221;medium&#8221;][\/vc_column_inner][vc_column_inner width=&#8221;2\/3&#8243;]    <div  class=\"element-text-block  \" >\r\n        <div><\/div>\n<p><strong><em><span style=\"color: #800000;\">FLOWKEY<\/span><\/em><\/strong> &#8211; Priljubljena aplikacija flowkey ponuja zanimiv in intuitiven na\u010din u\u010denja igranja klavirja ali nadgrajevanja znanja. Na voljo je z obse\u017eno izbiro interaktivnih pesmi, vadnic in te\u010dajev. Izberite skladbo in za\u010dnite igrati s takoj\u0161njimi povratnimi informacijami, ki vam bodo v pomo\u010d pri igranju ter u\u010denju.<\/p>\n<p>ODKRIJTE VE\u010c: <em><span style=\"color: #0000ff;\"><a style=\"color: #0000ff;\" href=\"https:\/\/europe.yamaha.com\/en\/products\/musical_instruments\/pianos\/apps\/smart_pianist\/index.html\" target=\"_blank\" rel=\"noopener\">https:\/\/europe.yamaha.com\/en\/products\/musical_instruments\/pianos\/apps\/smart_pianist\/index.html\u00a0<\/a><\/span><\/em><\/p>\n    <\/div>\r\n[\/vc_column_inner][\/vc_row_inner][vc_row_inner][vc_column_inner width=&#8221;2\/3&#8243;]    <div  class=\"element-text-block  \" >\r\n        <div>\n<p><em><strong><span style=\"color: #800000;\">5-LETNA GARANCIJA<\/span><\/strong><\/em><\/p>\n<p>Ve\u010d kot obljuba. Registrirajte svoj vrhunski digitalni klavir AvantGrand v \u0161estih mesecih od datuma nakupa in prejmite brezpla\u010dno podalj\u0161ano petletno garancijo.<\/p>\n<p><em><span style=\"color: #0000ff;\"><a style=\"color: #0000ff;\" href=\"https:\/\/europe.yamaha.com\/en\/support\/warranty\/avantgrand-nu1-clavinova-extended-warranty.html\" target=\"_blank\" rel=\"noopener\">REGISTRIRAJTE SE TUKAJ<\/a><\/span><\/em><\/p>\n<\/div>\n<p>Originalni ra\u010dun o nakupu je treba predlo\u017eiti skupaj s potrdilom o podalj\u0161anju garancije v \u010dasu kakr\u0161nega koli zahtevka.<\/p>\n    <\/div>\r\n[\/vc_column_inner][vc_column_inner width=&#8221;1\/3&#8243;][vc_single_image image=&#8221;7703&#8243; img_size=&#8221;medium&#8221;][\/vc_column_inner][\/vc_row_inner][vc_row_inner][vc_column_inner]    <div  class=\"element-text-block  \" >\r\n        <div>\n<h4><em><strong><span style=\"color: #800000;\">VRHUNSKA DOSTAVA<\/span><\/strong><\/em><\/h4>\n<p>Najpomembnej\u0161e vrednote za dru\u017ebo Yamaha so kakovost, zanesljivost in pomo\u010d strankam. U\u017eivajte \u0161e ve\u010d udobja s storitvijo Yamaha Premium<span class=\"font9\"><sup>1<\/sup><\/span><span class=\"font7\">, ki je dodatno na izbiro, in naj vam na\u0161i skrbno izbrani partnerji dostavijo in nastavijo va\u0161 novi Yamahin digitalni klavir AvantGrand.<\/span><\/p>\n<\/div>\n    <\/div>\r\n[\/vc_column_inner][\/vc_row_inner][vc_column_text][\/vc_column_text][vc_row_inner css=&#8221;.vc_custom_1556857793056{padding-right: 15px !important;padding-left: 15px !important;}&#8221; el_class=&#8221;list-image-content-product&#8221;][vc_column_inner css=&#8221;.vc_custom_1556858448629{padding-right: 0px !important;padding-left: 0px !important;}&#8221; offset=&#8221;vc_col-ss-4&#8243;]<div class=\"banner-advs   zoom-image\">\r\n\t    <img loading=\"lazy\" decoding=\"async\" width=\"2560\" height=\"1781\" src=\"https:\/\/japanpianocenter.com\/wp-content\/uploads\/2024\/02\/japan-piano-center-nakup-najem-pianino-klavir-elektricniklavir-cena-yamaha-ucenje-klavirja-glasbena-sola-avantgrand-nu1xa-lifestyle-1-scaled.jpg\" class=\"attachment-full size-full\" alt=\"\" srcset=\"https:\/\/japanpianocenter.com\/wp-content\/uploads\/2024\/02\/japan-piano-center-nakup-najem-pianino-klavir-elektricniklavir-cena-yamaha-ucenje-klavirja-glasbena-sola-avantgrand-nu1xa-lifestyle-1-scaled.jpg 2560w, https:\/\/japanpianocenter.com\/wp-content\/uploads\/2024\/02\/japan-piano-center-nakup-najem-pianino-klavir-elektricniklavir-cena-yamaha-ucenje-klavirja-glasbena-sola-avantgrand-nu1xa-lifestyle-1-scaled-800x557.jpg 800w, https:\/\/japanpianocenter.com\/wp-content\/uploads\/2024\/02\/japan-piano-center-nakup-najem-pianino-klavir-elektricniklavir-cena-yamaha-ucenje-klavirja-glasbena-sola-avantgrand-nu1xa-lifestyle-1-scaled-300x209.jpg 300w, https:\/\/japanpianocenter.com\/wp-content\/uploads\/2024\/02\/japan-piano-center-nakup-najem-pianino-klavir-elektricniklavir-cena-yamaha-ucenje-klavirja-glasbena-sola-avantgrand-nu1xa-lifestyle-1-scaled-1024x712.jpg 1024w, https:\/\/japanpianocenter.com\/wp-content\/uploads\/2024\/02\/japan-piano-center-nakup-najem-pianino-klavir-elektricniklavir-cena-yamaha-ucenje-klavirja-glasbena-sola-avantgrand-nu1xa-lifestyle-1-768x534.jpg 768w, https:\/\/japanpianocenter.com\/wp-content\/uploads\/2024\/02\/japan-piano-center-nakup-najem-pianino-klavir-elektricniklavir-cena-yamaha-ucenje-klavirja-glasbena-sola-avantgrand-nu1xa-lifestyle-1-1536x1068.jpg 1536w, https:\/\/japanpianocenter.com\/wp-content\/uploads\/2024\/02\/japan-piano-center-nakup-najem-pianino-klavir-elektricniklavir-cena-yamaha-ucenje-klavirja-glasbena-sola-avantgrand-nu1xa-lifestyle-1-2048x1425.jpg 2048w\" sizes=\"auto, (max-width: 2560px) 100vw, 2560px\" \/>\t\t<\/div>[\/vc_column_inner][\/vc_row_inner][\/vc_column][\/vc_row]<\/p>\n<\/div>","protected":false},"excerpt":{"rendered":"<h3 style=\"text-align: center;\">Spoznajte hibridni elektri\u010dni klavir YAMAHA AvantGrand NU1XA<\/h3>\n<p style=\"font-weight: 400;\">Vse kar potrebujete od akusti\u010dnega in\u0161trumenta in vse kar \u017eelite od digitalnega klavirja. Hibridni klavir Yamaha NU1XA vam pomaga dose\u010di stopnjo uspe\u0161nosti igranja, ki si jo \u017eelite. Omogo\u010da vam predvajanje glasbe kadarkoli se vam zaho\u010de. Elektri\u010dni klavir serije AvantGrand se odzove na va\u0161e glasbene preference s prepletanjem pristnosti akusti\u010dnega pianina z najsodobnej\u0161o tehnologijo elektri\u010dnih klavirjev, ki vam nudi vrhunsko pianisti\u010dno izku\u0161njo.<\/p>\n<ul>\n<li>\n<h4><span style=\"color: #ff0000;\">5 let garancije<\/span><\/h4>\n<\/li>\n<li>\n<h4><span style=\"color: #ff0000;\">dobavni rok: 2-3 tedne<\/span><\/h4>\n<\/li>\n<li>\n<h4><span style=\"color: #ff0000;\">premium dostava*<\/span><\/h4>\n<\/li>\n<\/ul>\n<p>*Premium dostava do 75km od na\u0161ega salona je brezpla\u010dna in vklju\u010duje dostavo, sestavo, priklop in\u0161trumenta in odvoz embala\u017ee.<\/p>\n","protected":false},"featured_media":6908,"template":"","meta":[],"product_brand":[],"product_cat":[15,83,155],"product_tag":[],"class_list":{"0":"post-6907","1":"product","2":"type-product","3":"status-publish","4":"has-post-thumbnail","6":"product_cat-novo","7":"product_cat-elektricni-klavirji-novi","8":"product_cat-serija-avantgrand","10":"first","11":"outofstock","12":"taxable","13":"shipping-taxable","14":"purchasable","15":"product-type-simple"},"aioseo_notices":[],"_links":{"self":[{"href":"https:\/\/japanpianocenter.com\/en\/wp-json\/wp\/v2\/product\/6907","targetHints":{"allow":["GET"]}}],"collection":[{"href":"https:\/\/japanpianocenter.com\/en\/wp-json\/wp\/v2\/product"}],"about":[{"href":"https:\/\/japanpianocenter.com\/en\/wp-json\/wp\/v2\/types\/product"}],"wp:featuredmedia":[{"embeddable":true,"href":"https:\/\/japanpianocenter.com\/en\/wp-json\/wp\/v2\/media\/6908"}],"wp:attachment":[{"href":"https:\/\/japanpianocenter.com\/en\/wp-json\/wp\/v2\/media?parent=6907"}],"wp:term":[{"taxonomy":"product_brand","embeddable":true,"href":"https:\/\/japanpianocenter.com\/en\/wp-json\/wp\/v2\/product_brand?post=6907"},{"taxonomy":"product_cat","embeddable":true,"href":"https:\/\/japanpianocenter.com\/en\/wp-json\/wp\/v2\/product_cat?post=6907"},{"taxonomy":"product_tag","embeddable":true,"href":"https:\/\/japanpianocenter.com\/en\/wp-json\/wp\/v2\/product_tag?post=6907"}],"curies":[{"name":"wp","href":"https:\/\/api.w.org\/{rel}","templated":true}]}}