{"id":7382,"date":"2024-09-04T17:48:25","date_gmt":"2024-09-04T15:48:25","guid":{"rendered":"https:\/\/japanpianocenter.com\/?post_type=product&#038;p=7382"},"modified":"2025-10-16T12:28:57","modified_gmt":"2025-10-16T10:28:57","slug":"yamaha-clp-825-pe","status":"publish","type":"product","link":"https:\/\/japanpianocenter.com\/en\/izdelek\/yamaha-clp-825-pe\/","title":{"rendered":"Yamaha CLP-825 PE"},"content":{"rendered":"<div class=\"wpb-content-wrapper\"><p>[vc_row full_width=&#8221;stretch_row&#8221;][vc_column width=&#8221;1\/4&#8243;][\/vc_column][vc_column width=&#8221;1\/2&#8243;][vc_single_image image=&#8221;1649&#8243; img_size=&#8221;medium&#8221; alignment=&#8221;center&#8221;][\/vc_column][vc_column width=&#8221;1\/4&#8243;][\/vc_column][\/vc_row][vc_row][vc_column offset=&#8221;vc_col-lg-offset-2 vc_col-lg-8 vc_col-md-offset-1 vc_col-md-10&#8243;][vc_video link=&#8221;https:\/\/youtu.be\/h3Cw33FNyKg?list=PL3rjqgoqj7LJwUTk4ItKWpHd9-bH3GRZO&#8221;][vc_row_inner][vc_column_inner width=&#8221;2\/3&#8243;]    <div  class=\"element-text-block  \" >\r\n        <h4>GLAVNE KARAKTERISTIKE:<\/h4>\n<ul>\n<li>Izbolj\u0161ana GrandTouch-S\u2122 klaviatura iz sinteti\u010dne slonovine in ebenovine<\/li>\n<li>GrandTouch\u2122 klavirska pedala<\/li>\n<li>Zvok klavirjev Yamaha CFX in B\u00f6sendorfer Imperial<\/li>\n<li>VRM &#8211; Virtual Resonance Modeling &#8211; virtualni posnetek akusti\u010dne resonance strun in trupa pravega klavirja<\/li>\n<li>Binauralno vzor\u010denje za klavir CFX zagotavlja polno ambienco zvoka ob igranju s slu\u0161alkami<\/li>\n<li>Zvo\u010dniki: 20W x 2 oja\u010devalnika<\/li>\n<\/ul>\n<p>Ve\u010d o in\u0161trumentu najdete v zavihku &#8220;tehni\u010dne specifikacije&#8221;<\/p>\n<p>\u0160e ve\u010d informacij najdete na povezavi: <span style=\"color: #0000ff;\"><em><a style=\"color: #0000ff;\" href=\"https:\/\/europe.yamaha.com\/en\/products\/musical_instruments\/pianos\/clavinova\/clp-800_series\/clp-825\/index.html\" target=\"_blank\" rel=\"noopener\">Yamaha Music Europe<\/a><\/em><\/span><\/p>\n    <\/div>\r\n[\/vc_column_inner][vc_column_inner width=&#8221;1\/3&#8243;][vc_gallery interval=&#8221;3&#8243; images=&#8221;7251&#8243; img_size=&#8221;medium&#8221;][\/vc_column_inner][\/vc_row_inner][vc_row_inner][vc_column_inner][vc_separator][\/vc_column_inner][\/vc_row_inner][vc_row_inner][vc_column_inner width=&#8221;1\/3&#8243;][vc_gallery interval=&#8221;3&#8243; images=&#8221;7106&#8243; img_size=&#8221;medium&#8221;][\/vc_column_inner][vc_column_inner width=&#8221;2\/3&#8243;]    <div  class=\"element-text-block  \" >\r\n        <h4>NOVA SERIJA CLP-800<\/h4>\n<p>Digitalni klavirji Clavinova CLP so bili zasnovani tako, da posnemajo ob\u010dutke igranja akusti\u010dnega klavirja s kombinacijo najnovej\u0161e digitalne tehnologije.<\/p>\n<p>Bogat zvok klavirja se skriva v kompleksnosti zasnove. Od trenutka, ko pianist pritisne tipke, do trenutka, ko zvok dose\u017ee njegova u\u0161esa, se ve\u010d kot 8000 delov v klavirju premika in vibrira v popolni harmoniji.<\/p>\n<p>Nova serija CLP-800 vklju\u010duje ve\u010d novih tehnologij, ki posnemajo zapletene interakcije, ki se pojavljajo znotraj koncertnega klavirja, in pianistu ponuja avtenti\u010dno klavirsko izku\u0161njo.<\/p>\n    <\/div>\r\n[\/vc_column_inner][\/vc_row_inner][vc_row_inner][vc_column_inner][vc_separator][\/vc_column_inner][\/vc_row_inner][vc_row_inner][vc_column_inner width=&#8221;2\/3&#8243;]    <div  class=\"element-text-block  \" >\r\n        <h4>DO\u017dIVITE ZVOK KONCERTNEGA KLAVIRJA V UDOBJU SVOJE DNEVNE SOBE<\/h4>\n<p>Zvoki koncertnih klavirjev CFX in B\u00f6sendorfer Imperial v modelu Yamaha Clavinova CLP-825 reproducirajo omenjena klavirja z njunimi barvitimi in bogato resonantnimi toni. Do\u017eivite popolno zvo\u010dno izku\u0161njo med igranjem s slu\u0161alkami.<\/p>\n    <\/div>\r\n[\/vc_column_inner][vc_column_inner width=&#8221;1\/3&#8243;][vc_gallery interval=&#8221;3&#8243; images=&#8221;7010&#8243; img_size=&#8221;medium&#8221;][\/vc_column_inner][\/vc_row_inner][vc_row_inner][vc_column_inner][vc_separator][\/vc_column_inner][\/vc_row_inner][vc_row_inner][vc_column_inner width=&#8221;1\/3&#8243;][vc_gallery interval=&#8221;3&#8243; images=&#8221;7118&#8243; img_size=&#8221;medium&#8221;][\/vc_column_inner][vc_column_inner width=&#8221;2\/3&#8243;]    <div  class=\"element-text-block  \" >\r\n        <h4>U\u017dIVAJTE V OB\u010cUTKU IGRANJA KONCERTNEGA KLAVIRJA<\/h4>\n<p>Klaviatura GrandTouch-S\u2122 s tipkami iz sinteti\u010dne ebenovine in slonovine vam daje ob\u010dutek, da nadzorujete mehanizem tipk koncertnega klavirja in ustvarite to\u010dno tak zvok, kot ga \u017eelite sli\u0161ati.<\/p>\n    <\/div>\r\n[\/vc_column_inner][\/vc_row_inner][vc_row_inner][vc_column_inner][vc_separator][\/vc_column_inner][\/vc_row_inner][vc_row_inner][vc_column_inner width=&#8221;2\/3&#8243;]    <div  class=\"element-text-block  \" >\r\n        <h4>POVEZLJIVOST BLUETOOTH\u00ae<\/h4>\n<p>Predvajajte svoje najljub\u0161e pesmi preko Bluetooth\u00ae povezave na svojem klavirju in jih poslu\u0161ajte na visokokakovostnih zvo\u010dnikih klavirjev serije CLP. Lahko se celo usedete za in\u0161trument in zaigrate ob svojih najljub\u0161ih izvajalcih!<\/p>\n    <\/div>\r\n[\/vc_column_inner][vc_column_inner width=&#8221;1\/3&#8243;][vc_gallery interval=&#8221;3&#8243; images=&#8221;7138&#8243; img_size=&#8221;medium&#8221;][\/vc_column_inner][\/vc_row_inner][vc_row_inner][vc_column_inner][vc_separator][\/vc_column_inner][\/vc_row_inner][vc_row_inner][vc_column_inner width=&#8221;1\/3&#8243;][vc_gallery interval=&#8221;3&#8243; images=&#8221;7142&#8243; img_size=&#8221;medium&#8221;][\/vc_column_inner][vc_column_inner width=&#8221;2\/3&#8243;]    <div  class=\"element-text-block  \" >\r\n        <h4>SNEMAJTE SVOJE NASTOPE<\/h4>\n<p>Na Yamaha elektri\u010dnih klavirjih CLP-800 lahko posnamete svoje nastope v avdio ali MIDI formatu, prek Smart Pianist aplikacije ali s povezavo USB klju\u010dka.<br \/>\nNato lahko svoj napredek delite s prijatelji in dru\u017eino.<\/p>\n    <\/div>\r\n[\/vc_column_inner][\/vc_row_inner][vc_row_inner][vc_column_inner][vc_separator][\/vc_column_inner][\/vc_row_inner][vc_row_inner][vc_column_inner width=&#8221;2\/3&#8243;]    <div  class=\"element-text-block  \" >\r\n        <h4>IGRAJTE OB RAZLI\u010cNIH RITMIH<\/h4>\n<p>Serija elektri\u010dnih klavirjev Yamaha CLP-800 je opremljena z 20 razli\u010dnimi ritmi\u010dnimi vzorci (spremljavo za bobne in bas), ki so popolnoma prilagojeni \u0161tevilnim vrstam glasbe, kar vam omogo\u010da, da popestrite svoj nastop z razli\u010dnimi glasbenimi spremljavami.<\/p>\n    <\/div>\r\n[\/vc_column_inner][vc_column_inner width=&#8221;1\/3&#8243;][vc_gallery interval=&#8221;3&#8243; images=&#8221;7146&#8243; img_size=&#8221;medium&#8221;][\/vc_column_inner][\/vc_row_inner][vc_row_inner][vc_column_inner][vc_separator][\/vc_column_inner][\/vc_row_inner][vc_row_inner][vc_column_inner width=&#8221;1\/3&#8243;][vc_gallery interval=&#8221;3&#8243; images=&#8221;7150&#8243; img_size=&#8221;medium&#8221;][\/vc_column_inner][vc_column_inner width=&#8221;2\/3&#8243;]    <div  class=\"element-text-block  \" >\r\n        <h4><span style=\"color: #000000;\"><em><strong>SMART PIANIST<\/strong><\/em>\u00a0<\/span><\/h4>\n<p>Aplikacija Smart Pianist je popoln spremljevalec, saj lahko izberete in prilagodite \u0161iroko paleto funkcij, od prilagoditve zvoka ter uglasitve na razli\u010dnih modelih klavirjev do akusti\u010dne nastavitve. Smart pianist tudi analizira skladbe v glasbeni knji\u017enici mobilne naprave, tako da lahko igrate najljub\u0161e melodije.<\/p>\n<p><i>ODKRIJTE VE\u010c: <\/i><i><a id=\"OWA944e99e2-541a-d982-df22-8a997222c765\" class=\"OWAAutoLink\" href=\"https:\/\/europe.yamaha.com\/en\/products\/musical_instruments\/pianos\/apps\/smart_pianist\/index.html\" target=\"_blank\" rel=\"noopener\">https:\/\/europe.yamaha.com\/en\/products\/musical_instruments\/pianos\/apps\/smart_pianist\/index.html\u00a0<\/a><\/i><\/p>\n    <\/div>\r\n[\/vc_column_inner][\/vc_row_inner][vc_row_inner][vc_column_inner][vc_separator][\/vc_column_inner][\/vc_row_inner][vc_row_inner][vc_column_inner width=&#8221;2\/3&#8243;]    <div  class=\"element-text-block  \" >\r\n        <h4>5-LETNA GARANCIJA<\/h4>\n<p>Ve\u010d kot obljuba. Registrirajte svoj vrhunski digitalni klavir Clavinova v \u0161estih mesecih od datuma nakupa in prejmite brezpla\u010dno podalj\u0161ano petletno garancijo.<\/p>\n<p><em><span style=\"color: #0000ff;\"><a style=\"color: #0000ff;\" href=\"https:\/\/europe.yamaha.com\/en\/support\/warranty\/avantgrand-nu1-clavinova-extended-warranty.html\" target=\"_blank\" rel=\"noopener\">REGISTRIRAJTE SE TUKAJ<\/a><\/span><\/em><\/p>\n<p>Originalni ra\u010dun o nakupu je treba predlo\u017eiti skupaj s potrdilom o podalj\u0161anju garancije v \u010dasu kakr\u0161nega koli zahtevka.<\/p>\n    <\/div>\r\n[\/vc_column_inner][vc_column_inner width=&#8221;1\/3&#8243;][vc_gallery interval=&#8221;3&#8243; images=&#8221;5090&#8243; img_size=&#8221;medium&#8221;][\/vc_column_inner][\/vc_row_inner][vc_row_inner][vc_column_inner][vc_separator][\/vc_column_inner][\/vc_row_inner][vc_row_inner][vc_column_inner width=&#8221;1\/3&#8243;][vc_gallery interval=&#8221;3&#8243; images=&#8221;5101&#8243; img_size=&#8221;medium&#8221;][\/vc_column_inner][vc_column_inner width=&#8221;2\/3&#8243;]    <div  class=\"element-text-block  \" >\r\n        <h4>FLOWKEY<\/h4>\n<div class=\"flex flex-grow flex-col max-w-full\">\n<div class=\"min-h-[20px] text-message flex flex-col items-start whitespace-pre-wrap break-words [.text-message+&amp;]:mt-5 juice:w-full juice:items-end overflow-x-auto gap-2\" dir=\"auto\" data-message-author-role=\"assistant\" data-message-id=\"c0206557-06b2-4e36-8ad9-be815dcfc796\">\n<div class=\"flex w-full flex-col gap-1 juice:empty:hidden juice:first:pt-[3px]\">\n<div class=\"markdown prose w-full break-words dark:prose-invert light\">\n<p>Ste vedno sanjali o igranju klavirja ali klaviature? U\u010dite se v svojem tempu in ob svoji najljub\u0161i glasbi, zahvaljujo\u010d Yamahi in flowkey &#8211; eni najbolj priljubljenih aplikacij za intuitivno u\u010denje igranja klavirja. Z nakupom Yamahinega digitalnega klavirja ali klaviature boste prejeli tri mesece premium dostopa do flowkey aplikacije, vklju\u010dno z vsemi pesmimi in vajami. Po nakupu morate le registrirati in\u0161trument na Yamahini spletni strani. Za registracijo niso potrebne pla\u010dilne informacije.<\/p>\n<\/div>\n<\/div>\n<\/div>\n<\/div>\n    <\/div>\r\n[\/vc_column_inner][\/vc_row_inner][vc_row_inner][vc_column_inner][vc_separator][\/vc_column_inner][\/vc_row_inner][\/vc_column][\/vc_row]<\/p>\n<\/div>","protected":false},"excerpt":{"rendered":"<h3 style=\"text-align: center;\">Digitalno \u0161e nikoli ni bilo tako akusti\u010dno!<\/h3>\n<div class=\"flex-shrink-0 flex flex-col relative items-end\">\n<div>\n<div class=\"pt-0\">\n<div class=\"gizmo-bot-avatar flex h-8 w-8 items-center justify-center overflow-hidden rounded-full\">\n<div class=\"relative p-1 rounded-sm flex items-center justify-center bg-token-main-surface-primary text-token-text-primary h-8 w-8\"><\/div>\n<\/div>\n<\/div>\n<\/div>\n<\/div>\n<div class=\"group\/conversation-turn relative flex w-full min-w-0 flex-col agent-turn\">\n<div class=\"flex-col gap-1 md:gap-3\">\n<div class=\"flex max-w-full flex-col flex-grow\">\n<div class=\"min-h-[20px] text-message flex w-full flex-col items-end gap-2 break-words [.text-message+&amp;]:mt-5 overflow-x-auto whitespace-normal\" dir=\"auto\" data-message-author-role=\"assistant\" data-message-id=\"28242967-ce81-427e-a4ef-189f854fc8bc\">\n<div class=\"flex w-full flex-col gap-1 empty:hidden first:pt-[3px]\">\n<div class=\"markdown prose w-full break-words dark:prose-invert light\">\n<p>Grand Expression Modeling in GrandTouch pedala omogo\u010dajo izrazne zmo\u017enosti, ki se pribli\u017eujejo tistim pri koncertnem klavirju, skupaj z zvoki dveh najbolj\u0161ih koncertnih klavirjev na svetu: Yamaha CFX in B\u00f6sendorfer Imperial. Celoten nabor funkcij digitalnega klavirja, vklju\u010dno z Bluetooth avdio povezavo. <strong>Predstavljamo novo Yamaha Clavinova CLP-825, ki je naslednik modela Yamaha CLP-725.<\/strong><\/p>\n<\/div>\n<\/div>\n<\/div>\n<\/div>\n<\/div>\n<\/div>\n<ul>\n<li>\n<h4><span style=\"color: #ff0000;\">5 let garancije<\/span><\/h4>\n<\/li>\n<li>\n<h4><span style=\"color: #ff0000;\">garantirano najni\u017eje cene<\/span><\/h4>\n<\/li>\n<\/ul>\n","protected":false},"featured_media":7356,"template":"","meta":[],"product_brand":[],"product_cat":[15,83,85],"product_tag":[],"class_list":{"0":"post-7382","1":"product","2":"type-product","3":"status-publish","4":"has-post-thumbnail","6":"product_cat-novo","7":"product_cat-elektricni-klavirji-novi","8":"product_cat-serija-clp-clavinova","10":"first","11":"outofstock","12":"sale","13":"taxable","14":"shipping-taxable","15":"purchasable","16":"product-type-simple"},"aioseo_notices":[],"_links":{"self":[{"href":"https:\/\/japanpianocenter.com\/en\/wp-json\/wp\/v2\/product\/7382","targetHints":{"allow":["GET"]}}],"collection":[{"href":"https:\/\/japanpianocenter.com\/en\/wp-json\/wp\/v2\/product"}],"about":[{"href":"https:\/\/japanpianocenter.com\/en\/wp-json\/wp\/v2\/types\/product"}],"wp:featuredmedia":[{"embeddable":true,"href":"https:\/\/japanpianocenter.com\/en\/wp-json\/wp\/v2\/media\/7356"}],"wp:attachment":[{"href":"https:\/\/japanpianocenter.com\/en\/wp-json\/wp\/v2\/media?parent=7382"}],"wp:term":[{"taxonomy":"product_brand","embeddable":true,"href":"https:\/\/japanpianocenter.com\/en\/wp-json\/wp\/v2\/product_brand?post=7382"},{"taxonomy":"product_cat","embeddable":true,"href":"https:\/\/japanpianocenter.com\/en\/wp-json\/wp\/v2\/product_cat?post=7382"},{"taxonomy":"product_tag","embeddable":true,"href":"https:\/\/japanpianocenter.com\/en\/wp-json\/wp\/v2\/product_tag?post=7382"}],"curies":[{"name":"wp","href":"https:\/\/api.w.org\/{rel}","templated":true}]}}