{"id":3822,"date":"2021-11-08T13:05:06","date_gmt":"2021-11-08T12:05:06","guid":{"rendered":"https:\/\/japanpianocenter.com\/o-nama\/"},"modified":"2023-11-14T17:08:51","modified_gmt":"2023-11-14T16:08:51","slug":"o-nama","status":"publish","type":"page","link":"https:\/\/japanpianocenter.com\/hr\/o-nama\/","title":{"rendered":"O nama"},"content":{"rendered":"<div class=\"wpb-content-wrapper\"><p>[vc_row full_width=&#8221;stretch_row&#8221; el_class=&#8221;banner-about-page&#8221;][vc_column width=&#8221;1\/2&#8243; offset=&#8221;vc_col-lg-offset-1 vc_col-lg-4 vc_col-md-5&#8243;]    <div  class=\"element-text-block  info-banner-about\" >\r\n        <h2 class=\"title30 color222 font-title font-semibold text-uppercase\">O nama<\/h2>\n<p class=\"title14\">Svaki trenutak \u017eivota jo\u0161 je ljep\u0161i i \u010darobniji uz glazbu \u2014 zato \u017eelimo unijeti glazbu u svaki dom. S 25 godina iskustva i znanja, za vas pa\u017eljivo biramo samo najbolje instrumente vrhunske kvalitete.<\/p>\n<p>&nbsp;<\/p>\n<p class=\"title14\">Kao <strong>ovla\u0161teni trgovac marke YAMAHA<\/strong>na raspolaganju imamo nove YAMAHA klavire, pijanine i elektri\u010dne klavire, a na\u0161a ponuda uklju\u010duje i profesionalno restaurirane instrumente marki YAMAHA i KAWAI.<\/p>\n<p>&nbsp;<\/p>\n<p class=\"title14\">U na\u0161em salonu uvijek \u0107ete prona\u0107i vrhunsku kvalitetu po pristupa\u010dnim cijenama, a na\u0161e osoblje pomo\u0107i \u0107e vam svojim znanjem, iskustvom i savjetima pri odabiru i kupnji odgovaraju\u0107eg instrumenta.<\/p>\n<p>&nbsp;<\/p>\n<p><strong>DOBRODO\u0160LI!<\/strong><\/p>\n    <\/div>\r\n[\/vc_column][vc_column width=&#8221;1\/2&#8243; offset=&#8221;vc_col-md-7&#8243;]<div class=\"banner-advs text-center  \">\r\n\t    <img loading=\"lazy\" decoding=\"async\" width=\"2560\" height=\"1707\" src=\"https:\/\/japanpianocenter.com\/wp-content\/uploads\/2023\/06\/japan-piano-center-klavir-pianino-najem-nakup-yamaha-kawai-uglasevanje-servis-nasi-strokovnjaki-ekipa-scaled.jpg\" class=\"attachment-full size-full\" alt=\"\" srcset=\"https:\/\/japanpianocenter.com\/wp-content\/uploads\/2023\/06\/japan-piano-center-klavir-pianino-najem-nakup-yamaha-kawai-uglasevanje-servis-nasi-strokovnjaki-ekipa-scaled.jpg 2560w, https:\/\/japanpianocenter.com\/wp-content\/uploads\/2023\/06\/japan-piano-center-klavir-pianino-najem-nakup-yamaha-kawai-uglasevanje-servis-nasi-strokovnjaki-ekipa-scaled-800x533.jpg 800w, https:\/\/japanpianocenter.com\/wp-content\/uploads\/2023\/06\/japan-piano-center-klavir-pianino-najem-nakup-yamaha-kawai-uglasevanje-servis-nasi-strokovnjaki-ekipa-scaled-300x200.jpg 300w, https:\/\/japanpianocenter.com\/wp-content\/uploads\/2023\/06\/japan-piano-center-klavir-pianino-najem-nakup-yamaha-kawai-uglasevanje-servis-nasi-strokovnjaki-ekipa-scaled-1024x683.jpg 1024w, https:\/\/japanpianocenter.com\/wp-content\/uploads\/2023\/06\/japan-piano-center-klavir-pianino-najem-nakup-yamaha-kawai-uglasevanje-servis-nasi-strokovnjaki-ekipa-768x512.jpg 768w, https:\/\/japanpianocenter.com\/wp-content\/uploads\/2023\/06\/japan-piano-center-klavir-pianino-najem-nakup-yamaha-kawai-uglasevanje-servis-nasi-strokovnjaki-ekipa-1536x1024.jpg 1536w, https:\/\/japanpianocenter.com\/wp-content\/uploads\/2023\/06\/japan-piano-center-klavir-pianino-najem-nakup-yamaha-kawai-uglasevanje-servis-nasi-strokovnjaki-ekipa-2048x1365.jpg 2048w\" sizes=\"auto, (max-width: 2560px) 100vw, 2560px\" \/>\t\t<\/div>[\/vc_column][\/vc_row][vc_row full_width=&#8221;stretch_row_content&#8221; css=&#8221;.vc_custom_1621417136953{padding-top: 100px !important;}&#8221;][vc_column]    <div  class=\"element-text-block  info-banner-about\" >\r\n        <h3 class=\"title16 color font-title font-semibold text-uppercase\" style=\"text-align: center;\">\u201cGlazba je moralni zakon. Glazba daje du\u0161u svemiru, krila umu, let ma\u0161ti, a \u0161arm i radost \u017eivotu.\u201d \u2013 Platon<\/h3>\n    <\/div>\r\n[\/vc_column][\/vc_row][vc_row full_width=&#8221;stretch_row&#8221; el_class=&#8221;team-about-page&#8221;][vc_column offset=&#8221;vc_col-lg-offset-1 vc_col-lg-10 vc_col-md-12&#8243;]    <div  class=\"element-text-block  text-center title-team-about\" >\r\n        <h2 class=\"font-title title30 color222 font-semibold text-uppercase\"><span class=\"bg-color\">NA\u0160 TIM<\/span><\/h2>\n<h3><span style=\"color: #dd1e2f;\">Kontakt s kupcima<\/span><\/h3>\n    <\/div>\r\n[vc_empty_space][vc_row_inner][vc_column_inner width=&#8221;1\/3&#8243; offset=&#8221;vc_col-ss-6 vc_col-xs-12&#8243;][vc_single_image image=&#8221;6364&#8243; img_size=&#8221;full&#8221; alignment=&#8221;center&#8221;][vc_custom_heading text=&#8221;Simona Trampu\u0161&#8221; font_container=&#8221;tag:h3|text_align:center&#8221; use_theme_fonts=&#8221;yes&#8221;][\/vc_column_inner][vc_column_inner width=&#8221;1\/3&#8243; offset=&#8221;vc_col-ss-6 vc_col-xs-12&#8243;][vc_single_image image=&#8221;6360&#8243; img_size=&#8221;full&#8221; alignment=&#8221;center&#8221;][vc_custom_heading text=&#8221;Jasmina \u017duran&#8221; font_container=&#8221;tag:h3|text_align:center&#8221; use_theme_fonts=&#8221;yes&#8221;][\/vc_column_inner][vc_column_inner width=&#8221;1\/3&#8243; offset=&#8221;vc_col-ss-6 vc_col-xs-12&#8243;][vc_single_image image=&#8221;4740&#8243; img_size=&#8221;full&#8221; alignment=&#8221;center&#8221;][vc_custom_heading text=&#8221;As&#8221; font_container=&#8221;tag:h3|text_align:center&#8221; use_theme_fonts=&#8221;yes&#8221;][\/vc_column_inner][\/vc_row_inner][\/vc_column][\/vc_row][vc_row full_width=&#8221;stretch_row&#8221;][vc_column offset=&#8221;vc_col-lg-offset-1 vc_col-lg-10 vc_col-md-12&#8243;]    <div  class=\"element-text-block  text-center title-team-about\" >\r\n        <h3><span style=\"color: #dd1e2f;\">Klavirski tehni\u010dari<\/span><\/h3>\n    <\/div>\r\n[vc_empty_space][vc_row_inner][vc_column_inner width=&#8221;1\/3&#8243; offset=&#8221;vc_col-ss-6 vc_col-xs-12&#8243;][vc_single_image image=&#8221;6442&#8243; img_size=&#8221;full&#8221; alignment=&#8221;center&#8221;][vc_custom_heading text=&#8221;Andrej Novak&#8221; font_container=&#8221;tag:h3|text_align:center&#8221; use_theme_fonts=&#8221;yes&#8221;][\/vc_column_inner][vc_column_inner width=&#8221;1\/3&#8243; offset=&#8221;vc_col-ss-6 vc_col-xs-12&#8243;][vc_single_image image=&#8221;6396&#8243; img_size=&#8221;full&#8221; alignment=&#8221;center&#8221;][vc_custom_heading text=&#8221;Martin Marke\u017ei\u010d&#8221; font_container=&#8221;tag:h3|text_align:center&#8221; use_theme_fonts=&#8221;yes&#8221;][\/vc_column_inner][vc_column_inner width=&#8221;1\/3&#8243; offset=&#8221;vc_col-ss-6 vc_col-xs-12&#8243;][vc_single_image image=&#8221;6372&#8243; img_size=&#8221;full&#8221; alignment=&#8221;center&#8221;][vc_custom_heading text=&#8221;Jure Kav\u010di\u010d&#8221; font_container=&#8221;tag:h3|text_align:center&#8221; use_theme_fonts=&#8221;yes&#8221;][\/vc_column_inner][\/vc_row_inner][vc_row_inner][vc_column_inner width=&#8221;1\/3&#8243; offset=&#8221;vc_col-ss-6 vc_col-xs-12&#8243;][vc_single_image image=&#8221;6376&#8243; img_size=&#8221;full&#8221; alignment=&#8221;center&#8221;][vc_custom_heading text=&#8221;Nejc Cehner&#8221; font_container=&#8221;tag:h3|text_align:center&#8221; use_theme_fonts=&#8221;yes&#8221;][\/vc_column_inner][vc_column_inner width=&#8221;1\/3&#8243; offset=&#8221;vc_col-ss-6 vc_col-xs-12&#8243;][vc_single_image image=&#8221;6446&#8243; img_size=&#8221;full&#8221; alignment=&#8221;center&#8221;][vc_custom_heading text=&#8221;Elia Marke\u017ei\u010d&#8221; font_container=&#8221;tag:h3|text_align:center&#8221; use_theme_fonts=&#8221;yes&#8221;][\/vc_column_inner][vc_column_inner width=&#8221;1\/3&#8243;][vc_single_image image=&#8221;6400&#8243; img_size=&#8221;full&#8221; alignment=&#8221;center&#8221;][vc_custom_heading text=&#8221;Mitja Jeram&#8221; font_container=&#8221;tag:h3|text_align:center&#8221; use_theme_fonts=&#8221;yes&#8221;][\/vc_column_inner][\/vc_row_inner][\/vc_column][\/vc_row]<\/p>\n<\/div>","protected":false},"excerpt":{"rendered":"<p>[vc_row full_width=&#8221;stretch_row&#8221; el_class=&#8221;banner-about-page&#8221;][vc_column width=&#8221;1\/2&#8243; offset=&#8221;vc_col-lg-offset-1 vc_col-lg-4 vc_col-md-5&#8243;][\/vc_column][vc_column width=&#8221;1\/2&#8243; offset=&#8221;vc_col-md-7&#8243;][\/vc_column][\/vc_row][vc_row full_width=&#8221;stretch_row_content&#8221; css=&#8221;.vc_custom_1621417136953{padding-top: 100px !important;}&#8221;][vc_column][\/vc_column][\/vc_row][vc_row full_width=&#8221;stretch_row&#8221; el_class=&#8221;team-about-page&#8221;][vc_column offset=&#8221;vc_col-lg-offset-1 vc_col-lg-10 vc_col-md-12&#8243;][vc_empty_space][vc_row_inner][vc_column_inner width=&#8221;1\/3&#8243; offset=&#8221;vc_col-ss-6 vc_col-xs-12&#8243;][vc_single_image image=&#8221;6364&#8243; img_size=&#8221;full&#8221; alignment=&#8221;center&#8221;][vc_custom_heading text=&#8221;Simona Trampu\u0161&#8221; font_container=&#8221;tag:h3|text_align:center&#8221; use_theme_fonts=&#8221;yes&#8221;][\/vc_column_inner][vc_column_inner width=&#8221;1\/3&#8243; offset=&#8221;vc_col-ss-6 vc_col-xs-12&#8243;][vc_single_image image=&#8221;6360&#8243; img_size=&#8221;full&#8221; alignment=&#8221;center&#8221;][vc_custom_heading text=&#8221;Jasmina \u017duran&#8221; font_container=&#8221;tag:h3|text_align:center&#8221; use_theme_fonts=&#8221;yes&#8221;][\/vc_column_inner][vc_column_inner width=&#8221;1\/3&#8243; offset=&#8221;vc_col-ss-6 vc_col-xs-12&#8243;][vc_single_image image=&#8221;4740&#8243; img_size=&#8221;full&#8221; alignment=&#8221;center&#8221;][vc_custom_heading text=&#8221;As&#8221; font_container=&#8221;tag:h3|text_align:center&#8221; use_theme_fonts=&#8221;yes&#8221;][\/vc_column_inner][\/vc_row_inner][\/vc_column][\/vc_row][vc_row full_width=&#8221;stretch_row&#8221;][vc_column offset=&#8221;vc_col-lg-offset-1 vc_col-lg-10 vc_col-md-12&#8243;][vc_empty_space][vc_row_inner][vc_column_inner width=&#8221;1\/3&#8243; offset=&#8221;vc_col-ss-6 vc_col-xs-12&#8243;][vc_single_image image=&#8221;6442&#8243; [&hellip;]<\/p>\n","protected":false},"author":1,"featured_media":0,"parent":0,"menu_order":0,"comment_status":"closed","ping_status":"closed","template":"","meta":{"footnotes":""},"class_list":["post-3822","page","type-page","status-publish","hentry"],"aioseo_notices":[],"_links":{"self":[{"href":"https:\/\/japanpianocenter.com\/hr\/wp-json\/wp\/v2\/pages\/3822","targetHints":{"allow":["GET"]}}],"collection":[{"href":"https:\/\/japanpianocenter.com\/hr\/wp-json\/wp\/v2\/pages"}],"about":[{"href":"https:\/\/japanpianocenter.com\/hr\/wp-json\/wp\/v2\/types\/page"}],"author":[{"embeddable":true,"href":"https:\/\/japanpianocenter.com\/hr\/wp-json\/wp\/v2\/users\/1"}],"replies":[{"embeddable":true,"href":"https:\/\/japanpianocenter.com\/hr\/wp-json\/wp\/v2\/comments?post=3822"}],"version-history":[{"count":26,"href":"https:\/\/japanpianocenter.com\/hr\/wp-json\/wp\/v2\/pages\/3822\/revisions"}],"predecessor-version":[{"id":6750,"href":"https:\/\/japanpianocenter.com\/hr\/wp-json\/wp\/v2\/pages\/3822\/revisions\/6750"}],"wp:attachment":[{"href":"https:\/\/japanpianocenter.com\/hr\/wp-json\/wp\/v2\/media?parent=3822"}],"curies":[{"name":"wp","href":"https:\/\/api.w.org\/{rel}","templated":true}]}}