{"id":3841,"date":"2021-11-08T13:19:14","date_gmt":"2021-11-08T12:19:14","guid":{"rendered":"https:\/\/japanpianocenter.com\/prodaja\/"},"modified":"2021-11-08T13:19:15","modified_gmt":"2021-11-08T12:19:15","slug":"prodaja","status":"publish","type":"page","link":"https:\/\/japanpianocenter.com\/hr\/prodaja\/","title":{"rendered":"Prodaja"},"content":{"rendered":"<div class=\"wpb-content-wrapper\"><p>[vc_row full_width=&#8221;stretch_row&#8221; el_class=&#8221;banner-about-page&#8221;][vc_column width=&#8221;1\/2&#8243; offset=&#8221;vc_col-lg-offset-1 vc_col-lg-4 vc_col-md-5&#8243;]    <div  class=\"element-text-block  info-banner-about\" >\r\n        <h2 class=\"title30 color222 font-title font-semibold text-uppercase\">PRODAJA<\/h2>\n<p><strong>YAMAHA<\/strong>je na slovenskom tr\u017ei\u0161tu oduvijek bila sinonim za najkvalitetnije instrumente, \u0161to potvr\u0111uju i u\u010ditelji klavira i u\u010ditelji iz glazbenih \u0161kola. Budu\u0107i da glazbenu kulturu i kreativnost \u017eelimo pribli\u017eiti ba\u0161 svima, u na\u0161em salonu mo\u017eete odabrati idealan instrument po najboljoj cijeni.<\/p>\n<p><strong>Osim novih YAMAHA klavira, pijanina i elektri\u010dnih klavira, nudimo i veliki izbor profesionalno restauriranih instrumenata.<\/strong> Svi instrumenti pa\u017eljivo su odabrani i profesionalno restaurirani u Japanu. Odlikuje ih izuzetna kvaliteta i pristupa\u010dna cijena.<\/p>\n    <\/div>\r\n[\/vc_column][vc_column width=&#8221;1\/2&#8243; offset=&#8221;vc_col-md-7&#8243;]<div class=\"banner-advs text-center  \">\r\n\t    <img loading=\"lazy\" decoding=\"async\" width=\"920\" height=\"460\" src=\"https:\/\/japanpianocenter.com\/wp-content\/uploads\/2021\/07\/apan-piano-center-nakup-klavir-cena-yamaha-ucenje-klavirja-glasbena-sola-salon-1.jpg\" class=\"attachment-full size-full\" alt=\"\" srcset=\"https:\/\/japanpianocenter.com\/wp-content\/uploads\/2021\/07\/apan-piano-center-nakup-klavir-cena-yamaha-ucenje-klavirja-glasbena-sola-salon-1.jpg 920w, https:\/\/japanpianocenter.com\/wp-content\/uploads\/2021\/07\/apan-piano-center-nakup-klavir-cena-yamaha-ucenje-klavirja-glasbena-sola-salon-1-800x400.jpg 800w, https:\/\/japanpianocenter.com\/wp-content\/uploads\/2021\/07\/apan-piano-center-nakup-klavir-cena-yamaha-ucenje-klavirja-glasbena-sola-salon-1-300x150.jpg 300w, https:\/\/japanpianocenter.com\/wp-content\/uploads\/2021\/07\/apan-piano-center-nakup-klavir-cena-yamaha-ucenje-klavirja-glasbena-sola-salon-1-768x384.jpg 768w\" sizes=\"auto, (max-width: 920px) 100vw, 920px\" \/>\t\t<\/div>[\/vc_column][\/vc_row][vc_row full_width=&#8221;stretch_row_content&#8221; css=&#8221;.vc_custom_1621417136953{padding-top: 100px !important;}&#8221;][vc_column]    <div  class=\"element-text-block  info-banner-about\" >\r\n        <h3 class=\"title16 color font-title font-semibold text-uppercase\" style=\"text-align: center;\">Ovla\u0161teni smo prodava\u010d renomiranog brenda klavira, klavira i elektri\u010dnih klavira YAMAHA!<\/h3>\n<p>&nbsp;<\/p>\n<p><img loading=\"lazy\" decoding=\"async\" class=\"aligncenter wp-image-3844 size-medium\" src=\"https:\/\/japanpianocenter.com\/wp-content\/uploads\/2021\/07\/japan-piano-center-pianino-klavir-prodaja-najem-nakup-glasbena-sola-yamaha_logo_violet-e1627898775752-300x79.jpg\" alt=\"\" width=\"300\" height=\"79\" srcset=\"https:\/\/japanpianocenter.com\/wp-content\/uploads\/2021\/07\/japan-piano-center-pianino-klavir-prodaja-najem-nakup-glasbena-sola-yamaha_logo_violet-e1627898775752-300x79.jpg 300w, https:\/\/japanpianocenter.com\/wp-content\/uploads\/2021\/07\/japan-piano-center-pianino-klavir-prodaja-najem-nakup-glasbena-sola-yamaha_logo_violet-e1627898775752-800x211.jpg 800w, https:\/\/japanpianocenter.com\/wp-content\/uploads\/2021\/07\/japan-piano-center-pianino-klavir-prodaja-najem-nakup-glasbena-sola-yamaha_logo_violet-e1627898775752-768x202.jpg 768w, https:\/\/japanpianocenter.com\/wp-content\/uploads\/2021\/07\/japan-piano-center-pianino-klavir-prodaja-najem-nakup-glasbena-sola-yamaha_logo_violet-e1627898775752.jpg 933w\" sizes=\"auto, (max-width: 300px) 100vw, 300px\" \/><\/p>\n    <\/div>\r\n[\/vc_column][\/vc_row][vc_row full_width=&#8221;stretch_row&#8221; el_class=&#8221;team-about-page&#8221;][vc_column width=&#8221;1\/3&#8243; offset=&#8221;vc_col-lg-offset-1 vc_col-lg-10 vc_col-md-12&#8243;][vc_btn title=&#8221;TRGOVINA&#8221; style=&#8221;custom&#8221; custom_background=&#8221;#dd1e2f&#8221; custom_text=&#8221;#ffffff&#8221; size=&#8221;lg&#8221; align=&#8221;center&#8221; link=&#8221;url:https%3A%2F%2Fjapanpianocenter.com%2Fshop%2F|title:Trgovina%20%E2%80%93%20kategorije|&#8221;][\/vc_column][\/vc_row]<\/p>\n<\/div>","protected":false},"excerpt":{"rendered":"<p>[vc_row full_width=&#8221;stretch_row&#8221; el_class=&#8221;banner-about-page&#8221;][vc_column width=&#8221;1\/2&#8243; offset=&#8221;vc_col-lg-offset-1 vc_col-lg-4 vc_col-md-5&#8243;][\/vc_column][vc_column width=&#8221;1\/2&#8243; offset=&#8221;vc_col-md-7&#8243;][\/vc_column][\/vc_row][vc_row full_width=&#8221;stretch_row_content&#8221; css=&#8221;.vc_custom_1621417136953{padding-top: 100px !important;}&#8221;][vc_column][\/vc_column][\/vc_row][vc_row full_width=&#8221;stretch_row&#8221; el_class=&#8221;team-about-page&#8221;][vc_column width=&#8221;1\/3&#8243; offset=&#8221;vc_col-lg-offset-1 vc_col-lg-10 vc_col-md-12&#8243;][vc_btn title=&#8221;TRGOVINA&#8221; style=&#8221;custom&#8221; custom_background=&#8221;#dd1e2f&#8221; custom_text=&#8221;#ffffff&#8221; size=&#8221;lg&#8221; align=&#8221;center&#8221; link=&#8221;url:https%3A%2F%2Fjapanpianocenter.com%2Fshop%2F|title:Trgovina%20%E2%80%93%20kategorije|&#8221;][\/vc_column][\/vc_row]<\/p>\n","protected":false},"author":1,"featured_media":0,"parent":0,"menu_order":0,"comment_status":"closed","ping_status":"closed","template":"","meta":{"footnotes":""},"class_list":["post-3841","page","type-page","status-publish","hentry"],"aioseo_notices":[],"_links":{"self":[{"href":"https:\/\/japanpianocenter.com\/hr\/wp-json\/wp\/v2\/pages\/3841","targetHints":{"allow":["GET"]}}],"collection":[{"href":"https:\/\/japanpianocenter.com\/hr\/wp-json\/wp\/v2\/pages"}],"about":[{"href":"https:\/\/japanpianocenter.com\/hr\/wp-json\/wp\/v2\/types\/page"}],"author":[{"embeddable":true,"href":"https:\/\/japanpianocenter.com\/hr\/wp-json\/wp\/v2\/users\/1"}],"replies":[{"embeddable":true,"href":"https:\/\/japanpianocenter.com\/hr\/wp-json\/wp\/v2\/comments?post=3841"}],"version-history":[{"count":2,"href":"https:\/\/japanpianocenter.com\/hr\/wp-json\/wp\/v2\/pages\/3841\/revisions"}],"predecessor-version":[{"id":3843,"href":"https:\/\/japanpianocenter.com\/hr\/wp-json\/wp\/v2\/pages\/3841\/revisions\/3843"}],"wp:attachment":[{"href":"https:\/\/japanpianocenter.com\/hr\/wp-json\/wp\/v2\/media?parent=3841"}],"curies":[{"name":"wp","href":"https:\/\/api.w.org\/{rel}","templated":true}]}}