{"id":3851,"date":"2021-11-08T13:29:29","date_gmt":"2021-11-08T12:29:29","guid":{"rendered":"https:\/\/japanpianocenter.com\/najam\/"},"modified":"2025-07-02T18:53:24","modified_gmt":"2025-07-02T16:53:24","slug":"najam","status":"publish","type":"page","link":"https:\/\/japanpianocenter.com\/hr\/najam\/","title":{"rendered":"Najam"},"content":{"rendered":"<div class=\"wpb-content-wrapper\"><p>[vc_row el_class=&#8221;banner-about-page&#8221;][vc_column width=&#8221;1\/2&#8243; offset=&#8221;vc_col-lg-offset-1 vc_col-lg-4 vc_col-md-5&#8243;]    <div  class=\"element-text-block  info-banner-about\" >\r\n        <h2 class=\"title30 color222 font-title font-semibold text-uppercase\">NAJAM<\/h2>\n<p>\u017delite klavir u svom domu, ali jo\u0161 se niste odlu\u010dili za kupnju? Va\u0161e \u0107e dijete u novoj \u0161kolskoj godini upisati glazbenu \u0161kolu i trebat \u0107e mu klavir? Niste sigurni ho\u0107e li va\u0161e dijete nastaviti sa sviranjem instrumenta?<\/p>\n<p>Imamo rje\u0161enje! Na\u0161i instrumenti mogu se i iznajmiti. Za vrijeme najma mo\u0107i \u0107ete se uvjeriti u kvalitetu pijanina i istovremeno saznati odgovara li instrument va\u0161im \u017eeljama i potrebama.<\/p>\n<p>Mo\u017eete birati izme\u0111u raznih novih ili profesionalno restauriranih modela pijanina marki YAMAHA i KAWAI.<\/p>\n<p style=\"text-align: center;\"><strong>Instrument mo\u017eete iznajmiti na 9 ili 12 mjeseci.<\/strong><\/p>\n<h3 class=\"title16 color font-title font-semibold text-uppercase\" style=\"text-align: center;\">Veliki izbor, stalne zalihe!<\/h3>\n    <\/div>\r\n[\/vc_column][vc_column width=&#8221;1\/2&#8243; offset=&#8221;vc_col-md-7&#8243;]<div class=\"banner-advs text-center  \">\r\n\t    <img loading=\"lazy\" decoding=\"async\" width=\"920\" height=\"460\" src=\"https:\/\/japanpianocenter.com\/wp-content\/uploads\/2021\/06\/japan-piano-center-nakup-klavir-cena-yamaha-ucenje-klavirja-glasbena-sola-GB1-1.jpg\" class=\"attachment-full size-full\" alt=\"\" srcset=\"https:\/\/japanpianocenter.com\/wp-content\/uploads\/2021\/06\/japan-piano-center-nakup-klavir-cena-yamaha-ucenje-klavirja-glasbena-sola-GB1-1.jpg 920w, https:\/\/japanpianocenter.com\/wp-content\/uploads\/2021\/06\/japan-piano-center-nakup-klavir-cena-yamaha-ucenje-klavirja-glasbena-sola-GB1-1-800x400.jpg 800w, https:\/\/japanpianocenter.com\/wp-content\/uploads\/2021\/06\/japan-piano-center-nakup-klavir-cena-yamaha-ucenje-klavirja-glasbena-sola-GB1-1-300x150.jpg 300w, https:\/\/japanpianocenter.com\/wp-content\/uploads\/2021\/06\/japan-piano-center-nakup-klavir-cena-yamaha-ucenje-klavirja-glasbena-sola-GB1-1-768x384.jpg 768w\" sizes=\"auto, (max-width: 920px) 100vw, 920px\" \/>\t\t<\/div>[\/vc_column][\/vc_row][vc_row css=&#8221;.vc_custom_1623393095544{padding-top: 40px !important;}&#8221;][vc_column]\r\n<div class=\"tabs-block block-element  tab-7up-style2 tab-ajax-off\">\r\n\t\t\t<div class=\"tab-header\">\r\n\t\t<ul class=\"title-tab text-left  list-inline-block nav nav-tabs\" role=\"tablist\">\r\n\t\t\t\t\t\t\t<li class=\"active\">\r\n\t\t\t\t\t<a href=\"#\" data-target=\"#\" data-toggle=\"tab\" aria-expanded=\"false\" class=\"navi\">\r\n\t\t\t\t\t\t\t\t\t\t\t\t&#8221;Obnovljeni pianini&#8221; tab_id\t\t\t\t\t\t\t\t\t\t\t\t\t\t\t\t\t<\/a>\r\n\t\t\t\t<\/li>\r\n\t\t\t\t\t\t\t<li class=\"\">\r\n\t\t\t\t\t<a href=\"#\" data-target=\"#\" data-toggle=\"tab\" aria-expanded=\"false\" class=\"navi\">\r\n\t\t\t\t\t\t\t\t\t\t\t\t&#8221;Novi pianini&#8221; tab_id\t\t\t\t\t\t\t\t\t\t\t\t\t\t\t\t\t<\/a>\r\n\t\t\t\t<\/li>\r\n\t\t\t\t\t\t\t<li class=\"\">\r\n\t\t\t\t\t<a href=\"#\" data-target=\"#\" data-toggle=\"tab\" aria-expanded=\"false\" class=\"navi\">\r\n\t\t\t\t\t\t\t\t\t\t\t\t&#8221;Elektri\u010dni klaviri&#8221; tab_id\t\t\t\t\t\t\t\t\t\t\t\t\t\t\t\t\t<\/a>\r\n\t\t\t\t<\/li>\r\n\t\t\t\t\t\t\t<li class=\"\">\r\n\t\t\t\t\t<a href=\"#\" data-target=\"#\" data-toggle=\"tab\" aria-expanded=\"false\" class=\"navi\">\r\n\t\t\t\t\t\t\t\t\t\t\t\t&#8221;Najam za evente&#8221; tab_id\t\t\t\t\t\t\t\t\t\t\t\t\t\t\t\t\t<\/a>\r\n\t\t\t\t<\/li>\r\n\t\t\t\t\t<\/ul>\r\n\t<\/div>\r\n\t\t\t<div class=\"tab-content  \">\r\n\t\t\t<p>[vc_tta_section tab_ajax=\"off\" style=\"tab-7up-style2\" tab_active=\"\" title=&#8221;Obnovljeni pianini&#8221; tab_id=&#8221;1622189202366-4a24b028-75cd&#8221;][vc_row_inner][vc_column_inner width=&#8221;1\/2&#8243;][vc_column_text]<\/p>\n<h3 style=\"text-align: left;\"><strong>Po izteku najema je mogo\u010de:<\/strong><\/h3>\n<ul>\n<li>najem podalj\u0161ati<\/li>\n<li>in\u0161trument vrniti<\/li>\n<li>\u010ce se po izteku najema odlo\u010dite za nakup najetega ali kateregakoli drugega akusti\u010dnega in\u0161trumenta iz na\u0161e ponudbe se na osnovno ceno prizna <span style=\"color: #c73636;\"><strong>popust v vi\u0161ini pla\u010dane najemnine<\/strong><\/span> (9 ali 12 mesecev)<\/li>\n<\/ul>\n<p style=\"text-align: center;\"><strong>Uglasitev in\u0161trumenta\u00a0pred dostavo in dostava na dom: 100EUR<\/strong><\/p>\n<p>[\/vc_column_text][\/vc_column_inner][vc_column_inner width=&#8221;1\/2&#8243;][vc_column_text]<\/p>\n<h3><strong>Po kon\u010danem najemu vam v primeru nakupa nudimo slede\u010de mo\u017enosti pla\u010dila:<\/strong><\/h3>\n<ul>\n<li>dodatni popust pri takoj\u0161njem pla\u010dilu<\/li>\n<li>pla\u010dilo na 24 obrokov brez obresti preko banke Sparkasse (velja samo za Slovenijo)<\/li>\n<li>pla\u010dilo z Diners, Visa, MasterCard, Maestro ali BA karticami<\/li>\n<\/ul>\n<p>[\/vc_column_text][\/vc_column_inner][\/vc_row_inner][vc_row_inner][vc_column_inner width=&#8221;1\/2&#8243;][vc_single_image image=&#8221;3872&#8243; img_size=&#8221;full&#8221;][\/vc_column_inner][vc_column_inner width=&#8221;1\/2&#8243;][vc_custom_heading text=&#8221;YAMAHA in KAWAI&#8221; font_container=&#8221;tag:h2|text_align:center|color:%23000000&#8243; use_theme_fonts=&#8221;yes&#8221;][vc_column_text]<\/p>\n<h4 style=\"text-align: center;\"><span style=\"color: #000000;\">Vi\u0161ina: 108-113 cm<\/span><\/h4>\n<p>[\/vc_column_text][vc_empty_space][vc_custom_heading text=&#8221;Cijena: 39,00 EUR \/ mjesec&#8221; font_container=&#8221;tag:h2|text_align:center|color:%23ffffff&#8221; use_theme_fonts=&#8221;yes&#8221; css=&#8221;.vc_custom_1751475082828{padding-top: 20px !important;padding-bottom: 20px !important;background-color: #dd3333 !important;border-radius: 5px !important;}&#8221;][vc_empty_space][\/vc_column_inner][\/vc_row_inner][vc_row_inner][vc_column_inner width=&#8221;1\/2&#8243;][vc_single_image image=&#8221;3869&#8243; img_size=&#8221;full&#8221;][\/vc_column_inner][vc_column_inner width=&#8221;1\/2&#8243;][vc_custom_heading text=&#8221;KAWAI&#8221; font_container=&#8221;tag:h2|text_align:center|color:%23000000&#8243; use_theme_fonts=&#8221;yes&#8221;][vc_column_text]<\/p>\n<h4 style=\"text-align: center;\"><span style=\"color: #000000;\">Visina: 120-127 cm<\/span><\/h4>\n<p>[\/vc_column_text][vc_empty_space][vc_custom_heading text=&#8221;Cijena: 42,00 EUR \/ mj&#8221; font_container=&#8221;tag:h2|text_align:center|color:%23ffffff&#8221; use_theme_fonts=&#8221;yes&#8221; css=&#8221;.vc_custom_1751475092454{padding-top: 20px !important;padding-bottom: 20px !important;background-color: #dd3333 !important;border-radius: 5px !important;}&#8221;][vc_empty_space][vc_custom_heading text=&#8221;Cijena s funkcijom Silent: 67,00 EUR \/ mjesec&#8221; font_container=&#8221;tag:h2|text_align:center|color:%23ffffff&#8221; use_theme_fonts=&#8221;yes&#8221; css=&#8221;.vc_custom_1751475102954{padding-top: 20px !important;padding-bottom: 20px !important;background-color: #dd3333 !important;border-radius: 5px !important;}&#8221;][\/vc_column_inner][\/vc_row_inner][vc_row_inner][vc_column_inner width=&#8221;1\/2&#8243;][vc_single_image image=&#8221;3866&#8243; img_size=&#8221;full&#8221;][\/vc_column_inner][vc_column_inner width=&#8221;1\/2&#8243;][vc_custom_heading text=&#8221;YAMAHA U1HaliYAMAHA U2H&#8221; font_container=&#8221;tag:h2|text_align:center|color:%23000000&#8243; use_theme_fonts=&#8221;yes&#8221;][vc_column_text]<\/p>\n<h4 style=\"text-align: center;\"><span style=\"color: #000000;\">Visina: 121cm ili 127cm<\/span><\/h4>\n<p>[\/vc_column_text][vc_empty_space][vc_custom_heading text=&#8221;Cijena: 47,00 EUR \/ mesec&#8221; font_container=&#8221;tag:h2|text_align:center|color:%23ffffff&#8221; use_theme_fonts=&#8221;yes&#8221; css=&#8221;.vc_custom_1751475118876{padding-top: 20px !important;padding-bottom: 20px !important;background-color: #dd3333 !important;border-radius: 5px !important;}&#8221;][vc_empty_space][vc_custom_heading text=&#8221;Cijena s funkcijom Silent: 71,00 EUR \/ mjesec&#8221; font_container=&#8221;tag:h2|text_align:center|color:%23ffffff&#8221; use_theme_fonts=&#8221;yes&#8221; css=&#8221;.vc_custom_1751475129956{padding-top: 20px !important;padding-bottom: 20px !important;background-color: #dd3333 !important;border-radius: 5px !important;}&#8221;][\/vc_column_inner][\/vc_row_inner][vc_row_inner][vc_column_inner width=&#8221;1\/2&#8243;][vc_single_image image=&#8221;3866&#8243; img_size=&#8221;full&#8221;][\/vc_column_inner][vc_column_inner width=&#8221;1\/2&#8243;][vc_custom_heading text=&#8221;YAMAHA U1A, U1M, UX-1&#8243; font_container=&#8221;tag:h2|text_align:center|color:%23000000&#8243; use_theme_fonts=&#8221;yes&#8221;][vc_column_text]<\/p>\n<h4 style=\"text-align: center;\"><span style=\"color: #000000;\">Visina: 121cm\u00a0<\/span><\/h4>\n<p>[\/vc_column_text][vc_empty_space][vc_custom_heading text=&#8221;Cijena: 58,00 EUR \/ mjesec&#8221; font_container=&#8221;tag:h2|text_align:center|color:%23ffffff&#8221; use_theme_fonts=&#8221;yes&#8221; css=&#8221;.vc_custom_1751475148316{padding-top: 20px !important;padding-bottom: 20px !important;background-color: #dd3333 !important;border-radius: 5px !important;}&#8221;][vc_empty_space][vc_custom_heading text=&#8221;Cijena s funkcijom Silent: 82,00 EUR \/ mjesec&#8221; font_container=&#8221;tag:h2|text_align:center|color:%23ffffff&#8221; use_theme_fonts=&#8221;yes&#8221; css=&#8221;.vc_custom_1751475157304{padding-top: 20px !important;padding-bottom: 20px !important;background-color: #dd3333 !important;border-radius: 5px !important;}&#8221;][\/vc_column_inner][\/vc_row_inner][vc_row_inner][vc_column_inner width=&#8221;1\/2&#8243;][vc_single_image image=&#8221;3863&#8243; img_size=&#8221;full&#8221;][\/vc_column_inner][vc_column_inner width=&#8221;1\/2&#8243;][vc_custom_heading text=&#8221;YAMAHA U3H&#8221; font_container=&#8221;tag:h2|text_align:center|color:%23000000&#8243; use_theme_fonts=&#8221;yes&#8221;][vc_column_text]<\/p>\n<h4 style=\"text-align: center;\"><span style=\"color: #000000;\">Visina: 131cm\u00a0<\/span><\/h4>\n<p>[\/vc_column_text][vc_empty_space][vc_custom_heading text=&#8221;Cijena: 55,00 EUR \/ mjesec&#8221; font_container=&#8221;tag:h2|text_align:center|color:%23ffffff&#8221; use_theme_fonts=&#8221;yes&#8221; css=&#8221;.vc_custom_1751475171189{padding-top: 20px !important;padding-bottom: 20px !important;background-color: #dd3333 !important;border-radius: 5px !important;}&#8221;][vc_empty_space][vc_custom_heading text=&#8221;Cijena s funkcijom Silent: 79,00 EUR \/ mjesec&#8221; font_container=&#8221;tag:h2|text_align:center|color:%23ffffff&#8221; use_theme_fonts=&#8221;yes&#8221; css=&#8221;.vc_custom_1751475178656{padding-top: 20px !important;padding-bottom: 20px !important;background-color: #dd3333 !important;border-radius: 5px !important;}&#8221;][\/vc_column_inner][\/vc_row_inner][vc_row_inner][vc_column_inner width=&#8221;1\/2&#8243;][vc_single_image image=&#8221;3863&#8243; img_size=&#8221;full&#8221;][\/vc_column_inner][vc_column_inner width=&#8221;1\/2&#8243;][vc_custom_heading text=&#8221;YAMAHA U3A, U3M, UX&#8221; font_container=&#8221;tag:h2|text_align:center|color:%23000000&#8243; use_theme_fonts=&#8221;yes&#8221;][vc_column_text]<\/p>\n<h4 style=\"text-align: center;\"><span style=\"color: #000000;\">Visina: 131cm\u00a0<\/span><\/h4>\n<p>[\/vc_column_text][vc_empty_space][vc_custom_heading text=&#8221;Cijena: 67,00 EUR \/ mesec&#8221; font_container=&#8221;tag:h2|text_align:center|color:%23ffffff&#8221; use_theme_fonts=&#8221;yes&#8221; css=&#8221;.vc_custom_1751475190787{padding-top: 20px !important;padding-bottom: 20px !important;background-color: #dd3333 !important;border-radius: 5px !important;}&#8221;][vc_empty_space][vc_custom_heading text=&#8221;Cijena s funkcijom Silent: 91,00 EUR \/ mjesec&#8221; font_container=&#8221;tag:h2|text_align:center|color:%23ffffff&#8221; use_theme_fonts=&#8221;yes&#8221; css=&#8221;.vc_custom_1751475199390{padding-top: 20px !important;padding-bottom: 20px !important;background-color: #dd3333 !important;border-radius: 5px !important;}&#8221;][\/vc_column_inner][\/vc_row_inner][\/vc_tta_section][vc_tta_section tab_ajax=\"off\" style=\"tab-7up-style2\" tab_active=\"\" title=&#8221;Novi pianini&#8221; tab_id=&#8221;1627562813117-527bd120-aeaa&#8221;][vc_row_inner][vc_column_inner width=&#8221;1\/2&#8243;][vc_column_text]<\/p>\n<h3 style=\"text-align: left;\"><strong>Nakon isteka najma mogu\u0107e je:<\/strong><\/h3>\n<ul>\n<li>produ\u017eiti najam<\/li>\n<li>vratiti instrument<\/li>\n<li>Ako se nakon isteka najma odlu\u010dite za kupnju instrumenta u najmu, odobrava se popust na osnovnu cijenu <span style=\"color: #c73636;\"><strong> u visini pla\u0107ene zakupnine (9 ili 12 mjeseci)<\/strong><\/span><\/li>\n<\/ul>\n<p>[\/vc_column_text][\/vc_column_inner][vc_column_inner width=&#8221;1\/2&#8243;][vc_column_text]<\/p>\n<h3><strong>Po kon\u010danem najemu vam v primeru nakupa nudimo slede\u010de mo\u017enosti pla\u010dila:<\/strong><\/h3>\n<ul>\n<li>dodatni popust pri takoj\u0161njem pla\u010dilu<\/li>\n<li>pla\u010dilo na 24 obrokov brez obresti preko banke Sparkasse (velja samo za Slovenijo)<\/li>\n<li>pla\u010dilo z Diners, Visa, MasterCard, Maestro ali BA karticami<\/li>\n<\/ul>\n<p>[\/vc_column_text][\/vc_column_inner][\/vc_row_inner][vc_row_inner][vc_column_inner width=&#8221;1\/2&#8243;][vc_single_image image=&#8221;1796&#8243; img_size=&#8221;full&#8221;][\/vc_column_inner][vc_column_inner width=&#8221;1\/2&#8243;][vc_custom_heading text=&#8221;YAMAHA b1 NOV&#8221; font_container=&#8221;tag:h2|text_align:center|color:%23000000&#8243; use_theme_fonts=&#8221;yes&#8221;][vc_column_text]<\/p>\n<h4 style=\"text-align: center;\"><span style=\"color: #000000;\">Visina: 109 cm<\/span><\/h4>\n<p>[\/vc_column_text][vc_empty_space][vc_custom_heading text=&#8221;Cijena: 45,00 EUR \/ mj&#8221; font_container=&#8221;tag:h2|text_align:center|color:%23ffffff&#8221; use_theme_fonts=&#8221;yes&#8221; css=&#8221;.vc_custom_1692896351506{padding-top: 20px !important;padding-bottom: 20px !important;background-color: #dd3333 !important;border-radius: 5px !important;}&#8221;][vc_empty_space][\/vc_column_inner][\/vc_row_inner][vc_row_inner][vc_column_inner width=&#8221;1\/2&#8243;][vc_single_image image=&#8221;3860&#8243; img_size=&#8221;full&#8221;][\/vc_column_inner][vc_column_inner width=&#8221;1\/2&#8243;][vc_custom_heading text=&#8221;YAMAHA b2 NOV&#8221; font_container=&#8221;tag:h2|text_align:center|color:%23000000&#8243; use_theme_fonts=&#8221;yes&#8221;][vc_column_text]<\/p>\n<h4 style=\"text-align: center;\"><span style=\"color: #000000;\">Visina: 113 cm<\/span><\/h4>\n<p>[\/vc_column_text][vc_empty_space][vc_custom_heading text=&#8221;Cijena: 50,00 EUR \/ mesec&#8221; font_container=&#8221;tag:h2|text_align:center|color:%23ffffff&#8221; use_theme_fonts=&#8221;yes&#8221; css=&#8221;.vc_custom_1692896360067{padding-top: 20px !important;padding-bottom: 20px !important;background-color: #dd3333 !important;border-radius: 5px !important;}&#8221;][vc_empty_space][\/vc_column_inner][\/vc_row_inner][vc_row_inner][vc_column_inner width=&#8221;1\/2&#8243;][vc_single_image image=&#8221;3857&#8243; img_size=&#8221;full&#8221;][\/vc_column_inner][vc_column_inner width=&#8221;1\/2&#8243;][vc_custom_heading text=&#8221;YAMAHA b3 NOV&#8221; font_container=&#8221;tag:h2|text_align:center|color:%23000000&#8243; use_theme_fonts=&#8221;yes&#8221;][vc_column_text]<\/p>\n<h4 style=\"text-align: center;\"><span style=\"color: #000000;\">Visina: 121 cm<\/span><\/h4>\n<p>[\/vc_column_text][vc_empty_space][vc_custom_heading text=&#8221;Cijena: 55,00 EUR \/ mesec&#8221; font_container=&#8221;tag:h2|text_align:center|color:%23ffffff&#8221; use_theme_fonts=&#8221;yes&#8221; css=&#8221;.vc_custom_1692896366483{padding-top: 20px !important;padding-bottom: 20px !important;background-color: #dd3333 !important;border-radius: 5px !important;}&#8221;][vc_empty_space][\/vc_column_inner][\/vc_row_inner][\/vc_tta_section][vc_tta_section tab_ajax=\"off\" style=\"tab-7up-style2\" tab_active=\"\" title=&#8221;Elektri\u010dni klaviri&#8221; tab_id=&#8221;1627564278917-0816001b-a9e9&#8243;][vc_row_inner][vc_column_inner width=&#8221;1\/2&#8243;][vc_column_text]<\/p>\n<h3 style=\"text-align: left;\"><strong>Po izteku najema je mogo\u010de:<\/strong><\/h3>\n<ul>\n<li>najem podalj\u0161ati<\/li>\n<li>in\u0161trument vrniti<\/li>\n<li>\u010ce se po izteku najema odlo\u010dite za nakup najetega ali kateregakoli drugega akusti\u010dnega in\u0161trumenta iz na\u0161e ponudbe se na osnovno ceno prizna <span style=\"color: #c73636;\"><strong>popust v vi\u0161ini pla\u010dane najemnine<\/strong><\/span> (9 ali 12 mesecev)<\/li>\n<\/ul>\n<p>[\/vc_column_text][\/vc_column_inner][vc_column_inner width=&#8221;1\/2&#8243;][vc_column_text]<\/p>\n<h3><strong>Po kon\u010danem najemu vam v primeru nakupa nudimo slede\u010de mo\u017enosti pla\u010dila:<\/strong><\/h3>\n<ul>\n<li>pla\u010dilo z Diners, Visa, MasterCard, Maestro ali BA karticami<\/li>\n<\/ul>\n<p>[\/vc_column_text][\/vc_column_inner][\/vc_row_inner][vc_row_inner][vc_column_inner width=&#8221;1\/2&#8243;][vc_single_image image=&#8221;1720&#8243; img_size=&#8221;full&#8221;][\/vc_column_inner][vc_column_inner width=&#8221;1\/2&#8243;][vc_custom_heading text=&#8221;YAMAHA Arius YDP-165 set*&#8221; font_container=&#8221;tag:h2|text_align:center|color:%23000000&#8243; use_theme_fonts=&#8221;yes&#8221;][vc_column_text]<\/p>\n<h4 style=\"text-align: center;\"><span style=\"color: #000000;\">Set vklju\u010duje:<\/span><\/h4>\n<p style=\"text-align: center;\"><strong>elektri\u010dni klavir YDP165 in nastavljivo klop DX14<\/strong><\/p>\n<p style=\"text-align: center;\">In\u0161trument je za najem na voljo v \u010drni ali beli barvi<\/p>\n<p>[\/vc_column_text][vc_empty_space][vc_custom_heading text=&#8221;Cijena: 35,00 EUR \/ mj&#8221; font_container=&#8221;tag:h2|text_align:center|color:%23ffffff&#8221; use_theme_fonts=&#8221;yes&#8221; css=&#8221;.vc_custom_1627654066038{padding-top: 20px !important;padding-bottom: 20px !important;background-color: #dd3333 !important;border-radius: 5px !important;}&#8221;][vc_empty_space][\/vc_column_inner][\/vc_row_inner][vc_row_inner][vc_column_inner width=&#8221;1\/2&#8243;][vc_single_image image=&#8221;6477&#8243; img_size=&#8221;full&#8221;][\/vc_column_inner][vc_column_inner width=&#8221;1\/2&#8243;][vc_custom_heading text=&#8221;YAMAHA Arius YDP-145 set*&#8221; font_container=&#8221;tag:h2|text_align:center|color:%23000000&#8243; use_theme_fonts=&#8221;yes&#8221;][vc_column_text]<\/p>\n<h4 style=\"text-align: center;\"><span style=\"color: #000000;\">Set vklju\u010duje:<\/span><\/h4>\n<p style=\"text-align: center;\"><strong>elektri\u010dni klavir YDP145 in nastavljivo klop DX14<\/strong><\/p>\n<p style=\"text-align: center;\">In\u0161trument je za najem na voljo v \u010drni ali beli barvi<\/p>\n<p>[\/vc_column_text][vc_empty_space][vc_custom_heading text=&#8221;Cijena: 30,00 EUR \/ mj&#8221; font_container=&#8221;tag:h2|text_align:center|color:%23ffffff&#8221; use_theme_fonts=&#8221;yes&#8221; css=&#8221;.vc_custom_1692896440922{padding-top: 20px !important;padding-bottom: 20px !important;background-color: #dd3333 !important;border-radius: 5px !important;}&#8221;][vc_empty_space][\/vc_column_inner][\/vc_row_inner][\/vc_tta_section][vc_tta_section tab_ajax=\"off\" style=\"tab-7up-style2\" tab_active=\"\" title=&#8221;Najam za evente&#8221; tab_id=&#8221;1627564863354-2a661907-4267&#8243;][vc_row_inner][vc_column_inner width=&#8221;1\/6&#8243;][\/vc_column_inner][vc_column_inner width=&#8221;4\/6&#8243;][vc_column_text]<\/p>\n<h3 style=\"text-align: center;\"><strong>V Japan piano centru lahko najamete klavirje ali pianine za enodnevne ali dlje trajajo\u010de dogodke.<\/strong><\/h3>\n<p style=\"text-align: center;\">Na voljo imamo koncertne klavirje najvi\u0161je kakovosti ter manj\u0161e klavirje in pianine namenjene samostojnim nastopom ali spremljavam.<\/p>\n<p style=\"text-align: center;\">In\u0161trument vam pripeljemo na izbrano lokacijo, kjer ga uglasimo po va\u0161ih \u017eeljah, po kon\u010danem dogodku pa in\u0161trument prevzamemo.<strong> Garantiramo vam najni\u017ejo ceno za najem izbranega in\u0161trumenta.<\/strong><\/p>\n<p style=\"text-align: center;\"><strong>Pri dolgoro\u010dnem sodelovanju vam nudimo dodatne popuste.<\/strong><\/p>\n<h5 style=\"text-align: center;\">Za dodatne informacije glede najema in\u0161trumenta za dogodek nas lahko pokli\u010dete na: <span style=\"color: #c73636;\"><a style=\"color: #c73636;\" href=\"tel:041200300\">041 200 300<\/a><\/span> in <span style=\"color: #c73636;\"><a style=\"color: #c73636;\" href=\"tel:031800830\">031 800 830<\/a><\/span> ali pa nam pi\u0161ete na <a href=\"mailto:info@japanpianocenter.com\">info@japanpianocenter.com<\/a><\/h5>\n<p>[\/vc_column_text][\/vc_column_inner][vc_column_inner width=&#8221;1\/6&#8243;][\/vc_column_inner][\/vc_row_inner][vc_row_inner][vc_column_inner width=&#8221;1\/2&#8243;][vc_single_image image=&#8221;4175&#8243; img_size=&#8221;full&#8221;][\/vc_column_inner][vc_column_inner width=&#8221;1\/2&#8243;][vc_custom_heading text=&#8221;YAMAHA CFX Premium&#8221; font_container=&#8221;tag:h2|text_align:center|color:%23000000&#8243; use_theme_fonts=&#8221;yes&#8221;][vc_column_text]<\/p>\n<h4 style=\"text-align: center;\"><span style=\"color: #000000;\">Du\u017eina<\/span><span style=\"color: #000000;\"> 275cm<\/span><\/h4>\n<p>[\/vc_column_text][vc_empty_space][vc_empty_space][\/vc_column_inner][\/vc_row_inner][vc_row_inner][vc_column_inner width=&#8221;1\/2&#8243;][vc_single_image image=&#8221;2227&#8243; img_size=&#8221;full&#8221;][\/vc_column_inner][vc_column_inner width=&#8221;1\/2&#8243;][vc_custom_heading text=&#8221;YAMAHA S7X PREMIUM&#8221; font_container=&#8221;tag:h2|text_align:center|color:%23000000&#8243; use_theme_fonts=&#8221;yes&#8221;][vc_column_text]<\/p>\n<h4 style=\"text-align: center;\"><span style=\"color: #000000;\">Du\u017eina: 227cm<\/span><\/h4>\n<p>[\/vc_column_text][vc_empty_space][vc_empty_space][\/vc_column_inner][\/vc_row_inner][vc_row_inner][vc_column_inner width=&#8221;1\/2&#8243;][vc_single_image image=&#8221;6490&#8243; img_size=&#8221;full&#8221;][\/vc_column_inner][vc_column_inner width=&#8221;1\/2&#8243;][vc_custom_heading text=&#8221;YAMAHA S6X Premium&#8221; font_container=&#8221;tag:h2|text_align:center|color:%23000000&#8243; use_theme_fonts=&#8221;yes&#8221;][vc_column_text]<\/p>\n<h4 style=\"text-align: center;\"><span style=\"color: #000000;\">Du\u017eina: 213cm<\/span><\/h4>\n<p>[\/vc_column_text][vc_empty_space][vc_empty_space][\/vc_column_inner][\/vc_row_inner][vc_row_inner][vc_column_inner width=&#8221;1\/2&#8243;][vc_single_image image=&#8221;1770&#8243; img_size=&#8221;full&#8221;][\/vc_column_inner][vc_column_inner width=&#8221;1\/2&#8243;][vc_custom_heading text=&#8221;YAMAHA C3X&#8221; font_container=&#8221;tag:h2|text_align:center|color:%23000000&#8243; use_theme_fonts=&#8221;yes&#8221;][vc_column_text]<\/p>\n<h4 style=\"text-align: center;\"><span style=\"color: #000000;\">Du\u017eina: 186cm<\/span><\/h4>\n<p>[\/vc_column_text][vc_empty_space][vc_empty_space][\/vc_column_inner][\/vc_row_inner][vc_row_inner][vc_column_inner width=&#8221;1\/2&#8243;][vc_single_image image=&#8221;3854&#8243; img_size=&#8221;full&#8221;][\/vc_column_inner][vc_column_inner width=&#8221;1\/2&#8243;][vc_custom_heading text=&#8221;YAMAHA C3 &#8211; bela&#8221; font_container=&#8221;tag:h2|text_align:center|color:%23000000&#8243; use_theme_fonts=&#8221;yes&#8221;][vc_column_text]<\/p>\n<h4 style=\"text-align: center;\"><span style=\"color: #000000;\">Du\u017eina: 186cm<\/span><\/h4>\n<p>[\/vc_column_text][vc_empty_space][vc_empty_space][\/vc_column_inner][\/vc_row_inner][vc_row_inner][vc_column_inner width=&#8221;1\/2&#8243;][vc_single_image image=&#8221;3866&#8243; img_size=&#8221;full&#8221;][\/vc_column_inner][vc_column_inner width=&#8221;1\/2&#8243;][vc_custom_heading text=&#8221;YAMAHA U1&#8243; font_container=&#8221;tag:h2|text_align:center|color:%23000000&#8243; use_theme_fonts=&#8221;yes&#8221;][vc_column_text]<\/p>\n<h4 style=\"text-align: center;\"><span style=\"color: #000000;\">Visina: 121cm<\/span><\/h4>\n<p style=\"text-align: center;\">klavir je dostupan u crnoj, crvenoj ili bijeloj boji<\/p>\n<p>[\/vc_column_text][vc_empty_space][vc_empty_space][\/vc_column_inner][\/vc_row_inner][vc_row_inner][vc_column_inner width=&#8221;1\/2&#8243;][vc_single_image image=&#8221;3863&#8243; img_size=&#8221;full&#8221;][\/vc_column_inner][vc_column_inner width=&#8221;1\/2&#8243;][vc_custom_heading text=&#8221;YAMAHA U3&#8243; font_container=&#8221;tag:h2|text_align:center|color:%23000000&#8243; use_theme_fonts=&#8221;yes&#8221;][vc_column_text]<\/p>\n<h4 style=\"text-align: center;\"><span style=\"color: #000000;\">Visina: 131cm<\/span><\/h4>\n<p style=\"text-align: center;\">klavir je dostupan u crnoj, crvenoj ili bijeloj boji<\/p>\n<p>[\/vc_column_text][vc_empty_space][vc_empty_space][\/vc_column_inner][\/vc_row_inner][\/vc_tta_section]<\/p>\n\t\t<\/div>\r\n\t<\/div>\r\n[\/vc_column][\/vc_row]<\/p>\n<\/div>","protected":false},"excerpt":{"rendered":"<p>[vc_row el_class=&#8221;banner-about-page&#8221;][vc_column width=&#8221;1\/2&#8243; offset=&#8221;vc_col-lg-offset-1 vc_col-lg-4 vc_col-md-5&#8243;][\/vc_column][vc_column width=&#8221;1\/2&#8243; offset=&#8221;vc_col-md-7&#8243;][\/vc_column][\/vc_row][vc_row css=&#8221;.vc_custom_1623393095544{padding-top: 40px !important;}&#8221;][vc_column][\/vc_column][\/vc_row]<\/p>\n","protected":false},"author":1,"featured_media":0,"parent":0,"menu_order":0,"comment_status":"closed","ping_status":"closed","template":"","meta":{"footnotes":""},"class_list":["post-3851","page","type-page","status-publish","hentry"],"aioseo_notices":[],"_links":{"self":[{"href":"https:\/\/japanpianocenter.com\/hr\/wp-json\/wp\/v2\/pages\/3851","targetHints":{"allow":["GET"]}}],"collection":[{"href":"https:\/\/japanpianocenter.com\/hr\/wp-json\/wp\/v2\/pages"}],"about":[{"href":"https:\/\/japanpianocenter.com\/hr\/wp-json\/wp\/v2\/types\/page"}],"author":[{"embeddable":true,"href":"https:\/\/japanpianocenter.com\/hr\/wp-json\/wp\/v2\/users\/1"}],"replies":[{"embeddable":true,"href":"https:\/\/japanpianocenter.com\/hr\/wp-json\/wp\/v2\/comments?post=3851"}],"version-history":[{"count":10,"href":"https:\/\/japanpianocenter.com\/hr\/wp-json\/wp\/v2\/pages\/3851\/revisions"}],"predecessor-version":[{"id":7655,"href":"https:\/\/japanpianocenter.com\/hr\/wp-json\/wp\/v2\/pages\/3851\/revisions\/7655"}],"wp:attachment":[{"href":"https:\/\/japanpianocenter.com\/hr\/wp-json\/wp\/v2\/media?parent=3851"}],"curies":[{"name":"wp","href":"https:\/\/api.w.org\/{rel}","templated":true}]}}