{"id":3876,"date":"2021-11-08T13:43:57","date_gmt":"2021-11-08T12:43:57","guid":{"rendered":"https:\/\/japanpianocenter.com\/obnova\/"},"modified":"2021-11-08T13:43:58","modified_gmt":"2021-11-08T12:43:58","slug":"obnova","status":"publish","type":"page","link":"https:\/\/japanpianocenter.com\/hr\/obnova\/","title":{"rendered":"Obnova"},"content":{"rendered":"<div class=\"wpb-content-wrapper\"><p>[vc_row full_width=&#8221;stretch_row&#8221; el_class=&#8221;banner-about-page&#8221;][vc_column width=&#8221;1\/2&#8243; offset=&#8221;vc_col-lg-offset-1 vc_col-lg-4 vc_col-md-5&#8243;]    <div  class=\"element-text-block  info-banner-about\" >\r\n        <h2 class=\"title30 color222 font-title font-semibold text-uppercase\">Obnova<\/h2>\n<p>Zub vremena ostavlja trag, stoga su profesionalna briga o materijalima i besprijekoran izgled klju\u010dni za osiguravanje duljeg vijeka trajanja instrumenta.<\/p>\n<p>Na\u0161e usluge uklju\u010duju procese sanacije i poliranja povr\u0161ine koje izvode kvalificirani stru\u010dnjaci. Pa\u017eljivom restauracijom povr\u0161ina rabljenog klavira, vra\u0107amo mu sjaj novog glazbenog instrumenta.<\/p>\n    <\/div>\r\n[\/vc_column][vc_column width=&#8221;1\/2&#8243; offset=&#8221;vc_col-md-7&#8243;]<div class=\"banner-advs text-center  \">\r\n\t    <img loading=\"lazy\" decoding=\"async\" width=\"920\" height=\"460\" src=\"https:\/\/japanpianocenter.com\/wp-content\/uploads\/2021\/06\/japan-piano-center-nakup-klavir-cena-yamaha-ucenje-klavirja-glasbena-sola-GC.jpg\" class=\"attachment-full size-full\" alt=\"\" srcset=\"https:\/\/japanpianocenter.com\/wp-content\/uploads\/2021\/06\/japan-piano-center-nakup-klavir-cena-yamaha-ucenje-klavirja-glasbena-sola-GC.jpg 920w, https:\/\/japanpianocenter.com\/wp-content\/uploads\/2021\/06\/japan-piano-center-nakup-klavir-cena-yamaha-ucenje-klavirja-glasbena-sola-GC-800x400.jpg 800w, https:\/\/japanpianocenter.com\/wp-content\/uploads\/2021\/06\/japan-piano-center-nakup-klavir-cena-yamaha-ucenje-klavirja-glasbena-sola-GC-300x150.jpg 300w, https:\/\/japanpianocenter.com\/wp-content\/uploads\/2021\/06\/japan-piano-center-nakup-klavir-cena-yamaha-ucenje-klavirja-glasbena-sola-GC-768x384.jpg 768w\" sizes=\"auto, (max-width: 920px) 100vw, 920px\" \/>\t\t<\/div>[\/vc_column][\/vc_row]<\/p>\n<\/div>","protected":false},"excerpt":{"rendered":"<p>[vc_row full_width=&#8221;stretch_row&#8221; el_class=&#8221;banner-about-page&#8221;][vc_column width=&#8221;1\/2&#8243; offset=&#8221;vc_col-lg-offset-1 vc_col-lg-4 vc_col-md-5&#8243;][\/vc_column][vc_column width=&#8221;1\/2&#8243; offset=&#8221;vc_col-md-7&#8243;][\/vc_column][\/vc_row]<\/p>\n","protected":false},"author":1,"featured_media":0,"parent":0,"menu_order":0,"comment_status":"closed","ping_status":"closed","template":"","meta":{"footnotes":""},"class_list":["post-3876","page","type-page","status-publish","hentry"],"aioseo_notices":[],"_links":{"self":[{"href":"https:\/\/japanpianocenter.com\/hr\/wp-json\/wp\/v2\/pages\/3876","targetHints":{"allow":["GET"]}}],"collection":[{"href":"https:\/\/japanpianocenter.com\/hr\/wp-json\/wp\/v2\/pages"}],"about":[{"href":"https:\/\/japanpianocenter.com\/hr\/wp-json\/wp\/v2\/types\/page"}],"author":[{"embeddable":true,"href":"https:\/\/japanpianocenter.com\/hr\/wp-json\/wp\/v2\/users\/1"}],"replies":[{"embeddable":true,"href":"https:\/\/japanpianocenter.com\/hr\/wp-json\/wp\/v2\/comments?post=3876"}],"version-history":[{"count":2,"href":"https:\/\/japanpianocenter.com\/hr\/wp-json\/wp\/v2\/pages\/3876\/revisions"}],"predecessor-version":[{"id":3878,"href":"https:\/\/japanpianocenter.com\/hr\/wp-json\/wp\/v2\/pages\/3876\/revisions\/3878"}],"wp:attachment":[{"href":"https:\/\/japanpianocenter.com\/hr\/wp-json\/wp\/v2\/media?parent=3876"}],"curies":[{"name":"wp","href":"https:\/\/api.w.org\/{rel}","templated":true}]}}