{"id":3884,"date":"2021-11-08T13:52:23","date_gmt":"2021-11-08T12:52:23","guid":{"rendered":"https:\/\/japanpianocenter.com\/transport\/"},"modified":"2021-11-08T13:52:24","modified_gmt":"2021-11-08T12:52:24","slug":"transport","status":"publish","type":"page","link":"https:\/\/japanpianocenter.com\/hr\/transport\/","title":{"rendered":"Transport"},"content":{"rendered":"<div class=\"wpb-content-wrapper\"><p>[vc_row full_width=&#8221;stretch_row&#8221; el_class=&#8221;banner-about-page&#8221;][vc_column width=&#8221;1\/2&#8243; offset=&#8221;vc_col-lg-offset-1 vc_col-lg-4 vc_col-md-5&#8243;]    <div  class=\"element-text-block  info-banner-about\" >\r\n        <h2 class=\"title30 color222 font-title font-semibold text-uppercase\">Transport<\/h2>\n<p>Premje\u0161tanje klavira ili pijanina s jednog mjesta na drugo zahtjevan je posao, jer premje\u0161tate te\u0161ke i osjetljive komade koji \u010desto imaju i sentimentalnu vrijednost. Premje\u0161tanje va\u0161eg instrumenta povjerite profesionalcima.<\/p>\n<p>Japan Piano Center ima posebno opremljena vozila za prijevoz koncertnih klavira i pijanina, a za premje\u0161tanje instrumenata koristimo poseban ure\u0111aj, \u201epianoplan\u201d, koji omogu\u0107uje lak\u0161e i stabilnije kretanje va\u0161eg klavira ili pijanina po stepenicama.<\/p>\n<p>Na nas mo\u017eete ra\u010dunati i za te\u017ee zadatke, gdje nije mogu\u0107e koristiti pianoplan. Tako\u0111er mo\u017eemo organizirati premje\u0161tanje instrumenata uz pomo\u0107 \u201egurtena\u201c (remenje) ili mo\u017eemo postaviti va\u0161 instrument u \u017eeljeni prostor uz pomo\u0107 HIAB -a.<\/p>\n<p>Usluga je namijenjena pojedincima, profesionalnim glazbenicima, glazbenim ustanovama, kazali\u0161tima, \u0161kolama itd.<\/p>\n<p><strong>Za premje\u0161tanje instrumenta nazovite nas na tel: +38670 848 020 ili nam pi\u0161ite na info@japanpianocenter.com.<\/strong><\/p>\n    <\/div>\r\n[\/vc_column][vc_column width=&#8221;1\/2&#8243; offset=&#8221;vc_col-md-7&#8243;]<div class=\"banner-advs text-center  \">\r\n\t    <img loading=\"lazy\" decoding=\"async\" width=\"1200\" height=\"800\" src=\"https:\/\/japanpianocenter.com\/wp-content\/uploads\/2021\/06\/Japan_piano_center-storitve-klavir-pianino-prevoz-transport-selitev-4.jpg\" class=\"attachment-full size-full\" alt=\"\" srcset=\"https:\/\/japanpianocenter.com\/wp-content\/uploads\/2021\/06\/Japan_piano_center-storitve-klavir-pianino-prevoz-transport-selitev-4.jpg 1200w, https:\/\/japanpianocenter.com\/wp-content\/uploads\/2021\/06\/Japan_piano_center-storitve-klavir-pianino-prevoz-transport-selitev-4-800x533.jpg 800w, https:\/\/japanpianocenter.com\/wp-content\/uploads\/2021\/06\/Japan_piano_center-storitve-klavir-pianino-prevoz-transport-selitev-4-300x200.jpg 300w, https:\/\/japanpianocenter.com\/wp-content\/uploads\/2021\/06\/Japan_piano_center-storitve-klavir-pianino-prevoz-transport-selitev-4-1024x683.jpg 1024w, https:\/\/japanpianocenter.com\/wp-content\/uploads\/2021\/06\/Japan_piano_center-storitve-klavir-pianino-prevoz-transport-selitev-4-768x512.jpg 768w\" sizes=\"auto, (max-width: 1200px) 100vw, 1200px\" \/>\t\t<\/div>[\/vc_column][\/vc_row][vc_row full_width=&#8221;stretch_row_content&#8221; css=&#8221;.vc_custom_1621417136953{padding-top: 100px !important;}&#8221;][vc_column]    <div  class=\"element-text-block  info-banner-about\" >\r\n        <h3 class=\"title16 color font-title font-semibold text-uppercase\" style=\"text-align: center;\">25 godina iskustva u prijevozu klavira i pianina<\/h3>\n    <\/div>\r\n[\/vc_column][\/vc_row][vc_row full_width=&#8221;stretch_row&#8221; el_class=&#8221;team-about-page&#8221;][vc_column offset=&#8221;vc_col-lg-offset-1 vc_col-lg-10 vc_col-md-12&#8243;]    <div  class=\"element-text-block  text-center title-team-about\" >\r\n        <h2 class=\"font-title title30 color222 font-semibold text-uppercase\"><span class=\"bg-color\">ISKUSTVA<\/span><\/h2>\n    <\/div>\r\n<div class=\"item-testimonial   brand-slider\">\r\n    <div class=\"testimonial-thumb\">\r\n        <a href=\"\" class=\"round\"><\/a>\r\n    <\/div>\r\n    <div class=\"testimonial-info\">\r\n        <div class=\"testimonial-content-info\">\r\n            <h3 class=\"title18  font-semibold font-title\"><a class=\"color222\" href=\"\" >Vito \u010cernko<\/a><\/h3>                                    <div class=\"testimonial-content\">\r\n                <p>Salon Japan Piano Centra prepun je izvrsnih instrumenata, pravo igrali\u0161te za pijaniste, a za vrijeme pauze vrlo ljubazno osoblje mo\u017ee vam poslu\u017eiti sok ili kavu. Uz salon imamo i izvrsne u\u010dionice u kojima mo\u017eete vje\u017ebati do iznemoglosti. Sam sam ovdje prona\u0161ao odli\u010dan klavir, koji je vrlo vje\u0161to osoblje bez ikakvih problema dostavilo na 3. kat. Salon preporu\u010dujem svima koji tra\u017ee novog suputnika s tipkama ili prostor za slobodno vje\u017ebanje.<\/p>\n            <\/div>\r\n                    <\/div>\r\n    <\/div>\r\n<\/div><div class=\"item-testimonial   brand-slider\">\r\n    <div class=\"testimonial-thumb\">\r\n        <a href=\"\" class=\"round\"><\/a>\r\n    <\/div>\r\n    <div class=\"testimonial-info\">\r\n        <div class=\"testimonial-content-info\">\r\n            <h3 class=\"title18  font-semibold font-title\"><a class=\"color222\" href=\"\" >Tanja Der\u017eelj<\/a><\/h3>                                    <div class=\"testimonial-content\">\r\n                <p>Hvala za vse &#8211; za vso organizacijo, profesionalno izvedbo, prijaznost. Vse je bilo vrhunsko izpeljano in res sem sre\u010dna, da imam po 15 letih svoj klavir zopet pri sebi.<\/p>\n            <\/div>\r\n                    <\/div>\r\n    <\/div>\r\n<\/div>[\/vc_column][\/vc_row][vc_row full_width=&#8221;stretch_row&#8221; el_class=&#8221;team-about-page&#8221;][vc_column offset=&#8221;vc_col-lg-offset-1 vc_col-lg-10 vc_col-md-12&#8243;]    <div  class=\"element-text-block  text-center title-team-about\" >\r\n        <h2 class=\"font-title title30 color222 font-semibold text-uppercase\"><span class=\"bg-color\">GALERIJA<\/span><\/h2>\n    <\/div>\r\n[vc_masonry_media_grid style=&#8221;lazy&#8221; items_per_page=&#8221;6&#8243; grid_id=&#8221;vc_gid:1629291225367-a1d68155-a9f7-10&#8243; include=&#8221;1877,1878,1879,1880,1881,1882,1883,1884,1885,1886,1887,1888&#8243;][\/vc_column][\/vc_row]<\/p>\n<\/div>","protected":false},"excerpt":{"rendered":"<p>[vc_row full_width=&#8221;stretch_row&#8221; el_class=&#8221;banner-about-page&#8221;][vc_column width=&#8221;1\/2&#8243; offset=&#8221;vc_col-lg-offset-1 vc_col-lg-4 vc_col-md-5&#8243;][\/vc_column][vc_column width=&#8221;1\/2&#8243; offset=&#8221;vc_col-md-7&#8243;][\/vc_column][\/vc_row][vc_row full_width=&#8221;stretch_row_content&#8221; css=&#8221;.vc_custom_1621417136953{padding-top: 100px !important;}&#8221;][vc_column][\/vc_column][\/vc_row][vc_row full_width=&#8221;stretch_row&#8221; el_class=&#8221;team-about-page&#8221;][vc_column offset=&#8221;vc_col-lg-offset-1 vc_col-lg-10 vc_col-md-12&#8243;][\/vc_column][\/vc_row][vc_row full_width=&#8221;stretch_row&#8221; el_class=&#8221;team-about-page&#8221;][vc_column offset=&#8221;vc_col-lg-offset-1 vc_col-lg-10 vc_col-md-12&#8243;][vc_masonry_media_grid style=&#8221;lazy&#8221; items_per_page=&#8221;6&#8243; grid_id=&#8221;vc_gid:1629291225367-a1d68155-a9f7-10&#8243; include=&#8221;1877,1878,1879,1880,1881,1882,1883,1884,1885,1886,1887,1888&#8243;][\/vc_column][\/vc_row]<\/p>\n","protected":false},"author":1,"featured_media":0,"parent":0,"menu_order":0,"comment_status":"closed","ping_status":"closed","template":"","meta":{"footnotes":""},"class_list":["post-3884","page","type-page","status-publish","hentry"],"aioseo_notices":[],"_links":{"self":[{"href":"https:\/\/japanpianocenter.com\/hr\/wp-json\/wp\/v2\/pages\/3884","targetHints":{"allow":["GET"]}}],"collection":[{"href":"https:\/\/japanpianocenter.com\/hr\/wp-json\/wp\/v2\/pages"}],"about":[{"href":"https:\/\/japanpianocenter.com\/hr\/wp-json\/wp\/v2\/types\/page"}],"author":[{"embeddable":true,"href":"https:\/\/japanpianocenter.com\/hr\/wp-json\/wp\/v2\/users\/1"}],"replies":[{"embeddable":true,"href":"https:\/\/japanpianocenter.com\/hr\/wp-json\/wp\/v2\/comments?post=3884"}],"version-history":[{"count":2,"href":"https:\/\/japanpianocenter.com\/hr\/wp-json\/wp\/v2\/pages\/3884\/revisions"}],"predecessor-version":[{"id":3886,"href":"https:\/\/japanpianocenter.com\/hr\/wp-json\/wp\/v2\/pages\/3884\/revisions\/3886"}],"wp:attachment":[{"href":"https:\/\/japanpianocenter.com\/hr\/wp-json\/wp\/v2\/media?parent=3884"}],"curies":[{"name":"wp","href":"https:\/\/api.w.org\/{rel}","templated":true}]}}