{"id":3949,"date":"2021-11-09T11:18:51","date_gmt":"2021-11-09T10:18:51","guid":{"rendered":"https:\/\/japanpianocenter.com\/najam-ucionice\/"},"modified":"2025-07-02T19:02:42","modified_gmt":"2025-07-02T17:02:42","slug":"najam-ucionice","status":"publish","type":"page","link":"https:\/\/japanpianocenter.com\/hr\/najam-ucionice\/","title":{"rendered":"Najam u\u010dionice"},"content":{"rendered":"<div class=\"wpb-content-wrapper\"><p>[vc_row full_width=&#8221;stretch_row&#8221; el_class=&#8221;banner-about-page&#8221;][vc_column width=&#8221;1\/2&#8243; offset=&#8221;vc_col-lg-offset-1 vc_col-lg-4 vc_col-md-5&#8243;]    <div  class=\"element-text-block  info-banner-about\" >\r\n        <h2 class=\"title30 color222 font-title font-semibold text-uppercase\">NAJAM U\u010cIONICE<\/h2>\n<p>U Japan Piano Centru \u0160i\u0161ka, svima kojima je potreban kvalitetan prostor za vje\u017ebanje, nudimo 8 u\u010dionica odn. prostorija za vje\u017ebanje opremljenih vrhunskim klavirima i pijaninima. Kvalitetnom ponudom \u017eelimo (tako\u0111er) rije\u0161iti problem pijanista, osobito srednjo\u0161kolaca i studenata, koji \u010desto nemaju priliku vje\u017ebati u svojim obrazovnim ustanovama. Prostori su tako\u0111er namijenjeni glazbenim pedagozima kojima je za kvalitetno izvo\u0111enje nastave potrebna glazbena u\u010dionica.<br \/>\nU\u010dionice mo\u017eete unajmiti za redovite tjedne termine, a tako\u0111er ih mo\u017eete unajmiti i za individualne termine. <\/p>\n    <\/div>\r\n[vc_empty_space][vc_btn title=&#8221;REZERVACIJA U\u010cIONICE&#8221; style=&#8221;custom&#8221; custom_background=&#8221;#dd1e2f&#8221; custom_text=&#8221;#ffffff&#8221; link=&#8221;url:https%3A%2F%2Fjapanpianocenter.com%2Frezervacija-ucilnice%2F|target:_blank|&#8221;][\/vc_column][vc_column width=&#8221;1\/2&#8243; offset=&#8221;vc_col-md-7&#8243;]<div class=\"banner-advs text-center  \">\r\n\t    <img loading=\"lazy\" decoding=\"async\" width=\"920\" height=\"460\" src=\"https:\/\/japanpianocenter.com\/wp-content\/uploads\/2021\/07\/\/apan-piano-center-nakup-klavir-cena-yamaha-ucenje-klavirja-glasbena-sola-ucilnice-920x460.jpg\" class=\"attachment-920x460 size-920x460\" alt=\"\" \/>\t\t<\/div>[\/vc_column][\/vc_row][vc_row full_width=&#8221;stretch_row_content&#8221; css=&#8221;.vc_custom_1621417136953{padding-top: 100px !important;}&#8221;][vc_column]    <div  class=\"element-text-block  info-banner-about\" >\r\n        <h3 class=\"title16 color font-title font-semibold text-uppercase\" style=\"text-align: center;\">Svi klaviri u na\u0161im u\u010dionicama su marke YAMAHA i redovito se servisiraju i pode\u0161avaju prema najvi\u0161im standardima.<\/h3>\n    <\/div>\r\n[\/vc_column][\/vc_row][vc_row full_width=&#8221;stretch_row&#8221; el_class=&#8221;team-about-page&#8221;][vc_column offset=&#8221;vc_col-lg-offset-1 vc_col-lg-10 vc_col-md-12&#8243;]    <div  class=\"element-text-block  text-center title-team-about\" >\r\n        <h2 class=\"font-title title30 color222 font-semibold text-uppercase\"><span class=\"bg-color\">CJENIK<\/span><\/h2>\n    <\/div>\r\n[\/vc_column][\/vc_row][vc_row][vc_column width=&#8221;1\/6&#8243;][\/vc_column][vc_column width=&#8221;1\/3&#8243;][vc_column_text]<\/p>\n<h3><span style=\"color: #ff0000;\">Najam u\u010dionice<\/span><\/h3>\n<h2><span style=\"color: #000000;\">MJESE\u010cNI NAJAM<\/span><\/h2>\n<p>Moderno opremljenu glazbenu u\u010dionicu s klavirom ili pijaninom mo\u017eete unajmiti tijekom cijele \u0161kolske godine. Time se osigurava da unajmljiva\u010di imaju stalan pristup u\u010dionici i profesionalnim instrumentima. Za mjese\u010dni najam u\u010dionice kontaktirajte na\u0161e osoblje.[\/vc_column_text][vc_btn title=&#8221;Cijena najma: 425,00 \u20ac \/ mj&#8221; style=&#8221;custom&#8221; custom_background=&#8221;#dd1e2f&#8221; custom_text=&#8221;#ffffff&#8221; align=&#8221;center&#8221; button_block=&#8221;true&#8221;][\/vc_column][vc_column width=&#8221;1\/3&#8243;][vc_column_text]<\/p>\n<h3><span style=\"color: #ff0000;\">Najam u\u010dionice<\/span><\/h3>\n<h2><span style=\"color: #000000;\">PAKETNI NAJEM<\/span><\/h2>\n<p>Moderno opremljena glazbena u\u010dionica s klavirom ili pijaninom iznajmljuje se na odre\u0111eni broj sati. Unajmljiva\u010du je osigurana odabrana u\u010dionica i kori\u0161tenje profesionalnog instrumenta. To\u010dne datume i vrijeme kori\u0161tenja u\u010dionice unajmljiva\u010d dogovara sa zaposlenicima.[\/vc_column_text][vc_btn title=&#8221;Cijena najma: 108,00 \u20ac \/ 20 sati&#8221; style=&#8221;custom&#8221; custom_background=&#8221;#dd1e2f&#8221; custom_text=&#8221;#ffffff&#8221; align=&#8221;center&#8221; button_block=&#8221;true&#8221;][\/vc_column][vc_column width=&#8221;1\/6&#8243;][\/vc_column][\/vc_row][vc_row][vc_column width=&#8221;1\/6&#8243;][\/vc_column][vc_column width=&#8221;1\/3&#8243;][vc_column_text]<\/p>\n<h3><span style=\"color: #ff0000;\">Najam u\u010dionice za srednjo\u0161kolce i studente<\/span><\/h3>\n<h2><span style=\"color: #000000;\">PAKETNI NAJAM<\/span><\/h2>\n<p>Moderno opremljena glazbena u\u010dionica s klavirom ili pijaninom iznajmljuje se kao paket. Unajmljiva\u010du je osigurana odabrana u\u010dionica i kori\u0161tenje profesionalnog instrumenta. To\u010dne datume i vrijeme kori\u0161tenja u\u010dionice unajmljiva\u010d dogovara sa zaposlenicima.[\/vc_column_text][vc_btn title=&#8221;Cijena najma: 90,00 \u20ac \/ 20 sati&#8221; style=&#8221;custom&#8221; custom_background=&#8221;#dd1e2f&#8221; custom_text=&#8221;#ffffff&#8221; align=&#8221;center&#8221; button_block=&#8221;true&#8221;][\/vc_column][vc_column width=&#8221;1\/3&#8243;][vc_column_text]<\/p>\n<h3><span style=\"color: #ff0000;\">Najam u\u010dionice<\/span><\/h3>\n<h2><span style=\"color: #000000;\">NAJAM PO SATU<\/span><\/h2>\n<p>Moderno opremljena glazbena u\u010dionica s klavirom ili pijaninom iznajmljuje se za probe, ponavljanja, korepeticije ili za komorne skupine. Jednostavno nazovete, do\u0111ete i vje\u017ebate tijekom slobodnih termina. Rezervacija termina je obavezna.[\/vc_column_text][vc_btn title=&#8221;Cijena najma: 6,00 \u20ac \/ sat&#8221; style=&#8221;custom&#8221; custom_background=&#8221;#dd1e2f&#8221; custom_text=&#8221;#ffffff&#8221; align=&#8221;center&#8221; button_block=&#8221;true&#8221;][vc_btn title=&#8221;Cijena najma: 5,00 \u20ac \/ sat (u\u010denici i studenti)&#8221; style=&#8221;custom&#8221; custom_background=&#8221;#dd1e2f&#8221; custom_text=&#8221;#ffffff&#8221; align=&#8221;center&#8221; button_block=&#8221;true&#8221;][\/vc_column][vc_column width=&#8221;1\/6&#8243;][\/vc_column][\/vc_row][vc_row][vc_column width=&#8221;1\/6&#8243;][\/vc_column][vc_column width=&#8221;1\/3&#8243;][vc_column_text]<\/p>\n<h3><span style=\"color: #ff0000;\">Najam salona<\/span><\/h3>\n<h2><span style=\"color: #000000;\">NAJEM ZA EVENTE<\/span><\/h2>\n<p>Prostorije izlo\u017ebenog salona Japan Piano Centra mo\u017eete unajmiti u razli\u010dite svrhe \u2014 snimanje spotova, male koncerte, mre\u017ene doga\u0111aje itd.<br \/>\nSalon lako mo\u017eete unajmiti izvan radnog vremena namijenjenog poslovanju s klijentima.<br \/>\n[\/vc_column_text][vc_btn title=&#8221;Cijena najma: po dogovoru&#8221; style=&#8221;custom&#8221; custom_background=&#8221;#dd1e2f&#8221; custom_text=&#8221;#ffffff&#8221; align=&#8221;center&#8221; button_block=&#8221;true&#8221;][\/vc_column][vc_column width=&#8221;1\/3&#8243;][vc_column_text]<\/p>\n<h3><span style=\"color: #ff0000;\">Najam salona<\/span><\/h3>\n<h2><span style=\"color: #000000;\">NAJAM ZA VJE\u017dBE<\/span><\/h2>\n<p>Prostore izlo\u017ebenog salona Japan Piano Centra mo\u017eete unajmiti i za probe s ve\u0107im grupama. Prednost salona je ve\u0107a udobnost grupe tijekom vje\u017ebe i dobra akustika.<br \/>\nSalon lako mo\u017eete unajmiti izvan radnog vremena namijenjenog poslovanju s klijentima.<br \/>\n[\/vc_column_text][vc_btn title=&#8221;Cijena najma: po dogovoru&#8221; style=&#8221;custom&#8221; custom_background=&#8221;#dd1e2f&#8221; custom_text=&#8221;#ffffff&#8221; align=&#8221;center&#8221; button_block=&#8221;true&#8221;][\/vc_column][vc_column width=&#8221;1\/6&#8243;][\/vc_column][\/vc_row][vc_row full_width=&#8221;stretch_row&#8221; el_class=&#8221;team-about-page&#8221;][vc_column offset=&#8221;vc_col-lg-offset-1 vc_col-lg-10 vc_col-md-12&#8243;]    <div  class=\"element-text-block  text-center title-team-about\" >\r\n        <h2 class=\"font-title title30 color222 font-semibold text-uppercase\"><span class=\"bg-color\">REZERVACIJA<\/span><\/h2>\n    <\/div>\r\n[vc_column_text]<\/p>\n<h3 style=\"text-align: center;\"><span style=\"color: #000000;\">Za najam u\u010dionica i rasporede mo\u017eete nas kontaktirati na:<\/span><\/h3>\n<h3 style=\"text-align: center;\"><span style=\"color: #000000;\">\u00a0+386 1 515 15 05 I + 386 1 515 15 10 ili pi\u0161ite na: <span style=\"color: #dd1e2f;\"><a style=\"color: #dd1e2f;\" href=\"mailto:ucilnice@japanpianocenter.com\">info@japanpianocenter.com<\/a><\/span><\/span><\/h3>\n<p>[\/vc_column_text][\/vc_column][\/vc_row][vc_row full_width=&#8221;stretch_row&#8221; el_class=&#8221;team-about-page&#8221;][vc_column offset=&#8221;vc_col-lg-offset-1 vc_col-lg-10 vc_col-md-12&#8243;]    <div  class=\"element-text-block  text-center title-team-about\" >\r\n        <h2 class=\"font-title title30 color222 font-semibold text-uppercase\"><span class=\"bg-color\">U\u010cILNICE<\/span><\/h2>\n    <\/div>\r\n[vc_gallery interval=&#8221;3&#8243; images=&#8221;2430,2431,2432,2433,2434&#8243; img_size=&#8221;full&#8221;][\/vc_column][\/vc_row]<\/p>\n<\/div>","protected":false},"excerpt":{"rendered":"<p>[vc_row full_width=&#8221;stretch_row&#8221; el_class=&#8221;banner-about-page&#8221;][vc_column width=&#8221;1\/2&#8243; offset=&#8221;vc_col-lg-offset-1 vc_col-lg-4 vc_col-md-5&#8243;][vc_empty_space][vc_btn title=&#8221;REZERVACIJA U\u010cIONICE&#8221; style=&#8221;custom&#8221; custom_background=&#8221;#dd1e2f&#8221; custom_text=&#8221;#ffffff&#8221; link=&#8221;url:https%3A%2F%2Fjapanpianocenter.com%2Frezervacija-ucilnice%2F|target:_blank|&#8221;][\/vc_column][vc_column width=&#8221;1\/2&#8243; offset=&#8221;vc_col-md-7&#8243;][\/vc_column][\/vc_row][vc_row full_width=&#8221;stretch_row_content&#8221; css=&#8221;.vc_custom_1621417136953{padding-top: 100px !important;}&#8221;][vc_column][\/vc_column][\/vc_row][vc_row full_width=&#8221;stretch_row&#8221; el_class=&#8221;team-about-page&#8221;][vc_column offset=&#8221;vc_col-lg-offset-1 vc_col-lg-10 vc_col-md-12&#8243;][\/vc_column][\/vc_row][vc_row][vc_column width=&#8221;1\/6&#8243;][\/vc_column][vc_column width=&#8221;1\/3&#8243;][vc_column_text] Najam u\u010dionice MJESE\u010cNI NAJAM Moderno opremljenu glazbenu u\u010dionicu s klavirom ili pijaninom mo\u017eete unajmiti tijekom cijele \u0161kolske godine. Time se osigurava da unajmljiva\u010di imaju stalan pristup u\u010dionici i profesionalnim [&hellip;]<\/p>\n","protected":false},"author":1,"featured_media":0,"parent":0,"menu_order":0,"comment_status":"closed","ping_status":"closed","template":"","meta":{"footnotes":""},"class_list":["post-3949","page","type-page","status-publish","hentry"],"aioseo_notices":[],"_links":{"self":[{"href":"https:\/\/japanpianocenter.com\/hr\/wp-json\/wp\/v2\/pages\/3949","targetHints":{"allow":["GET"]}}],"collection":[{"href":"https:\/\/japanpianocenter.com\/hr\/wp-json\/wp\/v2\/pages"}],"about":[{"href":"https:\/\/japanpianocenter.com\/hr\/wp-json\/wp\/v2\/types\/page"}],"author":[{"embeddable":true,"href":"https:\/\/japanpianocenter.com\/hr\/wp-json\/wp\/v2\/users\/1"}],"replies":[{"embeddable":true,"href":"https:\/\/japanpianocenter.com\/hr\/wp-json\/wp\/v2\/comments?post=3949"}],"version-history":[{"count":9,"href":"https:\/\/japanpianocenter.com\/hr\/wp-json\/wp\/v2\/pages\/3949\/revisions"}],"predecessor-version":[{"id":7658,"href":"https:\/\/japanpianocenter.com\/hr\/wp-json\/wp\/v2\/pages\/3949\/revisions\/7658"}],"wp:attachment":[{"href":"https:\/\/japanpianocenter.com\/hr\/wp-json\/wp\/v2\/media?parent=3949"}],"curies":[{"name":"wp","href":"https:\/\/api.w.org\/{rel}","templated":true}]}}