{"id":1718,"date":"2021-06-21T23:46:51","date_gmt":"2021-06-21T21:46:51","guid":{"rendered":"https:\/\/japanpianocenter.com\/?post_type=product&#038;p=1718"},"modified":"2026-04-01T11:37:21","modified_gmt":"2026-04-01T09:37:21","slug":"yamaha-arius-ydp-145-wh","status":"publish","type":"product","link":"https:\/\/japanpianocenter.com\/hr\/izdelek\/yamaha-arius-ydp-145-wh\/","title":{"rendered":"Yamaha Arius YDP-145 WH"},"content":{"rendered":"<div class=\"wpb-content-wrapper\"><p>[vc_row full_width=&#8221;stretch_row&#8221;][vc_column width=&#8221;1\/4&#8243;][\/vc_column][vc_column width=&#8221;1\/2&#8243;][vc_single_image image=&#8221;1649&#8243; img_size=&#8221;medium&#8221; alignment=&#8221;center&#8221;][\/vc_column][vc_column width=&#8221;1\/4&#8243;][\/vc_column][\/vc_row][vc_row][vc_column offset=&#8221;vc_col-lg-offset-2 vc_col-lg-8 vc_col-md-offset-1 vc_col-md-10&#8243;][vc_video link=&#8221;https:\/\/youtu.be\/9LujXxgH9h0?list=PL3rjqgoqj7LLB64XMFyKJGw7xeVbTpeah&#8221;]    <div  class=\"element-text-block  \" >\r\n        <h3 class=\"title20 color222 font-title title-line font-semibold title-product-content\">Intuitivna preprostost<\/h3>\n    <\/div>\r\n    <div  class=\"element-text-block  \" >\r\n        <p>Yamaha \u017ee ve\u010d kot stoletje izdeluje klavirje primerne za najpresti\u017enej\u0161e koncertne dvorane na svetu. Elektri\u010dni klavirji ARIUS YDP poustvarjajo dotik in zvok akusti\u010dnega koncertnega klavirja CFX &#8211; vse z elegantno obliko, intuitivnimi funkcijami in napredno tehnologijo, ki ste je vajeni od Yamahe.<\/p>\n    <\/div>\r\n[vc_row_inner css=&#8221;.vc_custom_1556857793056{padding-right: 15px !important;padding-left: 15px !important;}&#8221; el_class=&#8221;list-image-content-product&#8221;][vc_column_inner css=&#8221;.vc_custom_1556858448629{padding-right: 0px !important;padding-left: 0px !important;}&#8221; offset=&#8221;vc_col-ss-4&#8243;]<div class=\"banner-advs   zoom-image\">\r\n\t    <img loading=\"lazy\" decoding=\"async\" width=\"920\" height=\"460\" src=\"https:\/\/japanpianocenter.com\/wp-content\/uploads\/2021\/06\/japan-piano-center-nakup-najem-pianino-klavir-elektricniklavir-cena-yamaha-ucenje-klavirja-glasbena-sola-Arius-YDP.jpg\" class=\"attachment-full size-full\" alt=\"\" srcset=\"https:\/\/japanpianocenter.com\/wp-content\/uploads\/2021\/06\/japan-piano-center-nakup-najem-pianino-klavir-elektricniklavir-cena-yamaha-ucenje-klavirja-glasbena-sola-Arius-YDP.jpg 920w, https:\/\/japanpianocenter.com\/wp-content\/uploads\/2021\/06\/japan-piano-center-nakup-najem-pianino-klavir-elektricniklavir-cena-yamaha-ucenje-klavirja-glasbena-sola-Arius-YDP-800x400.jpg 800w, https:\/\/japanpianocenter.com\/wp-content\/uploads\/2021\/06\/japan-piano-center-nakup-najem-pianino-klavir-elektricniklavir-cena-yamaha-ucenje-klavirja-glasbena-sola-Arius-YDP-300x150.jpg 300w, https:\/\/japanpianocenter.com\/wp-content\/uploads\/2021\/06\/japan-piano-center-nakup-najem-pianino-klavir-elektricniklavir-cena-yamaha-ucenje-klavirja-glasbena-sola-Arius-YDP-768x384.jpg 768w\" sizes=\"auto, (max-width: 920px) 100vw, 920px\" \/>\t\t<\/div>[\/vc_column_inner][\/vc_row_inner][\/vc_column][\/vc_row]<\/p>\n<\/div>","protected":false},"excerpt":{"rendered":"<p style=\"font-weight: 400;\"><strong>Klasi\u010den in eleganten.<\/strong><\/p>\n<p style=\"font-weight: 400;\">Model Arius YDP\u00ad145 je ugoden digitalni klavir, ki nudi iz\u00ad ku\u0161njo, podobno koncertnemu klavirju, z zvokom vodilne\u00adga koncertnega klavirja Yamaha CFX in realisti\u010dno tipkov\u00adnico Graded Hammer Standard (GHS). Aplikacija Smart Pianist doda \u010dudovit grafi\u010dni vmesnik in vrsto izjemnih funkcij. Model YDP\u00ad145 je zasnovan tako, da se bo elegan\u00adtno prilegal opremi va\u0161ega doma.<\/p>\n<ul>\n<li>\n<h4><span style=\"color: #ff0000;\">garantirano najni\u017eje cene<\/span><\/h4>\n<\/li>\n<li>\n<h4><span style=\"color: #ff0000;\">2 leti garancije<\/span><\/h4>\n<\/li>\n<\/ul>\n<p><em>Akcijska cena velja v primeru takoj\u0161njega pla\u010dila (gotovina ali nakazilo). Akcijske cene so fiksne &#8211; dodatni popusti na akcijsko ceno niso mo\u017eni. <\/em><\/p>\n","protected":false},"featured_media":1717,"template":"","meta":[],"product_brand":[],"product_cat":[15,83,88],"product_tag":[],"class_list":{"0":"post-1718","1":"product","2":"type-product","3":"status-publish","4":"has-post-thumbnail","6":"product_cat-novo","7":"product_cat-elektricni-klavirji-novi","8":"product_cat-serija-ydp-arius","10":"first","11":"instock","12":"sale","13":"taxable","14":"shipping-taxable","15":"purchasable","16":"product-type-simple"},"aioseo_notices":[],"_links":{"self":[{"href":"https:\/\/japanpianocenter.com\/hr\/wp-json\/wp\/v2\/product\/1718","targetHints":{"allow":["GET"]}}],"collection":[{"href":"https:\/\/japanpianocenter.com\/hr\/wp-json\/wp\/v2\/product"}],"about":[{"href":"https:\/\/japanpianocenter.com\/hr\/wp-json\/wp\/v2\/types\/product"}],"wp:featuredmedia":[{"embeddable":true,"href":"https:\/\/japanpianocenter.com\/hr\/wp-json\/wp\/v2\/media\/1717"}],"wp:attachment":[{"href":"https:\/\/japanpianocenter.com\/hr\/wp-json\/wp\/v2\/media?parent=1718"}],"wp:term":[{"taxonomy":"product_brand","embeddable":true,"href":"https:\/\/japanpianocenter.com\/hr\/wp-json\/wp\/v2\/product_brand?post=1718"},{"taxonomy":"product_cat","embeddable":true,"href":"https:\/\/japanpianocenter.com\/hr\/wp-json\/wp\/v2\/product_cat?post=1718"},{"taxonomy":"product_tag","embeddable":true,"href":"https:\/\/japanpianocenter.com\/hr\/wp-json\/wp\/v2\/product_tag?post=1718"}],"curies":[{"name":"wp","href":"https:\/\/api.w.org\/{rel}","templated":true}]}}