{"id":1848,"date":"2021-06-30T17:30:40","date_gmt":"2021-06-30T15:30:40","guid":{"rendered":"https:\/\/japanpianocenter.com\/?post_type=product&#038;p=1848"},"modified":"2024-01-07T10:59:06","modified_gmt":"2024-01-07T09:59:06","slug":"yamaha-u3","status":"publish","type":"product","link":"https:\/\/japanpianocenter.com\/hr\/izdelek\/yamaha-u3\/","title":{"rendered":"Yamaha U3"},"content":{"rendered":"<div class=\"wpb-content-wrapper\"><p>[vc_row full_width=&#8221;stretch_row&#8221;][vc_column width=&#8221;1\/4&#8243;][\/vc_column][vc_column width=&#8221;1\/2&#8243;][vc_single_image image=&#8221;1649&#8243; img_size=&#8221;medium&#8221; alignment=&#8221;center&#8221;][\/vc_column][vc_column width=&#8221;1\/4&#8243;][\/vc_column][\/vc_row][vc_row][vc_column offset=&#8221;vc_col-lg-offset-2 vc_col-lg-8 vc_col-md-offset-1 vc_col-md-10&#8243;][vc_row_inner css=&#8221;.vc_custom_1556857793056{padding-right: 15px !important;padding-left: 15px !important;}&#8221; el_class=&#8221;list-image-content-product&#8221;][vc_column_inner css=&#8221;.vc_custom_1556858448629{padding-right: 0px !important;padding-left: 0px !important;}&#8221; offset=&#8221;vc_col-ss-4&#8243;][vc_video link=&#8221;https:\/\/www.youtube.com\/watch?v=hk-4BN1QNvs&#8221;]    <div  class=\"element-text-block  \" >\r\n        <p>Pianini serije U so poznani po Yamahini zanesljivosti in kvaliteti, ter so pogosto prva izbira profesionalnih glasbenikov, konservatorijev, u\u010diteljev, \u0161tudentov in ljubiteljev glasbe po vsem svetu. K temu dodajte \u0161e Yamahino legendarno natan\u010dnost in pozornost na vsako podrobnost pri izdelavi svojih in\u0161trumentov \u2013 zato ne presene\u010da, da je \u017ee ve\u010d kot pol stoletja serija U ena od najbolj priljubljenimi serij pianinov.<\/p>\n<p><strong>Ste \u017ee sli\u0161ali za pianine z izvedbi TransAcoustic?<\/strong><\/p>\n<p><strong>Yamaha TransAcoustic<\/strong><strong><sup>TM<\/sup><\/strong><sup>\u00a0<\/sup>ni podoben nobenemu klavirju ali pianinu, ki ste ga sli\u0161ali do zdaj! Je pravi akusti\u010dni pianino, ki svojo resonan\u010dno plo\u0161\u010do uporablja da naravno okrepi digitalne zvoke, s \u010dimer va\u0161 instrument pretvori v najbolj neverjeten akusi\u010dni zvo\u010dnik na svetu. Pretvorite svoj akusti\u010dni pianino v Yamaha ali B\u00f6sendorfer koncertni klavir, elektri\u010dni klavir, \u010dembalo, orgle in \u0161e kaj. Nato posnemite skladbo in skupaj s predvajanim posnetkom zaigrajte na svoj akusti\u010dni pianino. TransAcoustic spodbuja domi\u0161ljijo in odpira nov svet mo\u017enosti igranja.<\/p>\n<p><strong>Pianino U3 je na voljo v \u0161tirih barvah, lahko pa ga naro\u010dite tudi v SILENT Piano verziji, kar uporabniku omogo\u010da &#8220;tiho&#8221; vadbo preko slu\u0161alk.<\/strong><\/p>\n    <\/div>\r\n[\/vc_column_inner][\/vc_row_inner][vc_row_inner css=&#8221;.vc_custom_1556857793056{padding-right: 15px !important;padding-left: 15px !important;}&#8221; el_class=&#8221;list-image-content-product&#8221;][vc_column_inner css=&#8221;.vc_custom_1556858448629{padding-right: 0px !important;padding-left: 0px !important;}&#8221; offset=&#8221;vc_col-ss-4&#8243;][vc_video link=&#8221;https:\/\/youtu.be\/D4Vlchuckk4&#8243;][\/vc_column_inner][\/vc_row_inner][\/vc_column][\/vc_row]<\/p>\n<\/div>","protected":false},"excerpt":{"rendered":"<p><strong>Natan\u010dni, odzivni, s \u010distimi in polnimi toni<\/strong><\/p>\n<p>Pianino Yamaha U3 ima 131 cm vi\u0161ine ter ekspanzivno resonan\u010dno plo\u0161\u010do in akusti\u010dno komoro, ki podalj\u0161ata mo\u010d in projekcijo, ter omogo\u010data Yamahin legendaren brezhiben ton in odli\u010den nadzor mehanike.<\/p>\n<ul>\n<li>\n<h4><span style=\"color: #ff0000;\">garantirano najni\u017eje cene<\/span><\/h4>\n<\/li>\n<li>\n<h4><span style=\"color: #ff0000;\">5 let garancije<\/span><\/h4>\n<\/li>\n<li>\n<h4><span style=\"color: #ff0000;\">mo\u017enost pla\u010dila na<\/span><span style=\"color: #ff0000;\"> 12<\/span><span style=\"color: #ff0000;\">\u00a0obrokov brez obresti<\/span><\/h4>\n<\/li>\n<\/ul>\n<p><em>Mo\u017enost pla\u010dila na obroke velja le za Slovenijo.<\/em><\/p>\n","protected":false},"featured_media":1849,"template":"","meta":[],"product_brand":[],"product_cat":[15,99,104],"product_tag":[],"class_list":{"0":"post-1848","1":"product","2":"type-product","3":"status-publish","4":"has-post-thumbnail","6":"product_cat-novo","7":"product_cat-pianini-novi","8":"product_cat-u-serija","10":"first","11":"onbackorder","12":"taxable","13":"shipping-taxable","14":"product-type-simple"},"aioseo_notices":[],"_links":{"self":[{"href":"https:\/\/japanpianocenter.com\/hr\/wp-json\/wp\/v2\/product\/1848","targetHints":{"allow":["GET"]}}],"collection":[{"href":"https:\/\/japanpianocenter.com\/hr\/wp-json\/wp\/v2\/product"}],"about":[{"href":"https:\/\/japanpianocenter.com\/hr\/wp-json\/wp\/v2\/types\/product"}],"wp:featuredmedia":[{"embeddable":true,"href":"https:\/\/japanpianocenter.com\/hr\/wp-json\/wp\/v2\/media\/1849"}],"wp:attachment":[{"href":"https:\/\/japanpianocenter.com\/hr\/wp-json\/wp\/v2\/media?parent=1848"}],"wp:term":[{"taxonomy":"product_brand","embeddable":true,"href":"https:\/\/japanpianocenter.com\/hr\/wp-json\/wp\/v2\/product_brand?post=1848"},{"taxonomy":"product_cat","embeddable":true,"href":"https:\/\/japanpianocenter.com\/hr\/wp-json\/wp\/v2\/product_cat?post=1848"},{"taxonomy":"product_tag","embeddable":true,"href":"https:\/\/japanpianocenter.com\/hr\/wp-json\/wp\/v2\/product_tag?post=1848"}],"curies":[{"name":"wp","href":"https:\/\/api.w.org\/{rel}","templated":true}]}}