{"id":1929,"date":"2021-07-06T12:32:47","date_gmt":"2021-07-06T10:32:47","guid":{"rendered":"https:\/\/japanpianocenter.com\/?post_type=product&#038;p=1929"},"modified":"2025-10-20T18:48:19","modified_gmt":"2025-10-20T16:48:19","slug":"lan-adapter-ud-wl01","status":"publish","type":"product","link":"https:\/\/japanpianocenter.com\/hr\/izdelek\/lan-adapter-ud-wl01\/","title":{"rendered":"Brez\u017ei\u010dni LAN adapter UD-WL01"},"content":{"rendered":"<div class=\"wpb-content-wrapper\"><p>[vc_row full_width=&#8221;stretch_row&#8221;][vc_column width=&#8221;1\/4&#8243;][\/vc_column][vc_column width=&#8221;1\/2&#8243;][\/vc_column][vc_column width=&#8221;1\/4&#8243;][\/vc_column][\/vc_row][vc_row][vc_column offset=&#8221;vc_col-lg-offset-2 vc_col-lg-8 vc_col-md-offset-1 vc_col-md-10&#8243;][vc_row_inner css=&#8221;.vc_custom_1556857793056{padding-right: 15px !important;padding-left: 15px !important;}&#8221; el_class=&#8221;list-image-content-product&#8221;][vc_column_inner css=&#8221;.vc_custom_1556858448629{padding-right: 0px !important;padding-left: 0px !important;}&#8221; offset=&#8221;vc_col-ss-4&#8243;]    <div  class=\"element-text-block  \" >\r\n        <p>Brez\u017ei\u010dni adapter USB. Omogo\u010da povezavo glasbenih instrumentov z iPhone \/ iPod touch \/ iPad in uporabo Yamaha iOS aplikacij.<\/p>\n<p>Barva: <strong>\u010drna<\/strong><\/p>\n    <\/div>\r\n[\/vc_column_inner][\/vc_row_inner][\/vc_column][\/vc_row]<\/p>\n<\/div>","protected":false},"excerpt":{"rendered":"<p>Brez\u017ei\u010dni LAN-adapter UD-WL01 omogo\u010da povezavo zdru\u017eljivih glasbenih in\u0161trumentov Yamaha z doma\u010dim omre\u017ejem WiFi. Je odli\u010dna re\u0161itev za in\u0161trumente, ki nimajo mo\u017enosti bluetooth povezave z va\u0161im telefonom ali tabli\u010dnim ra\u010dunalnikom.<\/p>\n<p>Pri nekaterih in\u0161trumentih bo moral va\u0161 doma\u010di WiFi usmerjevalnik podpirati WPS, da se lahko LAN-adapter UD-WL01 pravilno nastavi in pove\u017ee.<\/p>\n","protected":false},"featured_media":1930,"template":"","meta":[],"product_brand":[],"product_cat":[67,107],"product_tag":[],"class_list":{"0":"post-1929","1":"product","2":"type-product","3":"status-publish","4":"has-post-thumbnail","6":"product_cat-dodatna-oprema","7":"product_cat-vmesniki","9":"first","10":"onbackorder","11":"sale","12":"taxable","13":"shipping-taxable","14":"purchasable","15":"product-type-simple"},"aioseo_notices":[],"_links":{"self":[{"href":"https:\/\/japanpianocenter.com\/hr\/wp-json\/wp\/v2\/product\/1929","targetHints":{"allow":["GET"]}}],"collection":[{"href":"https:\/\/japanpianocenter.com\/hr\/wp-json\/wp\/v2\/product"}],"about":[{"href":"https:\/\/japanpianocenter.com\/hr\/wp-json\/wp\/v2\/types\/product"}],"wp:featuredmedia":[{"embeddable":true,"href":"https:\/\/japanpianocenter.com\/hr\/wp-json\/wp\/v2\/media\/1930"}],"wp:attachment":[{"href":"https:\/\/japanpianocenter.com\/hr\/wp-json\/wp\/v2\/media?parent=1929"}],"wp:term":[{"taxonomy":"product_brand","embeddable":true,"href":"https:\/\/japanpianocenter.com\/hr\/wp-json\/wp\/v2\/product_brand?post=1929"},{"taxonomy":"product_cat","embeddable":true,"href":"https:\/\/japanpianocenter.com\/hr\/wp-json\/wp\/v2\/product_cat?post=1929"},{"taxonomy":"product_tag","embeddable":true,"href":"https:\/\/japanpianocenter.com\/hr\/wp-json\/wp\/v2\/product_tag?post=1929"}],"curies":[{"name":"wp","href":"https:\/\/api.w.org\/{rel}","templated":true}]}}