{"id":2222,"date":"2021-07-29T09:22:57","date_gmt":"2021-07-29T07:22:57","guid":{"rendered":"https:\/\/japanpianocenter.com\/?post_type=product&#038;p=2222"},"modified":"2024-01-07T10:55:54","modified_gmt":"2024-01-07T09:55:54","slug":"yamaha-cfx","status":"publish","type":"product","link":"https:\/\/japanpianocenter.com\/hr\/izdelek\/yamaha-cfx\/","title":{"rendered":"Yamaha CFX"},"content":{"rendered":"<div class=\"wpb-content-wrapper\"><p>[vc_row full_width=&#8221;stretch_row&#8221;][vc_column width=&#8221;1\/4&#8243;][\/vc_column][vc_column width=&#8221;1\/2&#8243;][vc_single_image image=&#8221;1649&#8243; img_size=&#8221;medium&#8221; alignment=&#8221;center&#8221;][\/vc_column][vc_column width=&#8221;1\/4&#8243;][\/vc_column][\/vc_row][vc_row][vc_column offset=&#8221;vc_col-lg-offset-2 vc_col-lg-8 vc_col-md-offset-1 vc_col-md-10&#8243;][vc_video link=&#8221;https:\/\/youtu.be\/yENa8tfQMmw&#8221;]    <div  class=\"element-text-block  \" >\r\n        <p><strong>Zasnovan s konceptom &#8220;Lepota in mo\u010d&#8221;.<\/strong><\/p>\n<p>Premium klavirji serije CF so ro\u010dno izdelani iz prvovrstnih materialov in se pona\u0161ajo s \u010dudovto izraznostjo in globokimi toni.<\/p>\n<p>Yamaha pri svoji seriji Premium klavirjev uporabljajo le skrbno izbrane &#8211; najbolj\u0161e materiale.<\/p>\n<p>Premium klavirji so narejeni iz vrhunskega lesa. Les je skrbno izbran za izdelavo vsakega dela klavirja posebaj. Visokokakovostni filc je posebej obdelan za kladivca, usnje, uporabljeno v mehanizmu pa je najvi\u0161je kakovosti, posebej obdelano posebej za ta namen. Lito\u017eelezni okvir je skrbno izdelan po Yamahinih najvi\u0161jih standardih.<\/p>\n<p>Ravnovesje in sinergija med materiali v kombinaciji z izku\u0161njami Yamahinih mojstrov je klju\u010dnega pomena pri izdelavi vrhunskih klavirjev. Yamahina predanost kakovosti je vidna v vseh fazah produkcije, sledi pa ji \u0161e najstro\u017eji nadzor kakovosti v glasbeni industriji.<\/p>\n    <\/div>\r\n[vc_row_inner css=&#8221;.vc_custom_1556857793056{padding-right: 15px !important;padding-left: 15px !important;}&#8221; el_class=&#8221;list-image-content-product&#8221;][vc_column_inner css=&#8221;.vc_custom_1556858448629{padding-right: 0px !important;padding-left: 0px !important;}&#8221; offset=&#8221;vc_col-ss-4&#8243;][vc_single_image image=&#8221;2144&#8243; img_size=&#8221;full&#8221;][\/vc_column_inner][\/vc_row_inner][\/vc_column][\/vc_row]<\/p>\n<\/div>","protected":false},"excerpt":{"rendered":"<p>Za Yamahin koncertni klavir CFX (275cm) so zna\u010dilni mo\u010dni basi, \u0161iroka paleta tonskih barv in sposobnost ustvarjanja najsubtilnej\u0161ega glasbenega izraza. Zvok je bogat, a jasen v vseh registrih in ga je mogo\u010de sli\u0161ati preko zvoka simfoni\u010dnega orkestra, tudi v zelo velikih koncertnih dvoranah. CFX je Yamahin vodilni model in predstavlja nov mejnik v zgodovini izdelave klavirjev.<\/p>\n<ul>\n<li>\n<h4><span style=\"color: #ff0000;\">garantirano najni\u017eje cene<\/span><\/h4>\n<\/li>\n<li>\n<h4><span style=\"color: #ff0000;\">5 let garancije<\/span><\/h4>\n<\/li>\n<li>\n<h4><span style=\"color: #ff0000;\">mo\u017enost pla\u010dila na 12 obrokov brez obresti<\/span><\/h4>\n<\/li>\n<\/ul>\n","protected":false},"featured_media":2223,"template":"","meta":[],"product_brand":[],"product_cat":[15,95,96],"product_tag":[],"class_list":{"0":"post-2222","1":"product","2":"type-product","3":"status-publish","4":"has-post-thumbnail","6":"product_cat-novo","7":"product_cat-klavirji-yamaha-premium-novi","8":"product_cat-cf-serija","10":"first","11":"onbackorder","12":"taxable","13":"shipping-taxable","14":"product-type-simple"},"aioseo_notices":[],"_links":{"self":[{"href":"https:\/\/japanpianocenter.com\/hr\/wp-json\/wp\/v2\/product\/2222","targetHints":{"allow":["GET"]}}],"collection":[{"href":"https:\/\/japanpianocenter.com\/hr\/wp-json\/wp\/v2\/product"}],"about":[{"href":"https:\/\/japanpianocenter.com\/hr\/wp-json\/wp\/v2\/types\/product"}],"wp:featuredmedia":[{"embeddable":true,"href":"https:\/\/japanpianocenter.com\/hr\/wp-json\/wp\/v2\/media\/2223"}],"wp:attachment":[{"href":"https:\/\/japanpianocenter.com\/hr\/wp-json\/wp\/v2\/media?parent=2222"}],"wp:term":[{"taxonomy":"product_brand","embeddable":true,"href":"https:\/\/japanpianocenter.com\/hr\/wp-json\/wp\/v2\/product_brand?post=2222"},{"taxonomy":"product_cat","embeddable":true,"href":"https:\/\/japanpianocenter.com\/hr\/wp-json\/wp\/v2\/product_cat?post=2222"},{"taxonomy":"product_tag","embeddable":true,"href":"https:\/\/japanpianocenter.com\/hr\/wp-json\/wp\/v2\/product_tag?post=2222"}],"curies":[{"name":"wp","href":"https:\/\/api.w.org\/{rel}","templated":true}]}}