{"id":2231,"date":"2021-07-29T09:40:35","date_gmt":"2021-07-29T07:40:35","guid":{"rendered":"https:\/\/japanpianocenter.com\/?post_type=product&#038;p=2231"},"modified":"2024-01-07T10:52:54","modified_gmt":"2024-01-07T09:52:54","slug":"yamaha-s5x","status":"publish","type":"product","link":"https:\/\/japanpianocenter.com\/hr\/izdelek\/yamaha-s5x\/","title":{"rendered":"Yamaha S5X"},"content":{"rendered":"<div class=\"wpb-content-wrapper\"><p>[vc_row full_width=&#8221;stretch_row&#8221;][vc_column width=&#8221;1\/4&#8243;][\/vc_column][vc_column width=&#8221;1\/2&#8243;][vc_single_image image=&#8221;1649&#8243; img_size=&#8221;medium&#8221; alignment=&#8221;center&#8221;][\/vc_column][vc_column width=&#8221;1\/4&#8243;][\/vc_column][\/vc_row][vc_row][vc_column offset=&#8221;vc_col-lg-offset-2 vc_col-lg-8 vc_col-md-offset-1 vc_col-md-10&#8243;][vc_video link=&#8221;https:\/\/youtu.be\/howuLS77Kjs&#8221;]    <div  class=\"element-text-block  \" >\r\n        <p>Oblika klavirja se, tako kot klasi\u010dna glasba, vedno razvija. Vsaka generacija odkriva nove interpretacije, nove poti za umetnost. Pri Yamahi se navdih rodi na sti\u010di\u0161\u010du tradicije in inovacij. Naj bo to v zimskem vrtu ali na majhnem odru, klavirji serije SX ponujajo bogato izrazen zvok, ki bo navdihnil pianista in navdu\u0161il vsako ob\u010dinstvo.<\/p>\n    <\/div>\r\n[vc_row_inner css=&#8221;.vc_custom_1556857793056{padding-right: 15px !important;padding-left: 15px !important;}&#8221; el_class=&#8221;list-image-content-product&#8221;][vc_column_inner css=&#8221;.vc_custom_1556858448629{padding-right: 0px !important;padding-left: 0px !important;}&#8221; offset=&#8221;vc_col-ss-4&#8243;][vc_single_image image=&#8221;2144&#8243; img_size=&#8221;full&#8221;][\/vc_column_inner][\/vc_row_inner][\/vc_column][\/vc_row]<\/p>\n<\/div>","protected":false},"excerpt":{"rendered":"<p>Topla, bogata harmonija in mo\u010dni basi&#8230; Klavir S5X (200cm) bo o\u010daral tako pianiste kot ob\u010dinstvo na vseh odrih.<\/p>\n<ul>\n<li>\n<h4><span style=\"color: #ff0000;\">garantirano najni\u017eje cene<\/span><\/h4>\n<\/li>\n<li>\n<h4><span style=\"color: #ff0000;\">5 let garancije<\/span><\/h4>\n<\/li>\n<li>\n<h4><span style=\"color: #ff0000;\">mo\u017enost pla\u010dila na 12 obrokov brez obresti<\/span><\/h4>\n<\/li>\n<\/ul>\n","protected":false},"featured_media":2232,"template":"","meta":[],"product_brand":[],"product_cat":[15,95,97],"product_tag":[],"class_list":{"0":"post-2231","1":"product","2":"type-product","3":"status-publish","4":"has-post-thumbnail","6":"product_cat-novo","7":"product_cat-klavirji-yamaha-premium-novi","8":"product_cat-sx-serija","10":"first","11":"onbackorder","12":"taxable","13":"shipping-taxable","14":"product-type-simple"},"aioseo_notices":[],"_links":{"self":[{"href":"https:\/\/japanpianocenter.com\/hr\/wp-json\/wp\/v2\/product\/2231","targetHints":{"allow":["GET"]}}],"collection":[{"href":"https:\/\/japanpianocenter.com\/hr\/wp-json\/wp\/v2\/product"}],"about":[{"href":"https:\/\/japanpianocenter.com\/hr\/wp-json\/wp\/v2\/types\/product"}],"wp:featuredmedia":[{"embeddable":true,"href":"https:\/\/japanpianocenter.com\/hr\/wp-json\/wp\/v2\/media\/2232"}],"wp:attachment":[{"href":"https:\/\/japanpianocenter.com\/hr\/wp-json\/wp\/v2\/media?parent=2231"}],"wp:term":[{"taxonomy":"product_brand","embeddable":true,"href":"https:\/\/japanpianocenter.com\/hr\/wp-json\/wp\/v2\/product_brand?post=2231"},{"taxonomy":"product_cat","embeddable":true,"href":"https:\/\/japanpianocenter.com\/hr\/wp-json\/wp\/v2\/product_cat?post=2231"},{"taxonomy":"product_tag","embeddable":true,"href":"https:\/\/japanpianocenter.com\/hr\/wp-json\/wp\/v2\/product_tag?post=2231"}],"curies":[{"name":"wp","href":"https:\/\/api.w.org\/{rel}","templated":true}]}}