{"id":2242,"date":"2021-07-29T10:34:55","date_gmt":"2021-07-29T08:34:55","guid":{"rendered":"https:\/\/japanpianocenter.com\/?post_type=product&#038;p=2242"},"modified":"2026-03-20T14:30:11","modified_gmt":"2026-03-20T13:30:11","slug":"yamaha-c5-2","status":"publish","type":"product","link":"https:\/\/japanpianocenter.com\/hr\/izdelek\/yamaha-c5-2\/","title":{"rendered":"Yamaha C5 &#8211; 2"},"content":{"rendered":"<div class=\"wpb-content-wrapper\"><p>[vc_row full_width=&#8221;stretch_row&#8221;][vc_column width=&#8221;1\/4&#8243;][\/vc_column][vc_column width=&#8221;1\/2&#8243;][vc_single_image image=&#8221;1649&#8243; img_size=&#8221;medium&#8221; alignment=&#8221;center&#8221;][\/vc_column][vc_column width=&#8221;1\/4&#8243;][\/vc_column][\/vc_row][vc_row][vc_column offset=&#8221;vc_col-lg-offset-2 vc_col-lg-8 vc_col-md-offset-1 vc_col-md-10&#8243;]    <div  class=\"element-text-block  \" >\r\n        <p>Vse se je za\u010delo leta 1887, ko je Torakusu Yamaha, ustanovitelj podjetja Yamaha, popravil harmonij. V ve\u010d kot 120 letih od svojega nastanka se je Yamaha razvila v svetovno znano podjetje na podro\u010dju zvoka in glasbe.<\/p>\n<p>\u017de skoraj pol stoletja se Yamahina svetovno znana C-serija klavirjev nenehno izpopolnjuje. Kon\u010dni rezultat Yamahinega truda in predanosti inovacijam je serija in\u0161trumentov z izpopolnjenim tonom in vrhunskim dizajnom, ki podjetju omogo\u010da, da ostane zvesto svoji glasbeni dedi\u0161\u010dini<\/p>\n    <\/div>\r\n[vc_row_inner css=&#8221;.vc_custom_1556857793056{padding-right: 15px !important;padding-left: 15px !important;}&#8221; el_class=&#8221;list-image-content-product&#8221;][vc_column_inner css=&#8221;.vc_custom_1556858448629{padding-right: 0px !important;padding-left: 0px !important;}&#8221; offset=&#8221;vc_col-ss-4&#8243;]    <div  class=\"element-text-block  \" >\r\n        <p>Vsakemu strokovno obnovljenemu klavirju lahko vgradimo tudi klavirski vmesnik GENIO, ki omogo\u010da tiho igranje preko slu\u0161alk.<\/p>\n    <\/div>\r\n[\/vc_column_inner][\/vc_row_inner][\/vc_column][\/vc_row]<\/p>\n<\/div>","protected":false},"excerpt":{"rendered":"<p>Klavir Yamaha C5 (200cm) je poznan po globokih tonih in odzivno mehaniko. \u010ce i\u0161\u010dete mogo\u010den klavirski zvok in dobro odzivnost klaviature, pa za koncertni klavir nimate prostora , bo klavir Yamaha C5 za vas odli\u010dna izbira!<\/p>\n<ul>\n<li>\n<h4><span style=\"color: #ff0000;\">garantirano najni\u017eje cene<\/span><\/h4>\n<\/li>\n<li>\n<h4><span style=\"color: #ff0000;\">10 let garancije<\/span><\/h4>\n<\/li>\n<li>\n<h4><span style=\"color: #ff0000;\">mo\u017enost pla\u010dila na obroke<\/span><\/h4>\n<\/li>\n<li>\n<h4><span style=\"color: #ff0000;\">ob takoj\u0161njem pla\u010dilu nudimo dodatni popust<\/span><\/h4>\n<\/li>\n<\/ul>\n","protected":false},"featured_media":2243,"template":"","meta":[],"product_brand":[],"product_cat":[89],"product_tag":[],"class_list":{"0":"post-2242","1":"product","2":"type-product","3":"status-publish","4":"has-post-thumbnail","6":"product_cat-klavirji-obnovljeni","8":"first","9":"instock","10":"taxable","11":"shipping-taxable","12":"purchasable","13":"product-type-simple"},"aioseo_notices":[],"_links":{"self":[{"href":"https:\/\/japanpianocenter.com\/hr\/wp-json\/wp\/v2\/product\/2242","targetHints":{"allow":["GET"]}}],"collection":[{"href":"https:\/\/japanpianocenter.com\/hr\/wp-json\/wp\/v2\/product"}],"about":[{"href":"https:\/\/japanpianocenter.com\/hr\/wp-json\/wp\/v2\/types\/product"}],"wp:featuredmedia":[{"embeddable":true,"href":"https:\/\/japanpianocenter.com\/hr\/wp-json\/wp\/v2\/media\/2243"}],"wp:attachment":[{"href":"https:\/\/japanpianocenter.com\/hr\/wp-json\/wp\/v2\/media?parent=2242"}],"wp:term":[{"taxonomy":"product_brand","embeddable":true,"href":"https:\/\/japanpianocenter.com\/hr\/wp-json\/wp\/v2\/product_brand?post=2242"},{"taxonomy":"product_cat","embeddable":true,"href":"https:\/\/japanpianocenter.com\/hr\/wp-json\/wp\/v2\/product_cat?post=2242"},{"taxonomy":"product_tag","embeddable":true,"href":"https:\/\/japanpianocenter.com\/hr\/wp-json\/wp\/v2\/product_tag?post=2242"}],"curies":[{"name":"wp","href":"https:\/\/api.w.org\/{rel}","templated":true}]}}