{"id":4661,"date":"2022-02-19T14:57:52","date_gmt":"2022-02-19T13:57:52","guid":{"rendered":"https:\/\/japanpianocenter.com\/?post_type=product&#038;p=4661"},"modified":"2022-02-19T16:15:27","modified_gmt":"2022-02-19T15:15:27","slug":"vlazilec-zraka-venta-hybrid-ah902-professional","status":"publish","type":"product","link":"https:\/\/japanpianocenter.com\/hr\/izdelek\/vlazilec-zraka-venta-hybrid-ah902-professional\/","title":{"rendered":"VLA\u017dILEC ZRAKA VENTA HYBRID AH902 PROFESSIONAL"},"content":{"rendered":"<div class=\"wpb-content-wrapper\"><p>[vc_row full_width=&#8221;stretch_row&#8221;][vc_column width=&#8221;1\/4&#8243;][\/vc_column][vc_column width=&#8221;1\/2&#8243;][\/vc_column][vc_column width=&#8221;1\/4&#8243;][\/vc_column][\/vc_row][vc_row][vc_column offset=&#8221;vc_col-lg-offset-2 vc_col-lg-8 vc_col-md-offset-1 vc_col-md-10&#8243;]    <div  class=\"element-text-block  \" >\r\n        <p>&#8211; Model: HYBRID AH902 PROFESSIONAL<br \/>\n&#8211; Barve: siva<br \/>\n&#8211; Za prostore: do 70 m\u00b2<br \/>\n&#8211; Interaktivni zaslon: standard<br \/>\n&#8211; Nadzor aplikacije: standard wifi \/ WLAN<br \/>\n&#8211; Merilni senzorji: kakovost zraka + vla\u017enost + temperatura<br \/>\n&#8211; Higiena vode: standard<br \/>\n&#8211; Filter za grobi prah: standard, enojni<br \/>\n&#8211; Filter za alergene, viruse in fini prah: standard, enojni<br \/>\n&#8211; Hitrosti: 5 + automatic<br \/>\n&#8211; Zvo\u010dna emisija: 17 \/ 26 \/ 37 \/ 43 \/ 47 dB (A)<br \/>\n&#8211; Poraba energije (hitrosti 1\u20132): 7 \/ 8 \/ 14 \/ 20 \/ 32 vatov<br \/>\n&#8211; Vsebnost vode (maks.): 12 litrov<br \/>\n&#8211; Dimenzije (D x \u0160 x V): 61 x 30 x 52 cm<br \/>\n&#8211; Te\u017ea: 13 kg<\/p>\n<p><strong>Menjanje filtrov ni potrebno!<\/strong><\/p>\n<p>Izdelava: Nem\u010dija<\/p>\n    <\/div>\r\n[\/vc_column][\/vc_row]<\/p>\n<\/div>","protected":false},"excerpt":{"rendered":"<p>Vla\u017eilec AH550\/555 Original Connect ustvarja zdravo vla\u017enost in naravno zmanj\u0161uje \u0161kodljive snovi v zraku z u\u010dinkovito tehnologijo vla\u017eenja &#8211; brez filtrov. Intuitivni zaslon na dotik zagotavlja preprosto upravljanje s popolnoma avtomatskim nadzorom.<\/p>\n<p>Vla\u017eilec AH550\/555 Original Connect je zdru\u017eljiv z AirConnect in ga z uporabo aplikacije Venta Home lahko upravljate in nadzirate na daljavo. Idealen je za prostore do 60 m2.<\/p>\n","protected":false},"featured_media":4672,"template":"","meta":[],"product_brand":[],"product_cat":[67,82],"product_tag":[],"class_list":{"0":"post-4661","1":"product","2":"type-product","3":"status-publish","4":"has-post-thumbnail","6":"product_cat-dodatna-oprema","7":"product_cat-vlazilci-zraka","9":"first","10":"outofstock","11":"taxable","12":"shipping-taxable","13":"purchasable","14":"product-type-simple"},"aioseo_notices":[],"_links":{"self":[{"href":"https:\/\/japanpianocenter.com\/hr\/wp-json\/wp\/v2\/product\/4661","targetHints":{"allow":["GET"]}}],"collection":[{"href":"https:\/\/japanpianocenter.com\/hr\/wp-json\/wp\/v2\/product"}],"about":[{"href":"https:\/\/japanpianocenter.com\/hr\/wp-json\/wp\/v2\/types\/product"}],"wp:featuredmedia":[{"embeddable":true,"href":"https:\/\/japanpianocenter.com\/hr\/wp-json\/wp\/v2\/media\/4672"}],"wp:attachment":[{"href":"https:\/\/japanpianocenter.com\/hr\/wp-json\/wp\/v2\/media?parent=4661"}],"wp:term":[{"taxonomy":"product_brand","embeddable":true,"href":"https:\/\/japanpianocenter.com\/hr\/wp-json\/wp\/v2\/product_brand?post=4661"},{"taxonomy":"product_cat","embeddable":true,"href":"https:\/\/japanpianocenter.com\/hr\/wp-json\/wp\/v2\/product_cat?post=4661"},{"taxonomy":"product_tag","embeddable":true,"href":"https:\/\/japanpianocenter.com\/hr\/wp-json\/wp\/v2\/product_tag?post=4661"}],"curies":[{"name":"wp","href":"https:\/\/api.w.org\/{rel}","templated":true}]}}