{"id":4662,"date":"2022-02-19T15:24:44","date_gmt":"2022-02-19T14:24:44","guid":{"rendered":"https:\/\/japanpianocenter.com\/?post_type=product&#038;p=4662"},"modified":"2022-02-19T16:21:12","modified_gmt":"2022-02-19T15:21:12","slug":"vlazilec-zraka-venta-hybrid-ap902-professional-kopija","status":"publish","type":"product","link":"https:\/\/japanpianocenter.com\/hr\/izdelek\/vlazilec-zraka-venta-hybrid-ap902-professional-kopija\/","title":{"rendered":"VLA\u017dILEC ZRAKA VENTA AP902 PROFESSIONAL"},"content":{"rendered":"<div class=\"wpb-content-wrapper\"><p>[vc_row full_width=&#8221;stretch_row&#8221;][vc_column width=&#8221;1\/4&#8243;][\/vc_column][vc_column width=&#8221;1\/2&#8243;][\/vc_column][vc_column width=&#8221;1\/4&#8243;][\/vc_column][\/vc_row][vc_row][vc_column offset=&#8221;vc_col-lg-offset-2 vc_col-lg-8 vc_col-md-offset-1 vc_col-md-10&#8243;]    <div  class=\"element-text-block  \" >\r\n        <p>&#8211; Model: AP902 PROFESSIONAL AIR PURIFIER<br \/>\n&#8211; Barve: siva<br \/>\n&#8211; Za prostore: do 75 m\u00b2<br \/>\n&#8211; Interaktivni zaslon: standard<br \/>\n&#8211; Nadzor aplikacije: standard wifi \/ WLAN<br \/>\n&#8211; Merilni senzorji: kakovost zraka + vla\u017enost + temperatura<br \/>\n&#8211; Higiena vode: standard<br \/>\n&#8211; Filter za grobi prah: standard, dvojni<br \/>\n&#8211; Filter za alergene, viruse in fini prah: standard, dvojni<br \/>\n&#8211; Hitrosti: 5 + automatic + turbo boost<br \/>\n&#8211; Zvo\u010dna emisija: 19 \/ 29 \/ 40 \/ 46 \/ 51 dB (A)<br \/>\n&#8211; Poraba energije (hitrosti 1\u20132): 7 \/ 8 \/ 14 \/ 21 \/ 33 vatov<br \/>\n&#8211; Turbo boost: 60 dB(A) &amp; 60 W<br \/>\n&#8211; Dimenzije (D x \u0160 x V): 61 x 30 x 52<br \/>\n&#8211; Te\u017ea: 13 kg<\/p>\n<p><strong>Menjanje filtrov ni potrebno!<\/strong><\/p>\n<p>Izdelava: Nem\u010dija<\/p>\n    <\/div>\r\n[\/vc_column][\/vc_row]<\/p>\n<\/div>","protected":false},"excerpt":{"rendered":"<p>Visoko zmogljiv, najsodobnej\u0161i \u010distilec zraka AP902 z edinstveno tehnologijo dvojnega zra\u010dnega filtra Nelior in filtri za \u010diste prostore H14 naredi notranji zrak do 99,995 % brez alergenov, drobnega prahu in delcev.<\/p>\n<p>Ustvari naravna obmo\u010dja dobrega po\u010dutja v va\u0161em domu, \u0161e posebej, \u010de imate alergije ali ste dovzetni za te\u017eave z dihanjem. Z aplikacijo Venta lahko upravljate AP902 na daljavo. Idealen je za prostore do 75 m2.<\/p>\n","protected":false},"featured_media":4685,"template":"","meta":[],"product_brand":[],"product_cat":[67,82],"product_tag":[],"class_list":{"0":"post-4662","1":"product","2":"type-product","3":"status-publish","4":"has-post-thumbnail","6":"product_cat-dodatna-oprema","7":"product_cat-vlazilci-zraka","9":"first","10":"outofstock","11":"taxable","12":"shipping-taxable","13":"purchasable","14":"product-type-simple"},"aioseo_notices":[],"_links":{"self":[{"href":"https:\/\/japanpianocenter.com\/hr\/wp-json\/wp\/v2\/product\/4662","targetHints":{"allow":["GET"]}}],"collection":[{"href":"https:\/\/japanpianocenter.com\/hr\/wp-json\/wp\/v2\/product"}],"about":[{"href":"https:\/\/japanpianocenter.com\/hr\/wp-json\/wp\/v2\/types\/product"}],"wp:featuredmedia":[{"embeddable":true,"href":"https:\/\/japanpianocenter.com\/hr\/wp-json\/wp\/v2\/media\/4685"}],"wp:attachment":[{"href":"https:\/\/japanpianocenter.com\/hr\/wp-json\/wp\/v2\/media?parent=4662"}],"wp:term":[{"taxonomy":"product_brand","embeddable":true,"href":"https:\/\/japanpianocenter.com\/hr\/wp-json\/wp\/v2\/product_brand?post=4662"},{"taxonomy":"product_cat","embeddable":true,"href":"https:\/\/japanpianocenter.com\/hr\/wp-json\/wp\/v2\/product_cat?post=4662"},{"taxonomy":"product_tag","embeddable":true,"href":"https:\/\/japanpianocenter.com\/hr\/wp-json\/wp\/v2\/product_tag?post=4662"}],"curies":[{"name":"wp","href":"https:\/\/api.w.org\/{rel}","templated":true}]}}