{"id":4663,"date":"2022-02-19T15:29:46","date_gmt":"2022-02-19T14:29:46","guid":{"rendered":"https:\/\/japanpianocenter.com\/?post_type=product&#038;p=4663"},"modified":"2022-03-24T12:54:11","modified_gmt":"2022-03-24T11:54:11","slug":"vlazilec-zraka-venta-aw902-professional-kopija","status":"publish","type":"product","link":"https:\/\/japanpianocenter.com\/hr\/izdelek\/vlazilec-zraka-venta-aw902-professional-kopija\/","title":{"rendered":"VLA\u017dILEC ZRAKA VENTA AW902 PROFESSIONAL"},"content":{"rendered":"<div class=\"wpb-content-wrapper\"><p>[vc_row full_width=&#8221;stretch_row&#8221;][vc_column width=&#8221;1\/4&#8243;][\/vc_column][vc_column width=&#8221;1\/2&#8243;][\/vc_column][vc_column width=&#8221;1\/4&#8243;][\/vc_column][\/vc_row][vc_row][vc_column offset=&#8221;vc_col-lg-offset-2 vc_col-lg-8 vc_col-md-offset-1 vc_col-md-10&#8243;]    <div  class=\"element-text-block  \" >\r\n        <p>&#8211; Model: AW902 PROFESSIONAL AIRWASHER<br \/>\n&#8211; Barve: siva<br \/>\n&#8211; Za prostore: do 120 m\u00b2<br \/>\n&#8211; Interaktivni zaslon: standard<br \/>\n&#8211; Nadzor aplikacije: standard wifi \/ WLAN<br \/>\n&#8211; Merilni senzorji: vla\u017enost + temperatura<br \/>\n&#8211; Higiena vode: standard<br \/>\n&#8211; Higiena UVC: standard<br \/>\n&#8211; Hitrosti: 5 + automatic + turbo boost<br \/>\n&#8211; Zvo\u010dna emisija: 22 \/ 32 \/ 42 \/ 47 \/ 52 dB (A)<br \/>\n&#8211; Poraba energije (hitrosti 1\u20132): 5 \/ 9 \/ 16 \/ 25 \/ 38 vatov<br \/>\n&#8211; Vsebnost vode: 12 litrov<br \/>\n&#8211; Dimenzije (D x \u0160 x V): 61 x 30 x 52<br \/>\n&#8211; Te\u017ea: 13 kg<\/p>\n<p><strong>Menjanje filtrov ni potrebno!<\/strong><\/p>\n<p>Izdelava: Nem\u010dija<\/p>\n    <\/div>\r\n[\/vc_column][\/vc_row]<\/p>\n<\/div>","protected":false},"excerpt":{"rendered":"<p>Visoko zmogljiv, najsodobnej\u0161i VENTA AW902 Professional Airwasher podpira u\u010dinkovito vla\u017eenje s patentirano tehnologijo vla\u017eenja in higiene.<\/p>\n<p>Vgrajena UVC \u017earnica prepre\u010duje nastajanje virusov in bakterij ter jih ustavi na poti. Za nadzor va\u0161ega AW902 lahko uporabite aplikacijo Venta. Idealen je za prostore do 120 m2.<\/p>\n","protected":false},"featured_media":4697,"template":"","meta":[],"product_brand":[],"product_cat":[67,82],"product_tag":[],"class_list":{"0":"post-4663","1":"product","2":"type-product","3":"status-publish","4":"has-post-thumbnail","6":"product_cat-dodatna-oprema","7":"product_cat-vlazilci-zraka","9":"first","10":"outofstock","11":"taxable","12":"shipping-taxable","13":"purchasable","14":"product-type-simple"},"aioseo_notices":[],"_links":{"self":[{"href":"https:\/\/japanpianocenter.com\/hr\/wp-json\/wp\/v2\/product\/4663","targetHints":{"allow":["GET"]}}],"collection":[{"href":"https:\/\/japanpianocenter.com\/hr\/wp-json\/wp\/v2\/product"}],"about":[{"href":"https:\/\/japanpianocenter.com\/hr\/wp-json\/wp\/v2\/types\/product"}],"wp:featuredmedia":[{"embeddable":true,"href":"https:\/\/japanpianocenter.com\/hr\/wp-json\/wp\/v2\/media\/4697"}],"wp:attachment":[{"href":"https:\/\/japanpianocenter.com\/hr\/wp-json\/wp\/v2\/media?parent=4663"}],"wp:term":[{"taxonomy":"product_brand","embeddable":true,"href":"https:\/\/japanpianocenter.com\/hr\/wp-json\/wp\/v2\/product_brand?post=4663"},{"taxonomy":"product_cat","embeddable":true,"href":"https:\/\/japanpianocenter.com\/hr\/wp-json\/wp\/v2\/product_cat?post=4663"},{"taxonomy":"product_tag","embeddable":true,"href":"https:\/\/japanpianocenter.com\/hr\/wp-json\/wp\/v2\/product_tag?post=4663"}],"curies":[{"name":"wp","href":"https:\/\/api.w.org\/{rel}","templated":true}]}}