{"id":7888,"date":"2025-11-19T10:11:04","date_gmt":"2025-11-19T09:11:04","guid":{"rendered":"https:\/\/japanpianocenter.com\/?post_type=product&#038;p=7888"},"modified":"2025-11-26T12:58:50","modified_gmt":"2025-11-26T11:58:50","slug":"nord-stage-4-compact","status":"publish","type":"product","link":"https:\/\/japanpianocenter.com\/hr\/izdelek\/nord-stage-4-compact\/","title":{"rendered":"Nord Stage 4 Compact"},"content":{"rendered":"<div class=\"wpb-content-wrapper\"><p>[vc_row full_width=&#8221;stretch_row&#8221;][vc_column width=&#8221;1\/4&#8243;][\/vc_column][vc_column width=&#8221;1\/2&#8243;][vc_single_image image=&#8221;7792&#8243; img_size=&#8221;medium&#8221; alignment=&#8221;center&#8221;][\/vc_column][vc_column width=&#8221;1\/4&#8243;][\/vc_column][\/vc_row][vc_row][vc_column offset=&#8221;vc_col-lg-offset-2 vc_col-lg-8 vc_col-md-offset-1 vc_col-md-10&#8243;][vc_video link=&#8221;https:\/\/youtu.be\/nJ6SsRPLCfo&#8221;][vc_row_inner][vc_column_inner]    <div  class=\"element-text-block  \" >\r\n        <h3><span style=\"color: #993300;\">HIGHLIGHT FEATURES:<\/span><\/h3>\n    <\/div>\r\n[\/vc_column_inner][\/vc_row_inner][vc_row_inner][vc_column_inner width=&#8221;1\/3&#8243;]    <div  class=\"element-text-block  \" >\r\n        <h3 style=\"font-weight: 400;\"><span style=\"color: #993300;\"><strong>General<\/strong><\/span><\/h3>\n<p>&#8211; New panel design for exceptional overview and flexibility<br \/>\n&#8211; Premium Triple sensor keybed<br \/>\n&#8211; New preset library<br \/>\n&#8211; Dedicated LED faders for each Layer<\/p>\n    <\/div>\r\n[\/vc_column_inner][vc_column_inner width=&#8221;1\/3&#8243;]    <div  class=\"element-text-block  \" >\r\n        <h3 style=\"font-weight: 400;\"><span style=\"color: #993300;\"><strong>Piano section<\/strong><\/span><\/h3>\n<p>&#8211; Enhanced collection of Uprights, Grands,EPs and more<br \/>\n&#8211; Dynamic Compression<br \/>\n&#8211; Unison feature<br \/>\n&#8211; Creative Timbre presets<br \/>\n&#8211; Advanced String Resonance<br \/>\n&#8211; Dynamic Pedal Noise<\/p>\n    <\/div>\r\n[\/vc_column_inner][vc_column_inner width=&#8221;1\/3&#8243;]    <div  class=\"element-text-block  \" >\r\n        <h3 style=\"font-weight: 400;\"><span style=\"color: #993300;\"><strong>Synth section<\/strong><\/span><\/h3>\n<p>&#8211; Nord Wave 2 Synth Engine<br \/>\n&#8211; 3 independent Synth Layers<br \/>\n&#8211; Doubled sample memory<br \/>\n&#8211; Enhanced samples with Tru-Vibrato, Unison and Round Robin<br \/>\n&#8211; Extensive real time controls<br \/>\n&#8211; Advanced Arpeggiator with Polyphonic, Gate and Pattern modes<br \/>\n&#8211; Extern mode for advanced MIDI control<\/p>\n    <\/div>\r\n[\/vc_column_inner][\/vc_row_inner][vc_row_inner][vc_column_inner width=&#8221;1\/2&#8243;]    <div  class=\"element-text-block  \" >\r\n        <h3 style=\"font-weight: 400;\"><span style=\"color: #993300;\"><strong>Organ section<\/strong><\/span><\/h3>\n<p>&#8211; Award-winning organ simulations of B3, Vox\/Farfisa and Pipe Organ models<br \/>\n&#8211; Physical drawbars with LED indicators<br \/>\n&#8211; Enhanced Rotary Speaker Drive<br \/>\n&#8211; Drawbar Live mode<br \/>\n&#8211; New B3 Bass mode<br \/>\n&#8211; Enhanced model 122 Vintage Rotary Speaker with new drive including close or distant mic position<\/p>\n    <\/div>\r\n[\/vc_column_inner][vc_column_inner width=&#8221;1\/2&#8243;]    <div  class=\"element-text-block  \" >\r\n        <h3 style=\"font-weight: 400;\"><span style=\"color: #993300;\"><strong>Effects<\/strong><\/span><\/h3>\n<p>&#8211; Dedicated Effect section per Layer<br \/>\n&#8211; New Variations for Modulation, Amp, Delay and Reverb Effects<br \/>\n&#8211; New Spring, Booth and Cathedral Reverb<br \/>\n&#8211; New Spin effect<br \/>\n&#8211; New Pump effect<br \/>\n&#8211; New Flam and Space Delay<\/p>\n    <\/div>\r\n[\/vc_column_inner][\/vc_row_inner][vc_row_inner][vc_column_inner][vc_single_image image=&#8221;7875&#8243; img_size=&#8221;full&#8221; alignment=&#8221;center&#8221;][\/vc_column_inner][\/vc_row_inner][vc_row_inner][vc_column_inner][vc_separator][\/vc_column_inner][\/vc_row_inner][vc_row_inner][vc_column_inner]    <div  class=\"element-text-block  \" >\r\n        <h3><span style=\"color: #993300;\">THE NEW EXPERIENCE<\/span><\/h3>\n<div class=\"Accordion_Accordion__Wrapper__S3w1l\">\n<div class=\"Accordion_Accordion__Text__TFxqG\">\n<div class=\"RawHtml_RawHtml__MCDEy\">\n<p data-block-key=\"48o46\">The Nord Stage 4 features a brand new panel design with dedicated LED faders for each Layer, providing exceptional overview and flexibility when creating sounds and performing live. The new Preset Library is packed with inspiring ready-to-use Piano, Synth and Organ sounds for quick and smooth patch creation.<\/p>\n<\/div>\n<\/div>\n<\/div>\n<div id=\"the-new-experience\" class=\"Accordion_Accordion__Content__wjERd undefined Accordion_Accordion__Content--Transition__cFGf3\">\n<div class=\"Accordion_Accordion__RichText___Arvq\">\n<div class=\"RawHtml_RawHtml__MCDEy\">\n<p data-block-key=\"f8kkm\">The Layer Scene lets you seamlessly switch between two different sound setups at the touch of a button. Adding a powerful new Effect section coupled with versatile pedal options and a premium Triple Sensor keybed, the Nord Stage 4 offers a new level of musical expression.<\/p>\n<p>&#8211; New panel design for exceptional overview and flexibility<br \/>\n&#8211; Premium Triple sensor keybed<br \/>\n&#8211; New preset library<br \/>\n&#8211; Dedicated LED faders for each Layer<\/p>\n<\/div>\n<\/div>\n<\/div>\n    <\/div>\r\n[\/vc_column_inner][\/vc_row_inner][vc_row_inner][vc_column_inner][vc_single_image image=&#8221;7879&#8243; img_size=&#8221;full&#8221; alignment=&#8221;center&#8221;][\/vc_column_inner][\/vc_row_inner][vc_row_inner][vc_column_inner][vc_separator][\/vc_column_inner][\/vc_row_inner][vc_row_inner][vc_column_inner width=&#8221;2\/3&#8243;]    <div  class=\"element-text-block  \" >\r\n        <div class=\"flex-shrink-0 flex flex-col relative items-end\">\n<div>\n<div class=\"pt-0\">\n<div class=\"gizmo-bot-avatar flex h-8 w-8 items-center justify-center overflow-hidden rounded-full\">\n<h3 class=\"relative p-1 rounded-sm flex items-center justify-center bg-token-main-surface-primary text-token-text-primary h-8 w-8\"><span style=\"color: #993300;\">PIANO SECTION<\/span><\/h3>\n<\/div>\n<\/div>\n<\/div>\n<\/div>\n<div class=\"group\/conversation-turn relative flex w-full min-w-0 flex-col agent-turn\">\n<div class=\"flex-col gap-1 md:gap-3\">\n<div class=\"flex max-w-full flex-col flex-grow\">\n<div class=\"min-h-[20px] text-message flex w-full flex-col items-end gap-2 break-words [.text-message+&amp;]:mt-5 overflow-x-auto whitespace-normal\" dir=\"auto\" data-message-author-role=\"assistant\" data-message-id=\"82faa3db-4636-4da9-b584-33d23b7e5ff7\">\n<div class=\"flex w-full flex-col gap-1 empty:hidden first:pt-[3px]\">\n<div class=\"markdown prose w-full break-words dark:prose-invert light\">\n<div class=\"Accordion_Accordion__Wrapper__S3w1l\">\n<div class=\"Accordion_Accordion__Text__TFxqG\">\n<div class=\"RawHtml_RawHtml__MCDEy\">\n<p data-block-key=\"48o46\">The Nord Stage 4 comes with a new enhanced collection of Grands, Uprights and Electric Pianos from our exclusive Nord Piano Library combined with new features such as Dynamic compression and Unison.<\/p>\n<\/div>\n<\/div>\n<\/div>\n<div id=\"piano-section\" class=\"Accordion_Accordion__Content__wjERd undefined Accordion_Accordion__Content--Transition__cFGf3\">\n<div class=\"Accordion_Accordion__RichText___Arvq\">\n<div class=\"RawHtml_RawHtml__MCDEy\">\n<p data-block-key=\"f8kkm\">Nord\u2019s state-of-the-art sampling techniques capture the extraordinary nuances and real character of the source instruments. Our unique \u2018Advanced String Resonance\u2019 and Dynamic Pedal Noise features deliver breathtaking realism and an unsurpassed level of expressiveness.<\/p>\n<p>&#8211; Enhanced collection of Uprights, Grands,EPs and more<br \/>\n&#8211; Dynamic Compression<br \/>\n&#8211; Unison feature<br \/>\n&#8211; Creative Timbre presets<br \/>\n&#8211; Advanced String Resonance<br \/>\n&#8211; Dynamic Pedal Noise<\/p>\n<\/div>\n<\/div>\n<\/div>\n<\/div>\n<\/div>\n<\/div>\n<\/div>\n<\/div>\n<\/div>\n    <\/div>\r\n[\/vc_column_inner][vc_column_inner width=&#8221;1\/3&#8243;][vc_empty_space height=&#8221;60px&#8221;][vc_single_image image=&#8221;7851&#8243; img_size=&#8221;medium&#8221; alignment=&#8221;center&#8221;][\/vc_column_inner][\/vc_row_inner][vc_row_inner][vc_column_inner][vc_separator][\/vc_column_inner][\/vc_row_inner][vc_row_inner][vc_column_inner width=&#8221;1\/3&#8243;][vc_single_image image=&#8221;7855&#8243; img_size=&#8221;medium&#8221; alignment=&#8221;center&#8221;][\/vc_column_inner][vc_column_inner width=&#8221;2\/3&#8243;]    <div  class=\"element-text-block  \" >\r\n        <h3><span style=\"color: #993300;\">SYNTH SECTION<\/span><\/h3>\n<div class=\"Accordion_Accordion__Wrapper__S3w1l\">\n<div class=\"Accordion_Accordion__Text__TFxqG\">\n<div class=\"RawHtml_RawHtml__MCDEy\">\n<p data-block-key=\"aggzi\">The Synth section with its three independent Layers is based on the powerful Nord Wave 2 Synth Engine, including Virtual Analog synthesis, Samples, FM and Wavetable.<\/p>\n<\/div>\n<\/div>\n<\/div>\n<div id=\"synth-section\" class=\"Accordion_Accordion__Content__wjERd undefined Accordion_Accordion__Content--Transition__cFGf3\">\n<div class=\"Accordion_Accordion__RichText___Arvq\">\n<div class=\"RawHtml_RawHtml__MCDEy\">\n<p data-block-key=\"y4ive\">An extensive new collection of samples from the Nord Sample Library offers a broad sonic palette of Strings, Bass, Choirs, Guitars and much more. The advanced Arpeggiator features new Polyphonic, Gate and Pattern modes and can be used for a huge variety of rhythmic applications with customizable patterns.<\/p>\n<p>&#8211; Nord Wave 2 Synth Engine<br \/>\n&#8211; 3 independent Synth Layers<br \/>\n&#8211; Doubled sample memory<br \/>\n&#8211; Enhanced samples with Tru-Vibrato, Unison and Round Robin<br \/>\n&#8211; Extensive real time controls<br \/>\n&#8211; Advanced Arpeggiator with Polyphonic, Gate and Pattern modes<br \/>\n&#8211; Extern mode for advanced MIDI control<\/p>\n<\/div>\n<\/div>\n<\/div>\n    <\/div>\r\n[\/vc_column_inner][\/vc_row_inner][vc_row_inner][vc_column_inner][vc_separator][\/vc_column_inner][\/vc_row_inner][vc_row_inner][vc_column_inner width=&#8221;2\/3&#8243;]    <div  class=\"element-text-block  \" >\r\n        <div class=\"flex-shrink-0 flex flex-col relative items-end\">\n<div>\n<div class=\"pt-0\">\n<div class=\"gizmo-bot-avatar flex h-8 w-8 items-center justify-center overflow-hidden rounded-full\">\n<h3 class=\"relative p-1 rounded-sm flex items-center justify-center bg-token-main-surface-primary text-token-text-primary h-8 w-8\"><span style=\"color: #993300;\">ORGAN SECTION<\/span><\/h3>\n<\/div>\n<\/div>\n<\/div>\n<\/div>\n<div class=\"group\/conversation-turn relative flex w-full min-w-0 flex-col agent-turn\">\n<div class=\"flex-col gap-1 md:gap-3\">\n<div class=\"flex max-w-full flex-col flex-grow\">\n<div class=\"min-h-[20px] text-message flex w-full flex-col items-end gap-2 break-words [.text-message+&amp;]:mt-5 overflow-x-auto whitespace-normal\" dir=\"auto\" data-message-author-role=\"assistant\" data-message-id=\"c47f7d30-5275-4b26-a086-65ec844a6fc2\">\n<div class=\"flex w-full flex-col gap-1 empty:hidden first:pt-[3px]\">\n<div class=\"markdown prose w-full break-words dark:prose-invert light\">\n<div class=\"Accordion_Accordion__Wrapper__S3w1l\">\n<div class=\"Accordion_Accordion__Text__TFxqG\">\n<div class=\"RawHtml_RawHtml__MCDEy\">\n<p data-block-key=\"72jnb\">The Organ section features our award-winning simulations of B3 Tonewheel, B3 Bass, classic Vox and Farfisa as well as two Pipe Organ models. All Stage 4 models are equipped with our new Physical drawbars with LED indicators for optimal hands-on experience and overview.<\/p>\n<\/div>\n<\/div>\n<\/div>\n<div id=\"organ-section\" class=\"Accordion_Accordion__Content__wjERd undefined Accordion_Accordion__Content--Transition__cFGf3\">\n<div class=\"Accordion_Accordion__RichText___Arvq\">\n<div class=\"RawHtml_RawHtml__MCDEy\">\n<p>&#8211; Award-winning organ simulations of B3, Vox\/Farfisa and Pipe Organ models<br \/>\n&#8211; Physical drawbars with LED indicators<br \/>\n&#8211; Enhanced Rotary Speaker Drive<br \/>\n&#8211; Drawbar Live mode<br \/>\n&#8211; New B3 Bass mode<br \/>\n&#8211; Enhanced model 122 Vintage Rotary Speaker with new drive including close or distant mic position<\/p>\n<\/div>\n<\/div>\n<\/div>\n<\/div>\n<\/div>\n<\/div>\n<\/div>\n<\/div>\n<\/div>\n    <\/div>\r\n[\/vc_column_inner][vc_column_inner width=&#8221;1\/3&#8243;][vc_single_image image=&#8221;7859&#8243; img_size=&#8221;medium&#8221; alignment=&#8221;center&#8221;][\/vc_column_inner][\/vc_row_inner][vc_row_inner][vc_column_inner][vc_separator][\/vc_column_inner][\/vc_row_inner][vc_row_inner][vc_column_inner width=&#8221;1\/3&#8243;][vc_single_image image=&#8221;7863&#8243; img_size=&#8221;medium&#8221; alignment=&#8221;center&#8221;][\/vc_column_inner][vc_column_inner width=&#8221;2\/3&#8243;]    <div  class=\"element-text-block  \" >\r\n        <h3><span style=\"color: #993300;\">EFFECT SECTION<\/span><\/h3>\n<div class=\"Accordion_Accordion__Wrapper__S3w1l\">\n<div class=\"Accordion_Accordion__Text__TFxqG\">\n<div class=\"RawHtml_RawHtml__MCDEy\">\n<p data-block-key=\"yhvcj\">The Nord Stage 4 has a powerful new Effect section offering a complete setup of Effects for each Layer. The extensive range of Effects includes a new Pump effect for side chain simulation, a new Spin effect and brand new variations of Reverb, Delay, Amps and Modulation effects.<\/p>\n<\/div>\n<\/div>\n<\/div>\n<div id=\"effect-section\" class=\"Accordion_Accordion__Content__wjERd undefined Accordion_Accordion__Content--Transition__cFGf3\">\n<div class=\"Accordion_Accordion__RichText___Arvq\">\n<div class=\"RawHtml_RawHtml__MCDEy\">\n<p>&#8211; Dedicated Effect section per Layer<br \/>\n&#8211; New Variations for Modulation, Amp, Delay and Reverb Effects<br \/>\n&#8211; New Spring, Booth and Cathedral Reverb<br \/>\n&#8211; New Spin effect<br \/>\n&#8211; New Pump effect<br \/>\n&#8211; New Flam and Space Delay<\/p>\n<\/div>\n<\/div>\n<\/div>\n    <\/div>\r\n[\/vc_column_inner][\/vc_row_inner][vc_row_inner][vc_column_inner][vc_separator][\/vc_column_inner][\/vc_row_inner][vc_row_inner][vc_column_inner]    <div  class=\"element-text-block  \" >\r\n        <h3><span style=\"color: #993300;\">DOWNLOADS<\/span><\/h3>\n<p><strong><span style=\"color: #993300;\"><a style=\"color: #993300;\" href=\"https:\/\/www.nordkeyboards.com\/products\/nord-electro-6\/downloads\/\" target=\"_blank\" rel=\"noopener\">Downloads for OS, user manuals, etc.<\/a><\/span><\/strong><\/p>\n    <\/div>\r\n[\/vc_column_inner][\/vc_row_inner][vc_row_inner][vc_column_inner][vc_separator][\/vc_column_inner][\/vc_row_inner][\/vc_column][\/vc_row]<\/p>\n<\/div>","protected":false},"excerpt":{"rendered":"<p style=\"font-weight: 400;\">Najnovej\u0161a generacija na\u0161e ikoni\u010dne paradne serije \u2013 Nord Stage 4 se pona\u0161a z novo intuitivno zasnovo plo\u0161\u010de, vrhunsko trojno senzorsko tipkovnico in popolnimi efektnimi sekcijami za vsako plast. Z znatnimi izbolj\u0161avami na\u0161ih nagrajenih tehnologij \u2013 Stage 4 postavlja nov standard odrske klaviature za nastope v \u017eivo.<\/p>\n","protected":false},"featured_media":7901,"template":"","meta":[],"product_brand":[],"product_cat":[15,83,156],"product_tag":[],"class_list":{"0":"post-7888","1":"product","2":"type-product","3":"status-publish","4":"has-post-thumbnail","6":"product_cat-novo","7":"product_cat-elektricni-klavirji-novi","8":"product_cat-serija-nord","10":"first","11":"outofstock","12":"sale","13":"taxable","14":"shipping-taxable","15":"purchasable","16":"product-type-simple"},"aioseo_notices":[],"_links":{"self":[{"href":"https:\/\/japanpianocenter.com\/hr\/wp-json\/wp\/v2\/product\/7888","targetHints":{"allow":["GET"]}}],"collection":[{"href":"https:\/\/japanpianocenter.com\/hr\/wp-json\/wp\/v2\/product"}],"about":[{"href":"https:\/\/japanpianocenter.com\/hr\/wp-json\/wp\/v2\/types\/product"}],"wp:featuredmedia":[{"embeddable":true,"href":"https:\/\/japanpianocenter.com\/hr\/wp-json\/wp\/v2\/media\/7901"}],"wp:attachment":[{"href":"https:\/\/japanpianocenter.com\/hr\/wp-json\/wp\/v2\/media?parent=7888"}],"wp:term":[{"taxonomy":"product_brand","embeddable":true,"href":"https:\/\/japanpianocenter.com\/hr\/wp-json\/wp\/v2\/product_brand?post=7888"},{"taxonomy":"product_cat","embeddable":true,"href":"https:\/\/japanpianocenter.com\/hr\/wp-json\/wp\/v2\/product_cat?post=7888"},{"taxonomy":"product_tag","embeddable":true,"href":"https:\/\/japanpianocenter.com\/hr\/wp-json\/wp\/v2\/product_tag?post=7888"}],"curies":[{"name":"wp","href":"https:\/\/api.w.org\/{rel}","templated":true}]}}