{"id":7915,"date":"2025-11-26T11:12:32","date_gmt":"2025-11-26T10:12:32","guid":{"rendered":"https:\/\/japanpianocenter.com\/?post_type=product&#038;p=7915"},"modified":"2025-12-02T12:33:20","modified_gmt":"2025-12-02T11:33:20","slug":"nord-piano-6-88","status":"publish","type":"product","link":"https:\/\/japanpianocenter.com\/hr\/izdelek\/nord-piano-6-88\/","title":{"rendered":"Nord Piano 6 88"},"content":{"rendered":"<div class=\"wpb-content-wrapper\"><p>[vc_row full_width=&#8221;stretch_row&#8221;][vc_column width=&#8221;1\/4&#8243;][\/vc_column][vc_column width=&#8221;1\/2&#8243;][vc_single_image image=&#8221;7792&#8243; img_size=&#8221;medium&#8221; alignment=&#8221;center&#8221;][\/vc_column][vc_column width=&#8221;1\/4&#8243;][\/vc_column][\/vc_row][vc_row][vc_column offset=&#8221;vc_col-lg-offset-2 vc_col-lg-8 vc_col-md-offset-1 vc_col-md-10&#8243;][vc_video link=&#8221;https:\/\/youtu.be\/DSe7inRXD74&#8243; css=&#8221;&#8221;][vc_row_inner][vc_column_inner]    <div  class=\"element-text-block  \" >\r\n        <h3><span style=\"color: #993300;\">HIGHLIGHT FEATURES:<\/span><\/h3>\n    <\/div>\r\n[\/vc_column_inner][\/vc_row_inner][vc_row_inner][vc_column_inner width=&#8221;1\/3&#8243;]    <div  class=\"element-text-block  \" >\r\n        <h3 style=\"font-weight: 400;\"><span style=\"color: #993300;\"><strong>General<\/strong><\/span><\/h3>\n<p>&#8211; 2 Piano + 2 Sample Synth Layers for advanced splits and layering<br \/>\n&#8211; Dedicated LED faders for each Layer<br \/>\n&#8211; Premium Triple sensor keybed<br \/>\n&#8211; Nord Triple Pedal 2 included<\/p>\n    <\/div>\r\n[\/vc_column_inner][vc_column_inner width=&#8221;1\/3&#8243;]    <div  class=\"element-text-block  \" >\r\n        <h3 style=\"font-weight: 400;\"><span style=\"color: #993300;\"><strong>Piano section<\/strong><\/span><\/h3>\n<p>&#8211; 2 independent Piano Layers<br \/>\n&#8211; 120 Voice Polyphony<br \/>\n&#8211; Soft, Mid, Bright and Dyno filters<br \/>\n&#8211; Dynamic Compression<br \/>\n&#8211; Unison feature<br \/>\n&#8211; 3 Keyboard Touch options<br \/>\n&#8211; Advanced String Resonance<\/p>\n    <\/div>\r\n[\/vc_column_inner][vc_column_inner width=&#8221;1\/3&#8243;]    <div  class=\"element-text-block  \" >\r\n        <h3 style=\"font-weight: 400;\"><span style=\"color: #993300;\"><strong>Sample synth<\/strong><\/span><\/h3>\n<p>&#8211; 2 independent Sample Synth Layers<br \/>\n&#8211; Unison for rich, ensemble-like sounds<br \/>\n&#8211; Tru-Vibrato with real time control<br \/>\n&#8211; Round robin for natural sounding repetitions<br \/>\n&#8211; Mono and Legato modes with Glide<br \/>\n&#8211; Attack, Decay\/Sustain, Release and Dynamic controls<\/p>\n    <\/div>\r\n[\/vc_column_inner][\/vc_row_inner][vc_row_inner][vc_column_inner width=&#8221;1\/2&#8243;]    <div  class=\"element-text-block  \" >\r\n        <h3 style=\"font-weight: 400;\"><span style=\"color: #993300;\"><strong>Effects<\/strong><\/span><\/h3>\n<p>&#8211; Dedicated Effects section per Layer<br \/>\n&#8211; Modulation Effects with Rate and Amount<br \/>\n&#8211; Global Reverb with Send per Layer, Pre-Delay, Chorale and Bright\/Dark mode<br \/>\n&#8211; New Spring reverb<br \/>\n&#8211; New Spin effect<br \/>\n&#8211; Delay with new Filter, Flam and Ping Pong options<br \/>\n&#8211; Dedicated Compressor effect<\/p>\n    <\/div>\r\n[\/vc_column_inner][\/vc_row_inner][vc_row_inner][vc_column_inner][vc_single_image image=&#8221;7941&#8243; img_size=&#8221;full&#8221; alignment=&#8221;center&#8221; css=&#8221;&#8221;][\/vc_column_inner][\/vc_row_inner][vc_row_inner][vc_column_inner][vc_separator][\/vc_column_inner][\/vc_row_inner][vc_row_inner][vc_column_inner width=&#8221;2\/3&#8243;]    <div  class=\"element-text-block  \" >\r\n        <h3><span style=\"color: #993300;\">PERFORMANCE<\/span><\/h3>\n<div class=\"Accordion_Accordion__Wrapper__S3w1l\">\n<div class=\"Accordion_Accordion__Text__TFxqG\">\n<div class=\"RawHtml_RawHtml__MCDEy\">\n<div class=\"Accordion_Accordion__Wrapper__S3w1l\">\n<div class=\"Accordion_Accordion__Text__TFxqG\">\n<div class=\"RawHtml_RawHtml__MCDEy\">\n<p data-block-key=\"48o46\">The Nord Piano 6 has a new panel design with dedicated LED faders for Piano and Synth sections as well as knobs and buttons for all essential features, offering great flexibility when performing and designing sounds. The dual Piano and Synth engines can be layered together or split across the keyboard, with each layer featuring its own dedicated Effects section.<\/p>\n<p>&#8211; Dual Piano Layers<br \/>\n&#8211; Dual Synth Layers<br \/>\n&#8211; Split Point with 9 locations and optional Crossfade<br \/>\n&#8211; Seamless Transitions<br \/>\n&#8211; 6 Live programs<br \/>\n&#8211; Program Up\/Down and Vibrato options for Nord Triple Pedal 2<\/p>\n<\/div>\n<\/div>\n<\/div>\n<\/div>\n<\/div>\n<\/div>\n    <\/div>\r\n[\/vc_column_inner][vc_column_inner width=&#8221;1\/3&#8243;][vc_empty_space height=&#8221;60px&#8221;][vc_single_image image=&#8221;7917&#8243; img_size=&#8221;medium&#8221; alignment=&#8221;center&#8221; css=&#8221;&#8221;][\/vc_column_inner][\/vc_row_inner][vc_row_inner][vc_column_inner][vc_separator][\/vc_column_inner][\/vc_row_inner][vc_row_inner][vc_column_inner width=&#8221;1\/3&#8243;][vc_empty_space height=&#8221;60px&#8221;][vc_single_image image=&#8221;7925&#8243; img_size=&#8221;medium&#8221; alignment=&#8221;center&#8221; css=&#8221;&#8221;][\/vc_column_inner][vc_column_inner width=&#8221;2\/3&#8243;]    <div  class=\"element-text-block  \" >\r\n        <div class=\"flex-shrink-0 flex flex-col relative items-end\">\n<div>\n<div class=\"pt-0\">\n<div class=\"gizmo-bot-avatar flex h-8 w-8 items-center justify-center overflow-hidden rounded-full\">\n<h3 class=\"relative p-1 rounded-sm flex items-center justify-center bg-token-main-surface-primary text-token-text-primary h-8 w-8\"><span style=\"color: #993300;\">PIANO SECTION<\/span><\/h3>\n<\/div>\n<\/div>\n<\/div>\n<\/div>\n<div class=\"group\/conversation-turn relative flex w-full min-w-0 flex-col agent-turn\">\n<div class=\"flex-col gap-1 md:gap-3\">\n<div class=\"flex max-w-full flex-col flex-grow\">\n<div class=\"min-h-[20px] text-message flex w-full flex-col items-end gap-2 break-words [.text-message+&amp;]:mt-5 overflow-x-auto whitespace-normal\" dir=\"auto\" data-message-author-role=\"assistant\" data-message-id=\"82faa3db-4636-4da9-b584-33d23b7e5ff7\">\n<div class=\"flex w-full flex-col gap-1 empty:hidden first:pt-[3px]\">\n<div class=\"markdown prose w-full break-words dark:prose-invert light\">\n<div class=\"Accordion_Accordion__Wrapper__S3w1l\">\n<div class=\"Accordion_Accordion__Text__TFxqG\">\n<div class=\"RawHtml_RawHtml__MCDEy\">\n<div class=\"Accordion_Accordion__Wrapper__S3w1l\">\n<div class=\"Accordion_Accordion__Text__TFxqG\">\n<div class=\"RawHtml_RawHtml__MCDEy\">\n<p data-block-key=\"aggzi\">The Nord Piano 6 contains a large selection of Grands, Uprights and Electric Pianos from our exclusive Nord Piano Library along with new features such as Dynamic Compression and Unison. Our state-of-the-art sampling technique captures the extraordinary nuances and real character of the source instruments.<\/p>\n<p data-block-key=\"aggzi\">The new included Nord Triple Pedal 2 enables our unique \u2018Advanced String Resonance\u2019 and Dynamic Pedal Noise features, delivering stunning realism and expressiveness.<\/p>\n<\/div>\n<\/div>\n<\/div>\n<div id=\"piano-section\" class=\"Accordion_Accordion__Content__wjERd undefined Accordion_Accordion__Content--Transition__cFGf3\">\n<div class=\"Accordion_Accordion__RichText___Arvq\">\n<div class=\"RawHtml_RawHtml__MCDEy\">\n<p>&#8211; Extensive collection of Grands, Uprights, EPs and more<br \/>\n&#8211; Dynamic Compression<br \/>\n&#8211; Unison feature<br \/>\n&#8211; Creative Timbre options<br \/>\n&#8211; Advanced String Resonance<br \/>\n&#8211; Dynamic Pedal Noise<\/p>\n<\/div>\n<\/div>\n<\/div>\n<\/div>\n<\/div>\n<\/div>\n<\/div>\n<\/div>\n<\/div>\n<\/div>\n<\/div>\n<\/div>\n    <\/div>\r\n[\/vc_column_inner][\/vc_row_inner][vc_row_inner][vc_column_inner][vc_separator][\/vc_column_inner][\/vc_row_inner][vc_row_inner][vc_column_inner width=&#8221;2\/3&#8243;]    <div  class=\"element-text-block  \" >\r\n        <h3><span style=\"color: #993300;\">SAMPLE SYNTH SECTION<\/span><\/h3>\n<div class=\"Accordion_Accordion__Wrapper__S3w1l\">\n<div class=\"Accordion_Accordion__Text__TFxqG\">\n<div class=\"RawHtml_RawHtml__MCDEy\">\n<div class=\"Accordion_Accordion__Wrapper__S3w1l\">\n<div class=\"Accordion_Accordion__Text__TFxqG\">\n<div class=\"RawHtml_RawHtml__MCDEy\">\n<p data-block-key=\"72jnb\">The Sample Synth features two independent layers and comes with a broad collection of new and updated sounds, ranging from strings, wind, brass, basses and guitars to classic analog leads and basses. The factory bank includes exclusive high-end samples from the acclaimed Spitfire, Symphobia and Swing libraries. The Sample Synth section provides two fully-featured and independent Layers equipped with intuitive controls for attack, decay\/sustain, release and dynamic velocity response.<\/p>\n<\/div>\n<\/div>\n<\/div>\n<div class=\"Accordion_Accordion__Wrapper__S3w1l\">Additional Sample Synth features include Unison, which blends multiple sample voices for rich, ensemble-like sounds and \u201cTru-Vibrato\u201d, capturing the unique vibrato characteristics of various acoustic instruments. The advanced Round-Robin feature allows for a natural sound when repeating notes.<\/div>\n<div id=\"sample-synth-section\" class=\"Accordion_Accordion__Content__wjERd undefined Accordion_Accordion__Content--Transition__cFGf3\">\n<div class=\"Accordion_Accordion__RichText___Arvq\">\n<div class=\"RawHtml_RawHtml__MCDEy\">\n<p>&#8211; 2 independent Synth Layers<br \/>\n&#8211; Enhanced samples with Tru-Vibrato, Unison and Round Robin<\/p>\n<\/div>\n<\/div>\n<\/div>\n<\/div>\n<\/div>\n<\/div>\n    <\/div>\r\n[\/vc_column_inner][vc_column_inner width=&#8221;1\/3&#8243;][vc_single_image image=&#8221;7929&#8243; img_size=&#8221;medium&#8221; alignment=&#8221;center&#8221; css=&#8221;&#8221;][\/vc_column_inner][\/vc_row_inner][vc_row_inner][vc_column_inner][vc_separator][\/vc_column_inner][\/vc_row_inner][vc_row_inner][vc_column_inner width=&#8221;1\/3&#8243;][vc_single_image image=&#8221;7933&#8243; img_size=&#8221;medium&#8221; alignment=&#8221;center&#8221; css=&#8221;&#8221;][\/vc_column_inner][vc_column_inner width=&#8221;2\/3&#8243;]    <div  class=\"element-text-block  \" >\r\n        <h3><span style=\"color: #993300;\">EFFECT SECTION<\/span><\/h3>\n<div class=\"Accordion_Accordion__Wrapper__S3w1l\">\n<div class=\"Accordion_Accordion__Text__TFxqG\">\n<div class=\"RawHtml_RawHtml__MCDEy\">\n<div class=\"Accordion_Accordion__Wrapper__S3w1l\">\n<div class=\"Accordion_Accordion__Text__TFxqG\">\n<div class=\"RawHtml_RawHtml__MCDEy\">\n<p data-block-key=\"yhvcj\">The Nord Piano 6 has an expanded new Effects section per Layer. The wide range of Effects includes brand new types of Reverb, Delay, Amps and Modulation effects.<\/p>\n<\/div>\n<\/div>\n<\/div>\n<div id=\"effect-section\" class=\"Accordion_Accordion__Content__wjERd undefined Accordion_Accordion__Content--Transition__cFGf3\">\n<div class=\"Accordion_Accordion__RichText___Arvq\">\n<div class=\"RawHtml_RawHtml__MCDEy\">\n<p>&#8211; Dedicated Effects section per Layer<br \/>\n&#8211; Modulation Effects with Rate and Amount<br \/>\n&#8211; Global Reverb with Send per Layer, Pre-Delay, Chorale and Bright\/Dark mode<br \/>\n&#8211; New Spring reverb<br \/>\n&#8211; New Spin effect<br \/>\n&#8211; Delay with new Filter, Flam and Ping-Pong<br \/>\n&#8211; Dedicated Compressor effect<br \/>\n&#8211; Amp with new Tone variations<\/p>\n<\/div>\n<\/div>\n<\/div>\n<\/div>\n<\/div>\n<\/div>\n    <\/div>\r\n[\/vc_column_inner][\/vc_row_inner][vc_row_inner][vc_column_inner][vc_separator][\/vc_column_inner][\/vc_row_inner][vc_row_inner][vc_column_inner]    <div  class=\"element-text-block  \" >\r\n        <h3><span style=\"color: #993300;\">DOWNLOADS<\/span><\/h3>\n<p><strong><span style=\"color: #993300;\"><a style=\"color: #993300;\" href=\"https:\/\/www.nordkeyboards.com\/products\/nord-electro-6\/downloads\/\" target=\"_blank\" rel=\"noopener\">Downloads for OS, user manuals, etc.<\/a><\/span><\/strong><\/p>\n    <\/div>\r\n[\/vc_column_inner][\/vc_row_inner][vc_row_inner][vc_column_inner][vc_separator][\/vc_column_inner][\/vc_row_inner][\/vc_column][\/vc_row]<\/p>\n<\/div>","protected":false},"excerpt":{"rendered":"<p style=\"font-weight: 400;\">Zadnja generacija serije Nord Piano se pona\u0161a z novim dizajnom nadzorne plo\u0161\u010de z LED drsniki, dvema slojema za klavir in sintetizator z neodvisnimi efekti ter vrhunskim mehanizmom s trojnim senzorjem. V kombinaciji z odli\u010dno prenosljivostjo in na\u0161imi svetovno priznanimi zvoki Nord Piano 6 ponuja izjemno fleksibilnost pri nastopih in ustvarjanju zvoka.<\/p>\n","protected":false},"featured_media":8016,"template":"","meta":[],"product_brand":[],"product_cat":[15,83,156],"product_tag":[],"class_list":{"0":"post-7915","1":"product","2":"type-product","3":"status-publish","4":"has-post-thumbnail","6":"product_cat-novo","7":"product_cat-elektricni-klavirji-novi","8":"product_cat-serija-nord","10":"first","11":"instock","12":"sale","13":"taxable","14":"shipping-taxable","15":"purchasable","16":"product-type-simple"},"aioseo_notices":[],"_links":{"self":[{"href":"https:\/\/japanpianocenter.com\/hr\/wp-json\/wp\/v2\/product\/7915","targetHints":{"allow":["GET"]}}],"collection":[{"href":"https:\/\/japanpianocenter.com\/hr\/wp-json\/wp\/v2\/product"}],"about":[{"href":"https:\/\/japanpianocenter.com\/hr\/wp-json\/wp\/v2\/types\/product"}],"wp:featuredmedia":[{"embeddable":true,"href":"https:\/\/japanpianocenter.com\/hr\/wp-json\/wp\/v2\/media\/8016"}],"wp:attachment":[{"href":"https:\/\/japanpianocenter.com\/hr\/wp-json\/wp\/v2\/media?parent=7915"}],"wp:term":[{"taxonomy":"product_brand","embeddable":true,"href":"https:\/\/japanpianocenter.com\/hr\/wp-json\/wp\/v2\/product_brand?post=7915"},{"taxonomy":"product_cat","embeddable":true,"href":"https:\/\/japanpianocenter.com\/hr\/wp-json\/wp\/v2\/product_cat?post=7915"},{"taxonomy":"product_tag","embeddable":true,"href":"https:\/\/japanpianocenter.com\/hr\/wp-json\/wp\/v2\/product_tag?post=7915"}],"curies":[{"name":"wp","href":"https:\/\/api.w.org\/{rel}","templated":true}]}}