{"id":7951,"date":"2025-11-26T12:08:59","date_gmt":"2025-11-26T11:08:59","guid":{"rendered":"https:\/\/japanpianocenter.com\/?post_type=product&#038;p=7951"},"modified":"2025-12-02T12:26:02","modified_gmt":"2025-12-02T11:26:02","slug":"nord-wave-2","status":"publish","type":"product","link":"https:\/\/japanpianocenter.com\/hr\/izdelek\/nord-wave-2\/","title":{"rendered":"Nord Wave 2"},"content":{"rendered":"<div class=\"wpb-content-wrapper\"><p>[vc_row full_width=&#8221;stretch_row&#8221;][vc_column width=&#8221;1\/4&#8243;][\/vc_column][vc_column width=&#8221;1\/2&#8243;][vc_single_image image=&#8221;7792&#8243; img_size=&#8221;medium&#8221; alignment=&#8221;center&#8221;][\/vc_column][vc_column width=&#8221;1\/4&#8243;][\/vc_column][\/vc_row][vc_row][vc_column offset=&#8221;vc_col-lg-offset-2 vc_col-lg-8 vc_col-md-offset-1 vc_col-md-10&#8243;][vc_video link=&#8221;https:\/\/youtu.be\/gyCVFGML2Co&#8221; css=&#8221;&#8221;][vc_row_inner][vc_column_inner]    <div  class=\"element-text-block  \" >\r\n        <h3><span style=\"color: #993300;\">HIGHLIGHT FEATURES:<\/span><\/h3>\n    <\/div>\r\n[\/vc_column_inner][\/vc_row_inner][vc_row_inner][vc_column_inner width=&#8221;1\/3&#8243;]    <div  class=\"element-text-block  \" >\r\n        <h3 style=\"font-weight: 400;\"><span style=\"color: #993300;\"><strong>General<\/strong><\/span><\/h3>\n<p>&#8211; 4-part Synthesizer with dedicated volume\/pan faders<br \/>\n&#8211; Sample, Virtual Analog, Wavetable and FM synthesis<br \/>\n&#8211; 48 voice polyphony<br \/>\n&#8211; OLED Displays for Program and Oscillator sections<br \/>\n&#8211; User replaceable samples<br \/>\n&#8211; 61-note keyboard with Aftertouch<\/p>\n    <\/div>\r\n[\/vc_column_inner][vc_column_inner width=&#8221;1\/3&#8243;]    <div  class=\"element-text-block  \" >\r\n        <h3 style=\"font-weight: 400;\"><span style=\"color: #993300;\"><strong>Oscillators<\/strong><\/span><\/h3>\n<p>&#8211; Analog: Basic, Shape, Multi, Sync and Noise with up to 16 oscillators<br \/>\n&#8211; Samples<br \/>\n&#8211; Wavetable<br \/>\n&#8211; Advanced FM with harmonic and inharmonic algorithms<br \/>\n&#8211; True Unison mode<\/p>\n    <\/div>\r\n[\/vc_column_inner][vc_column_inner width=&#8221;1\/3&#8243;]    <div  class=\"element-text-block  \" >\r\n        <h3 style=\"font-weight: 400;\"><span style=\"color: #993300;\"><strong>Filter<\/strong><\/span><\/h3>\n<p>&#8211; 12\/24 dB lowpass, lowpass M, band pass, high pass, and LP+HP<br \/>\n&#8211; Filter Drive<br \/>\n&#8211; ADSR envelope<\/p>\n    <\/div>\r\n[\/vc_column_inner][\/vc_row_inner][vc_row_inner][vc_column_inner width=&#8221;1\/3&#8243;]    <div  class=\"element-text-block  \" >\r\n        <h3 style=\"font-weight: 400;\"><span style=\"color: #993300;\"><strong>Performance<\/strong><\/span><\/h3>\n<p>&#8211; Advanced Arpeggiator with Polyphonic Trig mode<br \/>\n&#8211; Gate feature for rhythmic effects<br \/>\n&#8211; Advanced Morph features with Impulse Morph<br \/>\n&#8211; Master Clock control of Arpeggiator, LFO and Effects<br \/>\n&#8211; Vibrato with 3 Delay modes and Wheel\/Aftertouch assign<\/p>\n    <\/div>\r\n[\/vc_column_inner][vc_column_inner width=&#8221;1\/3&#8243;]    <div  class=\"element-text-block  \" >\r\n        <h3 style=\"font-weight: 400;\"><span style=\"color: #993300;\"><strong>Modulation<\/strong><\/span><\/h3>\n<p>&#8211; LFO with five waveforms<br \/>\n&#8211; Flexible syncing and routing options<br \/>\n&#8211; AD\/AR envelope<\/p>\n    <\/div>\r\n[\/vc_column_inner][vc_column_inner width=&#8221;1\/3&#8243;]    <div  class=\"element-text-block  \" >\r\n        <h3 style=\"font-weight: 400;\"><span style=\"color: #993300;\"><strong>Effects<\/strong><\/span><\/h3>\n<p>&#8211; FX section with Tremolo, Pan, Ring Modulation, Chorus, Ensemble and Vibe.<br \/>\n&#8211; EQ section with Drive<br \/>\n&#8211; Advanced Delay section<br \/>\n&#8211; Reverb section with five sizes + Dark, Bright and Chorale modes<\/p>\n    <\/div>\r\n[\/vc_column_inner][\/vc_row_inner][vc_row_inner][vc_column_inner width=&#8221;1\/2&#8243;]    <div  class=\"element-text-block  \" >\r\n        <h3 style=\"font-weight: 400;\"><span style=\"color: #993300;\"><strong>Amp<\/strong><\/span><\/h3>\n<p>&#8211; ADSR Amp envelope<br \/>\n&#8211; Transient Attack Mode<\/p>\n    <\/div>\r\n[\/vc_column_inner][\/vc_row_inner][vc_row_inner][vc_column_inner][vc_single_image image=&#8221;7977&#8243; img_size=&#8221;full&#8221; alignment=&#8221;center&#8221; css=&#8221;&#8221;][\/vc_column_inner][\/vc_row_inner][vc_row_inner][vc_column_inner][vc_separator][\/vc_column_inner][\/vc_row_inner][vc_row_inner][vc_column_inner]    <div  class=\"element-text-block  \" >\r\n        <h3><span style=\"color: #993300;\">NORDs most versitale synthesizer ever<\/span><\/h3>\n<div class=\"Accordion_Accordion__Wrapper__S3w1l\">\n<div class=\"Accordion_Accordion__Text__TFxqG\">\n<div class=\"RawHtml_RawHtml__MCDEy\">\n<div class=\"Accordion_Accordion__Wrapper__S3w1l\">\n<div class=\"Accordion_Accordion__Text__TFxqG\">\n<div class=\"RawHtml_RawHtml__MCDEy\">\n<div class=\"Accordion_Accordion__Wrapper__S3w1l\">\n<div class=\"Accordion_Accordion__Text__TFxqG\">\n<div class=\"RawHtml_RawHtml__MCDEy\">\n<p data-block-key=\"48o46\">With 4 independent synthesizers in one the Nord Wave 2 offers exceptional possibilities for layering both classic waveforms and samples<\/p>\n<\/div>\n<\/div>\n<\/div>\n<div id=\"our-most-versatile-synthesizer-ever\" class=\"Accordion_Accordion__Content__wjERd undefined Accordion_Accordion__Content--Transition__cFGf3\">\n<div class=\"Accordion_Accordion__RichText___Arvq\">\n<div class=\"RawHtml_RawHtml__MCDEy\">\n<p data-block-key=\"f8kkm\">Dedicated OLED displays for Program and Oscillator sections provide an excellent overview when shaping your sounds. The wide range of performance features and instantly tweakable hands-on effects makes the Wave 2 our most versatile performance synthesizer ever.<\/p>\n<h3 data-block-key=\"305s0\">Monitor mode<\/h3>\n<p data-block-key=\"d7e5v\">The new Monitor mode displays your settings for Amp Envelope and Filters in the Program display for better overview and control.<\/p>\n<\/div>\n<\/div>\n<\/div>\n<\/div>\n<\/div>\n<\/div>\n<\/div>\n<\/div>\n<\/div>\n    <\/div>\r\n[\/vc_column_inner][\/vc_row_inner][vc_row_inner][vc_column_inner][vc_single_image image=&#8221;7981&#8243; img_size=&#8221;full&#8221; alignment=&#8221;center&#8221; css=&#8221;&#8221;][\/vc_column_inner][\/vc_row_inner][vc_row_inner][vc_column_inner][vc_separator][\/vc_column_inner][\/vc_row_inner][vc_row_inner][vc_column_inner width=&#8221;1\/3&#8243;][vc_empty_space height=&#8221;60px&#8221;][vc_single_image image=&#8221;7953&#8243; img_size=&#8221;medium&#8221; alignment=&#8221;center&#8221; css=&#8221;&#8221;][\/vc_column_inner][vc_column_inner width=&#8221;2\/3&#8243;]    <div  class=\"element-text-block  \" >\r\n        <div class=\"flex-shrink-0 flex flex-col relative items-end\">\n<div>\n<div class=\"pt-0\">\n<div class=\"gizmo-bot-avatar flex h-8 w-8 items-center justify-center overflow-hidden rounded-full\">\n<h3 class=\"relative p-1 rounded-sm flex items-center justify-center bg-token-main-surface-primary text-token-text-primary h-8 w-8\"><span style=\"color: #993300;\">LAYER SECTION<\/span><\/h3>\n<\/div>\n<\/div>\n<\/div>\n<\/div>\n<div class=\"group\/conversation-turn relative flex w-full min-w-0 flex-col agent-turn\">\n<div class=\"flex-col gap-1 md:gap-3\">\n<div class=\"flex max-w-full flex-col flex-grow\">\n<div class=\"min-h-[20px] text-message flex w-full flex-col items-end gap-2 break-words [.text-message+&amp;]:mt-5 overflow-x-auto whitespace-normal\" dir=\"auto\" data-message-author-role=\"assistant\" data-message-id=\"82faa3db-4636-4da9-b584-33d23b7e5ff7\">\n<div class=\"flex w-full flex-col gap-1 empty:hidden first:pt-[3px]\">\n<div class=\"markdown prose w-full break-words dark:prose-invert light\">\n<div class=\"Accordion_Accordion__Wrapper__S3w1l\">\n<div class=\"Accordion_Accordion__Text__TFxqG\">\n<div class=\"RawHtml_RawHtml__MCDEy\">\n<div class=\"Accordion_Accordion__Wrapper__S3w1l\">\n<div class=\"Accordion_Accordion__Text__TFxqG\">\n<div class=\"RawHtml_RawHtml__MCDEy\">\n<div class=\"Accordion_Accordion__Wrapper__S3w1l\">\n<div class=\"Accordion_Accordion__Text__TFxqG\">\n<div class=\"RawHtml_RawHtml__MCDEy\">\n<p data-block-key=\"48o46\">The Wave 2 features a Program Layer section with faders for easily controlling the volume or pan for all 4 layer parts at once. The Layer section also provides handy features for quick layer focus, pan control, solo and multi-editing.<\/p>\n<\/div>\n<\/div>\n<\/div>\n<div id=\"layer-section\" class=\"Accordion_Accordion__Content__wjERd undefined Accordion_Accordion__Content--Transition__cFGf3\">\n<div class=\"Accordion_Accordion__RichText___Arvq\">\n<div class=\"RawHtml_RawHtml__MCDEy\">\n<p data-block-key=\"f8kkm\">The Split mode offers\u00a0three split points providing up to\u00a04 zones with optional crossfades.\u00a0The flexible Hold functionality lets you latch and hold slots independently in the background while playing something else on top.<\/p>\n<h3 data-block-key=\"8009u\">Group Mode<\/h3>\n<p data-block-key=\"btg73\">The\u00a0new Group feature allows you to group 2, 3 or 4\u00a0layers and lets them share the same Filter, Envelope, Arpeggiator, LFO and Effect-settings &#8211; perfect when creating complex multi-layered sounds that can be edited as one coherent sound.<\/p>\n<\/div>\n<\/div>\n<\/div>\n<\/div>\n<\/div>\n<\/div>\n<\/div>\n<\/div>\n<\/div>\n<\/div>\n<\/div>\n<\/div>\n<\/div>\n<\/div>\n<\/div>\n    <\/div>\r\n[\/vc_column_inner][\/vc_row_inner][vc_row_inner][vc_column_inner][vc_separator][\/vc_column_inner][\/vc_row_inner][vc_row_inner][vc_column_inner width=&#8221;2\/3&#8243;]    <div  class=\"element-text-block  \" >\r\n        <h3><span style=\"color: #993300;\">OSCILLATOR SECTION<\/span><\/h3>\n<div class=\"Accordion_Accordion__Wrapper__S3w1l\">\n<div class=\"Accordion_Accordion__Text__TFxqG\">\n<div class=\"RawHtml_RawHtml__MCDEy\">\n<div class=\"Accordion_Accordion__Wrapper__S3w1l\">\n<div class=\"Accordion_Accordion__Text__TFxqG\">\n<div class=\"RawHtml_RawHtml__MCDEy\">\n<div class=\"Accordion_Accordion__Wrapper__S3w1l\">\n<div class=\"Accordion_Accordion__Text__TFxqG\">\n<div class=\"RawHtml_RawHtml__MCDEy\">\n<p data-block-key=\"aggzi\">The Oscillator section for each of the 4 layers offers 4 modes: Analog, Wavetable, FM and Samples and is easily browsed with our new direct category mode. The Oscillator Control features additional control over shape, sync or detune.<\/p>\n<\/div>\n<\/div>\n<\/div>\n<div id=\"oscillator-section\" class=\"Accordion_Accordion__Content__wjERd undefined Accordion_Accordion__Content--Transition__cFGf3\">\n<div class=\"Accordion_Accordion__RichText___Arvq\">\n<div class=\"RawHtml_RawHtml__MCDEy\">\n<h3 data-block-key=\"y4ive\">Oscillator categories<\/h3>\n<p data-block-key=\"ejjmt\">Analog: an extensive range of waveforms from classic analog to extended, harmonically rich new additions.<\/p>\n<p>&#8211; Basic: Saw, Pulse, Pulse Width, Sine, Square with basic tuning controls.<br \/>\n&#8211; Shape: Waveforms where Osc Control will alter the Shape of the waveform<br \/>\n&#8211; Multi: 2 or more waveforms combined where the Osc Control will adjust amount of detune and spread<br \/>\n&#8211; Sync: Soft and Hard synced configurations, where Osc Control controls Sync Frequency<br \/>\n&#8211; Noise: White noise<\/p>\n<p data-block-key=\"1andi\"><b>Samples:<\/b> include high-quality samples from our Nord Sample Library 3.0 as well as the possibility to add your own custom samples using the Nord Sample Editor 3. Use the embedded sample presets for instantly playable dynamic sounds or sculpt your own sound from scratch with the &#8220;Raw Samp&#8221; mode.<\/p>\n<p data-block-key=\"ac4hv\"><b>Wavetable:<\/b> A large number of advanced wavetables covering a wide range of tonal characteristics.<\/p>\n<p data-block-key=\"66s9t\"><b>FM<\/b> 2, 3 and 4 operator configurations with harmonic and inharmonic variations.<\/p>\n<h3 data-block-key=\"7r445\">Unison<\/h3>\n<p data-block-key=\"5khqr\">The Wave 2 features a powerful multi-oscillator Unison effect with true Superwaves simultaneously generating hundreds of waveforms for extremely thick and fat sounds.<\/p>\n<\/div>\n<\/div>\n<\/div>\n<\/div>\n<\/div>\n<\/div>\n<\/div>\n<\/div>\n<\/div>\n    <\/div>\r\n[\/vc_column_inner][vc_column_inner width=&#8221;1\/3&#8243;][vc_empty_space height=&#8221;60px&#8221;][vc_single_image image=&#8221;7957&#8243; img_size=&#8221;medium&#8221; alignment=&#8221;center&#8221; css=&#8221;&#8221;][\/vc_column_inner][\/vc_row_inner][vc_row_inner][vc_column_inner][vc_separator][\/vc_column_inner][\/vc_row_inner][vc_row_inner][vc_column_inner width=&#8221;1\/3&#8243;][vc_single_image image=&#8221;7961&#8243; img_size=&#8221;medium&#8221; alignment=&#8221;center&#8221; css=&#8221;&#8221;][\/vc_column_inner][vc_column_inner width=&#8221;2\/3&#8243;]    <div  class=\"element-text-block  \" >\r\n        <h3><span style=\"color: #993300;\">COMPATIBLE WITH NORD SAMPLE LIBRARY<\/span><\/h3>\n<div class=\"Accordion_Accordion__Wrapper__S3w1l\">\n<div class=\"Accordion_Accordion__Text__TFxqG\">\n<div class=\"RawHtml_RawHtml__MCDEy\">\n<div class=\"Accordion_Accordion__Wrapper__S3w1l\">\n<div class=\"Accordion_Accordion__Text__TFxqG\">\n<div class=\"RawHtml_RawHtml__MCDEy\">\n<div class=\"Accordion_Accordion__Wrapper__S3w1l\">\n<div class=\"Accordion_Accordion__Text__TFxqG\">\n<div class=\"RawHtml_RawHtml__MCDEy\">\n<p data-block-key=\"72jnb\">The Sample section comes loaded with a wide selection of quality samples including Strings, Brass, Guitars, Choirs, Chromatic Percussion as well as the exclusively licensed sounds of the legendary Mellotron and Chamberlin. All sounds are easily replaceable using the Nord Sound Manager.<\/p>\n<\/div>\n<\/div>\n<\/div>\n<div id=\"compatible-with-nord-sample-library\" class=\"Accordion_Accordion__Content__wjERd undefined Accordion_Accordion__Content--Transition__cFGf3\">\n<div class=\"Accordion_Accordion__RichText___Arvq\">\n<div class=\"RawHtml_RawHtml__MCDEy\">\n<h3 data-block-key=\"8rq3j\">Create and transfer your own samples<\/h3>\n<p data-block-key=\"v16b\">Adding your own custom sample instruments has never been easier thanks to the new streamlined Nord Sample Editor 3 for Mac and Windows that lets you map, loop and transfer samples to your Nord Wave 2 in a breeze.<\/p>\n<\/div>\n<\/div>\n<\/div>\n<\/div>\n<\/div>\n<\/div>\n<\/div>\n<\/div>\n<\/div>\n    <\/div>\r\n[\/vc_column_inner][\/vc_row_inner][vc_row_inner][vc_column_inner][vc_separator][\/vc_column_inner][\/vc_row_inner][vc_row_inner][vc_column_inner width=&#8221;2\/3&#8243;]    <div  class=\"element-text-block  \" >\r\n        <h3><span style=\"color: #993300;\">FILTER SECTION<\/span><\/h3>\n<div class=\"Accordion_Accordion__Wrapper__S3w1l\">\n<div class=\"Accordion_Accordion__Text__TFxqG\">\n<div class=\"RawHtml_RawHtml__MCDEy\">\n<div class=\"Accordion_Accordion__Wrapper__S3w1l\">\n<div class=\"Accordion_Accordion__Text__TFxqG\">\n<div class=\"RawHtml_RawHtml__MCDEy\">\n<div class=\"Accordion_Accordion__Wrapper__S3w1l\">\n<div class=\"Accordion_Accordion__Text__TFxqG\">\n<div class=\"RawHtml_RawHtml__MCDEy\">\n<div class=\"Accordion_Accordion__Wrapper__S3w1l\">\n<div class=\"Accordion_Accordion__Text__TFxqG\">\n<div class=\"RawHtml_RawHtml__MCDEy\">\n<p data-block-key=\"yhvcj\">The Filter section has 6 Filter types featuring classic 12 and 24 dB Low Pass, a High Pass, High Pass\/Low Pass and a Band Pass filter, together with a stunning emulation of the transistor ladder filter from the legendary Mini.<\/p>\n<\/div>\n<\/div>\n<\/div>\n<div id=\"filter-section\" class=\"Accordion_Accordion__Content__wjERd undefined Accordion_Accordion__Content--Transition__cFGf3\">\n<div class=\"Accordion_Accordion__RichText___Arvq\">\n<div class=\"RawHtml_RawHtml__MCDEy\">\n<p data-block-key=\"dihxr\">The unique modeling of these filters captures the true\u00a0character and response of the classic analog instruments, allowing\u00a0for flexible and precise sound design.\u00a0The Filter section is equippied with full ADSR envelope.<\/p>\n<\/div>\n<\/div>\n<\/div>\n<\/div>\n<\/div>\n<\/div>\n<\/div>\n<\/div>\n<\/div>\n<\/div>\n<\/div>\n<\/div>\n    <\/div>\r\n[\/vc_column_inner][vc_column_inner width=&#8221;1\/3&#8243;][vc_single_image image=&#8221;7965&#8243; img_size=&#8221;medium&#8221; alignment=&#8221;center&#8221; css=&#8221;&#8221;][\/vc_column_inner][\/vc_row_inner][vc_row_inner][vc_column_inner][vc_separator][\/vc_column_inner][\/vc_row_inner][vc_row_inner][vc_column_inner]    <div  class=\"element-text-block  \" >\r\n        <h3><span style=\"color: #993300;\">LFO &amp; MODULATION SECTION<\/span><\/h3>\n<p>The Wave 2 features a dedicated LFO for each layer\u00a0with a choice of waveforms plus\u00a0AD\/AR\u00a0Modulation Envelope with dedicated velocity setting and\u00a0Invert mode. The LFO has several morphable parameters and the rate can be synchronized\u00a0to the Master Clock.<\/p>\n    <\/div>\r\n[\/vc_column_inner][\/vc_row_inner][vc_row_inner][vc_column_inner][vc_separator][\/vc_column_inner][\/vc_row_inner][vc_row_inner][vc_column_inner]    <div  class=\"element-text-block  \" >\r\n        <h3><span style=\"color: #993300;\">AMP ENVELOPE<\/span><\/h3>\n<p>The Amp Section is equipped with a full ADSR envelope featuring a powerful new Transient Attack mode for adding more punch to your sounds.<\/p>\n    <\/div>\r\n[\/vc_column_inner][\/vc_row_inner][vc_row_inner][vc_column_inner][vc_separator][\/vc_column_inner][\/vc_row_inner][vc_row_inner][vc_column_inner]    <div  class=\"element-text-block  \" >\r\n        <h3><span style=\"color: #993300;\">MORPHING &amp; IMPULSE MORPH<\/span><\/h3>\n<div class=\"Accordion_Accordion__Wrapper__S3w1l\">\n<div class=\"Accordion_Accordion__Text__TFxqG\">\n<div class=\"RawHtml_RawHtml__MCDEy\">\n<p data-block-key=\"89xjo\">The Wave 2 features an extensive range of morphable parameters that can be controlled from four different sources: Velocity, Aftertouch, Wheel and Control Pedal. All morph sources can be quickly assigned to control multiple parameters simultaneously and the powerful Impulse Morph feature lets you instantly change any parameter of your sound.<\/p>\n<\/div>\n<\/div>\n<\/div>\n<div id=\"morphing-&amp;-impulse-morph\" class=\"Accordion_Accordion__Content__wjERd\">\n<div class=\"Accordion_Accordion__RichText___Arvq\">\n<div class=\"RawHtml_RawHtml__MCDEy\">\n<h4 data-block-key=\"m01g5\">Wheel assign<\/h4>\n<p data-block-key=\"ba0up\">Instantly assign LFO, Oscillator Control or Filter to the Modulation Wheel.<\/p>\n<\/div>\n<\/div>\n<\/div>\n    <\/div>\r\n[\/vc_column_inner][\/vc_row_inner][vc_row_inner][vc_column_inner][vc_separator][\/vc_column_inner][\/vc_row_inner][vc_row_inner][vc_column_inner]    <div  class=\"element-text-block  \" >\r\n        <h3><span style=\"color: #993300;\">ADVANCED ARPEGGIATOR<\/span><\/h3>\n<div class=\"Accordion_Accordion__Wrapper__S3w1l\">\n<div class=\"Accordion_Accordion__Text__TFxqG\">\n<div class=\"RawHtml_RawHtml__MCDEy\">\n<p data-block-key=\"89xjo\">The Nord Wave 2 is truly a rhythmical powerhouse with both a classic arpeggiator and a polyphonic mode with directly editable patterns.<\/p>\n<\/div>\n<\/div>\n<\/div>\n<div id=\"advanced-arpeggiator\" class=\"Accordion_Accordion__Content__wjERd undefined Accordion_Accordion__Content--Transition__cFGf3\">\n<div class=\"Accordion_Accordion__RichText___Arvq\">\n<div class=\"RawHtml_RawHtml__MCDEy\">\n<h4 data-block-key=\"m01g5\">Polyphonic mode<\/h4>\n<p data-block-key=\"84nq8\">The Poly mode is a polyphonic Arpeggiator that will retrig all held keys either straight or patterned featuring different inversions for exciting harmonic variations.<\/p>\n<h4 data-block-key=\"78p7i\">Gate mode<\/h4>\n<p data-block-key=\"b9obg\">The brand new Gate mode chops your sound up in a rhythmic pattern with adjustable depth.<\/p>\n<h4 data-block-key=\"cn510\">Pattern mode<\/h4>\n<p data-block-key=\"12on3\">The Pattern mode contains a wide selection of Rhythmic Patterns allows easy editing for creating your own custom patterns.<\/p>\n<\/div>\n<\/div>\n<\/div>\n    <\/div>\r\n[\/vc_column_inner][\/vc_row_inner][vc_row_inner][vc_column_inner][vc_separator][\/vc_column_inner][\/vc_row_inner][vc_row_inner][vc_column_inner]    <div  class=\"element-text-block  \" >\r\n        <h3><span style=\"color: #993300;\">MASTER CLOCK<\/span><\/h3>\n<p>The Master Clock of the Wave 2 allows the LFO, Arpeggiator and various effects to be synchronized, either internally or by an\u00a0external MIDI clock.\u00a0With\u00a0Master Clock synchronization you can synchronize 4 layers with individual patterns, all perfectly\u00a0in sync with Delays and LFO&#8217;s.\u00a0A Tap Tempo allows you to easily tap to the tempo of a drummer or to playback tracks.<\/p>\n    <\/div>\r\n[\/vc_column_inner][\/vc_row_inner][vc_row_inner][vc_column_inner][vc_separator][\/vc_column_inner][\/vc_row_inner][vc_row_inner][vc_column_inner width=&#8221;2\/3&#8243;]    <div  class=\"element-text-block  \" >\r\n        <h3><span style=\"color: #993300;\">EFFECT SECTION<\/span><\/h3>\n<p>A separate\u00a0Effect\u00a0section for each layer\u00a0featuring a great selection of\u00a0instantly tweakable high quality stereo\u00a0effects modelled after classic stomp boxes.<\/p>\n<h4 data-block-key=\"m01g5\">Modulation Effects<\/h4>\n<p data-block-key=\"37fq6\">Tremolo, Pan, Ring Modulator, Chorus, Ensemble and Vibe effects with Rate and Amount control. All effects are controllable via Control Pedal (or other Morph sources) and can also be synchronized to the Master Clock for rhythmic effects.<\/p>\n<h4 data-block-key=\"7uem4\">EQ &amp; Drive<\/h4>\n<p data-block-key=\"8b494\">EQ with Bass and Treble control &#8211; or 1 Band Sweepable EQ. A sparkling Tube Drive emulation is also available.<\/p>\n<h4 data-block-key=\"8mq5r\">Delay<\/h4>\n<p data-block-key=\"6dvii\">Advanced stereo Delay effect with Ping Pong mode, Analog Mode and Tap Tempo. New features include creative new Feedback options for adding Ensemble, Chorus, Vibe as well as HP\/LP and BP filter in the Feedback loop.<\/p>\n<h4 data-block-key=\"6okj8\">Reverb<\/h4>\n<p data-block-key=\"6jj6g\">The Reverb section has five different Reverb sizes (Booth, Room, Stage, Hall and new Cathedral) for adding some ambience to your sounds, and the amount is now morphable. New features include Bright and Dark modes for either extended or reduced treble. The new Chorale effect adds a lush modulation effect.<\/p>\n    <\/div>\r\n[\/vc_column_inner][vc_column_inner width=&#8221;1\/3&#8243;][vc_empty_space height=&#8221;60px&#8221;][vc_single_image image=&#8221;7969&#8243; img_size=&#8221;medium&#8221; alignment=&#8221;center&#8221; css=&#8221;&#8221;][\/vc_column_inner][\/vc_row_inner][vc_row_inner][vc_column_inner][vc_separator][\/vc_column_inner][\/vc_row_inner][vc_row_inner][vc_column_inner]    <div  class=\"element-text-block  \" >\r\n        <h3><span style=\"color: #993300;\">DOWNLOADS<\/span><\/h3>\n<p><strong><span style=\"color: #993300;\"><a style=\"color: #993300;\" href=\"https:\/\/www.nordkeyboards.com\/products\/nord-electro-6\/downloads\/\" target=\"_blank\" rel=\"noopener\">Downloads for OS, user manuals, etc.<\/a><\/span><\/strong><\/p>\n    <\/div>\r\n[\/vc_column_inner][\/vc_row_inner][vc_row_inner][vc_column_inner][vc_separator][\/vc_column_inner][\/vc_row_inner][\/vc_column][\/vc_row]<\/p>\n<\/div>","protected":false},"excerpt":{"rendered":"<p style=\"font-weight: 400;\">Nord Wave 2 je zmogljiv 4-delni sintetizator za performanse, ki zdru\u017euje virtualno analogno sintezo, sample, FM in valovno tabelo z intuitivnim vmesnikom, osredoto\u010denim na plasti.<\/p>\n<p style=\"font-weight: 400;\">Z 48-glasovno polifonijo, inovativnimi funkcijami za performanse in ro\u010dnim upravljanjem Nord Wave 2 ponuja izjemne zvo\u010dne mo\u017enosti z naprednim plastenjem in sprotnim prilagajanjem.<\/p>\n","protected":false},"featured_media":8007,"template":"","meta":[],"product_brand":[],"product_cat":[15,83,156],"product_tag":[],"class_list":{"0":"post-7951","1":"product","2":"type-product","3":"status-publish","4":"has-post-thumbnail","6":"product_cat-novo","7":"product_cat-elektricni-klavirji-novi","8":"product_cat-serija-nord","10":"first","11":"outofstock","12":"sale","13":"taxable","14":"shipping-taxable","15":"purchasable","16":"product-type-simple"},"aioseo_notices":[],"_links":{"self":[{"href":"https:\/\/japanpianocenter.com\/hr\/wp-json\/wp\/v2\/product\/7951","targetHints":{"allow":["GET"]}}],"collection":[{"href":"https:\/\/japanpianocenter.com\/hr\/wp-json\/wp\/v2\/product"}],"about":[{"href":"https:\/\/japanpianocenter.com\/hr\/wp-json\/wp\/v2\/types\/product"}],"wp:featuredmedia":[{"embeddable":true,"href":"https:\/\/japanpianocenter.com\/hr\/wp-json\/wp\/v2\/media\/8007"}],"wp:attachment":[{"href":"https:\/\/japanpianocenter.com\/hr\/wp-json\/wp\/v2\/media?parent=7951"}],"wp:term":[{"taxonomy":"product_brand","embeddable":true,"href":"https:\/\/japanpianocenter.com\/hr\/wp-json\/wp\/v2\/product_brand?post=7951"},{"taxonomy":"product_cat","embeddable":true,"href":"https:\/\/japanpianocenter.com\/hr\/wp-json\/wp\/v2\/product_cat?post=7951"},{"taxonomy":"product_tag","embeddable":true,"href":"https:\/\/japanpianocenter.com\/hr\/wp-json\/wp\/v2\/product_tag?post=7951"}],"curies":[{"name":"wp","href":"https:\/\/api.w.org\/{rel}","templated":true}]}}